{"id":1653,"date":"2023-08-15T14:14:19","date_gmt":"2023-08-15T12:14:19","guid":{"rendered":"https:\/\/procivitas.se\/helsingborg\/?page_id=1653"},"modified":"2026-04-08T10:03:34","modified_gmt":"2026-04-08T08:03:34","slug":"alumner","status":"publish","type":"page","link":"https:\/\/procivitas.se\/helsingborg\/var-koppling-till-naringslivet\/alumner\/","title":{"rendered":"Alumnin\u00e4tverk"},"content":{"rendered":"\n\t\n\t\n\t\n\t\n\t\n\n<section \n\tclass=\"ams-hero ams-hero--classic ams-hero--75 c-block l-stacked heading-decor \"\n\tdata-color-scheme=\"blue\"\n\tstyle=\"\">\n\t<div class=\"ams-hero__container u-items-center u-justify-center\">\n\t\t<div\n\t\t\tclass=\"ams-hero__content l-stack l-stack-xl is-center is-center@md\" >\n\t\t\t<div class=\"l-stack l-stack-lg\">\n\t\t\t\t\t\n\t<h1\n\tclass=\"c-heading u-font-large \"\n\tstyle=\"\">\n\t\t<span>\n\t\t\t\t\tAlumnin\u00e4tverk\n\t\t\t\t<\/span>\n\t<\/h1>\n\n\t\t\t\t\t\t\t\t\t<div class=\"text l-stack u-font-preamble\">\n\t\t\t\t\t\t<p><span data-sheets-value=\"{&quot;1&quot;:2,&quot;2&quot;:&quot;P\u00e5 ProCivitas \u00e4r vi stolta \u00f6ver v\u00e5ra tidigare elever och listan kan g\u00f6ras l\u00e5ng \u00f6ver alumner som i dag \u00e4r v\u00e4lk\u00e4nda b\u00e5de utomlands och i Sverige.&quot;}\" data-sheets-userformat=\"{&quot;2&quot;:929,&quot;3&quot;:{&quot;1&quot;:0},&quot;8&quot;:{&quot;1&quot;:[{&quot;1&quot;:2,&quot;2&quot;:0,&quot;5&quot;:{&quot;1&quot;:2,&quot;2&quot;:0}},{&quot;1&quot;:0,&quot;2&quot;:0,&quot;3&quot;:3},{&quot;1&quot;:1,&quot;2&quot;:0,&quot;4&quot;:1}]},&quot;10&quot;:0,&quot;11&quot;:4,&quot;12&quot;:0}\">P\u00e5 ProCivitas \u00e4r vi stolta \u00f6ver v\u00e5ra tidigare elever och listan kan g\u00f6ras l\u00e5ng \u00f6ver alumner som i dag \u00e4r v\u00e4lk\u00e4nda b\u00e5de utomlands och i Sverige.<\/span><\/p>\n\n\t\t\t\t\t<\/div>\n\t\t\t\t\t\t\t<\/div>\n\n\t\t\t\t\t<\/div>\n\t<\/div>\n\n\t\n\n<\/section>\n\n\n\n\t\n\t\n\t\n\n\t\n\t\n\t\t\n<section  class=\"c-block l-stacked  \" data-color-scheme=\"white\">\n\t<div class=\"ams-fifty ams-fifty--container ams-fifty--left ams-fifty--top l-container u-pt-fluid-3xl-6xl u-pb-fluid-3xl-6xl\">\n\t\t<div class=\"ams-fifty__content l-stack l-stack-xl is-left is-left@lg\">\n\t\t\t<div class=\"ams-fifty__text l-stack l-stack-lg\">\n\t\t\t\t\t\n\t<h2\n\tclass=\"c-heading u-font-title-1 \"\n\tstyle=\"\">\n\t\t\n\t\t\t\t\tPROCIVITAS ALUMNER\n\t\t\t\t\n\t<\/h2>\n\n\t\t\t\t\t\t\t\t\t<div class=\"text l-stack u-font-body\">\n\t\t\t\t\t\t<p><span data-sheets-value=\"{&quot;1&quot;:2,&quot;2&quot;:&quot;V\u00e5ra alumners roller i arbetslivet \u00e4r allt fr\u00e5n ekonomer, riksdagsledam\u00f6ter, idrottsstj\u00e4rnor, artister och framg\u00e5ngsrika entrepren\u00f6rer. Som levande exempel p\u00e5 att det g\u00e5r att f\u00f6rverkliga sina dr\u00f6mmar blir de m\u00f6jliga f\u00f6rebilder f\u00f6r dagens elever. &quot;}\" data-sheets-userformat=\"{&quot;2&quot;:993,&quot;3&quot;:{&quot;1&quot;:0},&quot;8&quot;:{&quot;1&quot;:[{&quot;1&quot;:2,&quot;2&quot;:0,&quot;5&quot;:{&quot;1&quot;:2,&quot;2&quot;:0}},{&quot;1&quot;:0,&quot;2&quot;:0,&quot;3&quot;:3},{&quot;1&quot;:1,&quot;2&quot;:0,&quot;4&quot;:1}]},&quot;9&quot;:0,&quot;10&quot;:0,&quot;11&quot;:4,&quot;12&quot;:0}\">V\u00e5ra alumners roller i arbetslivet \u00e4r allt fr\u00e5n ekonomer, riksdagsledam\u00f6ter, idrottsstj\u00e4rnor, artister och framg\u00e5ngsrika entrepren\u00f6rer. Som levande exempel p\u00e5 att det g\u00e5r att f\u00f6rverkliga sina dr\u00f6mmar blir de m\u00f6jliga f\u00f6rebilder f\u00f6r dagens elever. <\/span><\/p>\n\n\t\t\t\t\t<\/div>\n\t\t\t\t\t\t\t<\/div>\n\n\t\t\t\t\t<\/div>\n\n\t\t <div class=\"ams-fifty__media u-ratio-square\">\n\t\t \t\t\t\t\t<img decoding=\"async\" width=\"600\" height=\"400\" src=\"https:\/\/procivitas.se\/wp-content\/uploads\/sites\/3\/2025\/06\/prohelsingborgfotografering202503-202903webb167-600x400.jpg\" class=\"attachment-md size-md\" alt=\"\" sizes=\"(min-width: 64em) 600px, calc(100vw - 160px)\" srcset=\"https:\/\/procivitas.se\/wp-content\/uploads\/sites\/3\/2025\/06\/prohelsingborgfotografering202503-202903webb167-600x400.jpg 600w, https:\/\/procivitas.se\/wp-content\/uploads\/sites\/3\/2025\/06\/prohelsingborgfotografering202503-202903webb167-300x200.jpg 300w, https:\/\/procivitas.se\/wp-content\/uploads\/sites\/3\/2025\/06\/prohelsingborgfotografering202503-202903webb167-400x267.jpg 400w, https:\/\/procivitas.se\/wp-content\/uploads\/sites\/3\/2025\/06\/prohelsingborgfotografering202503-202903webb167-800x533.jpg 800w, https:\/\/procivitas.se\/wp-content\/uploads\/sites\/3\/2025\/06\/prohelsingborgfotografering202503-202903webb167-1024x683.jpg 1024w, https:\/\/procivitas.se\/wp-content\/uploads\/sites\/3\/2025\/06\/prohelsingborgfotografering202503-202903webb167.jpg 1200w\" \/>\n\t\t\t\n\t\t\t\n\t\t\t\t\t<\/div>\n\t<\/div>\n\n\t\t\n\n<\/section>\n\n\n\n\n\n<section  class=\"ams-article c-block l-stacked heading-decor js-load-more\" data-color-scheme=\"cards\" data-count=\"3\" data-count-mobile=\"3\">\n\t<div class=\"l-container l-stack l-stack-fluid-2xl u-pt-fluid-3xl-6xl u-pb-fluid-3xl-6xl is-center is-center@md\">\n\t\t\t\t\t<div class=\"ams-article__intro l-stack l-stack-lg\">\n\t\t\t\t\t\n\t<h2\n\tclass=\"c-heading u-font-title-1 \"\n\tstyle=\"\">\n\t\t\n\t\t\t\t\tIntervjuer med alumner\n\t\t\t\t\n\t<\/h2>\n\n\t\t\t\t\t\t\t<\/div>\n\t\t\n\t\t\t\n\t    \n\t\n\t<ul id=\"ams-article-list-69e74c3760c6b\" class=\"ams-article__list l-grid u-gap-2xl u-justify-center js-results \" aria-label=\"Artiklar\" data-filter-animation=\"off\">\n\t\t\t\t\t\t\t\t\t\t\t\t\t\t\t\t\t\n\t\t\t\n\t\t\t\n\t\t\t<li class=\"l-col-6@md l-col-4@lg \" data-filter=\"alumner oktober-2023\">\n\t\t\t\t<article class=\"c-card  has-media-zoom has-media-overlay \" data-variant=\"neutral\" data-style=\"square\" data-click-area>\n\t\t\t\t\t<div class=\"c-card__content l-stack l-stack-sm\">\n\n\t\t\t\t\t\t\t\t\t\t\t\t\t<time class=\"c-card__date u-font-small\" datetime=\"2023-10-19\">19 oktober 2023<\/time>\n\t\t\t\t\t\t\n\t\t\t\t\t\t\t\t\t\t\t\t\t<h3 class=\"c-card__title u-font-title-3\">\n\t\t\t\t\t\t\t\t\t\t\t\t\t\t\t\t\t<a class=\"c-card__link\" href=\"https:\/\/procivitas.se\/helsingborg\/nyheter\/lokal\/hugo-hagemark-strategiansvarig-pa-aleven\">\n\t\t\t\t\t\t\t\t\t\tHugo &#8211; Strategiansvarig p\u00e5 \u00c4leven\n\t\t\t\t\t\t\t\t\t<\/a>\n\t\t\t\t\t\t\t\t\t\t\t\t\t\t\t<\/h3>\n\t\t\t\t\t\t\n\t\t\t\t\t\t\t\t\t\t\t\t\t<p class=\"c-card__text l-stack-xs u-font-body\">\n\t\t\t\t\t\t\t\tHugo H\u00e5gemark \u00e4r en del av ProCivitas Alumner, han tog examen fr\u00e5n ProCivitas Helsingborg 2010.\n\t\t\t\t\t\t\t<\/p>\n\t\t\t\t\t\t\n\t\t\t\t\t\t\t\t\t\t\t\t\t<ul class=\"c-card__tags l-stack-grow u-list-none u-pt-md\" aria-label=\"Kategorier\">\n\t\t\t\t\t\t\t\t\t\t\t\t\t\t\t\t\t<li><span class=\"c-tag\" data-variant=\"outline\">Alumner<\/span><\/li>\n\t\t\t\t\t\t\t\t\t\t\t\t\t\t\t<\/ul>\n\t\t\t\t\t\t\n\t\t\t\t\t\t<div class=\"c-card__icon\">\n\t\t\t\t\t\t\t\t\t\t\t\t\t\t<svg class=\"ams-icon ams-icon--arrow-right\" width=\"32\" height=\"32\" viewbox=\"0 0 32 32\" fill=\"currentColor\" aria-hidden=\"true\" xmlns=\"http:\/\/www.w3.org\/2000\/svg\">\n\t\t\t\t\t\t\t\t\t\t\t\t\t\t\t\t<path d=\"M15.4617 0.252159L14.9567 0.75931C14.6219 1.09545 14.6219 1.64048 14.9567 1.97669L27.7062 14.7806H0.857144C0.383786 14.7806 0 15.166 0 15.6414V16.3587C0 16.8341 0.383786 17.2195 0.857144 17.2195H27.7062L14.9567 30.0234C14.6219 30.3595 14.6219 30.9045 14.9567 31.2407L15.4617 31.7479C15.7964 32.084 16.3392 32.084 16.6739 31.7479L31.749 16.6087C32.0837 16.2725 32.0837 15.7275 31.749 15.3913L16.6739 0.252159C16.3392 -0.084053 15.7964 -0.084053 15.4617 0.252159Z\"\/>\n\t\t\t\t\t\t\t\n\t\t\t\t\t\t\t<\/svg>\n\t\t\t\t\t\t<\/div>\n\t\t\t\t\t<\/div>\n\n\t\t\t\t\t<div class=\"c-card__media u-radius-rounded\" style=\" --overlay-bg-hover: rgba(8,22,43,0.4);\">\n\t\t\t\t\t\t<img decoding=\"async\" width=\"400\" height=\"411\" src=\"https:\/\/procivitas.se\/wp-content\/uploads\/2023\/10\/procivitas-helsingborg-hugo-400x411.jpeg\" class=\"attachment-sm size-sm\" alt=\"Portr\u00e4ttbild, Hugo\" sizes=\"(min-width: 64em) 300px, (min-width: 48em) calc(.50 * (100vw - 224px)), calc(100vw - 160px)\" srcset=\"https:\/\/procivitas.se\/wp-content\/uploads\/2023\/10\/procivitas-helsingborg-hugo-400x411.jpeg 400w, https:\/\/procivitas.se\/wp-content\/uploads\/2023\/10\/procivitas-helsingborg-hugo-300x308.jpeg 300w, https:\/\/procivitas.se\/wp-content\/uploads\/2023\/10\/procivitas-helsingborg-hugo-600x616.jpeg 600w, https:\/\/procivitas.se\/wp-content\/uploads\/2023\/10\/procivitas-helsingborg-hugo-800x821.jpeg 800w, https:\/\/procivitas.se\/wp-content\/uploads\/2023\/10\/procivitas-helsingborg-hugo-1024x1051.jpeg 1024w, https:\/\/procivitas.se\/wp-content\/uploads\/2023\/10\/procivitas-helsingborg-hugo-1200x1232.jpeg 1200w, https:\/\/procivitas.se\/wp-content\/uploads\/2023\/10\/procivitas-helsingborg-hugo.jpeg 1247w\" \/>\n\t\t\t\t\t<\/div>\n\t\t\t\t<\/article>\n\t\t\t<\/li>\n\t\t\t<\/ul>\n\n\t<div class=\"no-results u-mt-0 u-hide\" data-filter-fallback-id=\"ams-article-list-69e74c3760c6b\">\n\t<p>Det finns inga resultat som matchar din filtrering.<\/p>\n<\/div>\n\n\t    <div class=\"ams-article__more u-inline-items js-load-more-btn\">\n        <button href=\"#\"\n                class=\"c-btn\"\n                data-style=\"rounded\"\n                data-size=\"md\"\n                data-width=\"full-mobile\"\n                data-variant=\"outline\">\n        \tVisa fler resultat\n        <\/button>\n    <\/div>\n\n\n\t\t\n\t\t\t<\/div>\n\n\t\t\n\n<\/section>\n\n\n\n\t\n\t\n\t\n\n\t\n\t\n\t\t\n<section  class=\"c-block l-stacked  \" data-color-scheme=\"white\">\n\t<div class=\"ams-fifty ams-fifty--container ams-fifty--right ams-fifty--top l-container u-pt-fluid-3xl-6xl u-pb-fluid-3xl-6xl\">\n\t\t<div class=\"ams-fifty__content l-stack l-stack-xl is-left is-left@lg\">\n\t\t\t<div class=\"ams-fifty__text l-stack l-stack-lg\">\n\t\t\t\t\t\n\t<h2\n\tclass=\"c-heading u-font-title-1 \"\n\tstyle=\"\">\n\t\t\n\t\t\t\t\tMentorskap\n\t\t\t\t\n\t<\/h2>\n\n\t\t\t\t\t\t\t\t\t<div class=\"text l-stack u-font-body\">\n\t\t\t\t\t\t<p><span data-sheets-value=\"{&quot;1&quot;:2,&quot;2&quot;:&quot;Under ditt sista l\u00e4s\u00e5r p\u00e5 ProCivitas har du chansen att delta i skolans Mentorsprogram. Programmet ger dig m\u00f6jlighet till en unik inblick i arbetslivet och du paras ihop med en mentor fr\u00e5n n\u00e4ringslivet som f\u00f6ljer dig genom \u00e5rskurs 3. Du och din mentor varvar tr\u00e4ffar p\u00e5 egen hand med gemensamma tr\u00e4ffar tillsammans med samtliga deltagare i programmet. &quot;}\" data-sheets-userformat=\"{&quot;2&quot;:929,&quot;3&quot;:{&quot;1&quot;:0},&quot;8&quot;:{&quot;1&quot;:[{&quot;1&quot;:2,&quot;2&quot;:0,&quot;5&quot;:{&quot;1&quot;:2,&quot;2&quot;:0}},{&quot;1&quot;:0,&quot;2&quot;:0,&quot;3&quot;:3},{&quot;1&quot;:1,&quot;2&quot;:0,&quot;4&quot;:1}]},&quot;10&quot;:0,&quot;11&quot;:4,&quot;12&quot;:0}\">Under ditt sista l\u00e4s\u00e5r p\u00e5 ProCivitas har du chansen att delta i skolans Mentorsprogram. Programmet ger dig m\u00f6jlighet till en unik inblick i arbetslivet och du paras ihop med en mentor fr\u00e5n n\u00e4ringslivet som f\u00f6ljer dig genom \u00e5rskurs 3. Du och din mentor varvar tr\u00e4ffar p\u00e5 egen hand med gemensamma tr\u00e4ffar tillsammans med samtliga deltagare i programmet. <\/span><\/p>\n\n\t\t\t\t\t<\/div>\n\t\t\t\t\t\t\t<\/div>\n\n\t\t\t\t<div class=\"ams-fifty__action u-inline-items\">\n\t\t\t\t\t\t\t\n\n\n<a href=\"https:\/\/procivitas.se\/helsingborg\/traditioner\/mentorsprogrammet\/\"\n\t\n\tclass=\"c-btn \"\n\tdata-style=\"rounded\"\n\tdata-size=\"md\"\n\tdata-width=\"full-mobile\"\n\tdata-variant=\"default\"\n\ttarget=\"_self\">\n\t\t\t<span class=\"label\"> Om Mentorsprogrammet<\/span>\n\t\t\t<\/a>\n\t\t\t<\/div>\n\t\t<\/div>\n\n\t\t <div class=\"ams-fifty__media u-ratio-square\">\n\t\t \t\t\t\t\t<img decoding=\"async\" width=\"600\" height=\"400\" src=\"https:\/\/procivitas.se\/wp-content\/uploads\/sites\/3\/2025\/06\/prohelsingborgfotografering202503-202903webb99-600x400.jpg\" class=\"attachment-md size-md\" alt=\"\" sizes=\"(min-width: 64em) 600px, calc(100vw - 160px)\" srcset=\"https:\/\/procivitas.se\/wp-content\/uploads\/sites\/3\/2025\/06\/prohelsingborgfotografering202503-202903webb99-600x400.jpg 600w, https:\/\/procivitas.se\/wp-content\/uploads\/sites\/3\/2025\/06\/prohelsingborgfotografering202503-202903webb99-300x200.jpg 300w, https:\/\/procivitas.se\/wp-content\/uploads\/sites\/3\/2025\/06\/prohelsingborgfotografering202503-202903webb99-400x267.jpg 400w, https:\/\/procivitas.se\/wp-content\/uploads\/sites\/3\/2025\/06\/prohelsingborgfotografering202503-202903webb99-800x533.jpg 800w, https:\/\/procivitas.se\/wp-content\/uploads\/sites\/3\/2025\/06\/prohelsingborgfotografering202503-202903webb99-1024x683.jpg 1024w, https:\/\/procivitas.se\/wp-content\/uploads\/sites\/3\/2025\/06\/prohelsingborgfotografering202503-202903webb99.jpg 1200w\" \/>\n\t\t\t\n\t\t\t\n\t\t\t\t\t<\/div>\n\t<\/div>\n\n\t\t\n\n<\/section>\n\n\n\n\n<section  class=\"ams-cta ams-cta--stacked c-block l-stacked heading-decor\" data-color-scheme=\"blue\">\n\t<div class=\"l-container-narrow l-stack l-stack-fluid-2xl u-pt-fluid-3xl-6xl u-pb-fluid-3xl-6xl is-center is-center@md\">\n\t\t\t\t\t<div class=\"ams-cta__intro l-stack l-stack-lg\">\n\t\t\t\t\t\n\t<h2\n\tclass=\"c-heading u-font-title-1 \"\n\tstyle=\"\">\n\t\t\n\t\t\t\t\t\u00d6ppet hus\n\t\t\t\t\n\t<\/h2>\n\n\t\t\t\t\t\t\t\t\t<div class=\"c-text l-stack u-cs-xl u-font-preamble\">\n\t\t\t\t\t\t<p><span data-sheets-value=\"{&quot;1&quot;:2,&quot;2&quot;:&quot;Bes\u00f6k oss p\u00e5 \u00f6ppet hus f\u00f6r att uppleva st\u00e4mningen p\u00e5 skolan. Ta chansen att prata med elever och l\u00e4rare och f\u00e5 svar p\u00e5 alla dina funderingar! &quot;}\" data-sheets-userformat=\"{&quot;2&quot;:929,&quot;3&quot;:{&quot;1&quot;:0},&quot;8&quot;:{&quot;1&quot;:[{&quot;1&quot;:2,&quot;2&quot;:0,&quot;5&quot;:{&quot;1&quot;:2,&quot;2&quot;:0}},{&quot;1&quot;:0,&quot;2&quot;:0,&quot;3&quot;:3},{&quot;1&quot;:1,&quot;2&quot;:0,&quot;4&quot;:1}]},&quot;10&quot;:0,&quot;11&quot;:4,&quot;12&quot;:0}\">Bes\u00f6k oss p\u00e5 \u00d6ppet hus f\u00f6r att uppleva st\u00e4mningen p\u00e5 skolan. Ta chansen att prata med elever och l\u00e4rare och f\u00e5 svar p\u00e5 alla dina funderingar! <\/span><\/p>\n\n\t\t\t\t\t<\/div>\n\t\t\t\t\t\t\t<\/div>\n\t\t\n\t\t\n\t\t\t<div class=\"ams-cta__action u-inline-items\">\n\t\t\t\t\t\t\t\n\n\n<a href=\"https:\/\/procivitas.se\/helsingborg\/oppet-hus\/\"\n\t\n\tclass=\"c-btn \"\n\tdata-style=\"rounded\"\n\tdata-size=\"md\"\n\tdata-width=\"full-mobile\"\n\tdata-variant=\"default\"\n\ttarget=\"_self\">\n\t\t\t<span class=\"label\"> Bes\u00f6k \u00d6ppet hus <\/span>\n\t\t\t<\/a>\n\t\t\t<\/div>\n\t<\/div>\n\n\t\t\n\n<\/section>\n","protected":false},"excerpt":{"rendered":"","protected":false},"author":1,"featured_media":0,"parent":1677,"menu_order":0,"comment_status":"closed","ping_status":"closed","template":"","meta":{"footnotes":""},"yoast_head":"<!-- This site is optimized with the Yoast SEO plugin v22.0 - https:\/\/yoast.com\/wordpress\/plugins\/seo\/ -->\n<title>Alumnin\u00e4tverk - ProCivitas Privata Gymnasium Helsingborg<\/title>\n<meta name=\"description\" content=\"Vi \u00e4r stolta \u00f6ver v\u00e5ra tidigare elever och listan kan g\u00f6ras l\u00e5ng \u00f6ver alumner som i dag \u00e4r v\u00e4lk\u00e4nda b\u00e5de utomlands och i Sverige.\" \/>\n<meta name=\"robots\" content=\"index, follow, max-snippet:-1, max-image-preview:large, max-video-preview:-1\" \/>\n<link rel=\"canonical\" href=\"https:\/\/procivitas.se\/helsingborg\/var-koppling-till-naringslivet\/alumner\/\" \/>\n<meta property=\"og:locale\" content=\"sv_SE\" \/>\n<meta property=\"og:type\" content=\"article\" \/>\n<meta property=\"og:title\" content=\"Alumnin\u00e4tverk - ProCivitas Privata Gymnasium Helsingborg\" \/>\n<meta property=\"og:description\" content=\"Vi \u00e4r stolta \u00f6ver v\u00e5ra tidigare elever och listan kan g\u00f6ras l\u00e5ng \u00f6ver alumner som i dag \u00e4r v\u00e4lk\u00e4nda b\u00e5de utomlands och i Sverige.\" \/>\n<meta property=\"og:url\" content=\"https:\/\/procivitas.se\/helsingborg\/var-koppling-till-naringslivet\/alumner\/\" \/>\n<meta property=\"og:site_name\" content=\"Helsingborg\" \/>\n<meta property=\"article:modified_time\" content=\"2026-04-08T08:03:34+00:00\" \/>\n<meta name=\"twitter:card\" content=\"summary_large_image\" \/>\n<meta name=\"twitter:title\" content=\"Alumnin\u00e4tverk - ProCivitas Privata Gymnasium Helsingborg\" \/>\n<meta name=\"twitter:description\" content=\"Vi \u00e4r stolta \u00f6ver v\u00e5ra tidigare elever och listan kan g\u00f6ras l\u00e5ng \u00f6ver alumner som i dag \u00e4r v\u00e4lk\u00e4nda b\u00e5de utomlands och i Sverige.\" \/>\n<meta name=\"twitter:label1\" content=\"Est. reading time\" \/>\n\t<meta name=\"twitter:data1\" content=\"2 minuter\" \/>\n<script type=\"application\/ld+json\" class=\"yoast-schema-graph\">{\"@context\":\"https:\/\/schema.org\",\"@graph\":[{\"@type\":\"WebPage\",\"@id\":\"https:\/\/procivitas.se\/helsingborg\/var-koppling-till-naringslivet\/alumner\/\",\"url\":\"https:\/\/procivitas.se\/helsingborg\/var-koppling-till-naringslivet\/alumner\/\",\"name\":\"Alumnin\u00e4tverk - ProCivitas Privata Gymnasium Helsingborg\",\"isPartOf\":{\"@id\":\"https:\/\/procivitas.se\/helsingborg\/#website\"},\"datePublished\":\"2023-08-15T12:14:19+00:00\",\"dateModified\":\"2026-04-08T08:03:34+00:00\",\"description\":\"Vi \u00e4r stolta \u00f6ver v\u00e5ra tidigare elever och listan kan g\u00f6ras l\u00e5ng \u00f6ver alumner som i dag \u00e4r v\u00e4lk\u00e4nda b\u00e5de utomlands och i Sverige.\",\"breadcrumb\":{\"@id\":\"https:\/\/procivitas.se\/helsingborg\/var-koppling-till-naringslivet\/alumner\/#breadcrumb\"},\"inLanguage\":\"sv-SE\",\"potentialAction\":[{\"@type\":\"ReadAction\",\"target\":[\"https:\/\/procivitas.se\/helsingborg\/var-koppling-till-naringslivet\/alumner\/\"]}]},{\"@type\":\"BreadcrumbList\",\"@id\":\"https:\/\/procivitas.se\/helsingborg\/var-koppling-till-naringslivet\/alumner\/#breadcrumb\",\"itemListElement\":[{\"@type\":\"ListItem\",\"position\":1,\"name\":\"Start\",\"item\":\"https:\/\/procivitas.se\/helsingborg\/\"},{\"@type\":\"ListItem\",\"position\":2,\"name\":\"V\u00e5r koppling till n\u00e4ringslivet\",\"item\":\"https:\/\/procivitas.se\/helsingborg\/var-koppling-till-naringslivet\/\"},{\"@type\":\"ListItem\",\"position\":3,\"name\":\"Alumnin\u00e4tverk\"}]},{\"@type\":\"WebSite\",\"@id\":\"https:\/\/procivitas.se\/helsingborg\/#website\",\"url\":\"https:\/\/procivitas.se\/helsingborg\/\",\"name\":\"Helsingborg\",\"description\":\"Just another WordPress site\",\"potentialAction\":[{\"@type\":\"SearchAction\",\"target\":{\"@type\":\"EntryPoint\",\"urlTemplate\":\"https:\/\/procivitas.se\/helsingborg\/?s={search_term_string}\"},\"query-input\":\"required name=search_term_string\"}],\"inLanguage\":\"sv-SE\"}]}<\/script>\n<!-- \/ Yoast SEO plugin. -->","yoast_head_json":{"title":"Alumnin\u00e4tverk - ProCivitas Privata Gymnasium Helsingborg","description":"Vi \u00e4r stolta \u00f6ver v\u00e5ra tidigare elever och listan kan g\u00f6ras l\u00e5ng \u00f6ver alumner som i dag \u00e4r v\u00e4lk\u00e4nda b\u00e5de utomlands och i Sverige.","robots":{"index":"index","follow":"follow","max-snippet":"max-snippet:-1","max-image-preview":"max-image-preview:large","max-video-preview":"max-video-preview:-1"},"canonical":"https:\/\/procivitas.se\/helsingborg\/var-koppling-till-naringslivet\/alumner\/","og_locale":"sv_SE","og_type":"article","og_title":"Alumnin\u00e4tverk - ProCivitas Privata Gymnasium Helsingborg","og_description":"Vi \u00e4r stolta \u00f6ver v\u00e5ra tidigare elever och listan kan g\u00f6ras l\u00e5ng \u00f6ver alumner som i dag \u00e4r v\u00e4lk\u00e4nda b\u00e5de utomlands och i Sverige.","og_url":"https:\/\/procivitas.se\/helsingborg\/var-koppling-till-naringslivet\/alumner\/","og_site_name":"Helsingborg","article_modified_time":"2026-04-08T08:03:34+00:00","twitter_card":"summary_large_image","twitter_title":"Alumnin\u00e4tverk - ProCivitas Privata Gymnasium Helsingborg","twitter_description":"Vi \u00e4r stolta \u00f6ver v\u00e5ra tidigare elever och listan kan g\u00f6ras l\u00e5ng \u00f6ver alumner som i dag \u00e4r v\u00e4lk\u00e4nda b\u00e5de utomlands och i Sverige.","twitter_misc":{"Est. reading time":"2 minuter"},"schema":{"@context":"https:\/\/schema.org","@graph":[{"@type":"WebPage","@id":"https:\/\/procivitas.se\/helsingborg\/var-koppling-till-naringslivet\/alumner\/","url":"https:\/\/procivitas.se\/helsingborg\/var-koppling-till-naringslivet\/alumner\/","name":"Alumnin\u00e4tverk - ProCivitas Privata Gymnasium Helsingborg","isPartOf":{"@id":"https:\/\/procivitas.se\/helsingborg\/#website"},"datePublished":"2023-08-15T12:14:19+00:00","dateModified":"2026-04-08T08:03:34+00:00","description":"Vi \u00e4r stolta \u00f6ver v\u00e5ra tidigare elever och listan kan g\u00f6ras l\u00e5ng \u00f6ver alumner som i dag \u00e4r v\u00e4lk\u00e4nda b\u00e5de utomlands och i Sverige.","breadcrumb":{"@id":"https:\/\/procivitas.se\/helsingborg\/var-koppling-till-naringslivet\/alumner\/#breadcrumb"},"inLanguage":"sv-SE","potentialAction":[{"@type":"ReadAction","target":["https:\/\/procivitas.se\/helsingborg\/var-koppling-till-naringslivet\/alumner\/"]}]},{"@type":"BreadcrumbList","@id":"https:\/\/procivitas.se\/helsingborg\/var-koppling-till-naringslivet\/alumner\/#breadcrumb","itemListElement":[{"@type":"ListItem","position":1,"name":"Start","item":"https:\/\/procivitas.se\/helsingborg\/"},{"@type":"ListItem","position":2,"name":"V\u00e5r koppling till n\u00e4ringslivet","item":"https:\/\/procivitas.se\/helsingborg\/var-koppling-till-naringslivet\/"},{"@type":"ListItem","position":3,"name":"Alumnin\u00e4tverk"}]},{"@type":"WebSite","@id":"https:\/\/procivitas.se\/helsingborg\/#website","url":"https:\/\/procivitas.se\/helsingborg\/","name":"Helsingborg","description":"Just another WordPress site","potentialAction":[{"@type":"SearchAction","target":{"@type":"EntryPoint","urlTemplate":"https:\/\/procivitas.se\/helsingborg\/?s={search_term_string}"},"query-input":"required name=search_term_string"}],"inLanguage":"sv-SE"}]}},"_links":{"self":[{"href":"https:\/\/procivitas.se\/helsingborg\/wp-json\/wp\/v2\/pages\/1653"}],"collection":[{"href":"https:\/\/procivitas.se\/helsingborg\/wp-json\/wp\/v2\/pages"}],"about":[{"href":"https:\/\/procivitas.se\/helsingborg\/wp-json\/wp\/v2\/types\/page"}],"author":[{"embeddable":true,"href":"https:\/\/procivitas.se\/helsingborg\/wp-json\/wp\/v2\/users\/1"}],"replies":[{"embeddable":true,"href":"https:\/\/procivitas.se\/helsingborg\/wp-json\/wp\/v2\/comments?post=1653"}],"version-history":[{"count":10,"href":"https:\/\/procivitas.se\/helsingborg\/wp-json\/wp\/v2\/pages\/1653\/revisions"}],"predecessor-version":[{"id":3954,"href":"https:\/\/procivitas.se\/helsingborg\/wp-json\/wp\/v2\/pages\/1653\/revisions\/3954"}],"up":[{"embeddable":true,"href":"https:\/\/procivitas.se\/helsingborg\/wp-json\/wp\/v2\/pages\/1677"}],"wp:attachment":[{"href":"https:\/\/procivitas.se\/helsingborg\/wp-json\/wp\/v2\/media?parent=1653"}],"curies":[{"name":"wp","href":"https:\/\/api.w.org\/{rel}","templated":true}]}}