{"id":2350,"date":"2023-10-26T14:40:38","date_gmt":"2023-10-26T12:40:38","guid":{"rendered":"https:\/\/procivitas.se\/helsingborg\/?page_id=2350"},"modified":"2026-04-02T09:03:54","modified_gmt":"2026-04-02T07:03:54","slug":"vara-larare","status":"publish","type":"page","link":"https:\/\/procivitas.se\/helsingborg\/vara-larare\/","title":{"rendered":"V\u00e5ra l\u00e4rare"},"content":{"rendered":"\n\t\n\t\n\t\n\n\t\n\t\n\t\t\n<section  class=\"c-block l-stacked  \" data-color-scheme=\"white\">\n\t<div class=\"ams-fifty ams-fifty--container ams-fifty--left ams-fifty--top l-container u-pt-fluid-3xl-6xl u-pb-fluid-3xl-6xl\">\n\t\t<div class=\"ams-fifty__content l-stack l-stack-xl is-left is-left@lg\">\n\t\t\t<div class=\"ams-fifty__text l-stack l-stack-lg\">\n\t\t\t\t\t\n\t<h1\n\tclass=\"c-heading u-font-title-1 \"\n\tstyle=\"\">\n\t\t\n\t\t\t\t\tV\u00e5ra l\u00e4rare\n\t\t\t\t\n\t<\/h1>\n\n\t\t\t\t\t\t\t\t\t<div class=\"text l-stack u-font-body\">\n\t\t\t\t\t\t<p>ProCivitas personal \u00e4r alla v\u00e4lutbildade, erfarna och har ett enormt engagemang f\u00f6r skolan och sina elever. M\u00e5nga l\u00e4rare har ocks\u00e5 erfarenhet fr\u00e5n att undervisa p\u00e5 universitet eller utomlands vilket ger undervisningen p\u00e5 ProCivitas en extra dimension. L\u00e4rarna lyfts st\u00e4ndigt fram av eleverna som det b\u00e4sta med skolan och tillsammans med eleverna skapar l\u00e4rarna en fantastisk studiemilj\u00f6.<\/p>\n<p>Alla som jobbar p\u00e5 skolan har h\u00f6ga krav p\u00e5 varandra men det \u00e4r \u00e4nd\u00e5 k\u00e4nslan av gl\u00e4dje och gemenskap som pr\u00e4glar arbetsveckorna. V\u00e5rt recept \u00e4r enkelt: f\u00f6r att vi ska kunna ge eleverna den b\u00e4sta utbildningen m\u00e5ste vi ocks\u00e5 ha den b\u00e4sta personalen.<\/p>\n\n\t\t\t\t\t<\/div>\n\t\t\t\t\t\t\t<\/div>\n\n\t\t\t\t<div class=\"ams-fifty__action u-inline-items\">\n\t\t\t\t\t\t\t\n\n\n<a href=\"https:\/\/procivitas.se\/helsingborg\/kontakt\"\n\t\n\tclass=\"c-btn \"\n\tdata-style=\"rounded\"\n\tdata-size=\"md\"\n\tdata-width=\"full-mobile\"\n\tdata-variant=\"default\"\n\ttarget=\"_self\">\n\t\t\t<span class=\"label\"> Kontakta oss<\/span>\n\t\t\t<\/a>\n\t\t\t<\/div>\n\t\t<\/div>\n\n\t\t <div class=\"ams-fifty__media u-ratio-square\">\n\t\t \t\t\t\t\t<img decoding=\"async\" width=\"600\" height=\"400\" src=\"https:\/\/procivitas.se\/wp-content\/uploads\/sites\/3\/2025\/06\/prohelsingborgfotografering202503-202903webb98-600x400.jpg\" class=\"attachment-md size-md\" alt=\"Mentor hj\u00e4lper sina elever.\" sizes=\"(min-width: 64em) 600px, calc(100vw - 160px)\" srcset=\"https:\/\/procivitas.se\/wp-content\/uploads\/sites\/3\/2025\/06\/prohelsingborgfotografering202503-202903webb98-600x400.jpg 600w, https:\/\/procivitas.se\/wp-content\/uploads\/sites\/3\/2025\/06\/prohelsingborgfotografering202503-202903webb98-300x200.jpg 300w, https:\/\/procivitas.se\/wp-content\/uploads\/sites\/3\/2025\/06\/prohelsingborgfotografering202503-202903webb98-400x267.jpg 400w, https:\/\/procivitas.se\/wp-content\/uploads\/sites\/3\/2025\/06\/prohelsingborgfotografering202503-202903webb98-800x533.jpg 800w, https:\/\/procivitas.se\/wp-content\/uploads\/sites\/3\/2025\/06\/prohelsingborgfotografering202503-202903webb98-1024x683.jpg 1024w, https:\/\/procivitas.se\/wp-content\/uploads\/sites\/3\/2025\/06\/prohelsingborgfotografering202503-202903webb98.jpg 1200w\" \/>\n\t\t\t\n\t\t\t\n\t\t\t\t\t<\/div>\n\t<\/div>\n\n\t\t\n\n<\/section>\n\n\n\n\n<section  class=\"ams-cta ams-cta--stacked c-block l-stacked heading-decor\" data-color-scheme=\"blue\">\n\t<div class=\"l-container-narrow l-stack l-stack-fluid-2xl u-pt-fluid-3xl-6xl u-pb-fluid-3xl-6xl is-center is-center@md\">\n\t\t\t\t\t<div class=\"ams-cta__intro l-stack l-stack-lg\">\n\t\t\t\t\t\n\t<h2\n\tclass=\"c-heading u-font-title-1 \"\n\tstyle=\"\">\n\t\t\n\t\t\t\t\tTr\u00e4ffa v\u00e5ra l\u00e4rare p\u00e5 \u00d6ppet hus\n\t\t\t\t\n\t<\/h2>\n\n\t\t\t\t\t\t\t\t\t<div class=\"c-text l-stack u-cs-xl u-font-preamble\">\n\t\t\t\t\t\t<p>P\u00e5 ett \u00d6ppet hus f\u00e5r du en rundvandring av skolan, tr\u00e4ffa elever och l\u00e4rare samt l\u00e4ra dig mer om v\u00e5ra program.<\/p>\n\n\t\t\t\t\t<\/div>\n\t\t\t\t\t\t\t<\/div>\n\t\t\n\t\t\n\t\t\t<div class=\"ams-cta__action u-inline-items\">\n\t\t\t\t\t\t\t\n\n\n<a href=\"https:\/\/procivitas.se\/helsingborg\/oppet-hus\"\n\t\n\tclass=\"c-btn \"\n\tdata-style=\"rounded\"\n\tdata-size=\"md\"\n\tdata-width=\"full-mobile\"\n\tdata-variant=\"default\"\n\ttarget=\"_self\">\n\t\t\t<span class=\"label\"> Bes\u00f6k \u00d6ppet hus<\/span>\n\t\t\t<\/a>\n\t\t\t<\/div>\n\t<\/div>\n\n\t\t\n\n<\/section>\n","protected":false},"excerpt":{"rendered":"","protected":false},"author":10,"featured_media":0,"parent":0,"menu_order":1,"comment_status":"closed","ping_status":"closed","template":"","meta":{"footnotes":""},"yoast_head":"<!-- This site is optimized with the Yoast SEO plugin v22.0 - https:\/\/yoast.com\/wordpress\/plugins\/seo\/ -->\n<title>V\u00e5ra l\u00e4rare - ProCivitas Privata Gymnasium Helsingborg<\/title>\n<meta name=\"description\" content=\"ProCivitas personal \u00e4r alla v\u00e4lutbildade, erfarna och har ett enormt engagemang f\u00f6r skolan och sina elever.\" \/>\n<meta name=\"robots\" content=\"index, follow, max-snippet:-1, max-image-preview:large, max-video-preview:-1\" \/>\n<link rel=\"canonical\" href=\"https:\/\/procivitas.se\/helsingborg\/vara-larare\/\" \/>\n<meta property=\"og:locale\" content=\"sv_SE\" \/>\n<meta property=\"og:type\" content=\"article\" \/>\n<meta property=\"og:title\" content=\"V\u00e5ra l\u00e4rare - ProCivitas Privata Gymnasium Helsingborg\" \/>\n<meta property=\"og:description\" content=\"ProCivitas personal \u00e4r alla v\u00e4lutbildade, erfarna och har ett enormt engagemang f\u00f6r skolan och sina elever.\" \/>\n<meta property=\"og:url\" content=\"https:\/\/procivitas.se\/helsingborg\/vara-larare\/\" \/>\n<meta property=\"og:site_name\" content=\"Helsingborg\" \/>\n<meta property=\"article:modified_time\" content=\"2026-04-02T07:03:54+00:00\" \/>\n<meta name=\"twitter:card\" content=\"summary_large_image\" \/>\n<meta name=\"twitter:title\" content=\"V\u00e5ra l\u00e4rare - ProCivitas Privata Gymnasium Helsingborg\" \/>\n<meta name=\"twitter:description\" content=\"ProCivitas personal \u00e4r alla v\u00e4lutbildade, erfarna och har ett enormt engagemang f\u00f6r skolan och sina elever.\" \/>\n<meta name=\"twitter:label1\" content=\"Est. reading time\" \/>\n\t<meta name=\"twitter:data1\" content=\"1 minut\" \/>\n<script type=\"application\/ld+json\" class=\"yoast-schema-graph\">{\"@context\":\"https:\/\/schema.org\",\"@graph\":[{\"@type\":\"WebPage\",\"@id\":\"https:\/\/procivitas.se\/helsingborg\/vara-larare\/\",\"url\":\"https:\/\/procivitas.se\/helsingborg\/vara-larare\/\",\"name\":\"V\u00e5ra l\u00e4rare - ProCivitas Privata Gymnasium Helsingborg\",\"isPartOf\":{\"@id\":\"https:\/\/procivitas.se\/helsingborg\/#website\"},\"datePublished\":\"2023-10-26T12:40:38+00:00\",\"dateModified\":\"2026-04-02T07:03:54+00:00\",\"description\":\"ProCivitas personal \u00e4r alla v\u00e4lutbildade, erfarna och har ett enormt engagemang f\u00f6r skolan och sina elever.\",\"breadcrumb\":{\"@id\":\"https:\/\/procivitas.se\/helsingborg\/vara-larare\/#breadcrumb\"},\"inLanguage\":\"sv-SE\",\"potentialAction\":[{\"@type\":\"ReadAction\",\"target\":[\"https:\/\/procivitas.se\/helsingborg\/vara-larare\/\"]}]},{\"@type\":\"BreadcrumbList\",\"@id\":\"https:\/\/procivitas.se\/helsingborg\/vara-larare\/#breadcrumb\",\"itemListElement\":[{\"@type\":\"ListItem\",\"position\":1,\"name\":\"Start\",\"item\":\"https:\/\/procivitas.se\/helsingborg\/\"},{\"@type\":\"ListItem\",\"position\":2,\"name\":\"V\u00e5ra l\u00e4rare\"}]},{\"@type\":\"WebSite\",\"@id\":\"https:\/\/procivitas.se\/helsingborg\/#website\",\"url\":\"https:\/\/procivitas.se\/helsingborg\/\",\"name\":\"Helsingborg\",\"description\":\"Just another WordPress site\",\"potentialAction\":[{\"@type\":\"SearchAction\",\"target\":{\"@type\":\"EntryPoint\",\"urlTemplate\":\"https:\/\/procivitas.se\/helsingborg\/?s={search_term_string}\"},\"query-input\":\"required name=search_term_string\"}],\"inLanguage\":\"sv-SE\"}]}<\/script>\n<!-- \/ Yoast SEO plugin. -->","yoast_head_json":{"title":"V\u00e5ra l\u00e4rare - ProCivitas Privata Gymnasium Helsingborg","description":"ProCivitas personal \u00e4r alla v\u00e4lutbildade, erfarna och har ett enormt engagemang f\u00f6r skolan och sina elever.","robots":{"index":"index","follow":"follow","max-snippet":"max-snippet:-1","max-image-preview":"max-image-preview:large","max-video-preview":"max-video-preview:-1"},"canonical":"https:\/\/procivitas.se\/helsingborg\/vara-larare\/","og_locale":"sv_SE","og_type":"article","og_title":"V\u00e5ra l\u00e4rare - ProCivitas Privata Gymnasium Helsingborg","og_description":"ProCivitas personal \u00e4r alla v\u00e4lutbildade, erfarna och har ett enormt engagemang f\u00f6r skolan och sina elever.","og_url":"https:\/\/procivitas.se\/helsingborg\/vara-larare\/","og_site_name":"Helsingborg","article_modified_time":"2026-04-02T07:03:54+00:00","twitter_card":"summary_large_image","twitter_title":"V\u00e5ra l\u00e4rare - ProCivitas Privata Gymnasium Helsingborg","twitter_description":"ProCivitas personal \u00e4r alla v\u00e4lutbildade, erfarna och har ett enormt engagemang f\u00f6r skolan och sina elever.","twitter_misc":{"Est. reading time":"1 minut"},"schema":{"@context":"https:\/\/schema.org","@graph":[{"@type":"WebPage","@id":"https:\/\/procivitas.se\/helsingborg\/vara-larare\/","url":"https:\/\/procivitas.se\/helsingborg\/vara-larare\/","name":"V\u00e5ra l\u00e4rare - ProCivitas Privata Gymnasium Helsingborg","isPartOf":{"@id":"https:\/\/procivitas.se\/helsingborg\/#website"},"datePublished":"2023-10-26T12:40:38+00:00","dateModified":"2026-04-02T07:03:54+00:00","description":"ProCivitas personal \u00e4r alla v\u00e4lutbildade, erfarna och har ett enormt engagemang f\u00f6r skolan och sina elever.","breadcrumb":{"@id":"https:\/\/procivitas.se\/helsingborg\/vara-larare\/#breadcrumb"},"inLanguage":"sv-SE","potentialAction":[{"@type":"ReadAction","target":["https:\/\/procivitas.se\/helsingborg\/vara-larare\/"]}]},{"@type":"BreadcrumbList","@id":"https:\/\/procivitas.se\/helsingborg\/vara-larare\/#breadcrumb","itemListElement":[{"@type":"ListItem","position":1,"name":"Start","item":"https:\/\/procivitas.se\/helsingborg\/"},{"@type":"ListItem","position":2,"name":"V\u00e5ra l\u00e4rare"}]},{"@type":"WebSite","@id":"https:\/\/procivitas.se\/helsingborg\/#website","url":"https:\/\/procivitas.se\/helsingborg\/","name":"Helsingborg","description":"Just another WordPress site","potentialAction":[{"@type":"SearchAction","target":{"@type":"EntryPoint","urlTemplate":"https:\/\/procivitas.se\/helsingborg\/?s={search_term_string}"},"query-input":"required name=search_term_string"}],"inLanguage":"sv-SE"}]}},"_links":{"self":[{"href":"https:\/\/procivitas.se\/helsingborg\/wp-json\/wp\/v2\/pages\/2350"}],"collection":[{"href":"https:\/\/procivitas.se\/helsingborg\/wp-json\/wp\/v2\/pages"}],"about":[{"href":"https:\/\/procivitas.se\/helsingborg\/wp-json\/wp\/v2\/types\/page"}],"author":[{"embeddable":true,"href":"https:\/\/procivitas.se\/helsingborg\/wp-json\/wp\/v2\/users\/10"}],"replies":[{"embeddable":true,"href":"https:\/\/procivitas.se\/helsingborg\/wp-json\/wp\/v2\/comments?post=2350"}],"version-history":[{"count":10,"href":"https:\/\/procivitas.se\/helsingborg\/wp-json\/wp\/v2\/pages\/2350\/revisions"}],"predecessor-version":[{"id":3931,"href":"https:\/\/procivitas.se\/helsingborg\/wp-json\/wp\/v2\/pages\/2350\/revisions\/3931"}],"wp:attachment":[{"href":"https:\/\/procivitas.se\/helsingborg\/wp-json\/wp\/v2\/media?parent=2350"}],"curies":[{"name":"wp","href":"https:\/\/api.w.org\/{rel}","templated":true}]}}