{"id":2385,"date":"2023-10-27T09:18:54","date_gmt":"2023-10-27T07:18:54","guid":{"rendered":"https:\/\/procivitas.se\/helsingborg\/?page_id=2385"},"modified":"2026-04-02T09:03:15","modified_gmt":"2026-04-02T07:03:15","slug":"aktiviteter","status":"publish","type":"page","link":"https:\/\/procivitas.se\/helsingborg\/aktiviteter\/","title":{"rendered":"H\u00f6gtider och aktiviteter"},"content":{"rendered":"\n\t\n\t\n\t\n\n\t\n\t\n\t\t\n<section  class=\"c-block l-stacked  \" data-color-scheme=\"white\">\n\t<div class=\"ams-fifty ams-fifty--container ams-fifty--left ams-fifty--top l-container u-pt-fluid-3xl-6xl u-pb-fluid-3xl-6xl\">\n\t\t<div class=\"ams-fifty__content l-stack l-stack-xl is-left is-left@lg\">\n\t\t\t<div class=\"ams-fifty__text l-stack l-stack-lg\">\n\t\t\t\t\t\n\t<h1\n\tclass=\"c-heading u-font-title-1 \"\n\tstyle=\"\">\n\t\t\n\t\t\t\t\tH\u00f6gtider och aktiviteter\n\t\t\t\t\n\t<\/h1>\n\n\t\t\t\t\t\t\t\t\t<div class=\"text l-stack u-font-body\">\n\t\t\t\t\t\t<p>P\u00e5 ProCivitas l\u00e4gger vi stor vikt vid \u00e5rets h\u00f6gtider: Lucia, julavslutning och studentexamen firas med de traditionella inslagen av tal och s\u00e5ng i Mariakyrkan. Veckan f\u00f6re examen tjuvstartar firandet med ProCivitas \u00e5rliga studentbal, traditionsenligt avh\u00e5llen p\u00e5 \u00d6ren\u00e4s slott. Under dina tre \u00e5r p\u00e5 skolan kommer du ges m\u00f6jlighet till nya erfarenheter och upplevelser. De senaste \u00e5ren har vi bes\u00f6kt Berlin, London och Cern.<\/p>\n<p>Vi anser att teambuilding \u00e4r ett viktigt moment d\u00e4r du som elev snabbt ska komma in i skolans milj\u00f6 och l\u00e4ra k\u00e4nna dina nya kompisar. Alla f\u00f6rsta\u00e5rselever bes\u00f6ker varje \u00e5r Lingvallen f\u00f6r en tv\u00e5dagars teambuildingcamp. \u00c4ven p\u00e5 kv\u00e4llstid h\u00e4nder det mycket p\u00e5 skolan och det sjuder av aktivitet b\u00e5de bland elever och personal. Eleverna anordnar alltifr\u00e5n studiekv\u00e4llar i SAT-matte, matlagningskurser, Championsleaguekv\u00e4llar till modevisning.<\/p>\n\n\t\t\t\t\t<\/div>\n\t\t\t\t\t\t\t<\/div>\n\n\t\t\t\t\t<\/div>\n\n\t\t <div class=\"ams-fifty__media u-ratio-square\">\n\t\t \t\t\t\t\t<img decoding=\"async\" width=\"600\" height=\"400\" src=\"https:\/\/procivitas.se\/wp-content\/uploads\/sites\/3\/2025\/06\/prohelsingborgfotografering202503-202903webb195-600x400.jpg\" class=\"attachment-md size-md\" alt=\"N\u00e5gra elever spelar shack och skrattar.\" sizes=\"(min-width: 64em) 600px, calc(100vw - 160px)\" srcset=\"https:\/\/procivitas.se\/wp-content\/uploads\/sites\/3\/2025\/06\/prohelsingborgfotografering202503-202903webb195-600x400.jpg 600w, https:\/\/procivitas.se\/wp-content\/uploads\/sites\/3\/2025\/06\/prohelsingborgfotografering202503-202903webb195-300x200.jpg 300w, https:\/\/procivitas.se\/wp-content\/uploads\/sites\/3\/2025\/06\/prohelsingborgfotografering202503-202903webb195-400x267.jpg 400w, https:\/\/procivitas.se\/wp-content\/uploads\/sites\/3\/2025\/06\/prohelsingborgfotografering202503-202903webb195-800x533.jpg 800w, https:\/\/procivitas.se\/wp-content\/uploads\/sites\/3\/2025\/06\/prohelsingborgfotografering202503-202903webb195-1024x683.jpg 1024w, https:\/\/procivitas.se\/wp-content\/uploads\/sites\/3\/2025\/06\/prohelsingborgfotografering202503-202903webb195.jpg 1200w\" \/>\n\t\t\t\n\t\t\t\n\t\t\t\t\t<\/div>\n\t<\/div>\n\n\t\t\n\n<\/section>\n\n\n\n\n<section  class=\"ams-cta ams-cta--stacked c-block l-stacked heading-decor\" data-color-scheme=\"blue\">\n\t<div class=\"l-container-narrow l-stack l-stack-fluid-2xl u-pt-fluid-3xl-6xl u-pb-fluid-3xl-6xl is-center is-center@md\">\n\t\t\t\t\t<div class=\"ams-cta__intro l-stack l-stack-lg\">\n\t\t\t\t\t\n\t<h2\n\tclass=\"c-heading u-font-title-1 \"\n\tstyle=\"\">\n\t\t\n\t\t\t\t\t\u00d6ppet hus\n\t\t\t\t\n\t<\/h2>\n\n\t\t\t\t\t\t\t\t\t<div class=\"c-text l-stack u-cs-xl u-font-preamble\">\n\t\t\t\t\t\t<p><em>Bes\u00f6k v\u00e5r skola! Under ett \u00d6ppet hus f\u00e5r du m\u00f6jlighet att tr\u00e4ffa l\u00e4rare och elever, se v\u00e5ra fina lokaler och uppleva st\u00e4mningen p\u00e5 v\u00e5r skola.<\/em><\/p>\n\n\t\t\t\t\t<\/div>\n\t\t\t\t\t\t\t<\/div>\n\t\t\n\t\t\n\t\t\t<div class=\"ams-cta__action u-inline-items\">\n\t\t\t\t\t\t\t\n\n\n<a href=\"https:\/\/procivitas.se\/helsingborg\/oppet-hus\"\n\t\n\tclass=\"c-btn \"\n\tdata-style=\"rounded\"\n\tdata-size=\"md\"\n\tdata-width=\"full-mobile\"\n\tdata-variant=\"default\"\n\ttarget=\"_self\">\n\t\t\t<span class=\"label\"> Bes\u00f6k \u00d6ppet hus<\/span>\n\t\t\t<\/a>\n\t\t\t<\/div>\n\t<\/div>\n\n\t\t\n\n<\/section>\n","protected":false},"excerpt":{"rendered":"","protected":false},"author":10,"featured_media":0,"parent":0,"menu_order":0,"comment_status":"closed","ping_status":"closed","template":"","meta":{"footnotes":""},"yoast_head":"<!-- This site is optimized with the Yoast SEO plugin v22.0 - https:\/\/yoast.com\/wordpress\/plugins\/seo\/ -->\n<title>H\u00f6gtider och aktiviteter - ProCivitas Gymnasium Helsingborg<\/title>\n<meta name=\"description\" content=\"ProCivitas l\u00e4gger stor vikt vid \u00e5rets h\u00f6gtider som exempelvis Lucia, julavslutning och studentexamen\" \/>\n<meta name=\"robots\" content=\"index, follow, max-snippet:-1, max-image-preview:large, max-video-preview:-1\" \/>\n<link rel=\"canonical\" href=\"https:\/\/procivitas.se\/helsingborg\/aktiviteter\/\" \/>\n<meta property=\"og:locale\" content=\"sv_SE\" \/>\n<meta property=\"og:type\" content=\"article\" \/>\n<meta property=\"og:title\" content=\"H\u00f6gtider och aktiviteter - ProCivitas Gymnasium Helsingborg\" \/>\n<meta property=\"og:description\" content=\"ProCivitas l\u00e4gger stor vikt vid \u00e5rets h\u00f6gtider som exempelvis Lucia, julavslutning och studentexamen\" \/>\n<meta property=\"og:url\" content=\"https:\/\/procivitas.se\/helsingborg\/aktiviteter\/\" \/>\n<meta property=\"og:site_name\" content=\"Helsingborg\" \/>\n<meta property=\"article:modified_time\" content=\"2026-04-02T07:03:15+00:00\" \/>\n<meta name=\"twitter:card\" content=\"summary_large_image\" \/>\n<meta name=\"twitter:title\" content=\"H\u00f6gtider och aktiviteter - ProCivitas Gymnasium Helsingborg\" \/>\n<meta name=\"twitter:description\" content=\"ProCivitas l\u00e4gger stor vikt vid \u00e5rets h\u00f6gtider som exempelvis Lucia, julavslutning och studentexamen\" \/>\n<meta name=\"twitter:label1\" content=\"Est. reading time\" \/>\n\t<meta name=\"twitter:data1\" content=\"2 minuter\" \/>\n<script type=\"application\/ld+json\" class=\"yoast-schema-graph\">{\"@context\":\"https:\/\/schema.org\",\"@graph\":[{\"@type\":\"WebPage\",\"@id\":\"https:\/\/procivitas.se\/helsingborg\/aktiviteter\/\",\"url\":\"https:\/\/procivitas.se\/helsingborg\/aktiviteter\/\",\"name\":\"H\u00f6gtider och aktiviteter - ProCivitas Gymnasium Helsingborg\",\"isPartOf\":{\"@id\":\"https:\/\/procivitas.se\/helsingborg\/#website\"},\"datePublished\":\"2023-10-27T07:18:54+00:00\",\"dateModified\":\"2026-04-02T07:03:15+00:00\",\"description\":\"ProCivitas l\u00e4gger stor vikt vid \u00e5rets h\u00f6gtider som exempelvis Lucia, julavslutning och studentexamen\",\"breadcrumb\":{\"@id\":\"https:\/\/procivitas.se\/helsingborg\/aktiviteter\/#breadcrumb\"},\"inLanguage\":\"sv-SE\",\"potentialAction\":[{\"@type\":\"ReadAction\",\"target\":[\"https:\/\/procivitas.se\/helsingborg\/aktiviteter\/\"]}]},{\"@type\":\"BreadcrumbList\",\"@id\":\"https:\/\/procivitas.se\/helsingborg\/aktiviteter\/#breadcrumb\",\"itemListElement\":[{\"@type\":\"ListItem\",\"position\":1,\"name\":\"Start\",\"item\":\"https:\/\/procivitas.se\/helsingborg\/\"},{\"@type\":\"ListItem\",\"position\":2,\"name\":\"H\u00f6gtider och aktiviteter\"}]},{\"@type\":\"WebSite\",\"@id\":\"https:\/\/procivitas.se\/helsingborg\/#website\",\"url\":\"https:\/\/procivitas.se\/helsingborg\/\",\"name\":\"Helsingborg\",\"description\":\"Just another WordPress site\",\"potentialAction\":[{\"@type\":\"SearchAction\",\"target\":{\"@type\":\"EntryPoint\",\"urlTemplate\":\"https:\/\/procivitas.se\/helsingborg\/?s={search_term_string}\"},\"query-input\":\"required name=search_term_string\"}],\"inLanguage\":\"sv-SE\"}]}<\/script>\n<!-- \/ Yoast SEO plugin. -->","yoast_head_json":{"title":"H\u00f6gtider och aktiviteter - ProCivitas Gymnasium Helsingborg","description":"ProCivitas l\u00e4gger stor vikt vid \u00e5rets h\u00f6gtider som exempelvis Lucia, julavslutning och studentexamen","robots":{"index":"index","follow":"follow","max-snippet":"max-snippet:-1","max-image-preview":"max-image-preview:large","max-video-preview":"max-video-preview:-1"},"canonical":"https:\/\/procivitas.se\/helsingborg\/aktiviteter\/","og_locale":"sv_SE","og_type":"article","og_title":"H\u00f6gtider och aktiviteter - ProCivitas Gymnasium Helsingborg","og_description":"ProCivitas l\u00e4gger stor vikt vid \u00e5rets h\u00f6gtider som exempelvis Lucia, julavslutning och studentexamen","og_url":"https:\/\/procivitas.se\/helsingborg\/aktiviteter\/","og_site_name":"Helsingborg","article_modified_time":"2026-04-02T07:03:15+00:00","twitter_card":"summary_large_image","twitter_title":"H\u00f6gtider och aktiviteter - ProCivitas Gymnasium Helsingborg","twitter_description":"ProCivitas l\u00e4gger stor vikt vid \u00e5rets h\u00f6gtider som exempelvis Lucia, julavslutning och studentexamen","twitter_misc":{"Est. reading time":"2 minuter"},"schema":{"@context":"https:\/\/schema.org","@graph":[{"@type":"WebPage","@id":"https:\/\/procivitas.se\/helsingborg\/aktiviteter\/","url":"https:\/\/procivitas.se\/helsingborg\/aktiviteter\/","name":"H\u00f6gtider och aktiviteter - ProCivitas Gymnasium Helsingborg","isPartOf":{"@id":"https:\/\/procivitas.se\/helsingborg\/#website"},"datePublished":"2023-10-27T07:18:54+00:00","dateModified":"2026-04-02T07:03:15+00:00","description":"ProCivitas l\u00e4gger stor vikt vid \u00e5rets h\u00f6gtider som exempelvis Lucia, julavslutning och studentexamen","breadcrumb":{"@id":"https:\/\/procivitas.se\/helsingborg\/aktiviteter\/#breadcrumb"},"inLanguage":"sv-SE","potentialAction":[{"@type":"ReadAction","target":["https:\/\/procivitas.se\/helsingborg\/aktiviteter\/"]}]},{"@type":"BreadcrumbList","@id":"https:\/\/procivitas.se\/helsingborg\/aktiviteter\/#breadcrumb","itemListElement":[{"@type":"ListItem","position":1,"name":"Start","item":"https:\/\/procivitas.se\/helsingborg\/"},{"@type":"ListItem","position":2,"name":"H\u00f6gtider och aktiviteter"}]},{"@type":"WebSite","@id":"https:\/\/procivitas.se\/helsingborg\/#website","url":"https:\/\/procivitas.se\/helsingborg\/","name":"Helsingborg","description":"Just another WordPress site","potentialAction":[{"@type":"SearchAction","target":{"@type":"EntryPoint","urlTemplate":"https:\/\/procivitas.se\/helsingborg\/?s={search_term_string}"},"query-input":"required name=search_term_string"}],"inLanguage":"sv-SE"}]}},"_links":{"self":[{"href":"https:\/\/procivitas.se\/helsingborg\/wp-json\/wp\/v2\/pages\/2385"}],"collection":[{"href":"https:\/\/procivitas.se\/helsingborg\/wp-json\/wp\/v2\/pages"}],"about":[{"href":"https:\/\/procivitas.se\/helsingborg\/wp-json\/wp\/v2\/types\/page"}],"author":[{"embeddable":true,"href":"https:\/\/procivitas.se\/helsingborg\/wp-json\/wp\/v2\/users\/10"}],"replies":[{"embeddable":true,"href":"https:\/\/procivitas.se\/helsingborg\/wp-json\/wp\/v2\/comments?post=2385"}],"version-history":[{"count":10,"href":"https:\/\/procivitas.se\/helsingborg\/wp-json\/wp\/v2\/pages\/2385\/revisions"}],"predecessor-version":[{"id":3929,"href":"https:\/\/procivitas.se\/helsingborg\/wp-json\/wp\/v2\/pages\/2385\/revisions\/3929"}],"wp:attachment":[{"href":"https:\/\/procivitas.se\/helsingborg\/wp-json\/wp\/v2\/media?parent=2385"}],"curies":[{"name":"wp","href":"https:\/\/api.w.org\/{rel}","templated":true}]}}