{"id":2392,"date":"2023-10-27T09:35:13","date_gmt":"2023-10-27T07:35:13","guid":{"rendered":"https:\/\/procivitas.se\/helsingborg\/?page_id=2392"},"modified":"2026-04-02T09:04:37","modified_gmt":"2026-04-02T07:04:37","slug":"vara-elever","status":"publish","type":"page","link":"https:\/\/procivitas.se\/helsingborg\/vara-elever\/","title":{"rendered":"V\u00e5ra elever"},"content":{"rendered":"\n\t\n\t\n\t\n\n\t\n\t\n\t\t\n<section  class=\"c-block l-stacked  \" data-color-scheme=\"white\">\n\t<div class=\"ams-fifty ams-fifty--container ams-fifty--left ams-fifty--top l-container u-pt-fluid-3xl-6xl u-pb-fluid-3xl-6xl\">\n\t\t<div class=\"ams-fifty__content l-stack l-stack-xl is-left is-left@lg\">\n\t\t\t<div class=\"ams-fifty__text l-stack l-stack-lg\">\n\t\t\t\t\t\n\t<h1\n\tclass=\"c-heading u-font-title-1 \"\n\tstyle=\"\">\n\t\t\n\t\t\t\t\tV\u00e5ra gymnasieelever\n\t\t\t\t\n\t<\/h1>\n\n\t\t\t\t\t\t\t\t\t<div class=\"text l-stack u-font-body\">\n\t\t\t\t\t\t<p>P\u00e5 ProCivitas har vi gl\u00e4djen att arbeta med studiemotiverade och engagerade elever. De \u00e4r m\u00e5linriktade och fokuserade p\u00e5 att skapa sig en bra framtid och de str\u00e4var st\u00e4ndigt efter att utvecklas personligt och professionellt. Det \u00e4r gl\u00e4djande att se att de forts\u00e4tter denna utvecklingen \u00e4ven efter avslutade studier hos oss. Nedan kan du l\u00e4sa om vad n\u00e5gra av v\u00e5ra f\u00f6re detta elever g\u00f6r idag, och hur ProCivitas hj\u00e4lpte dem att n\u00e5 dit.<\/p>\n\n\t\t\t\t\t<\/div>\n\t\t\t\t\t\t\t<\/div>\n\n\t\t\t\t\t<\/div>\n\n\t\t <div class=\"ams-fifty__media u-ratio-landscape\">\n\t\t \t\t\t\t\t<img decoding=\"async\" width=\"600\" height=\"400\" src=\"https:\/\/procivitas.se\/wp-content\/uploads\/sites\/3\/2025\/06\/prohelsingborgfotografering202503-202903webb240-600x400.jpg\" class=\"attachment-md size-md\" alt=\"Ett g\u00e4ng glada elver p\u00e5 ProCivitas.\" sizes=\"(min-width: 64em) 600px, calc(100vw - 160px)\" srcset=\"https:\/\/procivitas.se\/wp-content\/uploads\/sites\/3\/2025\/06\/prohelsingborgfotografering202503-202903webb240-600x400.jpg 600w, https:\/\/procivitas.se\/wp-content\/uploads\/sites\/3\/2025\/06\/prohelsingborgfotografering202503-202903webb240-300x200.jpg 300w, https:\/\/procivitas.se\/wp-content\/uploads\/sites\/3\/2025\/06\/prohelsingborgfotografering202503-202903webb240-400x267.jpg 400w, https:\/\/procivitas.se\/wp-content\/uploads\/sites\/3\/2025\/06\/prohelsingborgfotografering202503-202903webb240-800x533.jpg 800w, https:\/\/procivitas.se\/wp-content\/uploads\/sites\/3\/2025\/06\/prohelsingborgfotografering202503-202903webb240-1024x683.jpg 1024w, https:\/\/procivitas.se\/wp-content\/uploads\/sites\/3\/2025\/06\/prohelsingborgfotografering202503-202903webb240.jpg 1200w\" \/>\n\t\t\t\n\t\t\t\n\t\t\t\t\t<\/div>\n\t<\/div>\n\n\t\t\n\n<\/section>\n\n\n\n\n<section  class=\"ams-cta ams-cta--stacked c-block l-stacked\" data-color-scheme=\"blue\">\n\t<div class=\"l-container-narrow l-stack l-stack-fluid-2xl u-pt-fluid-3xl-6xl u-pb-fluid-3xl-6xl is-left is-left@md\">\n\t\t\t\t\t<div class=\"ams-cta__intro l-stack l-stack-lg\">\n\t\t\t\t\t\n\t<h2\n\tclass=\"c-heading u-font-title-1 \"\n\tstyle=\"\">\n\t\t\n\t\t\t\t\t\t\t\t\t\u2013 Afrodite Dastory\n\t\t\t\t<span class=\"c-heading__sub is-below u-font-title-3\">\n\t\t\t\t\tf.d. elev p\u00e5 ProCivitas\n\t\t\t\t<\/span>\n\t\t\t\t\t\t\t\n\t<\/h2>\n\n\t\t\t\t\t\t\t\t\t<div class=\"c-text l-stack u-cs-xl u-font-body\">\n\t\t\t\t\t\t<p style=\"text-align: left;\">\u201dMin tid p\u00e5 Procivitas var otroligt givande och gav mig verktyg som gjorde att jag hamnade i framkant p\u00e5 m\u00e5nga s\u00e4tt n\u00e4r jag sedan kom ut i s\u00e5v\u00e4l student- som arbetslivet. Vid ung \u00e5lder hade jag redan f\u00e5tt testa entrepren\u00f6rskap och till\u00e4mpat kommersiell och personlig f\u00f6rs\u00e4ljning, n\u00e5got som gav mig m\u00f6jligheten att visa framf\u00f6tterna tidigt. Tack vare bra coachning och engagemang fr\u00e5n l\u00e4rare och vuxna p\u00e5 Procivitas fick jag m\u00f6jlighet att tidigt bygga p\u00e5 mina kompetenser.<\/p>\n<p style=\"text-align: left;\">Idag jobbar jag som Brand Marketing Manager p\u00e5 Anastasia Beverly Hills\/Finest Cosmetics AB. P\u00e5 fritiden driver jag tillsammans med en v\u00e4n EMC Network, ett n\u00e4tverk f\u00f6r unga, yrkesprofessionella kvinnor och n\u00e4r jag har tid extrakn\u00e4cker jag som programledare f\u00f6r den lokala radiokanalen P3 Din Gata.\u201d<\/p>\n\n\t\t\t\t\t<\/div>\n\t\t\t\t\t\t\t<\/div>\n\t\t\n\t\t\n\t\t\t<\/div>\n\n\t\t\n\n<\/section>\n\n\n\n\n<section  class=\"ams-cta ams-cta--stacked c-block l-stacked\" data-color-scheme=\"white\">\n\t<div class=\"l-container-narrow l-stack l-stack-fluid-2xl u-pt-fluid-3xl-6xl u-pb-fluid-3xl-6xl is-left is-left@md\">\n\t\t\t\t\t<div class=\"ams-cta__intro l-stack l-stack-lg\">\n\t\t\t\t\t\n\t<h2\n\tclass=\"c-heading u-font-title-1 \"\n\tstyle=\"\">\n\t\t\n\t\t\t\t\t\t\t\t\t\u2013 Omar Kaakati\n\t\t\t\t<span class=\"c-heading__sub is-below u-font-title-3\">\n\t\t\t\t\tf.d. elev p\u00e5 ProCivitas\n\t\t\t\t<\/span>\n\t\t\t\t\t\t\t\n\t<\/h2>\n\n\t\t\t\t\t\t\t\t\t<div class=\"c-text l-stack u-cs-xl u-font-body\">\n\t\t\t\t\t\t<p style=\"text-align: left;\">\u201dEfter studenten 2011 tog jag ett sabbatshalv\u00e5r och b\u00f6rjade d\u00e4refter L\u00e4karprogrammet i Lund. I januari 2017 tog jag min examen och nu arbetar jag som AT-l\u00e4kare p\u00e5 \u00c4ngelholms sjukhus. Mitt intresse f\u00f6r naturvetenskap och m\u00f6jligheten att f\u00e5 jobba med andra m\u00e4nniskor inom ett yrke med stora karri\u00e4rm\u00f6jligheter gjorde valet sj\u00e4lvklart f\u00f6r mig. Under min tid p\u00e5 ProCivitas, i en milj\u00f6 med oerh\u00f6rt studiemotiverade elever och entusiastiska l\u00e4rare utvecklade jag v\u00e4rdefulla egenskaper som banat v\u00e4gen f\u00f6r mig.\u201d<\/p>\n\n\t\t\t\t\t<\/div>\n\t\t\t\t\t\t\t<\/div>\n\t\t\n\t\t\n\t\t\t<\/div>\n\n\t\t\n\n<\/section>\n\n\n\n\n<section  class=\"ams-cta ams-cta--stacked c-block l-stacked\" data-color-scheme=\"blue\">\n\t<div class=\"l-container-narrow l-stack l-stack-fluid-2xl u-pt-fluid-3xl-6xl u-pb-fluid-3xl-6xl is-left is-left@md\">\n\t\t\t\t\t<div class=\"ams-cta__intro l-stack l-stack-lg\">\n\t\t\t\t\t\n\t<h2\n\tclass=\"c-heading u-font-title-1 \"\n\tstyle=\"\">\n\t\t\n\t\t\t\t\t\t\t\t\t\u2013 Karika Schill\n\t\t\t\t<span class=\"c-heading__sub is-below u-font-title-3\">\n\t\t\t\t\tf.d. elev p\u00e5 ProCivitas\n\t\t\t\t<\/span>\n\t\t\t\t\t\t\t\n\t<\/h2>\n\n\t\t\t\t\t\t\t\t\t<div class=\"c-text l-stack u-cs-xl u-font-body\">\n\t\t\t\t\t\t<p style=\"text-align: left;\">\u201dJag tog studenten fr\u00e5n ProCivitas \u00e5r 2015. Nu l\u00e4ser jag juristprogrammet p\u00e5 University College London. ProCivitas gav mig sj\u00e4lvf\u00f6rtroende att n\u00e5 min fulla potential. Genom en inspirerande milj\u00f6 med engagerade l\u00e4rare, fick jag fantastiska f\u00f6ruts\u00e4ttningar och var mer \u00e4n f\u00f6rberedd inf\u00f6r fortsatta studier. Framf\u00f6rallt b\u00e4r jag med mig den h\u00e4rliga, inspirerande atmosf\u00e4r som finns p\u00e5 ProCivitas, det \u00e4r en atmosf\u00e4r som andas gl\u00e4dje inf\u00f6r l\u00e4rande och en str\u00e4van efter att utvecklas.\u201d<\/p>\n\n\t\t\t\t\t<\/div>\n\t\t\t\t\t\t\t<\/div>\n\t\t\n\t\t\n\t\t\t<\/div>\n\n\t\t\n\n<\/section>\n\n\n\n\n<section  class=\"ams-cta ams-cta--stacked c-block l-stacked\" data-color-scheme=\"white\">\n\t<div class=\"l-container-narrow l-stack l-stack-fluid-2xl u-pt-fluid-3xl-6xl u-pb-fluid-3xl-6xl is-left is-left@md\">\n\t\t\t\t\t<div class=\"ams-cta__intro l-stack l-stack-lg\">\n\t\t\t\t\t\n\t<h2\n\tclass=\"c-heading u-font-title-1 \"\n\tstyle=\"\">\n\t\t\n\t\t\t\t\t\t\t\t\t\u2013 Nils Hernborg\n\t\t\t\t<span class=\"c-heading__sub is-below u-font-title-3\">\n\t\t\t\t\tf.d. elev p\u00e5 ProCivitas\n\t\t\t\t<\/span>\n\t\t\t\t\t\t\t\n\t<\/h2>\n\n\t\t\t\t\t\t\t\t\t<div class=\"c-text l-stack u-cs-xl u-font-body\">\n\t\t\t\t\t\t<p style=\"text-align: left;\">\u201dMin tid p\u00e5 ProCivitas gav mig m\u00e5nga fantastiska minnen, erfarenheter och ett n\u00e4tverk som jag haft stor nytta av i livet. Framf\u00f6rallt s\u00e5 utvecklade jag en tro p\u00e5 min egen f\u00f6rm\u00e5ga och fick en v\u00e4ldigt bra akademisk grund att st\u00e5 p\u00e5 f\u00f6r att kunna studera vidare. Efter tre \u00e5rs studier i Politik och Ekonomi vid King\u2019s College London, jobbar jag nu som dataanalytiker p\u00e5 ett techbolag i Stockholm och trivs v\u00e4ldigt bra.\u201d<\/p>\n\n\t\t\t\t\t<\/div>\n\t\t\t\t\t\t\t<\/div>\n\t\t\n\t\t\n\t\t\t<\/div>\n\n\t\t\n\n<\/section>\n\n\n\n\n<section  class=\"ams-cta ams-cta--stacked c-block l-stacked\" data-color-scheme=\"blue\">\n\t<div class=\"l-container-narrow l-stack l-stack-fluid-2xl u-pt-fluid-3xl-6xl u-pb-fluid-3xl-6xl is-left is-left@md\">\n\t\t\t\t\t<div class=\"ams-cta__intro l-stack l-stack-lg\">\n\t\t\t\t\t\n\t<h2\n\tclass=\"c-heading u-font-title-1 \"\n\tstyle=\"\">\n\t\t\n\t\t\t\t\t\t\t\t\t\u2013 Sophie L\u00f6\u00f6b\n\t\t\t\t<span class=\"c-heading__sub is-below u-font-title-3\">\n\t\t\t\t\tf.d. elev p\u00e5 ProCivitas\n\t\t\t\t<\/span>\n\t\t\t\t\t\t\t\n\t<\/h2>\n\n\t\t\t\t\t\t\t\t\t<div class=\"c-text l-stack u-cs-xl u-font-body\">\n\t\t\t\t\t\t<p style=\"text-align: left;\">\u201dJag tog studenten \u00e5r 2012 fr\u00e5n ProCivitas efter tre p\u00e5 den naturvetenskapliga linjen. F\u00f6r mig kommer ProCivitas st\u00f6rsta styrka alltid att vara skolans l\u00e4rare. Jag tycker fortfarande idag att de gav mig alla m\u00f6jligheter i v\u00e4rlden att lyckas och utveckla mina naturvetenskapliga intressen. 2017 tog jag min examen p\u00e5 Kungliga Tekniska H\u00f6gskolan (KTH) i Stockholm. P\u00e5 KTH studerade jag Industriell ekonomi med inriktning energisystem och h\u00e5llbar utveckling. Idag arbetar jag som konsult p\u00e5 ett konsultbolag vid namn Actagon som r\u00e5dger b\u00f6rsnoterade svenska bolag i komplexa och emerging marknader.\u201d<\/p>\n\n\t\t\t\t\t<\/div>\n\t\t\t\t\t\t\t<\/div>\n\t\t\n\t\t\n\t\t\t<\/div>\n\n\t\t\n\n<\/section>\n\n\n\n\n<section  class=\"ams-cta ams-cta--stacked c-block l-stacked\" data-color-scheme=\"white\">\n\t<div class=\"l-container-narrow l-stack l-stack-fluid-2xl u-pt-fluid-3xl-6xl u-pb-fluid-3xl-6xl is-left is-left@md\">\n\t\t\t\t\t<div class=\"ams-cta__intro l-stack l-stack-lg\">\n\t\t\t\t\t\n\t<h2\n\tclass=\"c-heading u-font-title-1 \"\n\tstyle=\"\">\n\t\t\n\t\t\t\t\t\t\t\t\t\u2013 Jonathan Argyris\n\t\t\t\t<span class=\"c-heading__sub is-below u-font-title-3\">\n\t\t\t\t\tf.d. elev p\u00e5 ProCivitas\n\t\t\t\t<\/span>\n\t\t\t\t\t\t\t\n\t<\/h2>\n\n\t\t\t\t\t\t\t\t\t<div class=\"c-text l-stack u-cs-xl u-font-body\">\n\t\t\t\t\t\t<p style=\"text-align: left;\">\u201dEfter jag tog studenten 2015 s\u00e5 visste jag direkt vad jag ville g\u00f6ra. Jag b\u00f6rjade direkt studera Personal- och Arbetslivsfr\u00e5gor-programmet p\u00e5 Lunds Universitet, vilket jag ville relativt tidig under min gymnasietid efter att ha l\u00e4st kurser om internationella relationer och samh\u00e4llskunskap. I kurserna fick vi l\u00e4ra oss om f\u00f6retag och organisationer samt deras funktion i samh\u00e4llet, vilket ledde mig in p\u00e5 HR-v\u00e4rlden. Jag \u00e4r v\u00e4ldigt tacksam \u00f6ver allt ProCivitas har gett mig och \u00e4r \u00f6vertygad om att skolan gett mig b\u00e4ttre m\u00f6jligheter inf\u00f6r framtiden!\u201d<\/p>\n\n\t\t\t\t\t<\/div>\n\t\t\t\t\t\t\t<\/div>\n\t\t\n\t\t\n\t\t\t<\/div>\n\n\t\t\n\n<\/section>\n\n\n\n\n<section  class=\"ams-cta ams-cta--stacked c-block l-stacked heading-decor\" data-color-scheme=\"blue\">\n\t<div class=\"l-container-narrow l-stack l-stack-fluid-2xl u-pt-fluid-3xl-6xl u-pb-fluid-3xl-6xl is-center is-center@md\">\n\t\t\t\t\t<div class=\"ams-cta__intro l-stack l-stack-lg\">\n\t\t\t\t\t\n\t<h2\n\tclass=\"c-heading u-font-title-1 \"\n\tstyle=\"\">\n\t\t\n\t\t\t\t\t\u00d6ppet hus\n\t\t\t\t\n\t<\/h2>\n\n\t\t\t\t\t\t\t\t\t<div class=\"c-text l-stack u-cs-xl u-font-preamble\">\n\t\t\t\t\t\t<p>G\u00e5 p\u00e5 \u00d6ppet hus och tr\u00e4ffa v\u00e5ra elever! F\u00e5 svar p\u00e5 dina fr\u00e5gor om skolan, se dig omkring i v\u00e5ra lokaler och l\u00e4r dig mer om programmen.<\/p>\n\n\t\t\t\t\t<\/div>\n\t\t\t\t\t\t\t<\/div>\n\t\t\n\t\t\n\t\t\t<div class=\"ams-cta__action u-inline-items\">\n\t\t\t\t\t\t\t\n\n\n<a href=\"https:\/\/procivitas.se\/helsingborg\/oppet-hus\"\n\t\n\tclass=\"c-btn \"\n\tdata-style=\"rounded\"\n\tdata-size=\"md\"\n\tdata-width=\"full-mobile\"\n\tdata-variant=\"default\"\n\ttarget=\"_self\">\n\t\t\t<span class=\"label\"> Bes\u00f6k \u00d6ppet hus <\/span>\n\t\t\t<\/a>\n\t\t\t<\/div>\n\t<\/div>\n\n\t\t\n\n<\/section>\n","protected":false},"excerpt":{"rendered":"","protected":false},"author":10,"featured_media":0,"parent":0,"menu_order":0,"comment_status":"closed","ping_status":"closed","template":"","meta":{"footnotes":""},"yoast_head":"<!-- This site is optimized with the Yoast SEO plugin v22.0 - https:\/\/yoast.com\/wordpress\/plugins\/seo\/ -->\n<title>V\u00e5ra elever - ProCivitas Privata Gymnasium Helsingborg<\/title>\n<meta name=\"description\" content=\"V\u00e5ra elever \u00e4r m\u00e5linriktade och fokuserade p\u00e5 att skapa sig en bra framtid och str\u00e4var efter att utvecklas personligt och professionellt.\" \/>\n<meta name=\"robots\" content=\"index, follow, max-snippet:-1, max-image-preview:large, max-video-preview:-1\" \/>\n<link rel=\"canonical\" href=\"https:\/\/procivitas.se\/helsingborg\/vara-elever\/\" \/>\n<meta property=\"og:locale\" content=\"sv_SE\" \/>\n<meta property=\"og:type\" content=\"article\" \/>\n<meta property=\"og:title\" content=\"V\u00e5ra elever - ProCivitas Privata Gymnasium Helsingborg\" \/>\n<meta property=\"og:description\" content=\"V\u00e5ra elever \u00e4r m\u00e5linriktade och fokuserade p\u00e5 att skapa sig en bra framtid och str\u00e4var efter att utvecklas personligt och professionellt.\" \/>\n<meta property=\"og:url\" content=\"https:\/\/procivitas.se\/helsingborg\/vara-elever\/\" \/>\n<meta property=\"og:site_name\" content=\"Helsingborg\" \/>\n<meta property=\"article:modified_time\" content=\"2026-04-02T07:04:37+00:00\" \/>\n<meta name=\"twitter:card\" content=\"summary_large_image\" \/>\n<meta name=\"twitter:title\" content=\"V\u00e5ra elever - ProCivitas Privata Gymnasium Helsingborg\" \/>\n<meta name=\"twitter:description\" content=\"V\u00e5ra elever \u00e4r m\u00e5linriktade och fokuserade p\u00e5 att skapa sig en bra framtid och str\u00e4var efter att utvecklas personligt och professionellt.\" \/>\n<meta name=\"twitter:label1\" content=\"Est. reading time\" \/>\n\t<meta name=\"twitter:data1\" content=\"4 minuter\" \/>\n<script type=\"application\/ld+json\" class=\"yoast-schema-graph\">{\"@context\":\"https:\/\/schema.org\",\"@graph\":[{\"@type\":\"WebPage\",\"@id\":\"https:\/\/procivitas.se\/helsingborg\/vara-elever\/\",\"url\":\"https:\/\/procivitas.se\/helsingborg\/vara-elever\/\",\"name\":\"V\u00e5ra elever - ProCivitas Privata Gymnasium Helsingborg\",\"isPartOf\":{\"@id\":\"https:\/\/procivitas.se\/helsingborg\/#website\"},\"datePublished\":\"2023-10-27T07:35:13+00:00\",\"dateModified\":\"2026-04-02T07:04:37+00:00\",\"description\":\"V\u00e5ra elever \u00e4r m\u00e5linriktade och fokuserade p\u00e5 att skapa sig en bra framtid och str\u00e4var efter att utvecklas personligt och professionellt.\",\"breadcrumb\":{\"@id\":\"https:\/\/procivitas.se\/helsingborg\/vara-elever\/#breadcrumb\"},\"inLanguage\":\"sv-SE\",\"potentialAction\":[{\"@type\":\"ReadAction\",\"target\":[\"https:\/\/procivitas.se\/helsingborg\/vara-elever\/\"]}]},{\"@type\":\"BreadcrumbList\",\"@id\":\"https:\/\/procivitas.se\/helsingborg\/vara-elever\/#breadcrumb\",\"itemListElement\":[{\"@type\":\"ListItem\",\"position\":1,\"name\":\"Start\",\"item\":\"https:\/\/procivitas.se\/helsingborg\/\"},{\"@type\":\"ListItem\",\"position\":2,\"name\":\"V\u00e5ra elever\"}]},{\"@type\":\"WebSite\",\"@id\":\"https:\/\/procivitas.se\/helsingborg\/#website\",\"url\":\"https:\/\/procivitas.se\/helsingborg\/\",\"name\":\"Helsingborg\",\"description\":\"Just another WordPress site\",\"potentialAction\":[{\"@type\":\"SearchAction\",\"target\":{\"@type\":\"EntryPoint\",\"urlTemplate\":\"https:\/\/procivitas.se\/helsingborg\/?s={search_term_string}\"},\"query-input\":\"required name=search_term_string\"}],\"inLanguage\":\"sv-SE\"}]}<\/script>\n<!-- \/ Yoast SEO plugin. -->","yoast_head_json":{"title":"V\u00e5ra elever - ProCivitas Privata Gymnasium Helsingborg","description":"V\u00e5ra elever \u00e4r m\u00e5linriktade och fokuserade p\u00e5 att skapa sig en bra framtid och str\u00e4var efter att utvecklas personligt och professionellt.","robots":{"index":"index","follow":"follow","max-snippet":"max-snippet:-1","max-image-preview":"max-image-preview:large","max-video-preview":"max-video-preview:-1"},"canonical":"https:\/\/procivitas.se\/helsingborg\/vara-elever\/","og_locale":"sv_SE","og_type":"article","og_title":"V\u00e5ra elever - ProCivitas Privata Gymnasium Helsingborg","og_description":"V\u00e5ra elever \u00e4r m\u00e5linriktade och fokuserade p\u00e5 att skapa sig en bra framtid och str\u00e4var efter att utvecklas personligt och professionellt.","og_url":"https:\/\/procivitas.se\/helsingborg\/vara-elever\/","og_site_name":"Helsingborg","article_modified_time":"2026-04-02T07:04:37+00:00","twitter_card":"summary_large_image","twitter_title":"V\u00e5ra elever - ProCivitas Privata Gymnasium Helsingborg","twitter_description":"V\u00e5ra elever \u00e4r m\u00e5linriktade och fokuserade p\u00e5 att skapa sig en bra framtid och str\u00e4var efter att utvecklas personligt och professionellt.","twitter_misc":{"Est. reading time":"4 minuter"},"schema":{"@context":"https:\/\/schema.org","@graph":[{"@type":"WebPage","@id":"https:\/\/procivitas.se\/helsingborg\/vara-elever\/","url":"https:\/\/procivitas.se\/helsingborg\/vara-elever\/","name":"V\u00e5ra elever - ProCivitas Privata Gymnasium Helsingborg","isPartOf":{"@id":"https:\/\/procivitas.se\/helsingborg\/#website"},"datePublished":"2023-10-27T07:35:13+00:00","dateModified":"2026-04-02T07:04:37+00:00","description":"V\u00e5ra elever \u00e4r m\u00e5linriktade och fokuserade p\u00e5 att skapa sig en bra framtid och str\u00e4var efter att utvecklas personligt och professionellt.","breadcrumb":{"@id":"https:\/\/procivitas.se\/helsingborg\/vara-elever\/#breadcrumb"},"inLanguage":"sv-SE","potentialAction":[{"@type":"ReadAction","target":["https:\/\/procivitas.se\/helsingborg\/vara-elever\/"]}]},{"@type":"BreadcrumbList","@id":"https:\/\/procivitas.se\/helsingborg\/vara-elever\/#breadcrumb","itemListElement":[{"@type":"ListItem","position":1,"name":"Start","item":"https:\/\/procivitas.se\/helsingborg\/"},{"@type":"ListItem","position":2,"name":"V\u00e5ra elever"}]},{"@type":"WebSite","@id":"https:\/\/procivitas.se\/helsingborg\/#website","url":"https:\/\/procivitas.se\/helsingborg\/","name":"Helsingborg","description":"Just another WordPress site","potentialAction":[{"@type":"SearchAction","target":{"@type":"EntryPoint","urlTemplate":"https:\/\/procivitas.se\/helsingborg\/?s={search_term_string}"},"query-input":"required name=search_term_string"}],"inLanguage":"sv-SE"}]}},"_links":{"self":[{"href":"https:\/\/procivitas.se\/helsingborg\/wp-json\/wp\/v2\/pages\/2392"}],"collection":[{"href":"https:\/\/procivitas.se\/helsingborg\/wp-json\/wp\/v2\/pages"}],"about":[{"href":"https:\/\/procivitas.se\/helsingborg\/wp-json\/wp\/v2\/types\/page"}],"author":[{"embeddable":true,"href":"https:\/\/procivitas.se\/helsingborg\/wp-json\/wp\/v2\/users\/10"}],"replies":[{"embeddable":true,"href":"https:\/\/procivitas.se\/helsingborg\/wp-json\/wp\/v2\/comments?post=2392"}],"version-history":[{"count":10,"href":"https:\/\/procivitas.se\/helsingborg\/wp-json\/wp\/v2\/pages\/2392\/revisions"}],"predecessor-version":[{"id":3933,"href":"https:\/\/procivitas.se\/helsingborg\/wp-json\/wp\/v2\/pages\/2392\/revisions\/3933"}],"wp:attachment":[{"href":"https:\/\/procivitas.se\/helsingborg\/wp-json\/wp\/v2\/media?parent=2392"}],"curies":[{"name":"wp","href":"https:\/\/api.w.org\/{rel}","templated":true}]}}