{"id":3716,"date":"2025-12-05T15:43:48","date_gmt":"2025-12-05T14:43:48","guid":{"rendered":"https:\/\/procivitas.se\/helsingborg\/?page_id=3716"},"modified":"2025-12-05T15:51:34","modified_gmt":"2025-12-05T14:51:34","slug":"kameraovervakning","status":"publish","type":"page","link":"https:\/\/procivitas.se\/helsingborg\/kameraovervakning\/","title":{"rendered":"Kamerabevakning"},"content":{"rendered":"\n<h1 class=\"wp-block-heading\">Information om kamerabevakning<\/h1>\n\n\n\n<p><strong>Du som bes\u00f6ker skolan har r\u00e4tt att f\u00e5 information om hur huvudmannen\/skolan behandlar personuppgifter med anledningen av skolans kamerabevakning. Vissa av skolans utrymmen bevakas med hj\u00e4lp av bevakningskameror. P\u00e5 de omr\u00e5den detta sker finns skyltar som informerar om att omr\u00e5det \u00e4r kamerabevakat. Ifall du r\u00f6r dig inom det omr\u00e5det, kommer du att synas p\u00e5 skolans bevakningsmonitorer.<\/strong><\/p>\n\n\n\n<p>Den som \u00e4r ansvarig f\u00f6r kamera\u00f6vervakningen p\u00e5&nbsp;<strong>ProCivitas Privata Gymnasium i Helsingborg<\/strong>&nbsp;\u00e4r huvudmannen, allts\u00e5&nbsp;<strong>ProCivitas Privata Gymnasium AB<\/strong>.&nbsp;Huvudmannen \u00e4r d\u00e4rmed ocks\u00e5 personuppgiftsansvarig.<\/p>\n\n\n\n<p>Syftet med bevakningen i skolans lokaler \u00e4r mot bakgrund av tidigare obeh\u00f6riga i skolans lokaler och skadeg\u00f6relse samt f\u00f6r att f\u00f6rhindra kr\u00e4nkande behandling, drogrelaterade brott, skadeg\u00f6relse och f\u00f6r att skydda dyrbar utrustning. Skolan har r\u00e4tt att behandla och bevara bilder som spelas in via bevakningskamerorna. Bildmaterialet sparas som huvudregel i fem (5) dagar, men kan sparas under en l\u00e4ngre period beroende p\u00e5 \u00e4ndam\u00e5let med materialet.<\/p>\n\n\n\n<p>Den r\u00e4ttsliga grunden f\u00f6r behandlingen \u00e4r intresseavv\u00e4gning. Skolan har ett intresse av att&nbsp;<strong>fr\u00e4mja trygghet och s\u00e4kerhet och f\u00f6rhindra kr\u00e4nkande behandling och att f\u00f6rebygga, motverka och avsl\u00f6ja brottslighet<\/strong>.&nbsp;<\/p>\n\n\n\n<p>Inspelat material f\u00f6rvaras p\u00e5 s\u00e4rskilt datalagringsmedia i kamerabevakningsutrustningen. Beh\u00f6righet att f\u00e5 tillg\u00e5ng till materialet \u00e4r begr\u00e4nsad. Materialet hanteras med sekretess i enlighet med 22 \u00a7 kamerabevakningslagen. Skolan kan l\u00e4mna ut materialet till polisen om det f\u00f6religger misstanke om brott.<\/p>\n\n\n\n<p>Du har r\u00e4tt att beg\u00e4ra att f\u00e5 veta om skolan behandlar personuppgifter som r\u00f6r dig och i s\u00e5 fall f\u00e5 del av uppgifterna och viss information om behandlingen (ett s\u00e5 kallat registerutdrag). Om du beg\u00e4r registerutdrag mer \u00e4n en g\u00e5ng per \u00e5r kan skolan komma att avsl\u00e5 din beg\u00e4ran eller ta ut en rimlig avgift f\u00f6r den.<\/p>\n\n\n\n<p>Du har \u00e4ven bland annat r\u00e4tt att beg\u00e4ra radering av dina personuppgifter, g\u00f6ra inv\u00e4ndningar mot behandlingen och beg\u00e4ra begr\u00e4nsning av behandlingen av dem. Om du beg\u00e4r r\u00e4ttelse, radering, inv\u00e4nder mot behandlingen eller beg\u00e4r begr\u00e4nsning av den kommer skolan att pr\u00f6va om den \u00e5tg\u00e4rd du beg\u00e4r ska vidtas eller inte.<\/p>\n\n\n\n<p><strong>Du har r\u00e4tt att klaga till Integritetsskyddsmyndigheten (IMY):<\/strong><br>Om du anser att skolan har behandlat dina personuppgifter p\u00e5 ett s\u00e4tt som st\u00e5r i strid med g\u00e4llande best\u00e4mmelser om behandling av s\u00e5dana uppgifter, kan du v\u00e4nda dig till Integritetsskyddsmyndigheten (IMY) med klagom\u00e5l. Du kan komma i kontakt med IMY via epost.&nbsp; Du kan \u00e4ven ringa dem p\u00e5 08-657 61 00 eller n\u00e5 dem per post p\u00e5 adress: IMY, Box 8114, 104 20 Stockholm.<\/p>\n\n\n\n<p><strong>Vid fr\u00e5gor:<\/strong><br>Om du har fr\u00e5gor n\u00e4r det g\u00e4ller skolans personuppgiftsbehandling kan du v\u00e4nda dig till skolans dataskyddsombud:&nbsp;<a href=\"mailto:dataskydd@academedia.se\">dataskydd@academedia.se<\/a>.<\/p>\n\n\n\n<div style=\"height:100px\" aria-hidden=\"true\" class=\"wp-block-spacer\"><\/div>\n\n\n\n\n<section  class=\"ams-cta ams-cta--stacked c-block l-stacked heading-decor\" data-color-scheme=\"blue\">\n\t<div class=\"l-container-narrow l-stack l-stack-fluid-2xl u-pt-fluid-3xl-6xl u-pb-fluid-3xl-6xl is-center is-center@md\">\n\t\t\t\t\t<div class=\"ams-cta__intro l-stack l-stack-lg\">\n\t\t\t\t\t\n\t<h2\n\tclass=\"c-heading u-font-title-1 \"\n\tstyle=\"\">\n\t\t\n\t\t\t\t\tHar du fr\u00e5gor?\n\t\t\t\t\n\t<\/h2>\n\n\t\t\t\t\t\t\t\t\t<div class=\"c-text l-stack u-cs-xl u-font-preamble\">\n\t\t\t\t\t\t<p><span data-sheets-value=\"{&quot;1&quot;:2,&quot;2&quot;:&quot;H\u00e4r hittar du kontaktuppgifter till personalen p\u00e5 skolan.&quot;}\" data-sheets-userformat=\"{&quot;2&quot;:899,&quot;3&quot;:{&quot;1&quot;:0},&quot;4&quot;:{&quot;1&quot;:2,&quot;2&quot;:15263976},&quot;10&quot;:0,&quot;11&quot;:4,&quot;12&quot;:0}\">H\u00e4r hittar du kontaktuppgifter till personalen p\u00e5 skolan.<\/span><\/p>\n\n\t\t\t\t\t<\/div>\n\t\t\t\t\t\t\t<\/div>\n\t\t\n\t\t\n\t\t\t<div class=\"ams-cta__action u-inline-items\">\n\t\t\t\t\t\t\t\n\n\n<a href=\"https:\/\/procivitas.se\/helsingborg\/kontakt\/\"\n\t\n\tclass=\"c-btn \"\n\tdata-style=\"rounded\"\n\tdata-size=\"md\"\n\tdata-width=\"full-mobile\"\n\tdata-variant=\"default\"\n\ttarget=\"_self\">\n\t\t\t<span class=\"label\"> Kontakta oss<\/span>\n\t\t\t<\/a>\n\t\t\t<\/div>\n\t<\/div>\n\n\t\t\n\n<\/section>\n","protected":false},"excerpt":{"rendered":"<p>Information om kamerabevakning Du som bes\u00f6ker skolan har r\u00e4tt att f\u00e5 information om hur huvudmannen\/skolan behandlar personuppgifter med anledningen av skolans kamerabevakning. Vissa av skolans utrymmen bevakas med hj\u00e4lp av bevakningskameror. P\u00e5 de omr\u00e5den detta sker finns skyltar som informerar om att omr\u00e5det \u00e4r kamerabevakat. Ifall du r\u00f6r dig inom det omr\u00e5det, kommer du att&#8230;<\/p>\n","protected":false},"author":29,"featured_media":0,"parent":0,"menu_order":0,"comment_status":"closed","ping_status":"closed","template":"","meta":{"footnotes":""},"yoast_head":"<!-- This site is optimized with the Yoast SEO plugin v22.0 - https:\/\/yoast.com\/wordpress\/plugins\/seo\/ -->\n<title>Helsingborg<\/title>\n<meta name=\"robots\" content=\"index, follow, max-snippet:-1, max-image-preview:large, max-video-preview:-1\" \/>\n<link rel=\"canonical\" href=\"https:\/\/procivitas.se\/helsingborg\/kameraovervakning\/\" \/>\n<meta property=\"og:locale\" content=\"sv_SE\" \/>\n<meta property=\"og:type\" content=\"article\" \/>\n<meta property=\"og:url\" content=\"https:\/\/procivitas.se\/helsingborg\/kameraovervakning\/\" \/>\n<meta property=\"og:site_name\" content=\"Helsingborg\" \/>\n<meta property=\"article:modified_time\" content=\"2025-12-05T14:51:34+00:00\" \/>\n<meta name=\"twitter:card\" content=\"summary_large_image\" \/>\n<meta name=\"twitter:label1\" content=\"Est. reading time\" \/>\n\t<meta name=\"twitter:data1\" content=\"3 minuter\" \/>\n<script type=\"application\/ld+json\" class=\"yoast-schema-graph\">{\"@context\":\"https:\/\/schema.org\",\"@graph\":[{\"@type\":\"WebPage\",\"@id\":\"https:\/\/procivitas.se\/helsingborg\/kameraovervakning\/\",\"url\":\"https:\/\/procivitas.se\/helsingborg\/kameraovervakning\/\",\"name\":\"Kamerabevakning - Helsingborg\",\"isPartOf\":{\"@id\":\"https:\/\/procivitas.se\/helsingborg\/#website\"},\"datePublished\":\"2025-12-05T14:43:48+00:00\",\"dateModified\":\"2025-12-05T14:51:34+00:00\",\"breadcrumb\":{\"@id\":\"https:\/\/procivitas.se\/helsingborg\/kameraovervakning\/#breadcrumb\"},\"inLanguage\":\"sv-SE\",\"potentialAction\":[{\"@type\":\"ReadAction\",\"target\":[\"https:\/\/procivitas.se\/helsingborg\/kameraovervakning\/\"]}]},{\"@type\":\"BreadcrumbList\",\"@id\":\"https:\/\/procivitas.se\/helsingborg\/kameraovervakning\/#breadcrumb\",\"itemListElement\":[{\"@type\":\"ListItem\",\"position\":1,\"name\":\"Start\",\"item\":\"https:\/\/procivitas.se\/helsingborg\/\"},{\"@type\":\"ListItem\",\"position\":2,\"name\":\"Kamerabevakning\"}]},{\"@type\":\"WebSite\",\"@id\":\"https:\/\/procivitas.se\/helsingborg\/#website\",\"url\":\"https:\/\/procivitas.se\/helsingborg\/\",\"name\":\"Helsingborg\",\"description\":\"Just another WordPress site\",\"potentialAction\":[{\"@type\":\"SearchAction\",\"target\":{\"@type\":\"EntryPoint\",\"urlTemplate\":\"https:\/\/procivitas.se\/helsingborg\/?s={search_term_string}\"},\"query-input\":\"required name=search_term_string\"}],\"inLanguage\":\"sv-SE\"}]}<\/script>\n<!-- \/ Yoast SEO plugin. -->","yoast_head_json":{"title":"Helsingborg","robots":{"index":"index","follow":"follow","max-snippet":"max-snippet:-1","max-image-preview":"max-image-preview:large","max-video-preview":"max-video-preview:-1"},"canonical":"https:\/\/procivitas.se\/helsingborg\/kameraovervakning\/","og_locale":"sv_SE","og_type":"article","og_url":"https:\/\/procivitas.se\/helsingborg\/kameraovervakning\/","og_site_name":"Helsingborg","article_modified_time":"2025-12-05T14:51:34+00:00","twitter_card":"summary_large_image","twitter_misc":{"Est. reading time":"3 minuter"},"schema":{"@context":"https:\/\/schema.org","@graph":[{"@type":"WebPage","@id":"https:\/\/procivitas.se\/helsingborg\/kameraovervakning\/","url":"https:\/\/procivitas.se\/helsingborg\/kameraovervakning\/","name":"Kamerabevakning - Helsingborg","isPartOf":{"@id":"https:\/\/procivitas.se\/helsingborg\/#website"},"datePublished":"2025-12-05T14:43:48+00:00","dateModified":"2025-12-05T14:51:34+00:00","breadcrumb":{"@id":"https:\/\/procivitas.se\/helsingborg\/kameraovervakning\/#breadcrumb"},"inLanguage":"sv-SE","potentialAction":[{"@type":"ReadAction","target":["https:\/\/procivitas.se\/helsingborg\/kameraovervakning\/"]}]},{"@type":"BreadcrumbList","@id":"https:\/\/procivitas.se\/helsingborg\/kameraovervakning\/#breadcrumb","itemListElement":[{"@type":"ListItem","position":1,"name":"Start","item":"https:\/\/procivitas.se\/helsingborg\/"},{"@type":"ListItem","position":2,"name":"Kamerabevakning"}]},{"@type":"WebSite","@id":"https:\/\/procivitas.se\/helsingborg\/#website","url":"https:\/\/procivitas.se\/helsingborg\/","name":"Helsingborg","description":"Just another WordPress site","potentialAction":[{"@type":"SearchAction","target":{"@type":"EntryPoint","urlTemplate":"https:\/\/procivitas.se\/helsingborg\/?s={search_term_string}"},"query-input":"required name=search_term_string"}],"inLanguage":"sv-SE"}]}},"_links":{"self":[{"href":"https:\/\/procivitas.se\/helsingborg\/wp-json\/wp\/v2\/pages\/3716"}],"collection":[{"href":"https:\/\/procivitas.se\/helsingborg\/wp-json\/wp\/v2\/pages"}],"about":[{"href":"https:\/\/procivitas.se\/helsingborg\/wp-json\/wp\/v2\/types\/page"}],"author":[{"embeddable":true,"href":"https:\/\/procivitas.se\/helsingborg\/wp-json\/wp\/v2\/users\/29"}],"replies":[{"embeddable":true,"href":"https:\/\/procivitas.se\/helsingborg\/wp-json\/wp\/v2\/comments?post=3716"}],"version-history":[{"count":10,"href":"https:\/\/procivitas.se\/helsingborg\/wp-json\/wp\/v2\/pages\/3716\/revisions"}],"predecessor-version":[{"id":3751,"href":"https:\/\/procivitas.se\/helsingborg\/wp-json\/wp\/v2\/pages\/3716\/revisions\/3751"}],"wp:attachment":[{"href":"https:\/\/procivitas.se\/helsingborg\/wp-json\/wp\/v2\/media?parent=3716"}],"curies":[{"name":"wp","href":"https:\/\/api.w.org\/{rel}","templated":true}]}}