{"id":536,"date":"2023-03-10T09:58:32","date_gmt":"2023-03-10T08:58:32","guid":{"rendered":"https:\/\/procivitas.se\/helsingborg\/?page_id=536"},"modified":"2026-04-20T15:01:54","modified_gmt":"2026-04-20T13:01:54","slug":"skuggning","status":"publish","type":"page","link":"https:\/\/procivitas.se\/helsingborg\/skuggning\/","title":{"rendered":"Skuggning"},"content":{"rendered":"\n\n<section  class=\"ams-cta ams-cta--stacked c-block l-stacked\" data-color-scheme=\"hero\">\n\t<div class=\"l-container l-stack l-stack-fluid-2xl u-pt-fluid-2xl-4xl u-pb-fluid-2xl-4xl is-center is-center@md\">\n\t\t\t\t\t<div class=\"ams-cta__intro l-stack l-stack-lg\">\n\t\t\t\t\t\n\t<h1\n\tclass=\"c-heading u-font-title-1 \"\n\tstyle=\"\">\n\t\t\n\t\t\t\t\tSkuggning p\u00e5 ProCivitas Helsingborg \n\t\t\t\t\n\t<\/h1>\n\n\t\t\t\t\t\t\t\t\t<div class=\"c-text l-stack u-cs-xl u-font-body\">\n\t\t\t\t\t\t<p>Vad roligt att du \u00e4r intresserad av att skugga en elev p\u00e5 ProCivitas Helsingborg. Genom att f\u00f6lja med under en skoldag ser du om vi \u00e4r r\u00e4tt skola f\u00f6r dig!<\/p>\n\n\t\t\t\t\t<\/div>\n\t\t\t\t\t\t\t<\/div>\n\t\t\n\t\t\n\t\t\t<\/div>\n\n\t\t\n\n<\/section>\n\n\n\n<div class=\"wp-block-columns is-layout-flex wp-container-core-columns-layout-1 wp-block-columns-is-layout-flex\">\n<div class=\"wp-block-column is-layout-flow wp-block-column-is-layout-flow\">\n\t<style>\n\t\t.inner {\n\n\t\t\tmargin: 0 auto;\n\n\n\t\t}\n\t<\/style>\n\t<div\n\t\t class=\"container images-module\" >\n\t\t<div class=\"row images_module__slideshow\">\n\n\t\t\t<div\n\t\t\t\t\tclass=\"col-md-12 p-0 position-relative images_module__slideshow images_module__slideshow-container  \">\n\t\t\t\t<div class=\"images_module__slide\" data-slide=\"\"\n\t\t\t\t\t data-duration=\"\"><\/div>\n\t\t\t\t\t\t\t\t\t<div\n\t\t\t\t\t\t class=\"images_module__slides\n\n\t\t\t\t\t   \"\n\t\t\t\t\t>\n\n\t\t\t\t\t\t<div class=\"images__wrapper\" style=\"aspect-ratio: 851 \/ 851;\">\n\t\t\t\t\t\t\t<img decoding=\"async\" width=\"800\" height=\"1200\" src=\"https:\/\/procivitas.se\/wp-content\/uploads\/sites\/3\/2025\/06\/prohelsingborgfotografering202503-202903webb234.jpg\" class=\"images__image_ratio  \" alt=\"Glada elever.\" style=\"aspect-ratio: 851 \/ 851;object-position: center top;\" srcset=\"https:\/\/procivitas.se\/wp-content\/uploads\/sites\/3\/2025\/06\/prohelsingborgfotografering202503-202903webb234.jpg 800w, https:\/\/procivitas.se\/wp-content\/uploads\/sites\/3\/2025\/06\/prohelsingborgfotografering202503-202903webb234-300x450.jpg 300w, https:\/\/procivitas.se\/wp-content\/uploads\/sites\/3\/2025\/06\/prohelsingborgfotografering202503-202903webb234-400x600.jpg 400w, https:\/\/procivitas.se\/wp-content\/uploads\/sites\/3\/2025\/06\/prohelsingborgfotografering202503-202903webb234-600x900.jpg 600w\" sizes=\"(max-width: 800px) 100vw, 800px\" \/>\t\t\t\t\t\t<\/div>\n\t\t\t\t\t\t\n\n\t\t\t\t\t\t\t\t\t\t\t<\/div>\n\t\t\t\t\n\t\t\t\t<div class=\"images_module__container_dot\">\n\t\t\t\t\t<div style=\"text-align:center\">\n\n\n\t\t\t\t\t\t\t\t\t\t\t\t\t<span   data-i=\"0\"\n\t\t\t\t\t\t\t\t  class=\"\n\t\t\t\t\t\t\timages_module__dot\n\t\t\t\t\t\t\t\t\t\t\t\t\t\t\"\n\t\t\t\t\t\t\t><\/span>\n\t\t\t\t\t\t\t\t\t\t\t<\/div>\n\t\t\t\t<\/div>\n\n\n\t\t\t<\/div>\n\t\t<\/div>\n\t<\/div>\n\n\t\n\n\n<script>\n\tvar images_display_descriptive_text = \"\";\n<\/script>\n<\/div>\n\n\n\n<div class=\"wp-block-column is-layout-flow wp-block-column-is-layout-flow\">\n<h2 class=\"wp-block-heading\">Skugga f\u00f6r en dag<\/h2>\n\n\n\n<p>N\u00e4r du skuggar en elev under en skoldag f\u00e5r du uppleva st\u00e4mningen p\u00e5 v\u00e5r skola, tr\u00e4ffa elever, l\u00e4rare och st\u00e4lla alla dina fr\u00e5gor. Vi m\u00f6ter dig p\u00e5 morgonen och d\u00e5 tr\u00e4ffar du ocks\u00e5 den elev som sedan kommer att vara din guide under dagen.<\/p>\n\n\n\n<p><strong>Skuggningen \u00e4r \u00f6ver f\u00f6r denna termin.<\/strong> H\u00e5ll utkik p\u00e5 denna sida h\u00f6stterminen 2026 f\u00f6r nya datum. Tills dess \u00e4r du alltid v\u00e4lkommen p\u00e5 <a href=\"https:\/\/procivitas.se\/helsingborg\/oppet-hus\/\">\u00f6ppet hus<\/a> eller <a href=\"https:\/\/procivitas.se\/helsingborg\/kontakt\/\">kontakta oss<\/a> om du har n\u00e5gra fr\u00e5gor.<\/p>\n\n\n\n<p>Varmt v\u00e4lkommen till oss! <\/p>\n<\/div>\n<\/div>\n\n\n\n\t\n\t\n<section  class=\"ams-map ams-map--fifty c-block  media-bottom media-right \" data-color-scheme=\"map\" data-locations=\"[{&quot;id&quot;:&quot;2147&quot;,&quot;county&quot;:&quot;Sk\\u00e5ne l\\u00e4n&quot;,&quot;city&quot;:&quot;Helsingborgs stad&quot;,&quot;school&quot;:&quot;Helsingborg&quot;,&quot;title&quot;:&quot;ProCivitas Helsingborg&quot;,&quot;phone&quot;:&quot;042126000&quot;,&quot;phone_formatted&quot;:&quot;042-126000&quot;,&quot;email&quot;:&quot;helsingborg@procivitas.se&quot;,&quot;visiting_address&quot;:{&quot;address&quot;:&quot;S\\u00f6dra Storgatan 11-13&quot;,&quot;zip_code&quot;:&quot;252 23&quot;,&quot;city&quot;:&quot;Helsingborg&quot;},&quot;postal_address&quot;:{&quot;address&quot;:&quot;S\\u00f6dra Storgatan 11-13&quot;,&quot;zip_code&quot;:&quot;252 23&quot;,&quot;city&quot;:&quot;Helsingborg&quot;},&quot;address_map&quot;:&quot;S\\u00f6dra Storgatan 11-13, Helsingborg, Sverige&quot;,&quot;lat&quot;:56.046137,&quot;lng&quot;:12.6977269,&quot;link&quot;:{&quot;url&quot;:&quot;https:\\\/\\\/procivitas.se\\\/helsingborg\\\/&quot;,&quot;text&quot;:&quot;L\\u00e4s mer om skolan&quot;}}]\">\n\t<div class=\"ams-map__content u-pt-fluid-3xl-6xl u-pb-fluid-3xl-6xl l-stack l-stack-fluid-xl is-left is-left@lg\">\n\t\t\t\n\t<h2\n\tclass=\"c-heading u-font-title-1 \"\n\tstyle=\"\">\n\t\t\n\t\t\t\t\tHELSINGBORG \n\t\t\t\t\n\t<\/h2>\n\n\t\t\n\t\t\t\t\t<div class=\"contact-info l-stack\">\n\t\t\t\t\t\t\t\t\t<div class=\"contact-info__item\">\n\t\t\t\t\t\t<p class=\"contact-info__heading u-font-title-4\">\n\t\t\t\t\t\t\tAdress \n\t\t\t\t\t\t<\/p>\n\t\t\t\t\t\t<p>\n\t\t\t\t\t\t\t\t\t\t\t\t\t\t\tS\u00f6dra Storgatan 11-13<br \/>\n\t\t\t\t\t\t\t\t\t\t\t\t\t\t252 23 Helsingborg\n\t\t\t\t\t\t<\/p>\n\t\t\t\t\t<\/div>\n\t\t\t\t\n\t\t\t\t\n\t\t\t\t\t\t\t\t\t<div class=\"contact-info__item\">\n\t\t\t\t\t\t<p class=\"contact-info__heading u-font-title-4\">\n\t\t\t\t\t\t\tKontakt\n\t\t\t\t\t\t<\/p>\n\t\t\t\t\t\t<p>\n\t\t\t\t\t\t\t\t\t\t\t\t\t\t\t<a href=\"tel:042126000\">042-126000<\/a><br \/>\n\t\t\t\t\t\t\t\t\t\t\t\t\t\t\t\t\t\t\t\t\t\t<a href=\"mailto:helsingborg@procivitas.se\">helsingborg@procivitas.se<\/a>\n\t\t\t\t\t\t\t\t\t\t\t\t\t<\/p>\n\t\t\t\t\t<\/div>\n\t\t\t\t\t\t\t<\/div>\n\t\t\t<\/div>\n\n\t<div class=\"ams-map__media\">\n\t<\/div>\n<\/section>\n\n\n\n\n<section  class=\"ams-cta ams-cta--inline c-block l-stacked\" data-color-scheme=\"blue\">\n\t<div class=\"l-container l-stack l-stack-fluid-2xl u-pt-fluid-3xl-6xl u-pb-fluid-3xl-6xl is-left is-left@md\">\n\t\t\t\t\t<div class=\"ams-cta__intro l-stack l-stack-lg\">\n\t\t\t\t\t\n\t<h2\n\tclass=\"c-heading u-font-title-1 \"\n\tstyle=\"\">\n\t\t\n\t\t\t\t\tBes\u00f6k oss\n\t\t\t\t\n\t<\/h2>\n\n\t\t\t\t\t\t\t\t\t<div class=\"c-text l-stack u-cs-xl u-font-preamble\">\n\t\t\t\t\t\t<p>Vill du uppleva ProCivitas p\u00e5 riktigt? Kolla in v\u00e5ra \u00d6ppet hus tillf\u00e4llen och tr\u00e4ffa b\u00e5de elever och l\u00e4rare fr\u00e5n skolan. Passa p\u00e5 och f\u00e5 svar p\u00e5 alla dina fr\u00e5gor!<\/p>\n\n\t\t\t\t\t<\/div>\n\t\t\t\t\t\t\t<\/div>\n\t\t\n\t\t\n\t\t\t<div class=\"ams-cta__action u-inline-items\">\n\t\t\t\t\t\t\t\n\n\n<a href=\"https:\/\/procivitas.se\/helsingborg\/oppet-hus\/\"\n\t\n\tclass=\"c-btn \"\n\tdata-style=\"rounded\"\n\tdata-size=\"md\"\n\tdata-width=\"full-mobile\"\n\tdata-variant=\"default\"\n\ttarget=\"_self\">\n\t\t\t<span class=\"label\"> \u00d6ppet hus<\/span>\n\t\t\t<\/a>\n\t\t\t\t\t\t\t\n\n\n<a href=\"https:\/\/procivitas.se\/helsingborg\/vanliga-fragor\/\"\n\t\n\tclass=\"c-btn \"\n\tdata-style=\"rounded\"\n\tdata-size=\"md\"\n\tdata-width=\"full-mobile\"\n\tdata-variant=\"outline\"\n\ttarget=\"_self\">\n\t\t\t<span class=\"label\"> Vanliga fr\u00e5gor<\/span>\n\t\t\t<\/a>\n\t\t\t<\/div>\n\t<\/div>\n\n\t\t\n\n<\/section>\n","protected":false},"excerpt":{"rendered":"<p>Skugga f\u00f6r en dag N\u00e4r du skuggar en elev under en skoldag f\u00e5r du uppleva st\u00e4mningen p\u00e5 v\u00e5r skola, tr\u00e4ffa elever, l\u00e4rare och st\u00e4lla alla dina fr\u00e5gor. Vi m\u00f6ter dig p\u00e5 morgonen och d\u00e5 tr\u00e4ffar du ocks\u00e5 den elev som sedan kommer att vara din guide under dagen. Skuggningen \u00e4r \u00f6ver f\u00f6r denna termin. H\u00e5ll&#8230;<\/p>\n","protected":false},"author":5,"featured_media":0,"parent":0,"menu_order":0,"comment_status":"closed","ping_status":"closed","template":"","meta":{"footnotes":""},"yoast_head":"<!-- This site is optimized with the Yoast SEO plugin v22.0 - https:\/\/yoast.com\/wordpress\/plugins\/seo\/ -->\n<title>Skuggning - ProCivitas Gymnasium Helsingborg<\/title>\n<meta name=\"description\" content=\"Ta chansen att f\u00f6lja en klass under en skoldag. Upplev st\u00e4mningen p\u00e5 v\u00e5r skola, tr\u00e4ffa elever, l\u00e4rare och st\u00e4ll alla dina fr\u00e5gor!rrr\" \/>\n<meta name=\"robots\" content=\"index, follow, max-snippet:-1, max-image-preview:large, max-video-preview:-1\" \/>\n<link rel=\"canonical\" href=\"https:\/\/procivitas.se\/helsingborg\/skuggning\/\" \/>\n<meta property=\"og:locale\" content=\"sv_SE\" \/>\n<meta property=\"og:type\" content=\"article\" \/>\n<meta property=\"og:title\" content=\"Skuggning - ProCivitas Gymnasium Helsingborg\" \/>\n<meta property=\"og:description\" content=\"Ta chansen att f\u00f6lja en klass under en skoldag. Upplev st\u00e4mningen p\u00e5 v\u00e5r skola, tr\u00e4ffa elever, l\u00e4rare och st\u00e4ll alla dina fr\u00e5gor!rrr\" \/>\n<meta property=\"og:url\" content=\"https:\/\/procivitas.se\/helsingborg\/skuggning\/\" \/>\n<meta property=\"og:site_name\" content=\"Helsingborg\" \/>\n<meta property=\"article:modified_time\" content=\"2026-04-20T13:01:54+00:00\" \/>\n<meta name=\"twitter:card\" content=\"summary_large_image\" \/>\n<meta name=\"twitter:title\" content=\"Skuggning - ProCivitas Gymnasium Helsingborg\" \/>\n<meta name=\"twitter:description\" content=\"Ta chansen att f\u00f6lja en klass under en skoldag. Upplev st\u00e4mningen p\u00e5 v\u00e5r skola, tr\u00e4ffa elever, l\u00e4rare och st\u00e4ll alla dina fr\u00e5gor!rrr\" \/>\n<meta name=\"twitter:label1\" content=\"Est. reading time\" \/>\n\t<meta name=\"twitter:data1\" content=\"1 minut\" \/>\n<script type=\"application\/ld+json\" class=\"yoast-schema-graph\">{\"@context\":\"https:\/\/schema.org\",\"@graph\":[{\"@type\":\"WebPage\",\"@id\":\"https:\/\/procivitas.se\/helsingborg\/skuggning\/\",\"url\":\"https:\/\/procivitas.se\/helsingborg\/skuggning\/\",\"name\":\"Skuggning - ProCivitas Gymnasium Helsingborg\",\"isPartOf\":{\"@id\":\"https:\/\/procivitas.se\/helsingborg\/#website\"},\"datePublished\":\"2023-03-10T08:58:32+00:00\",\"dateModified\":\"2026-04-20T13:01:54+00:00\",\"description\":\"Ta chansen att f\u00f6lja en klass under en skoldag. Upplev st\u00e4mningen p\u00e5 v\u00e5r skola, tr\u00e4ffa elever, l\u00e4rare och st\u00e4ll alla dina fr\u00e5gor!rrr\",\"breadcrumb\":{\"@id\":\"https:\/\/procivitas.se\/helsingborg\/skuggning\/#breadcrumb\"},\"inLanguage\":\"sv-SE\",\"potentialAction\":[{\"@type\":\"ReadAction\",\"target\":[\"https:\/\/procivitas.se\/helsingborg\/skuggning\/\"]}]},{\"@type\":\"BreadcrumbList\",\"@id\":\"https:\/\/procivitas.se\/helsingborg\/skuggning\/#breadcrumb\",\"itemListElement\":[{\"@type\":\"ListItem\",\"position\":1,\"name\":\"Start\",\"item\":\"https:\/\/procivitas.se\/helsingborg\/\"},{\"@type\":\"ListItem\",\"position\":2,\"name\":\"Skuggning\"}]},{\"@type\":\"WebSite\",\"@id\":\"https:\/\/procivitas.se\/helsingborg\/#website\",\"url\":\"https:\/\/procivitas.se\/helsingborg\/\",\"name\":\"Helsingborg\",\"description\":\"Just another WordPress site\",\"potentialAction\":[{\"@type\":\"SearchAction\",\"target\":{\"@type\":\"EntryPoint\",\"urlTemplate\":\"https:\/\/procivitas.se\/helsingborg\/?s={search_term_string}\"},\"query-input\":\"required name=search_term_string\"}],\"inLanguage\":\"sv-SE\"}]}<\/script>\n<!-- \/ Yoast SEO plugin. -->","yoast_head_json":{"title":"Skuggning - ProCivitas Gymnasium Helsingborg","description":"Ta chansen att f\u00f6lja en klass under en skoldag. Upplev st\u00e4mningen p\u00e5 v\u00e5r skola, tr\u00e4ffa elever, l\u00e4rare och st\u00e4ll alla dina fr\u00e5gor!rrr","robots":{"index":"index","follow":"follow","max-snippet":"max-snippet:-1","max-image-preview":"max-image-preview:large","max-video-preview":"max-video-preview:-1"},"canonical":"https:\/\/procivitas.se\/helsingborg\/skuggning\/","og_locale":"sv_SE","og_type":"article","og_title":"Skuggning - ProCivitas Gymnasium Helsingborg","og_description":"Ta chansen att f\u00f6lja en klass under en skoldag. Upplev st\u00e4mningen p\u00e5 v\u00e5r skola, tr\u00e4ffa elever, l\u00e4rare och st\u00e4ll alla dina fr\u00e5gor!rrr","og_url":"https:\/\/procivitas.se\/helsingborg\/skuggning\/","og_site_name":"Helsingborg","article_modified_time":"2026-04-20T13:01:54+00:00","twitter_card":"summary_large_image","twitter_title":"Skuggning - ProCivitas Gymnasium Helsingborg","twitter_description":"Ta chansen att f\u00f6lja en klass under en skoldag. Upplev st\u00e4mningen p\u00e5 v\u00e5r skola, tr\u00e4ffa elever, l\u00e4rare och st\u00e4ll alla dina fr\u00e5gor!rrr","twitter_misc":{"Est. reading time":"1 minut"},"schema":{"@context":"https:\/\/schema.org","@graph":[{"@type":"WebPage","@id":"https:\/\/procivitas.se\/helsingborg\/skuggning\/","url":"https:\/\/procivitas.se\/helsingborg\/skuggning\/","name":"Skuggning - ProCivitas Gymnasium Helsingborg","isPartOf":{"@id":"https:\/\/procivitas.se\/helsingborg\/#website"},"datePublished":"2023-03-10T08:58:32+00:00","dateModified":"2026-04-20T13:01:54+00:00","description":"Ta chansen att f\u00f6lja en klass under en skoldag. Upplev st\u00e4mningen p\u00e5 v\u00e5r skola, tr\u00e4ffa elever, l\u00e4rare och st\u00e4ll alla dina fr\u00e5gor!rrr","breadcrumb":{"@id":"https:\/\/procivitas.se\/helsingborg\/skuggning\/#breadcrumb"},"inLanguage":"sv-SE","potentialAction":[{"@type":"ReadAction","target":["https:\/\/procivitas.se\/helsingborg\/skuggning\/"]}]},{"@type":"BreadcrumbList","@id":"https:\/\/procivitas.se\/helsingborg\/skuggning\/#breadcrumb","itemListElement":[{"@type":"ListItem","position":1,"name":"Start","item":"https:\/\/procivitas.se\/helsingborg\/"},{"@type":"ListItem","position":2,"name":"Skuggning"}]},{"@type":"WebSite","@id":"https:\/\/procivitas.se\/helsingborg\/#website","url":"https:\/\/procivitas.se\/helsingborg\/","name":"Helsingborg","description":"Just another WordPress site","potentialAction":[{"@type":"SearchAction","target":{"@type":"EntryPoint","urlTemplate":"https:\/\/procivitas.se\/helsingborg\/?s={search_term_string}"},"query-input":"required name=search_term_string"}],"inLanguage":"sv-SE"}]}},"_links":{"self":[{"href":"https:\/\/procivitas.se\/helsingborg\/wp-json\/wp\/v2\/pages\/536"}],"collection":[{"href":"https:\/\/procivitas.se\/helsingborg\/wp-json\/wp\/v2\/pages"}],"about":[{"href":"https:\/\/procivitas.se\/helsingborg\/wp-json\/wp\/v2\/types\/page"}],"author":[{"embeddable":true,"href":"https:\/\/procivitas.se\/helsingborg\/wp-json\/wp\/v2\/users\/5"}],"replies":[{"embeddable":true,"href":"https:\/\/procivitas.se\/helsingborg\/wp-json\/wp\/v2\/comments?post=536"}],"version-history":[{"count":9,"href":"https:\/\/procivitas.se\/helsingborg\/wp-json\/wp\/v2\/pages\/536\/revisions"}],"predecessor-version":[{"id":4075,"href":"https:\/\/procivitas.se\/helsingborg\/wp-json\/wp\/v2\/pages\/536\/revisions\/4075"}],"wp:attachment":[{"href":"https:\/\/procivitas.se\/helsingborg\/wp-json\/wp\/v2\/media?parent=536"}],"curies":[{"name":"wp","href":"https:\/\/api.w.org\/{rel}","templated":true}]}}