{"id":2445,"date":"2023-10-27T11:56:06","date_gmt":"2023-10-27T09:56:06","guid":{"rendered":"https:\/\/procivitas.se\/karlberg\/?page_id=2445"},"modified":"2026-04-02T09:50:47","modified_gmt":"2026-04-02T07:50:47","slug":"aktiviteter","status":"publish","type":"page","link":"https:\/\/procivitas.se\/karlberg\/aktiviteter\/","title":{"rendered":"Aktiviteter"},"content":{"rendered":"\n\t\n\t\n\t\n\n\t\n\t\n\t\t\n<section  class=\"c-block l-stacked  \" data-color-scheme=\"white\">\n\t<div class=\"ams-fifty ams-fifty--container ams-fifty--left ams-fifty--top l-container u-pt-fluid-3xl-6xl u-pb-fluid-3xl-6xl\">\n\t\t<div class=\"ams-fifty__content l-stack l-stack-xl is-left is-left@lg\">\n\t\t\t<div class=\"ams-fifty__text l-stack l-stack-lg\">\n\t\t\t\t\t\n\t<h1\n\tclass=\"c-heading u-font-title-1 \"\n\tstyle=\"\">\n\t\t\n\t\t\t\t\tAKTIVITETER OCH TRADITIONER P\u00c5 PROCITIAS KARLBERG\n\t\t\t\t\n\t<\/h1>\n\n\t\t\t\t\t\t\t\t\t<div class=\"text l-stack u-font-body\">\n\t\t\t\t\t\t<p>P\u00e5 ProCivitas Karlberg ger vi m\u00f6jlighet till b\u00e5de nytta och n\u00f6je under skoltiden. Under l\u00e4s\u00e5ret bjuder vi in f\u00f6rel\u00e4sare, anordnar externa aktiviteter och studiebes\u00f6k samt att vi l\u00e4gger stor vikt p\u00e5 teambuilding och roliga klassaktiviteter.<\/p>\n<p>Under din f\u00f6rsta termin har vi v\u00e5r \u00e5rliga kick-off f\u00f6r samtliga elever i \u00e5rskurs 1 och vi genomf\u00f6r introdagar i samtliga \u00e5rskurser f\u00f6r att starta ig\u00e5ng l\u00e4s\u00e5ret tillsammans. Grillunch hos v\u00e5r granne Karolinska institutet \u00e4r en god tradition!<\/p>\n<p>Under l\u00e4s\u00e5ret genomf\u00f6rs programdagar d\u00e4r alla elever p\u00e5 v\u00e5ra olika program har en heldag tillsammans med ett passande tema f\u00f6r respektive program. Vi uppmuntrar alla typer av id\u00e9er och aktiviteter fr\u00e5n v\u00e5ra elever och fr\u00e5n elevk\u00e5ren. Ta chansen, du som elev, att engagera dig och g\u00f6ra din studietid till tre riktigt roliga och givande \u00e5r.<\/p>\n<p>P\u00e5 <a href=\"https:\/\/www.instagram.com\/procivitaskarlberg\/\" target=\"_blank\" rel=\"noopener\">ProCivitas Instagram<\/a> kan du se bilder fr\u00e5n de olika arrangemang och event som hela tiden \u00e4ger rum p\u00e5 skolorna ut\u00f6ver det vardagliga skolarbetet.<\/p>\n\n\t\t\t\t\t<\/div>\n\t\t\t\t\t\t\t<\/div>\n\n\t\t\t\t\t<\/div>\n\n\t\t <div class=\"ams-fifty__media u-ratio-square\">\n\t\t \t\t\t\t\t<img decoding=\"async\" width=\"600\" height=\"400\" src=\"https:\/\/procivitas.se\/wp-content\/uploads\/sites\/4\/2023\/10\/procivitas-lasarstider-2022-600x400.jpeg\" class=\"attachment-md size-md\" alt=\"Elever har picknick utomhus i en park\" sizes=\"(min-width: 64em) 600px, calc(100vw - 160px)\" srcset=\"https:\/\/procivitas.se\/wp-content\/uploads\/sites\/4\/2023\/10\/procivitas-lasarstider-2022-600x400.jpeg 600w, https:\/\/procivitas.se\/wp-content\/uploads\/sites\/4\/2023\/10\/procivitas-lasarstider-2022-300x200.jpeg 300w, https:\/\/procivitas.se\/wp-content\/uploads\/sites\/4\/2023\/10\/procivitas-lasarstider-2022-400x267.jpeg 400w, https:\/\/procivitas.se\/wp-content\/uploads\/sites\/4\/2023\/10\/procivitas-lasarstider-2022-800x534.jpeg 800w, https:\/\/procivitas.se\/wp-content\/uploads\/sites\/4\/2023\/10\/procivitas-lasarstider-2022-1024x683.jpeg 1024w, https:\/\/procivitas.se\/wp-content\/uploads\/sites\/4\/2023\/10\/procivitas-lasarstider-2022-1200x801.jpeg 1200w, https:\/\/procivitas.se\/wp-content\/uploads\/sites\/4\/2023\/10\/procivitas-lasarstider-2022.jpeg 1280w\" \/>\n\t\t\t\n\t\t\t\n\t\t\t\t\t<\/div>\n\t<\/div>\n\n\t\t\n\n<\/section>\n\n\n\n\n<section  class=\"ams-timeline c-block l-stacked\" data-color-scheme=\"timeline\">\n\t<div class=\"l-container l-stack l-stack-fluid-2xl u-pt-fluid-3xl-6xl u-pb-fluid-3xl-6xl is-center is-center@md\">\n\t\t\t\t\t<div class=\"ams-timeline__intro l-stack l-stack-lg\">\n\t\t\t\t\t\n\t<h2\n\tclass=\"c-heading u-font-title-1 \"\n\tstyle=\"\">\n\t\t\n\t\t\t\t\tEtt urval av aktiviter under din skolg\u00e5ng \n\t\t\t\t\n\t<\/h2>\n\n\t\t\t\t\t\t\t<\/div>\n\t\t\n\t\t\t\t\t\n<ol class=\"c-steps\" data-variant=\"vertical\" data-size=\"sm\" data-columns=\"2\">\n\t\t\t<li class=\"c-steps__item\"\n\t\t\t\n\t\t>\n\t\t\t<div class=\"c-steps__circle u-radius-rounded\">\n\t\t\t\t\t\t\t\t\t<img decoding=\"async\" width=\"150\" height=\"150\" src=\"https:\/\/procivitas.se\/wp-content\/uploads\/sites\/4\/2024\/05\/prologofooter.png\" class=\"\" alt=\"Procivitas logga\" \/>\n\t\t\t\t\t\t\t<\/div>\n\n\t\t\t\t\t\t\t<div class=\"c-steps__content l-stack-xs\">\n\t\t\t\t\t\t\t\t\t\t\t<h3 class=\"c-steps__title u-font-title-3\">\n\t\t\t\t\t\t\t\t\t\t\t\t\t\t\tMentorsprogram\n\t\t\t\t\t\t\t\t\t\t\t\t\t<\/h3>\n\t\t\t\t\t\n\t\t\t\t\t\t\t\t\t<\/div>\n\t\t\t\t\t<\/li>\n\t\t\t<li class=\"c-steps__item\"\n\t\t\t\n\t\t>\n\t\t\t<div class=\"c-steps__circle u-radius-rounded\">\n\t\t\t\t\t\t\t\t\t<img decoding=\"async\" width=\"150\" height=\"150\" src=\"https:\/\/procivitas.se\/wp-content\/uploads\/sites\/4\/2024\/05\/prologofooter.png\" class=\"\" alt=\"Procivitas logga\" \/>\n\t\t\t\t\t\t\t<\/div>\n\n\t\t\t\t\t\t\t<div class=\"c-steps__content l-stack-xs\">\n\t\t\t\t\t\t\t\t\t\t\t<h3 class=\"c-steps__title u-font-title-3\">\n\t\t\t\t\t\t\t\t\t\t\t\t\t\t\tProgramdag f\u00f6r de olika programmen \n\t\t\t\t\t\t\t\t\t\t\t\t\t<\/h3>\n\t\t\t\t\t\n\t\t\t\t\t\t\t\t\t<\/div>\n\t\t\t\t\t<\/li>\n\t\t\t<li class=\"c-steps__item\"\n\t\t\t\n\t\t>\n\t\t\t<div class=\"c-steps__circle u-radius-rounded\">\n\t\t\t\t\t\t\t\t\t<img decoding=\"async\" width=\"150\" height=\"150\" src=\"https:\/\/procivitas.se\/wp-content\/uploads\/sites\/4\/2024\/05\/prologofooter.png\" class=\"\" alt=\"Procivitas logga\" \/>\n\t\t\t\t\t\t\t<\/div>\n\n\t\t\t\t\t\t\t<div class=\"c-steps__content l-stack-xs\">\n\t\t\t\t\t\t\t\t\t\t\t<h3 class=\"c-steps__title u-font-title-3\">\n\t\t\t\t\t\t\t\t\t\t\t\t\t\t\tFN-rollspel\n\t\t\t\t\t\t\t\t\t\t\t\t\t<\/h3>\n\t\t\t\t\t\n\t\t\t\t\t\t\t\t\t<\/div>\n\t\t\t\t\t<\/li>\n\t\t\t<li class=\"c-steps__item\"\n\t\t\t\n\t\t>\n\t\t\t<div class=\"c-steps__circle u-radius-rounded\">\n\t\t\t\t\t\t\t\t\t<img decoding=\"async\" width=\"150\" height=\"150\" src=\"https:\/\/procivitas.se\/wp-content\/uploads\/sites\/4\/2024\/05\/prologofooter.png\" class=\"\" alt=\"Procivitas logga\" \/>\n\t\t\t\t\t\t\t<\/div>\n\n\t\t\t\t\t\t\t<div class=\"c-steps__content l-stack-xs\">\n\t\t\t\t\t\t\t\t\t\t\t<h3 class=\"c-steps__title u-font-title-3\">\n\t\t\t\t\t\t\t\t\t\t\t\t\t\t\tVinteridrottsdag\n\t\t\t\t\t\t\t\t\t\t\t\t\t<\/h3>\n\t\t\t\t\t\n\t\t\t\t\t\t\t\t\t<\/div>\n\t\t\t\t\t<\/li>\n\t\t\t<li class=\"c-steps__item\"\n\t\t\t\n\t\t>\n\t\t\t<div class=\"c-steps__circle u-radius-rounded\">\n\t\t\t\t\t\t\t\t\t<img decoding=\"async\" width=\"150\" height=\"150\" src=\"https:\/\/procivitas.se\/wp-content\/uploads\/sites\/4\/2024\/05\/prologofooter.png\" class=\"\" alt=\"Procivitas logga\" \/>\n\t\t\t\t\t\t\t<\/div>\n\n\t\t\t\t\t\t\t<div class=\"c-steps__content l-stack-xs\">\n\t\t\t\t\t\t\t\t\t\t\t<h3 class=\"c-steps__title u-font-title-3\">\n\t\t\t\t\t\t\t\t\t\t\t\t\t\t\tV\u00e4rldsbokdagen\n\t\t\t\t\t\t\t\t\t\t\t\t\t<\/h3>\n\t\t\t\t\t\n\t\t\t\t\t\t\t\t\t<\/div>\n\t\t\t\t\t<\/li>\n\t\t\t<li class=\"c-steps__item\"\n\t\t\t\n\t\t>\n\t\t\t<div class=\"c-steps__circle u-radius-rounded\">\n\t\t\t\t\t\t\t\t\t<img decoding=\"async\" width=\"150\" height=\"150\" src=\"https:\/\/procivitas.se\/wp-content\/uploads\/sites\/4\/2024\/05\/prologofooter.png\" class=\"\" alt=\"Procivitas logga\" \/>\n\t\t\t\t\t\t\t<\/div>\n\n\t\t\t\t\t\t\t<div class=\"c-steps__content l-stack-xs\">\n\t\t\t\t\t\t\t\t\t\t\t<h3 class=\"c-steps__title u-font-title-3\">\n\t\t\t\t\t\t\t\t\t\t\t\t\t\t\tProccedagen\n\t\t\t\t\t\t\t\t\t\t\t\t\t<\/h3>\n\t\t\t\t\t\n\t\t\t\t\t\t\t\t\t<\/div>\n\t\t\t\t\t<\/li>\n\t<\/ol>\n\t\n\t\t\t<\/div>\n\n\t\t\n\n<\/section>\n\n\n\n\n<section  class=\"ams-cta ams-cta--stacked c-block l-stacked heading-decor \" data-color-scheme=\"blue\">\n\t<div class=\"l-container-narrow l-stack l-stack-fluid-2xl u-pt-fluid-3xl-6xl u-pb-fluid-3xl-6xl is-center is-center@md\">\n\t\t\t\t\t<div class=\"ams-cta__intro l-stack l-stack-lg\">\n\t\t\t\t\t\n\t<h2\n\tclass=\"c-heading u-font-title-1 \"\n\tstyle=\"\">\n\t\t\n\t\t\t\t\t\u00d6PPET HUS \n\t\t\t\t\n\t<\/h2>\n\n\t\t\t\t\t\t\t\t\t<div class=\"c-text l-stack u-cs-xl u-font-preamble\">\n\t\t\t\t\t\t<p>P\u00e5 ProCivitas st\u00e4ller vi h\u00f6ga krav p\u00e5 v\u00e5ra elever och v\u00e5r verksamhet. V\u00e5ra l\u00e4rare \u00e4r experter p\u00e5 att m\u00f6ta och utmana studiemotiverade elever s\u00e5 att de n\u00e5r sin fulla potential. Hos oss pr\u00e4glas kulturen av engagemang, gemenskap och entrepren\u00f6rskap.<\/p>\n\n\t\t\t\t\t<\/div>\n\t\t\t\t\t\t\t<\/div>\n\t\t\n\t\t\n\t\t\t<div class=\"ams-cta__action u-inline-items\">\n\t\t\t\t\t\t\t\n\n\n<a href=\"https:\/\/procivitas.se\/karlberg\/oppet-hus\/\"\n\t\n\tclass=\"c-btn \"\n\tdata-style=\"rounded\"\n\tdata-size=\"md\"\n\tdata-width=\"full-mobile\"\n\tdata-variant=\"default\"\n\ttarget=\"_self\">\n\t\t\t<span class=\"label\"> Bes\u00f6k \u00d6ppet hus <\/span>\n\t\t\t<\/a>\n\t\t\t<\/div>\n\t<\/div>\n\n\t\t\n\n<\/section>\n","protected":false},"excerpt":{"rendered":"","protected":false},"author":9,"featured_media":0,"parent":0,"menu_order":0,"comment_status":"closed","ping_status":"closed","template":"","meta":{"footnotes":""},"yoast_head":"<!-- This site is optimized with the Yoast SEO plugin v22.0 - https:\/\/yoast.com\/wordpress\/plugins\/seo\/ -->\n<title>Aktiviteter - ProCivitas Privata Gymnasium Karlberg<\/title>\n<meta name=\"description\" content=\"p\u00e5 ProCivitas gillar vi att fira traditioner och olika aktiviteter. H\u00e4r kan du ta del av ett axplock av allt som vi g\u00f6r p\u00e5 skolan.\" \/>\n<meta name=\"robots\" content=\"index, follow, max-snippet:-1, max-image-preview:large, max-video-preview:-1\" \/>\n<link rel=\"canonical\" href=\"https:\/\/procivitas.se\/karlberg\/aktiviteter\/\" \/>\n<meta property=\"og:locale\" content=\"sv_SE\" \/>\n<meta property=\"og:type\" content=\"article\" \/>\n<meta property=\"og:title\" content=\"Aktiviteter - ProCivitas Privata Gymnasium Karlberg\" \/>\n<meta property=\"og:description\" content=\"p\u00e5 ProCivitas gillar vi att fira traditioner och olika aktiviteter. H\u00e4r kan du ta del av ett axplock av allt som vi g\u00f6r p\u00e5 skolan.\" \/>\n<meta property=\"og:url\" content=\"https:\/\/procivitas.se\/karlberg\/aktiviteter\/\" \/>\n<meta property=\"og:site_name\" content=\"Karlberg\" \/>\n<meta property=\"article:modified_time\" content=\"2026-04-02T07:50:47+00:00\" \/>\n<meta name=\"twitter:card\" content=\"summary_large_image\" \/>\n<meta name=\"twitter:title\" content=\"Aktiviteter - ProCivitas Privata Gymnasium Karlberg\" \/>\n<meta name=\"twitter:description\" content=\"p\u00e5 ProCivitas gillar vi att fira traditioner och olika aktiviteter. H\u00e4r kan du ta del av ett axplock av allt som vi g\u00f6r p\u00e5 skolan.\" \/>\n<meta name=\"twitter:label1\" content=\"Est. reading time\" \/>\n\t<meta name=\"twitter:data1\" content=\"3 minuter\" \/>\n<script type=\"application\/ld+json\" class=\"yoast-schema-graph\">{\"@context\":\"https:\/\/schema.org\",\"@graph\":[{\"@type\":\"WebPage\",\"@id\":\"https:\/\/procivitas.se\/karlberg\/aktiviteter\/\",\"url\":\"https:\/\/procivitas.se\/karlberg\/aktiviteter\/\",\"name\":\"Aktiviteter - ProCivitas Privata Gymnasium Karlberg\",\"isPartOf\":{\"@id\":\"https:\/\/procivitas.se\/karlberg\/#website\"},\"datePublished\":\"2023-10-27T09:56:06+00:00\",\"dateModified\":\"2026-04-02T07:50:47+00:00\",\"description\":\"p\u00e5 ProCivitas gillar vi att fira traditioner och olika aktiviteter. H\u00e4r kan du ta del av ett axplock av allt som vi g\u00f6r p\u00e5 skolan.\",\"breadcrumb\":{\"@id\":\"https:\/\/procivitas.se\/karlberg\/aktiviteter\/#breadcrumb\"},\"inLanguage\":\"sv-SE\",\"potentialAction\":[{\"@type\":\"ReadAction\",\"target\":[\"https:\/\/procivitas.se\/karlberg\/aktiviteter\/\"]}]},{\"@type\":\"BreadcrumbList\",\"@id\":\"https:\/\/procivitas.se\/karlberg\/aktiviteter\/#breadcrumb\",\"itemListElement\":[{\"@type\":\"ListItem\",\"position\":1,\"name\":\"Start\",\"item\":\"https:\/\/procivitas.se\/karlberg\/\"},{\"@type\":\"ListItem\",\"position\":2,\"name\":\"Aktiviteter\"}]},{\"@type\":\"WebSite\",\"@id\":\"https:\/\/procivitas.se\/karlberg\/#website\",\"url\":\"https:\/\/procivitas.se\/karlberg\/\",\"name\":\"Karlberg\",\"description\":\"Just another WordPress site\",\"potentialAction\":[{\"@type\":\"SearchAction\",\"target\":{\"@type\":\"EntryPoint\",\"urlTemplate\":\"https:\/\/procivitas.se\/karlberg\/?s={search_term_string}\"},\"query-input\":\"required name=search_term_string\"}],\"inLanguage\":\"sv-SE\"}]}<\/script>\n<!-- \/ Yoast SEO plugin. -->","yoast_head_json":{"title":"Aktiviteter - ProCivitas Privata Gymnasium Karlberg","description":"p\u00e5 ProCivitas gillar vi att fira traditioner och olika aktiviteter. H\u00e4r kan du ta del av ett axplock av allt som vi g\u00f6r p\u00e5 skolan.","robots":{"index":"index","follow":"follow","max-snippet":"max-snippet:-1","max-image-preview":"max-image-preview:large","max-video-preview":"max-video-preview:-1"},"canonical":"https:\/\/procivitas.se\/karlberg\/aktiviteter\/","og_locale":"sv_SE","og_type":"article","og_title":"Aktiviteter - ProCivitas Privata Gymnasium Karlberg","og_description":"p\u00e5 ProCivitas gillar vi att fira traditioner och olika aktiviteter. H\u00e4r kan du ta del av ett axplock av allt som vi g\u00f6r p\u00e5 skolan.","og_url":"https:\/\/procivitas.se\/karlberg\/aktiviteter\/","og_site_name":"Karlberg","article_modified_time":"2026-04-02T07:50:47+00:00","twitter_card":"summary_large_image","twitter_title":"Aktiviteter - ProCivitas Privata Gymnasium Karlberg","twitter_description":"p\u00e5 ProCivitas gillar vi att fira traditioner och olika aktiviteter. H\u00e4r kan du ta del av ett axplock av allt som vi g\u00f6r p\u00e5 skolan.","twitter_misc":{"Est. reading time":"3 minuter"},"schema":{"@context":"https:\/\/schema.org","@graph":[{"@type":"WebPage","@id":"https:\/\/procivitas.se\/karlberg\/aktiviteter\/","url":"https:\/\/procivitas.se\/karlberg\/aktiviteter\/","name":"Aktiviteter - ProCivitas Privata Gymnasium Karlberg","isPartOf":{"@id":"https:\/\/procivitas.se\/karlberg\/#website"},"datePublished":"2023-10-27T09:56:06+00:00","dateModified":"2026-04-02T07:50:47+00:00","description":"p\u00e5 ProCivitas gillar vi att fira traditioner och olika aktiviteter. H\u00e4r kan du ta del av ett axplock av allt som vi g\u00f6r p\u00e5 skolan.","breadcrumb":{"@id":"https:\/\/procivitas.se\/karlberg\/aktiviteter\/#breadcrumb"},"inLanguage":"sv-SE","potentialAction":[{"@type":"ReadAction","target":["https:\/\/procivitas.se\/karlberg\/aktiviteter\/"]}]},{"@type":"BreadcrumbList","@id":"https:\/\/procivitas.se\/karlberg\/aktiviteter\/#breadcrumb","itemListElement":[{"@type":"ListItem","position":1,"name":"Start","item":"https:\/\/procivitas.se\/karlberg\/"},{"@type":"ListItem","position":2,"name":"Aktiviteter"}]},{"@type":"WebSite","@id":"https:\/\/procivitas.se\/karlberg\/#website","url":"https:\/\/procivitas.se\/karlberg\/","name":"Karlberg","description":"Just another WordPress site","potentialAction":[{"@type":"SearchAction","target":{"@type":"EntryPoint","urlTemplate":"https:\/\/procivitas.se\/karlberg\/?s={search_term_string}"},"query-input":"required name=search_term_string"}],"inLanguage":"sv-SE"}]}},"_links":{"self":[{"href":"https:\/\/procivitas.se\/karlberg\/wp-json\/wp\/v2\/pages\/2445"}],"collection":[{"href":"https:\/\/procivitas.se\/karlberg\/wp-json\/wp\/v2\/pages"}],"about":[{"href":"https:\/\/procivitas.se\/karlberg\/wp-json\/wp\/v2\/types\/page"}],"author":[{"embeddable":true,"href":"https:\/\/procivitas.se\/karlberg\/wp-json\/wp\/v2\/users\/9"}],"replies":[{"embeddable":true,"href":"https:\/\/procivitas.se\/karlberg\/wp-json\/wp\/v2\/comments?post=2445"}],"version-history":[{"count":10,"href":"https:\/\/procivitas.se\/karlberg\/wp-json\/wp\/v2\/pages\/2445\/revisions"}],"predecessor-version":[{"id":3640,"href":"https:\/\/procivitas.se\/karlberg\/wp-json\/wp\/v2\/pages\/2445\/revisions\/3640"}],"wp:attachment":[{"href":"https:\/\/procivitas.se\/karlberg\/wp-json\/wp\/v2\/media?parent=2445"}],"curies":[{"name":"wp","href":"https:\/\/api.w.org\/{rel}","templated":true}]}}