{"id":3142,"date":"2024-06-25T15:22:29","date_gmt":"2024-06-25T13:22:29","guid":{"rendered":"https:\/\/procivitas.se\/karlberg\/?page_id=3142"},"modified":"2025-06-16T09:24:37","modified_gmt":"2025-06-16T07:24:37","slug":"ny-elev","status":"publish","type":"page","link":"https:\/\/procivitas.se\/karlberg\/ny-elev\/","title":{"rendered":"Varmt v\u00e4lkommen till ProCivitas Karlberg"},"content":{"rendered":"\n\t\n\t\n\t\n\n\t\n\t\n\t\t\n<section  class=\"c-block l-stacked  \" data-color-scheme=\"\">\n\t<div class=\"ams-fifty ams-fifty--container ams-fifty--right ams-fifty--bottom l-container u-pt-fluid-3xl-6xl u-pb-fluid-md-xl\">\n\t\t<div class=\"ams-fifty__content l-stack l-stack-xl is-left is-left@lg\">\n\t\t\t<div class=\"ams-fifty__text l-stack l-stack-lg\">\n\t\t\t\t\t\n\t<h1\n\tclass=\"c-heading u-font-title-1 \"\n\tstyle=\"\">\n\t\t\n\t\t\t\t\tVarmt v\u00e4lkommen till ProCivitas Karlberg\n\t\t\t\t\n\t<\/h1>\n\n\t\t\t\t\t\t\t\t\t<div class=\"text l-stack u-font-body\">\n\t\t\t\t\t\t<p>Hej du nya elev som ska b\u00f6rja hos oss p\u00e5 ProCivitas Karlberg! Du och dina v\u00e5rdnadshavare \u00e4r otroligt v\u00e4lkomna till oss, vad roligt att v\u00e5r skola \u00e4r ditt gymnasieval. Vi ser alla fram emot att f\u00e5 tr\u00e4ffa just dig p\u00e5 uppropet onsdagen den 13 augusti kl 10:00.<\/p>\n<p>Inf\u00f6r skolstarten s\u00e5 beh\u00f6ver vi f\u00e5 in nedan information fr\u00e5n dig som \u00e4r ny elev hos oss. Fyll i ett formul\u00e4r i taget, s\u00e5 \u00e4r du snart redo f\u00f6r gymnasiet. Alla formul\u00e4r beh\u00f6ver vara ifyllda senast torsdag 7\/8. Passa ocks\u00e5 p\u00e5 att l\u00e4sa v\u00e5r elevhandbok: <em>V\u00e4lkommen till ProCivitas Karlberg<\/em>, inf\u00f6r skolstarten. Den inneh\u00e5ller samlad information om v\u00e5ra rutiner p\u00e5 skolan som du nu beh\u00f6ver k\u00e4nna till. <a href=\"https:\/\/procivitas.se\/wp-content\/uploads\/sites\/4\/2024\/08\/valkommen-till-procivitas-karlberg-2024.pdf\">Du kan l\u00e4sa den H\u00c4R!<\/a><\/p>\n<p>Scrolla ned f\u00f6r att komma till formul\u00e4ren.<\/p>\n\n\t\t\t\t\t<\/div>\n\t\t\t\t\t\t\t<\/div>\n\n\t\t\t\t\t<\/div>\n\n\t\t <div class=\"ams-fifty__media u-ratio-landscape\">\n\t\t \t\t\t\t\t<img decoding=\"async\" width=\"600\" height=\"459\" src=\"https:\/\/procivitas.se\/wp-content\/uploads\/sites\/4\/2023\/10\/procivitas-var-skola-karlberg-202304-e1776338340487-600x459.jpg\" class=\"attachment-md size-md\" alt=\"Elever st\u00e5r och pratar i en korridor\" sizes=\"(min-width: 64em) 600px, calc(100vw - 160px)\" srcset=\"https:\/\/procivitas.se\/wp-content\/uploads\/sites\/4\/2023\/10\/procivitas-var-skola-karlberg-202304-e1776338340487-600x459.jpg 600w, https:\/\/procivitas.se\/wp-content\/uploads\/sites\/4\/2023\/10\/procivitas-var-skola-karlberg-202304-e1776338340487-300x229.jpg 300w, https:\/\/procivitas.se\/wp-content\/uploads\/sites\/4\/2023\/10\/procivitas-var-skola-karlberg-202304-e1776338340487-400x306.jpg 400w, https:\/\/procivitas.se\/wp-content\/uploads\/sites\/4\/2023\/10\/procivitas-var-skola-karlberg-202304-e1776338340487-800x612.jpg 800w, https:\/\/procivitas.se\/wp-content\/uploads\/sites\/4\/2023\/10\/procivitas-var-skola-karlberg-202304-e1776338340487-1024x783.jpg 1024w, https:\/\/procivitas.se\/wp-content\/uploads\/sites\/4\/2023\/10\/procivitas-var-skola-karlberg-202304-e1776338340487-1200x918.jpg 1200w, https:\/\/procivitas.se\/wp-content\/uploads\/sites\/4\/2023\/10\/procivitas-var-skola-karlberg-202304-e1776338340487.jpg 1785w\" \/>\n\t\t\t\n\t\t\t\n\t\t\t\t\t<\/div>\n\t<\/div>\n\n\t\t\n\n<\/section>\n\n\n\n\t\n\t\n\t\n\t\n\t\n\n<section \n\tclass=\"ams-hero ams-hero--classic ams-hero--default c-block l-stacked  \"\n\tdata-color-scheme=\"\"\n\tstyle=\"\">\n\t<div class=\"ams-hero__container u-items-center u-justify-center\">\n\t\t<div\n\t\t\tclass=\"ams-hero__content l-stack l-stack-xl is-left is-left@md\" >\n\t\t\t<div class=\"l-stack l-stack-lg\">\n\t\t\t\t\t\n\t<h2\n\tclass=\"c-heading u-font-title-1 \"\n\tstyle=\"\">\n\t\t<span>\n\t\t\t\t\tFormul\u00e4r att fylla i senast 7\/8:\n\t\t\t\t<\/span>\n\t<\/h2>\n\n\t\t\t\t\t\t\t\t\t<div class=\"text l-stack u-font-body\">\n\t\t\t\t\t\t<div class=\"gmail_default\"><a href=\"https:\/\/docs.google.com\/forms\/d\/e\/1FAIpQLSe26OukXOBpSkEna2x5Y9A4ATsBz6hIMZA8jA4DTXeiwvBmdw\/viewform?usp=header\" target=\"_blank\" rel=\"noopener\"><b>Ny elev p\u00e5 ProCivitas Karlberg 2025 &#8211; Klicka f\u00f6r att komma till formul\u00e4ret<\/b><\/a><\/div>\n<div class=\"gmail_default\">H\u00e4r fyller du som elev i kontaktuppgifter till dig och dina v\u00e5rdnadshavare. Vi\u00a0samlar in elev- och v\u00e5rdnadshavaruppgifter innan skolstart f\u00f6r att kunna n\u00e5 er med information, skicka digitala avtal samt skapa era konton i Schoolsoft.<\/div>\n<div class=\"gmail_default\"><\/div>\n<div class=\"gmail_default\"><a href=\"https:\/\/docs.google.com\/forms\/d\/e\/1FAIpQLSfdrt5L-MJD8KfUY76s9owZujBaFINoOCshG5CcJAra1Hl4-Q\/viewform?usp=header\" target=\"_blank\" rel=\"noopener\"><b>Val av skoldator &#8211; Klicka f\u00f6r att komma till formul\u00e4ret<\/b><\/a><\/div>\n<div class=\"gmail_default\">H\u00e4r fyller du som elev i vilken skoldator du \u00f6nskar anv\u00e4nda under dina tre \u00e5r hos oss.<\/div>\n<div class=\"gmail_default\"><\/div>\n<div class=\"gmail_default\"><a href=\"https:\/\/docs.google.com\/forms\/d\/e\/1FAIpQLSfEvIVAS72FneZ-nQgNQD6hUlu3fzVr_hg3iSUh24Q7t5pcSQ\/viewform?usp=header\" target=\"_blank\" rel=\"noopener\"><b>Specialkost &#8211; Klicka f\u00f6r att komma till formul\u00f6ret<\/b><\/a><\/div>\n<div class=\"gmail_default\">H\u00e4r fyller du som elev i om du \u00f6nskar anm\u00e4la allergier eller specialkost. Har du inga allergier beh\u00f6ver du inte fylla i filen.<\/div>\n<div><\/div>\n<div>\n<p><strong>Om du har n\u00e5gra fr\u00e5gor inf\u00f6r skolstarten kan du v\u00e4nda dig till skolans koordinator: malin.welin@procivitas.se.<\/strong><br \/>\n<strong>Vi ses snart!<\/strong><\/p>\n<\/div>\n\n\t\t\t\t\t<\/div>\n\t\t\t\t\t\t\t<\/div>\n\n\t\t\t\t\t<\/div>\n\t<\/div>\n\n\t\n\n<\/section>\n","protected":false},"excerpt":{"rendered":"","protected":false},"author":10,"featured_media":0,"parent":0,"menu_order":0,"comment_status":"closed","ping_status":"closed","template":"","meta":{"footnotes":""},"yoast_head":"<!-- This site is optimized with the Yoast SEO plugin v22.0 - https:\/\/yoast.com\/wordpress\/plugins\/seo\/ -->\n<title>Karlberg<\/title>\n<meta name=\"robots\" content=\"index, follow, max-snippet:-1, max-image-preview:large, max-video-preview:-1\" \/>\n<link rel=\"canonical\" href=\"https:\/\/procivitas.se\/karlberg\/ny-elev\/\" \/>\n<meta property=\"og:locale\" content=\"sv_SE\" \/>\n<meta property=\"og:type\" content=\"article\" \/>\n<meta property=\"og:url\" content=\"https:\/\/procivitas.se\/karlberg\/ny-elev\/\" \/>\n<meta property=\"og:site_name\" content=\"Karlberg\" \/>\n<meta property=\"article:modified_time\" content=\"2025-06-16T07:24:37+00:00\" \/>\n<meta name=\"twitter:card\" content=\"summary_large_image\" \/>\n<meta name=\"twitter:label1\" content=\"Est. reading time\" \/>\n\t<meta name=\"twitter:data1\" content=\"2 minuter\" \/>\n<script type=\"application\/ld+json\" class=\"yoast-schema-graph\">{\"@context\":\"https:\/\/schema.org\",\"@graph\":[{\"@type\":\"WebPage\",\"@id\":\"https:\/\/procivitas.se\/karlberg\/ny-elev\/\",\"url\":\"https:\/\/procivitas.se\/karlberg\/ny-elev\/\",\"name\":\"Varmt v\u00e4lkommen till ProCivitas Karlberg - Karlberg\",\"isPartOf\":{\"@id\":\"https:\/\/procivitas.se\/karlberg\/#website\"},\"datePublished\":\"2024-06-25T13:22:29+00:00\",\"dateModified\":\"2025-06-16T07:24:37+00:00\",\"breadcrumb\":{\"@id\":\"https:\/\/procivitas.se\/karlberg\/ny-elev\/#breadcrumb\"},\"inLanguage\":\"sv-SE\",\"potentialAction\":[{\"@type\":\"ReadAction\",\"target\":[\"https:\/\/procivitas.se\/karlberg\/ny-elev\/\"]}]},{\"@type\":\"BreadcrumbList\",\"@id\":\"https:\/\/procivitas.se\/karlberg\/ny-elev\/#breadcrumb\",\"itemListElement\":[{\"@type\":\"ListItem\",\"position\":1,\"name\":\"Start\",\"item\":\"https:\/\/procivitas.se\/karlberg\/\"},{\"@type\":\"ListItem\",\"position\":2,\"name\":\"Varmt v\u00e4lkommen till ProCivitas Karlberg\"}]},{\"@type\":\"WebSite\",\"@id\":\"https:\/\/procivitas.se\/karlberg\/#website\",\"url\":\"https:\/\/procivitas.se\/karlberg\/\",\"name\":\"Karlberg\",\"description\":\"Just another WordPress site\",\"potentialAction\":[{\"@type\":\"SearchAction\",\"target\":{\"@type\":\"EntryPoint\",\"urlTemplate\":\"https:\/\/procivitas.se\/karlberg\/?s={search_term_string}\"},\"query-input\":\"required name=search_term_string\"}],\"inLanguage\":\"sv-SE\"}]}<\/script>\n<!-- \/ Yoast SEO plugin. -->","yoast_head_json":{"title":"Karlberg","robots":{"index":"index","follow":"follow","max-snippet":"max-snippet:-1","max-image-preview":"max-image-preview:large","max-video-preview":"max-video-preview:-1"},"canonical":"https:\/\/procivitas.se\/karlberg\/ny-elev\/","og_locale":"sv_SE","og_type":"article","og_url":"https:\/\/procivitas.se\/karlberg\/ny-elev\/","og_site_name":"Karlberg","article_modified_time":"2025-06-16T07:24:37+00:00","twitter_card":"summary_large_image","twitter_misc":{"Est. reading time":"2 minuter"},"schema":{"@context":"https:\/\/schema.org","@graph":[{"@type":"WebPage","@id":"https:\/\/procivitas.se\/karlberg\/ny-elev\/","url":"https:\/\/procivitas.se\/karlberg\/ny-elev\/","name":"Varmt v\u00e4lkommen till ProCivitas Karlberg - Karlberg","isPartOf":{"@id":"https:\/\/procivitas.se\/karlberg\/#website"},"datePublished":"2024-06-25T13:22:29+00:00","dateModified":"2025-06-16T07:24:37+00:00","breadcrumb":{"@id":"https:\/\/procivitas.se\/karlberg\/ny-elev\/#breadcrumb"},"inLanguage":"sv-SE","potentialAction":[{"@type":"ReadAction","target":["https:\/\/procivitas.se\/karlberg\/ny-elev\/"]}]},{"@type":"BreadcrumbList","@id":"https:\/\/procivitas.se\/karlberg\/ny-elev\/#breadcrumb","itemListElement":[{"@type":"ListItem","position":1,"name":"Start","item":"https:\/\/procivitas.se\/karlberg\/"},{"@type":"ListItem","position":2,"name":"Varmt v\u00e4lkommen till ProCivitas Karlberg"}]},{"@type":"WebSite","@id":"https:\/\/procivitas.se\/karlberg\/#website","url":"https:\/\/procivitas.se\/karlberg\/","name":"Karlberg","description":"Just another WordPress site","potentialAction":[{"@type":"SearchAction","target":{"@type":"EntryPoint","urlTemplate":"https:\/\/procivitas.se\/karlberg\/?s={search_term_string}"},"query-input":"required name=search_term_string"}],"inLanguage":"sv-SE"}]}},"_links":{"self":[{"href":"https:\/\/procivitas.se\/karlberg\/wp-json\/wp\/v2\/pages\/3142"}],"collection":[{"href":"https:\/\/procivitas.se\/karlberg\/wp-json\/wp\/v2\/pages"}],"about":[{"href":"https:\/\/procivitas.se\/karlberg\/wp-json\/wp\/v2\/types\/page"}],"author":[{"embeddable":true,"href":"https:\/\/procivitas.se\/karlberg\/wp-json\/wp\/v2\/users\/10"}],"replies":[{"embeddable":true,"href":"https:\/\/procivitas.se\/karlberg\/wp-json\/wp\/v2\/comments?post=3142"}],"version-history":[{"count":10,"href":"https:\/\/procivitas.se\/karlberg\/wp-json\/wp\/v2\/pages\/3142\/revisions"}],"predecessor-version":[{"id":3371,"href":"https:\/\/procivitas.se\/karlberg\/wp-json\/wp\/v2\/pages\/3142\/revisions\/3371"}],"wp:attachment":[{"href":"https:\/\/procivitas.se\/karlberg\/wp-json\/wp\/v2\/media?parent=3142"}],"curies":[{"name":"wp","href":"https:\/\/api.w.org\/{rel}","templated":true}]}}