{"id":2286,"date":"2023-10-26T15:08:24","date_gmt":"2023-10-26T13:08:24","guid":{"rendered":"https:\/\/procivitas.se\/lund\/?page_id=2286"},"modified":"2026-04-02T11:52:21","modified_gmt":"2026-04-02T09:52:21","slug":"forskning-och-framgangar-naturvetare","status":"publish","type":"page","link":"https:\/\/procivitas.se\/lund\/var-skola\/forskning-och-framgangar-naturvetare\/","title":{"rendered":"Forskning och framg\u00e5ngar"},"content":{"rendered":"\n\t\n\t\n\t\n\t\n\t\n\n<section \n\tclass=\"ams-hero ams-hero--classic ams-hero--default c-block l-stacked heading-decor \"\n\tdata-color-scheme=\"blue\"\n\tstyle=\"\">\n\t<div class=\"ams-hero__container u-items-center u-justify-center\">\n\t\t<div\n\t\t\tclass=\"ams-hero__content l-stack l-stack-xl is-center is-center@md\" >\n\t\t\t<div class=\"l-stack l-stack-lg\">\n\t\t\t\t\t\n\t<h1\n\tclass=\"c-heading u-font-large \"\n\tstyle=\"\">\n\t\t<span>\n\t\t\t\t\tForskning och framg\u00e5ngar\n\t\t\t\t<\/span>\n\t<\/h1>\n\n\t\t\t\t\t\t\t\t\t<div class=\"text l-stack u-font-preamble\">\n\t\t\t\t\t\t<p>P\u00e5 ProCivitas uppmuntrar vi eleverna till att samarbeta med olika akt\u00f6rer i samh\u00e4llet. Det sker dels i projekt d\u00e4r elever som vill f\u00f6rdjupa sig inom sitt intresseomr\u00e5de samarbetar med andra organisationer. Ett exempel p\u00e5 detta \u00e4r v\u00e5ra elevers deltagande i de nationella forskarskolorna RAYS och Karolinska Institutets sommarforskarskola.<\/p>\n\n\t\t\t\t\t<\/div>\n\t\t\t\t\t\t\t<\/div>\n\n\t\t\t\t\t<\/div>\n\t<\/div>\n\n\t\n\n<\/section>\n\n\n\n\t\n\t\n\t\n\n\t\n\t\n\t\t\n<section  class=\"c-block l-stacked  \" data-color-scheme=\"white\">\n\t<div class=\"ams-fifty ams-fifty--container ams-fifty--left ams-fifty--top l-container u-pt-fluid-3xl-6xl u-pb-fluid-3xl-6xl\">\n\t\t<div class=\"ams-fifty__content l-stack l-stack-xl is-left is-left@lg\">\n\t\t\t<div class=\"ams-fifty__text l-stack l-stack-lg\">\n\t\t\t\t\t\n\t<h2\n\tclass=\"c-heading u-font-title-1 \"\n\tstyle=\"\">\n\t\t\n\t\t\t\t\tSonja Kovalevsky-dagarna\n\t\t\t\t\n\t<\/h2>\n\n\t\t\t\t\t\t\t\t\t<div class=\"text l-stack u-font-body\">\n\t\t\t\t\t\t<p>Varje \u00e5r skickar ProCivitas i Lund iv\u00e4g elever p\u00e5 olika utmaningar. Svenska nationalkommitt\u00e9n f\u00f6r matematik anordnar Sonja Kovalevsky-dagarna och \u00e5rligen har vi elever som deltar. Dagarna arrangeras f\u00f6r att \u00f6ka intresset f\u00f6r matematikstudier bland ungdomar. Under Sonja Kovalevsky-dagarna f\u00e5r eleverna ta del av en sp\u00e4nnande och inspirerande blandning av f\u00f6redrag, workshops, probleml\u00f6sning och social samvaro med god mat. Det kommer nationella och internationella f\u00f6rel\u00e4sare fr\u00e5n b\u00e5de universitetet och n\u00e4ringsliv.<\/p>\n\n\t\t\t\t\t<\/div>\n\t\t\t\t\t\t\t<\/div>\n\n\t\t\t\t\t<\/div>\n\n\t\t <div class=\"ams-fifty__media u-ratio-square\">\n\t\t \t\t\t\t\t<img decoding=\"async\" width=\"600\" height=\"400\" src=\"https:\/\/procivitas.se\/wp-content\/uploads\/sites\/5\/2023\/10\/pro-natsam-lund-600x400.jpeg\" class=\"attachment-md size-md\" alt=\"Elever med vita rockar och skyddsglas\u00f6gon\" sizes=\"(min-width: 64em) 600px, calc(100vw - 160px)\" srcset=\"https:\/\/procivitas.se\/wp-content\/uploads\/sites\/5\/2023\/10\/pro-natsam-lund-600x400.jpeg 600w, https:\/\/procivitas.se\/wp-content\/uploads\/sites\/5\/2023\/10\/pro-natsam-lund-300x200.jpeg 300w, https:\/\/procivitas.se\/wp-content\/uploads\/sites\/5\/2023\/10\/pro-natsam-lund-400x267.jpeg 400w, https:\/\/procivitas.se\/wp-content\/uploads\/sites\/5\/2023\/10\/pro-natsam-lund-800x534.jpeg 800w, https:\/\/procivitas.se\/wp-content\/uploads\/sites\/5\/2023\/10\/pro-natsam-lund-1024x683.jpeg 1024w, https:\/\/procivitas.se\/wp-content\/uploads\/sites\/5\/2023\/10\/pro-natsam-lund-1200x801.jpeg 1200w, https:\/\/procivitas.se\/wp-content\/uploads\/sites\/5\/2023\/10\/pro-natsam-lund.jpeg 1280w\" \/>\n\t\t\t\n\t\t\t\n\t\t\t\t\t<\/div>\n\t<\/div>\n\n\t\t\n\n<\/section>\n\n\n\n\t\n\t\n\t\n\n\t\n\t\n\t\t\n<section  class=\"c-block l-stacked  \" data-color-scheme=\"white\">\n\t<div class=\"ams-fifty ams-fifty--container ams-fifty--right ams-fifty--top l-container u-pt-fluid-3xl-6xl u-pb-fluid-3xl-6xl\">\n\t\t<div class=\"ams-fifty__content l-stack l-stack-xl is-left is-left@lg\">\n\t\t\t<div class=\"ams-fifty__text l-stack l-stack-lg\">\n\t\t\t\t\t\n\t<h2\n\tclass=\"c-heading u-font-title-1 \"\n\tstyle=\"\">\n\t\t\n\t\t\t\t\tLise Meitner-dagarna\n\t\t\t\t\n\t<\/h2>\n\n\t\t\t\t\t\t\t\t\t<div class=\"text l-stack u-font-body\">\n\t\t\t\t\t\t<p>Till Lise Meitner-dagarna som \u00e4r en \u00e5rligen \u00e5terkommande konferens f\u00f6r fysikintresserade gymnasieelever skickar vi \u00e5rligen elever. Konferensens m\u00e5l \u00e4r att l\u00e5ta ungdomar, under tv\u00e5 dagar, m\u00f6ta aktuell och intressant fysik i \u00e4mnets hela bredd, och d\u00e4rigenom f\u00e5 en \u00f6kad f\u00f6rst\u00e5else f\u00f6r fysikens roll och m\u00f6jligheter. Det l\u00e5ngsiktiga syftet \u00e4r att \u00f6ka intresset f\u00f6r fysik\u00e4mnet och att stimulera fler elever att g\u00e5 vidare till naturvetenskapliga och tekniska h\u00f6gskoleutbildningar.<\/p>\n\n\t\t\t\t\t<\/div>\n\t\t\t\t\t\t\t<\/div>\n\n\t\t\t\t\t<\/div>\n\n\t\t <div class=\"ams-fifty__media u-ratio-square\">\n\t\t \t\t\t\t\t<img decoding=\"async\" width=\"600\" height=\"400\" src=\"https:\/\/procivitas.se\/wp-content\/uploads\/sites\/5\/2023\/10\/pro-natnat-lund-600x400.jpeg\" class=\"attachment-md size-md\" alt=\"Elever med vita rockar och skyddsglas\u00f6gon\" sizes=\"(min-width: 64em) 600px, calc(100vw - 160px)\" srcset=\"https:\/\/procivitas.se\/wp-content\/uploads\/sites\/5\/2023\/10\/pro-natnat-lund-600x400.jpeg 600w, https:\/\/procivitas.se\/wp-content\/uploads\/sites\/5\/2023\/10\/pro-natnat-lund-300x200.jpeg 300w, https:\/\/procivitas.se\/wp-content\/uploads\/sites\/5\/2023\/10\/pro-natnat-lund-400x267.jpeg 400w, https:\/\/procivitas.se\/wp-content\/uploads\/sites\/5\/2023\/10\/pro-natnat-lund-800x534.jpeg 800w, https:\/\/procivitas.se\/wp-content\/uploads\/sites\/5\/2023\/10\/pro-natnat-lund-1024x683.jpeg 1024w, https:\/\/procivitas.se\/wp-content\/uploads\/sites\/5\/2023\/10\/pro-natnat-lund-1200x801.jpeg 1200w, https:\/\/procivitas.se\/wp-content\/uploads\/sites\/5\/2023\/10\/pro-natnat-lund.jpeg 1280w\" \/>\n\t\t\t\n\t\t\t\n\t\t\t\t\t<\/div>\n\t<\/div>\n\n\t\t\n\n\t<div class=\"c-overlay\" style=\"--overlay-bg: #FFFFF4;\"><\/div>\n<\/section>\n\n\n\n\n<section  class=\"ams-cta ams-cta--stacked c-block l-stacked heading-decor\" data-color-scheme=\"blue\">\n\t<div class=\"l-container l-stack l-stack-fluid-2xl u-pt-fluid-3xl-6xl u-pb-fluid-3xl-6xl is-center is-center@md\">\n\t\t\t\t\t<div class=\"ams-cta__intro l-stack l-stack-lg\">\n\t\t\t\t\t\n\t<h2\n\tclass=\"c-heading u-font-title-1 \"\n\tstyle=\"\">\n\t\t\n\t\t\t\t\t\u00d6ppet hus\n\t\t\t\t\n\t<\/h2>\n\n\t\t\t\t\t\t\t\t\t<div class=\"c-text l-stack u-cs-xl u-font-preamble\">\n\t\t\t\t\t\t<p><em>Ta chansen och bes\u00f6k v\u00e5r skola under ett \u00d6ppet hus. Prata med elever och l\u00e4rare, se dig omkring i v\u00e5ra fina lokaler och f\u00e5 svar p\u00e5 alla dina fr\u00e5gor och funderingar inf\u00f6r ditt gymnasieval.\u00a0<\/em><\/p>\n\n\t\t\t\t\t<\/div>\n\t\t\t\t\t\t\t<\/div>\n\t\t\n\t\t\n\t\t\t<div class=\"ams-cta__action u-inline-items\">\n\t\t\t\t\t\t\t\n\n\n<a href=\"https:\/\/procivitas.se\/lund\/oppet-hus\"\n\t\n\tclass=\"c-btn \"\n\tdata-style=\"rounded\"\n\tdata-size=\"md\"\n\tdata-width=\"full-mobile\"\n\tdata-variant=\"default\"\n\ttarget=\"_self\">\n\t\t\t<span class=\"label\"> Bes\u00f6k \u00d6ppet hus <\/span>\n\t\t\t<\/a>\n\t\t\t<\/div>\n\t<\/div>\n\n\t\t\n\t\t\t\n\t\t\t\t\t\t\t\n\t\t\t\t<div class=\"c-bg c-bg--img\" data-settings=\"{&quot;desktop_settings&quot;:{&quot;size&quot;:&quot;cover&quot;,&quot;position&quot;:&quot;middle-center&quot;},&quot;mobile_settings&quot;:{&quot;size&quot;:&quot;cover&quot;,&quot;position&quot;:&quot;middle-center&quot;}}\" data-position=\"middle-center\" data-size=\"cover\">\n\t\t\t\n\t\t<\/div>\n\t\n<\/section>\n","protected":false},"excerpt":{"rendered":"","protected":false},"author":10,"featured_media":0,"parent":412,"menu_order":0,"comment_status":"closed","ping_status":"closed","template":"","meta":{"footnotes":""},"yoast_head":"<!-- This site is optimized with the Yoast SEO plugin v22.0 - https:\/\/yoast.com\/wordpress\/plugins\/seo\/ -->\n<title>Forskning och framg\u00e5ngar - ProCivitas Privata Gymnasium Lund<\/title>\n<meta name=\"description\" content=\"Varje \u00e5r skickar ProCivitas i Lund iv\u00e4g elever p\u00e5 olika utmaningar. Bland annat till Lise Meitner-dagarna och Sonja Kovalevsky-dagarna.\" \/>\n<meta name=\"robots\" content=\"index, follow, max-snippet:-1, max-image-preview:large, max-video-preview:-1\" \/>\n<link rel=\"canonical\" href=\"https:\/\/procivitas.se\/lund\/var-skola\/forskning-och-framgangar-naturvetare\/\" \/>\n<meta property=\"og:locale\" content=\"sv_SE\" \/>\n<meta property=\"og:type\" content=\"article\" \/>\n<meta property=\"og:title\" content=\"Forskning och framg\u00e5ngar - ProCivitas Privata Gymnasium Lund\" \/>\n<meta property=\"og:description\" content=\"Varje \u00e5r skickar ProCivitas i Lund iv\u00e4g elever p\u00e5 olika utmaningar. Bland annat till Lise Meitner-dagarna och Sonja Kovalevsky-dagarna.\" \/>\n<meta property=\"og:url\" content=\"https:\/\/procivitas.se\/lund\/var-skola\/forskning-och-framgangar-naturvetare\/\" \/>\n<meta property=\"og:site_name\" content=\"Lund\" \/>\n<meta property=\"article:modified_time\" content=\"2026-04-02T09:52:21+00:00\" \/>\n<meta name=\"twitter:card\" content=\"summary_large_image\" \/>\n<meta name=\"twitter:title\" content=\"Forskning och framg\u00e5ngar - ProCivitas Privata Gymnasium Lund\" \/>\n<meta name=\"twitter:description\" content=\"Varje \u00e5r skickar ProCivitas i Lund iv\u00e4g elever p\u00e5 olika utmaningar. Bland annat till Lise Meitner-dagarna och Sonja Kovalevsky-dagarna.\" \/>\n<meta name=\"twitter:label1\" content=\"Est. reading time\" \/>\n\t<meta name=\"twitter:data1\" content=\"2 minuter\" \/>\n<script type=\"application\/ld+json\" class=\"yoast-schema-graph\">{\"@context\":\"https:\/\/schema.org\",\"@graph\":[{\"@type\":\"WebPage\",\"@id\":\"https:\/\/procivitas.se\/lund\/var-skola\/forskning-och-framgangar-naturvetare\/\",\"url\":\"https:\/\/procivitas.se\/lund\/var-skola\/forskning-och-framgangar-naturvetare\/\",\"name\":\"Forskning och framg\u00e5ngar - ProCivitas Privata Gymnasium Lund\",\"isPartOf\":{\"@id\":\"https:\/\/procivitas.se\/lund\/#website\"},\"datePublished\":\"2023-10-26T13:08:24+00:00\",\"dateModified\":\"2026-04-02T09:52:21+00:00\",\"description\":\"Varje \u00e5r skickar ProCivitas i Lund iv\u00e4g elever p\u00e5 olika utmaningar. Bland annat till Lise Meitner-dagarna och Sonja Kovalevsky-dagarna.\",\"breadcrumb\":{\"@id\":\"https:\/\/procivitas.se\/lund\/var-skola\/forskning-och-framgangar-naturvetare\/#breadcrumb\"},\"inLanguage\":\"sv-SE\",\"potentialAction\":[{\"@type\":\"ReadAction\",\"target\":[\"https:\/\/procivitas.se\/lund\/var-skola\/forskning-och-framgangar-naturvetare\/\"]}]},{\"@type\":\"BreadcrumbList\",\"@id\":\"https:\/\/procivitas.se\/lund\/var-skola\/forskning-och-framgangar-naturvetare\/#breadcrumb\",\"itemListElement\":[{\"@type\":\"ListItem\",\"position\":1,\"name\":\"Start\",\"item\":\"https:\/\/procivitas.se\/lund\/\"},{\"@type\":\"ListItem\",\"position\":2,\"name\":\"V\u00e5r skola\",\"item\":\"https:\/\/procivitas.se\/lund\/var-skola\/\"},{\"@type\":\"ListItem\",\"position\":3,\"name\":\"Forskning och framg\u00e5ngar\"}]},{\"@type\":\"WebSite\",\"@id\":\"https:\/\/procivitas.se\/lund\/#website\",\"url\":\"https:\/\/procivitas.se\/lund\/\",\"name\":\"Lund\",\"description\":\"Just another WordPress site\",\"potentialAction\":[{\"@type\":\"SearchAction\",\"target\":{\"@type\":\"EntryPoint\",\"urlTemplate\":\"https:\/\/procivitas.se\/lund\/?s={search_term_string}\"},\"query-input\":\"required name=search_term_string\"}],\"inLanguage\":\"sv-SE\"}]}<\/script>\n<!-- \/ Yoast SEO plugin. -->","yoast_head_json":{"title":"Forskning och framg\u00e5ngar - ProCivitas Privata Gymnasium Lund","description":"Varje \u00e5r skickar ProCivitas i Lund iv\u00e4g elever p\u00e5 olika utmaningar. Bland annat till Lise Meitner-dagarna och Sonja Kovalevsky-dagarna.","robots":{"index":"index","follow":"follow","max-snippet":"max-snippet:-1","max-image-preview":"max-image-preview:large","max-video-preview":"max-video-preview:-1"},"canonical":"https:\/\/procivitas.se\/lund\/var-skola\/forskning-och-framgangar-naturvetare\/","og_locale":"sv_SE","og_type":"article","og_title":"Forskning och framg\u00e5ngar - ProCivitas Privata Gymnasium Lund","og_description":"Varje \u00e5r skickar ProCivitas i Lund iv\u00e4g elever p\u00e5 olika utmaningar. Bland annat till Lise Meitner-dagarna och Sonja Kovalevsky-dagarna.","og_url":"https:\/\/procivitas.se\/lund\/var-skola\/forskning-och-framgangar-naturvetare\/","og_site_name":"Lund","article_modified_time":"2026-04-02T09:52:21+00:00","twitter_card":"summary_large_image","twitter_title":"Forskning och framg\u00e5ngar - ProCivitas Privata Gymnasium Lund","twitter_description":"Varje \u00e5r skickar ProCivitas i Lund iv\u00e4g elever p\u00e5 olika utmaningar. Bland annat till Lise Meitner-dagarna och Sonja Kovalevsky-dagarna.","twitter_misc":{"Est. reading time":"2 minuter"},"schema":{"@context":"https:\/\/schema.org","@graph":[{"@type":"WebPage","@id":"https:\/\/procivitas.se\/lund\/var-skola\/forskning-och-framgangar-naturvetare\/","url":"https:\/\/procivitas.se\/lund\/var-skola\/forskning-och-framgangar-naturvetare\/","name":"Forskning och framg\u00e5ngar - ProCivitas Privata Gymnasium Lund","isPartOf":{"@id":"https:\/\/procivitas.se\/lund\/#website"},"datePublished":"2023-10-26T13:08:24+00:00","dateModified":"2026-04-02T09:52:21+00:00","description":"Varje \u00e5r skickar ProCivitas i Lund iv\u00e4g elever p\u00e5 olika utmaningar. Bland annat till Lise Meitner-dagarna och Sonja Kovalevsky-dagarna.","breadcrumb":{"@id":"https:\/\/procivitas.se\/lund\/var-skola\/forskning-och-framgangar-naturvetare\/#breadcrumb"},"inLanguage":"sv-SE","potentialAction":[{"@type":"ReadAction","target":["https:\/\/procivitas.se\/lund\/var-skola\/forskning-och-framgangar-naturvetare\/"]}]},{"@type":"BreadcrumbList","@id":"https:\/\/procivitas.se\/lund\/var-skola\/forskning-och-framgangar-naturvetare\/#breadcrumb","itemListElement":[{"@type":"ListItem","position":1,"name":"Start","item":"https:\/\/procivitas.se\/lund\/"},{"@type":"ListItem","position":2,"name":"V\u00e5r skola","item":"https:\/\/procivitas.se\/lund\/var-skola\/"},{"@type":"ListItem","position":3,"name":"Forskning och framg\u00e5ngar"}]},{"@type":"WebSite","@id":"https:\/\/procivitas.se\/lund\/#website","url":"https:\/\/procivitas.se\/lund\/","name":"Lund","description":"Just another WordPress site","potentialAction":[{"@type":"SearchAction","target":{"@type":"EntryPoint","urlTemplate":"https:\/\/procivitas.se\/lund\/?s={search_term_string}"},"query-input":"required name=search_term_string"}],"inLanguage":"sv-SE"}]}},"_links":{"self":[{"href":"https:\/\/procivitas.se\/lund\/wp-json\/wp\/v2\/pages\/2286"}],"collection":[{"href":"https:\/\/procivitas.se\/lund\/wp-json\/wp\/v2\/pages"}],"about":[{"href":"https:\/\/procivitas.se\/lund\/wp-json\/wp\/v2\/types\/page"}],"author":[{"embeddable":true,"href":"https:\/\/procivitas.se\/lund\/wp-json\/wp\/v2\/users\/10"}],"replies":[{"embeddable":true,"href":"https:\/\/procivitas.se\/lund\/wp-json\/wp\/v2\/comments?post=2286"}],"version-history":[{"count":10,"href":"https:\/\/procivitas.se\/lund\/wp-json\/wp\/v2\/pages\/2286\/revisions"}],"predecessor-version":[{"id":3690,"href":"https:\/\/procivitas.se\/lund\/wp-json\/wp\/v2\/pages\/2286\/revisions\/3690"}],"up":[{"embeddable":true,"href":"https:\/\/procivitas.se\/lund\/wp-json\/wp\/v2\/pages\/412"}],"wp:attachment":[{"href":"https:\/\/procivitas.se\/lund\/wp-json\/wp\/v2\/media?parent=2286"}],"curies":[{"name":"wp","href":"https:\/\/api.w.org\/{rel}","templated":true}]}}