{"id":2302,"date":"2023-10-26T15:34:27","date_gmt":"2023-10-26T13:34:27","guid":{"rendered":"https:\/\/procivitas.se\/lund\/?page_id=2302"},"modified":"2026-04-02T11:51:37","modified_gmt":"2026-04-02T09:51:37","slug":"aktiviteter","status":"publish","type":"page","link":"https:\/\/procivitas.se\/lund\/var-skola\/aktiviteter\/","title":{"rendered":"H\u00f6gtider och aktiviteter"},"content":{"rendered":"\n\t\n\t\n\t\n\n\t\n\t\n\t\t\n<section  class=\"c-block l-stacked  \" data-color-scheme=\"white\">\n\t<div class=\"ams-fifty ams-fifty--container ams-fifty--left ams-fifty--top l-container u-pt-fluid-3xl-6xl u-pb-fluid-3xl-6xl\">\n\t\t<div class=\"ams-fifty__content l-stack l-stack-xl is-left is-left@lg\">\n\t\t\t<div class=\"ams-fifty__text l-stack l-stack-lg\">\n\t\t\t\t\t\n\t<h1\n\tclass=\"c-heading u-font-title-1 \"\n\tstyle=\"\">\n\t\t\n\t\t\t\t\tH\u00f6gtider och aktiviteter\n\t\t\t\t\n\t<\/h1>\n\n\t\t\t\t\t\t\t\t\t<div class=\"text l-stack u-font-body\">\n\t\t\t\t\t\t<p>En bra skola \u00e4r s\u00e5 mycket mer \u00e4n det som sker under lektionerna. P\u00e5 ProCivitas satsar vi h\u00e5rt p\u00e5 att ge m\u00f6jligheter till s\u00e5v\u00e4l nytta som n\u00f6je under skoltiden.<\/p>\n<p>Under din f\u00f6rsta termin p\u00e5 skolan f\u00e5r du \u00e5ka p\u00e5 teambildning med dina klasskamrater, den fantastiska insparksfesten Grand Deluxe p\u00e5 anrika Grand hotell i Lund samt m\u00e5nga roliga aktiviteter med k\u00e5ren.<\/p>\n<p>Under skol\u00e5ret arrangerar vi m\u00e5nga v\u00e4lbes\u00f6kta aktiviteter s\u00e5som biokv\u00e4llar, temadagar, studieresor, klasstr\u00e4ffar med mera. En hel del av aktiviteterna har blivit s\u00e5 uppskattade att de blivit traditioner s\u00e5som idrottst\u00e4vlingar, studentbalen p\u00e5 Grand i Lund och mycket annat.<\/p>\n<p>&nbsp;<\/p>\n\n\t\t\t\t\t<\/div>\n\t\t\t\t\t\t\t<\/div>\n\n\t\t\t\t\t<\/div>\n\n\t\t <div class=\"ams-fifty__media u-ratio-square\">\n\t\t \t\t\t\t\t<img decoding=\"async\" width=\"600\" height=\"400\" src=\"https:\/\/procivitas.se\/wp-content\/uploads\/sites\/5\/2025\/06\/profotograferinglund202503-202903webb5016-600x400.jpg\" class=\"attachment-md size-md\" alt=\"Elev spelar spel p\u00e5 rasten.\" sizes=\"(min-width: 64em) 600px, calc(100vw - 160px)\" srcset=\"https:\/\/procivitas.se\/wp-content\/uploads\/sites\/5\/2025\/06\/profotograferinglund202503-202903webb5016-600x400.jpg 600w, https:\/\/procivitas.se\/wp-content\/uploads\/sites\/5\/2025\/06\/profotograferinglund202503-202903webb5016-300x200.jpg 300w, https:\/\/procivitas.se\/wp-content\/uploads\/sites\/5\/2025\/06\/profotograferinglund202503-202903webb5016-400x267.jpg 400w, https:\/\/procivitas.se\/wp-content\/uploads\/sites\/5\/2025\/06\/profotograferinglund202503-202903webb5016-800x533.jpg 800w, https:\/\/procivitas.se\/wp-content\/uploads\/sites\/5\/2025\/06\/profotograferinglund202503-202903webb5016-1024x683.jpg 1024w, https:\/\/procivitas.se\/wp-content\/uploads\/sites\/5\/2025\/06\/profotograferinglund202503-202903webb5016.jpg 1200w\" \/>\n\t\t\t\n\t\t\t\n\t\t\t\t\t<\/div>\n\t<\/div>\n\n\t\t\n\n<\/section>\n\n\n\n\n<section  class=\"ams-cta ams-cta--stacked c-block l-stacked heading-decor\" data-color-scheme=\"blue\">\n\t<div class=\"l-container l-stack l-stack-fluid-2xl u-pt-fluid-3xl-6xl u-pb-fluid-3xl-6xl is-center is-center@md\">\n\t\t\t\t\t<div class=\"ams-cta__intro l-stack l-stack-lg\">\n\t\t\t\t\t\n\t<h2\n\tclass=\"c-heading u-font-title-1 \"\n\tstyle=\"\">\n\t\t\n\t\t\t\t\t\u00d6ppet hus\n\t\t\t\t\n\t<\/h2>\n\n\t\t\t\t\t\t\t\t\t<div class=\"c-text l-stack u-cs-xl u-font-preamble\">\n\t\t\t\t\t\t<p>Ta chansen och bes\u00f6k v\u00e5r skola under ett \u00d6ppet hus. Prata med elever och l\u00e4rare, se dig omkring i v\u00e5ra fina lokaler och f\u00e5 svar p\u00e5 alla dina fr\u00e5gor och funderingar inf\u00f6r ditt gymnasieval.<\/p>\n\n\t\t\t\t\t<\/div>\n\t\t\t\t\t\t\t<\/div>\n\t\t\n\t\t\n\t\t\t<div class=\"ams-cta__action u-inline-items\">\n\t\t\t\t\t\t\t\n\n\n<a href=\"https:\/\/procivitas.se\/lund\/oppet-hus\"\n\t\n\tclass=\"c-btn \"\n\tdata-style=\"rounded\"\n\tdata-size=\"md\"\n\tdata-width=\"full-mobile\"\n\tdata-variant=\"default\"\n\ttarget=\"_self\">\n\t\t\t<span class=\"label\"> Bes\u00f6k \u00d6ppet hus <\/span>\n\t\t\t<\/a>\n\t\t\t<\/div>\n\t<\/div>\n\n\t\t\n\t\t\t\n\t\t\t\t\t\t\t\n\t\t\t\t<div class=\"c-bg c-bg--img\" data-settings=\"{&quot;desktop_settings&quot;:{&quot;size&quot;:&quot;cover&quot;,&quot;position&quot;:&quot;middle-center&quot;},&quot;mobile_settings&quot;:{&quot;size&quot;:&quot;cover&quot;,&quot;position&quot;:&quot;middle-center&quot;}}\" data-position=\"middle-center\" data-size=\"cover\">\n\t\t\t\n\t\t<\/div>\n\t\n<\/section>\n","protected":false},"excerpt":{"rendered":"","protected":false},"author":10,"featured_media":0,"parent":412,"menu_order":0,"comment_status":"closed","ping_status":"closed","template":"","meta":{"footnotes":""},"yoast_head":"<!-- This site is optimized with the Yoast SEO plugin v22.0 - https:\/\/yoast.com\/wordpress\/plugins\/seo\/ -->\n<title>H\u00f6gtider och aktiviteter - ProCivitas Privata Gymnasium Lund<\/title>\n<meta name=\"description\" content=\"ProCivitas l\u00e4gger stor vikt vid \u00e5rets h\u00f6gtider som exempelvis Lucia, julavslutning och studentexamen\" \/>\n<meta name=\"robots\" content=\"index, follow, max-snippet:-1, max-image-preview:large, max-video-preview:-1\" \/>\n<link rel=\"canonical\" href=\"https:\/\/procivitas.se\/lund\/var-skola\/aktiviteter\/\" \/>\n<meta property=\"og:locale\" content=\"sv_SE\" \/>\n<meta property=\"og:type\" content=\"article\" \/>\n<meta property=\"og:title\" content=\"H\u00f6gtider och aktiviteter - ProCivitas Privata Gymnasium Lund\" \/>\n<meta property=\"og:description\" content=\"ProCivitas l\u00e4gger stor vikt vid \u00e5rets h\u00f6gtider som exempelvis Lucia, julavslutning och studentexamen\" \/>\n<meta property=\"og:url\" content=\"https:\/\/procivitas.se\/lund\/var-skola\/aktiviteter\/\" \/>\n<meta property=\"og:site_name\" content=\"Lund\" \/>\n<meta property=\"article:modified_time\" content=\"2026-04-02T09:51:37+00:00\" \/>\n<meta name=\"twitter:card\" content=\"summary_large_image\" \/>\n<meta name=\"twitter:title\" content=\"H\u00f6gtider och aktiviteter - ProCivitas Privata Gymnasium Lund\" \/>\n<meta name=\"twitter:description\" content=\"ProCivitas l\u00e4gger stor vikt vid \u00e5rets h\u00f6gtider som exempelvis Lucia, julavslutning och studentexamen\" \/>\n<meta name=\"twitter:label1\" content=\"Est. reading time\" \/>\n\t<meta name=\"twitter:data1\" content=\"1 minut\" \/>\n<script type=\"application\/ld+json\" class=\"yoast-schema-graph\">{\"@context\":\"https:\/\/schema.org\",\"@graph\":[{\"@type\":\"WebPage\",\"@id\":\"https:\/\/procivitas.se\/lund\/var-skola\/aktiviteter\/\",\"url\":\"https:\/\/procivitas.se\/lund\/var-skola\/aktiviteter\/\",\"name\":\"H\u00f6gtider och aktiviteter - ProCivitas Privata Gymnasium Lund\",\"isPartOf\":{\"@id\":\"https:\/\/procivitas.se\/lund\/#website\"},\"datePublished\":\"2023-10-26T13:34:27+00:00\",\"dateModified\":\"2026-04-02T09:51:37+00:00\",\"description\":\"ProCivitas l\u00e4gger stor vikt vid \u00e5rets h\u00f6gtider som exempelvis Lucia, julavslutning och studentexamen\",\"breadcrumb\":{\"@id\":\"https:\/\/procivitas.se\/lund\/var-skola\/aktiviteter\/#breadcrumb\"},\"inLanguage\":\"sv-SE\",\"potentialAction\":[{\"@type\":\"ReadAction\",\"target\":[\"https:\/\/procivitas.se\/lund\/var-skola\/aktiviteter\/\"]}]},{\"@type\":\"BreadcrumbList\",\"@id\":\"https:\/\/procivitas.se\/lund\/var-skola\/aktiviteter\/#breadcrumb\",\"itemListElement\":[{\"@type\":\"ListItem\",\"position\":1,\"name\":\"Start\",\"item\":\"https:\/\/procivitas.se\/lund\/\"},{\"@type\":\"ListItem\",\"position\":2,\"name\":\"V\u00e5r skola\",\"item\":\"https:\/\/procivitas.se\/lund\/var-skola\/\"},{\"@type\":\"ListItem\",\"position\":3,\"name\":\"H\u00f6gtider och aktiviteter\"}]},{\"@type\":\"WebSite\",\"@id\":\"https:\/\/procivitas.se\/lund\/#website\",\"url\":\"https:\/\/procivitas.se\/lund\/\",\"name\":\"Lund\",\"description\":\"Just another WordPress site\",\"potentialAction\":[{\"@type\":\"SearchAction\",\"target\":{\"@type\":\"EntryPoint\",\"urlTemplate\":\"https:\/\/procivitas.se\/lund\/?s={search_term_string}\"},\"query-input\":\"required name=search_term_string\"}],\"inLanguage\":\"sv-SE\"}]}<\/script>\n<!-- \/ Yoast SEO plugin. -->","yoast_head_json":{"title":"H\u00f6gtider och aktiviteter - ProCivitas Privata Gymnasium Lund","description":"ProCivitas l\u00e4gger stor vikt vid \u00e5rets h\u00f6gtider som exempelvis Lucia, julavslutning och studentexamen","robots":{"index":"index","follow":"follow","max-snippet":"max-snippet:-1","max-image-preview":"max-image-preview:large","max-video-preview":"max-video-preview:-1"},"canonical":"https:\/\/procivitas.se\/lund\/var-skola\/aktiviteter\/","og_locale":"sv_SE","og_type":"article","og_title":"H\u00f6gtider och aktiviteter - ProCivitas Privata Gymnasium Lund","og_description":"ProCivitas l\u00e4gger stor vikt vid \u00e5rets h\u00f6gtider som exempelvis Lucia, julavslutning och studentexamen","og_url":"https:\/\/procivitas.se\/lund\/var-skola\/aktiviteter\/","og_site_name":"Lund","article_modified_time":"2026-04-02T09:51:37+00:00","twitter_card":"summary_large_image","twitter_title":"H\u00f6gtider och aktiviteter - ProCivitas Privata Gymnasium Lund","twitter_description":"ProCivitas l\u00e4gger stor vikt vid \u00e5rets h\u00f6gtider som exempelvis Lucia, julavslutning och studentexamen","twitter_misc":{"Est. reading time":"1 minut"},"schema":{"@context":"https:\/\/schema.org","@graph":[{"@type":"WebPage","@id":"https:\/\/procivitas.se\/lund\/var-skola\/aktiviteter\/","url":"https:\/\/procivitas.se\/lund\/var-skola\/aktiviteter\/","name":"H\u00f6gtider och aktiviteter - ProCivitas Privata Gymnasium Lund","isPartOf":{"@id":"https:\/\/procivitas.se\/lund\/#website"},"datePublished":"2023-10-26T13:34:27+00:00","dateModified":"2026-04-02T09:51:37+00:00","description":"ProCivitas l\u00e4gger stor vikt vid \u00e5rets h\u00f6gtider som exempelvis Lucia, julavslutning och studentexamen","breadcrumb":{"@id":"https:\/\/procivitas.se\/lund\/var-skola\/aktiviteter\/#breadcrumb"},"inLanguage":"sv-SE","potentialAction":[{"@type":"ReadAction","target":["https:\/\/procivitas.se\/lund\/var-skola\/aktiviteter\/"]}]},{"@type":"BreadcrumbList","@id":"https:\/\/procivitas.se\/lund\/var-skola\/aktiviteter\/#breadcrumb","itemListElement":[{"@type":"ListItem","position":1,"name":"Start","item":"https:\/\/procivitas.se\/lund\/"},{"@type":"ListItem","position":2,"name":"V\u00e5r skola","item":"https:\/\/procivitas.se\/lund\/var-skola\/"},{"@type":"ListItem","position":3,"name":"H\u00f6gtider och aktiviteter"}]},{"@type":"WebSite","@id":"https:\/\/procivitas.se\/lund\/#website","url":"https:\/\/procivitas.se\/lund\/","name":"Lund","description":"Just another WordPress site","potentialAction":[{"@type":"SearchAction","target":{"@type":"EntryPoint","urlTemplate":"https:\/\/procivitas.se\/lund\/?s={search_term_string}"},"query-input":"required name=search_term_string"}],"inLanguage":"sv-SE"}]}},"_links":{"self":[{"href":"https:\/\/procivitas.se\/lund\/wp-json\/wp\/v2\/pages\/2302"}],"collection":[{"href":"https:\/\/procivitas.se\/lund\/wp-json\/wp\/v2\/pages"}],"about":[{"href":"https:\/\/procivitas.se\/lund\/wp-json\/wp\/v2\/types\/page"}],"author":[{"embeddable":true,"href":"https:\/\/procivitas.se\/lund\/wp-json\/wp\/v2\/users\/10"}],"replies":[{"embeddable":true,"href":"https:\/\/procivitas.se\/lund\/wp-json\/wp\/v2\/comments?post=2302"}],"version-history":[{"count":10,"href":"https:\/\/procivitas.se\/lund\/wp-json\/wp\/v2\/pages\/2302\/revisions"}],"predecessor-version":[{"id":3688,"href":"https:\/\/procivitas.se\/lund\/wp-json\/wp\/v2\/pages\/2302\/revisions\/3688"}],"up":[{"embeddable":true,"href":"https:\/\/procivitas.se\/lund\/wp-json\/wp\/v2\/pages\/412"}],"wp:attachment":[{"href":"https:\/\/procivitas.se\/lund\/wp-json\/wp\/v2\/media?parent=2302"}],"curies":[{"name":"wp","href":"https:\/\/api.w.org\/{rel}","templated":true}]}}