{"id":2886,"date":"2024-06-14T15:18:48","date_gmt":"2024-06-14T13:18:48","guid":{"rendered":"https:\/\/procivitas.se\/lund\/?page_id=2886"},"modified":"2025-06-27T13:55:14","modified_gmt":"2025-06-27T11:55:14","slug":"procivitas-lund-x-ezlegal","status":"publish","type":"page","link":"https:\/\/procivitas.se\/lund\/procivitas-lund-x-ezlegal\/","title":{"rendered":"ProCivitas Lund x EZlegal"},"content":{"rendered":"\n\t\n\t\n\t\n\t\n\t\n\n<section \n\tclass=\"ams-hero ams-hero--classic ams-hero--default c-block l-stacked  \"\n\tdata-color-scheme=\"hero\"\n\tstyle=\"\">\n\t<div class=\"ams-hero__container u-items-center u-justify-center\">\n\t\t<div\n\t\t\tclass=\"ams-hero__content l-stack l-stack-xl is-center is-center@md\" >\n\t\t\t<div class=\"l-stack l-stack-lg\">\n\t\t\t\t\t\n\t<h2\n\tclass=\"c-heading u-font-title-1 \"\n\tstyle=\"\">\n\t\t<span>\n\t\t\t\t\tProCivitas Lund x EZlegal\n\t\t\t\t<\/span>\n\t<\/h2>\n\n\t\t\t\t\t\t\t\t\t<div class=\"text l-stack u-font-body\">\n\t\t\t\t\t\t<p>Samarbetet mellan ProCivitas Lund och EZlegal finns f\u00f6r att eleverna ska f\u00e5 en unik inblick i juridikbranschen. Byr\u00e5n kommer till skolan och f\u00f6rel\u00e4ser och skapar kontakt med en potentiell framtida arbetsgivare.<\/p>\n\n\t\t\t\t\t<\/div>\n\t\t\t\t\t\t\t<\/div>\n\n\t\t\t\t\t<\/div>\n\t<\/div>\n\n\t\n\n<\/section>\n\n\n\n\t\n\t\n\t\n\n\t\n\t\n\t\t\n<section  class=\"c-block l-stacked  \" data-color-scheme=\"\">\n\t<div class=\"ams-fifty ams-fifty--container ams-fifty--right ams-fifty--bottom l-container u-pt-fluid-3xl-6xl u-pb-fluid-3xl-6xl\">\n\t\t<div class=\"ams-fifty__content l-stack l-stack-xl is-left is-left@lg\">\n\t\t\t<div class=\"ams-fifty__text l-stack l-stack-lg\">\n\t\t\t\t\t\n\t<h2\n\tclass=\"c-heading u-font-title-1 \"\n\tstyle=\"\">\n\t\t\n\t\t\t\t\tEn unik inblick i juristyrket\n\t\t\t\t\n\t<\/h2>\n\n\t\t\t\t\t\t\t\t\t<div class=\"text l-stack u-font-body\">\n\t\t\t\t\t\t<p>ProCivitas Lund har under terminen bes\u00f6k av EZlegals medarbetare fr\u00e5n byr\u00e5n som h\u00e5ller i f\u00f6rel\u00e4sningar inom juridik. Det \u00e4r ocks\u00e5 en chans f\u00f6r klassen att tr\u00e4ffa en potentiell framtida arbetsgivare. N\u00e4r juristbyr\u00e5n EZlegal beh\u00f6ver f\u00f6rst\u00e4rkning i deras administrativa team s\u00e5 f\u00e5r elever fr\u00e5n ProCivitas Lund m\u00f6jlighet att s\u00f6ka en tj\u00e4nst som Legal Assistant p\u00e5 byr\u00e5ns kontor i Malm\u00f6. Rollen passar perfekt f\u00f6r elever som dr\u00f6mmer om att bli jurist eller ekonom och som vill samla p\u00e5 sig erfarenhet innan studierna. Som Legal Assistant har du kontakt med klienter, domstolar och myndigheter, hanterar ekonomi och dokumentation, och s\u00e4kerst\u00e4ller att vardagen fungerar smidigt f\u00f6r juristerna.<\/p>\n<p>&nbsp;<\/p>\n\n\t\t\t\t\t<\/div>\n\t\t\t\t\t\t\t<\/div>\n\n\t\t\t\t\t<\/div>\n\n\t\t <div class=\"ams-fifty__media u-ratio-landscape\">\n\t\t \t\t\t\t\t<img decoding=\"async\" width=\"600\" height=\"400\" src=\"https:\/\/procivitas.se\/wp-content\/uploads\/sites\/5\/2025\/06\/profotograferinglund202503-202903webb5305-600x400.jpg\" class=\"attachment-md size-md\" alt=\"Glada elever utomhus.\" sizes=\"(min-width: 64em) 600px, calc(100vw - 160px)\" srcset=\"https:\/\/procivitas.se\/wp-content\/uploads\/sites\/5\/2025\/06\/profotograferinglund202503-202903webb5305-600x400.jpg 600w, https:\/\/procivitas.se\/wp-content\/uploads\/sites\/5\/2025\/06\/profotograferinglund202503-202903webb5305-300x200.jpg 300w, https:\/\/procivitas.se\/wp-content\/uploads\/sites\/5\/2025\/06\/profotograferinglund202503-202903webb5305-400x267.jpg 400w, https:\/\/procivitas.se\/wp-content\/uploads\/sites\/5\/2025\/06\/profotograferinglund202503-202903webb5305-800x533.jpg 800w, https:\/\/procivitas.se\/wp-content\/uploads\/sites\/5\/2025\/06\/profotograferinglund202503-202903webb5305-1024x683.jpg 1024w, https:\/\/procivitas.se\/wp-content\/uploads\/sites\/5\/2025\/06\/profotograferinglund202503-202903webb5305.jpg 1200w\" \/>\n\t\t\t\n\t\t\t\n\t\t\t\t\t<\/div>\n\t<\/div>\n\n\t\t\n\n<\/section>\n\n\n\n\n<section  class=\"ams-quote c-block l-stacked\" data-color-scheme=\"blue\">\n\t<div class=\"l-container l-stack l-stack-fluid-2xl u-pt-fluid-3xl-6xl u-pb-fluid-3xl-6xl is-center is-center@md\">\n\t\t\n\t\t\t\t\t<ul class=\"ams-quote__list l-grid u-gap-fluid-2xl-4xl u-justify-center\"\n\taria-label=\"Citat\">\n\t\t\t<li class=\"l-col-12@md\">\n\t\t\t<article class=\"c-card\" data-variant=\"neutral\" >\n\t\t\t\t<div class=\"c-card__content l-stack u-text-center\">\n\t\t\t\t\t\t\t\t\t\t\t<blockquote class=\"c-card__title u-font-title-1\">\n\t\t\t\t\t\t\t\t\t\t\t\t\t\t\t<p class=\"u-quote-marks\">Samarbetet med EZlegal\u00a0har lyft juridikundervisningen, eleverna f\u00e5r en unik inblick i yrket!<\/p>\n\t\t\t\t\t\t\t\t\t\t\t\t\t<\/blockquote>\n\t\t\t\t\t\n\t\t\t\t\t\t\t\t\t\t\t<p class=\"c-card__text\">\n\t\t\t\t\t\t\t<span class=\"author u-font-body\">Anders Hilding<\/span>\n\t\t\t\t\t\t\t<span class=\"title u-font-body\">Juridikl\u00e4rare p\u00e5 ProCivitas Lund<\/span>\n\t\t\t\t\t\t<\/p>\n\t\t\t\t\t\t\t\t\t<\/div>\n\n\t\t\t\t\t\t\t<\/article>\n\t\t<\/li>\n\t<\/ul>\n\t\n\t\t\t<\/div>\n\n\t\t\n\n<\/section>\n\n\n\n\t\n\t\n\t\n\n\t\n\t\n\t\t\n<section  class=\"c-block l-stacked  \" data-color-scheme=\"\">\n\t<div class=\"ams-fifty ams-fifty--container ams-fifty--right ams-fifty--bottom l-container u-pt-fluid-2xl-4xl u-pb-fluid-md-xl\">\n\t\t<div class=\"ams-fifty__content l-stack l-stack-xl is-left is-left@lg\">\n\t\t\t<div class=\"ams-fifty__text l-stack l-stack-lg\">\n\t\t\t\t\t\n\t<h2\n\tclass=\"c-heading u-font-title-1 \"\n\tstyle=\"\">\n\t\t\n\t\t\t\t\tStipendium i juridik\n\t\t\t\t\n\t<\/h2>\n\n\t\t\t\t\t\t\t\t\t<div class=\"text l-stack u-font-body\">\n\t\t\t\t\t\t<p>Varje \u00e5r delar EZlegal ut ett stipendium till en av eleverna i trean som s\u00e4rskilt utm\u00e4rkt sig genom sitt intresse f\u00f6r det juridiska \u00e4mnet och uppn\u00e5tt goda studieresultat i de juridiska kurserna. \u00c5r 2024 tilldelades stipendiet Elsa Hellberg som fick ta emot diplom av EZlegals VD Charles Zeijersborger. Med hj\u00e4lp av stipendiet vill EZlegal uppmuntra n\u00e4sta generation av jurister.<\/p>\n<p><em>\u201cVi tycker att Elsa har visat ett imponerande driv under sina studier. Det \u00e4r inspirerande att se det stora intresset f\u00f6r juridik och samh\u00e4llsfr\u00e5gor p\u00e5 gymnasiet. Jag ser fram emot att f\u00f6lja Elsas resa och framtida karri\u00e4r.\u201c<\/em> s\u00e4ger Charles Zeijersborger, VD f\u00f6r EZlegal.<\/p>\n<p>Elsa ber\u00e4ttar att hon blev v\u00e4ldigt glad n\u00e4r l\u00e4raren Anders Hilding ber\u00e4ttade att hon skulle f\u00e5 stipendiet.<em> \u201cJag blev j\u00e4tteglad! Lite f\u00f6rv\u00e5nad ocks\u00e5 eftersom vi har s\u00e5 m\u00e5nga duktiga och engagerade elever i klassen. Det k\u00e4nns som en bekr\u00e4ftelse p\u00e5 att allt jobb man har man lagt ner har uppm\u00e4rksammats.\u201d<\/em> s\u00e4ger Elsa.<\/p>\n\n\t\t\t\t\t<\/div>\n\t\t\t\t\t\t\t<\/div>\n\n\t\t\t\t\t<\/div>\n\n\t\t <div class=\"ams-fifty__media u-ratio-landscape\">\n\t\t \t\t\t\t\t<img decoding=\"async\" width=\"600\" height=\"468\" src=\"https:\/\/procivitas.se\/wp-content\/uploads\/sites\/5\/2024\/06\/procivitas-stipendieutdelning-2024-juni-600x468.png\" class=\"attachment-md size-md\" alt=\"\" sizes=\"(min-width: 64em) 600px, calc(100vw - 160px)\" srcset=\"https:\/\/procivitas.se\/wp-content\/uploads\/sites\/5\/2024\/06\/procivitas-stipendieutdelning-2024-juni-600x468.png 600w, https:\/\/procivitas.se\/wp-content\/uploads\/sites\/5\/2024\/06\/procivitas-stipendieutdelning-2024-juni-300x234.png 300w, https:\/\/procivitas.se\/wp-content\/uploads\/sites\/5\/2024\/06\/procivitas-stipendieutdelning-2024-juni-400x312.png 400w, https:\/\/procivitas.se\/wp-content\/uploads\/sites\/5\/2024\/06\/procivitas-stipendieutdelning-2024-juni-800x624.png 800w, https:\/\/procivitas.se\/wp-content\/uploads\/sites\/5\/2024\/06\/procivitas-stipendieutdelning-2024-juni-1024x798.png 1024w, https:\/\/procivitas.se\/wp-content\/uploads\/sites\/5\/2024\/06\/procivitas-stipendieutdelning-2024-juni-1200x935.png 1200w, https:\/\/procivitas.se\/wp-content\/uploads\/sites\/5\/2024\/06\/procivitas-stipendieutdelning-2024-juni.png 1424w\" \/>\n\t\t\t\n\t\t\t\n\t\t\t\t\t<\/div>\n\t<\/div>\n\n\t\t\n\n<\/section>\n\n\n\n\t\n\t\n\t\n\n\t\n\t\n\t\t\n<section  class=\"c-block l-stacked  \" data-color-scheme=\"\">\n\t<div class=\"ams-fifty ams-fifty--container ams-fifty--left ams-fifty--bottom l-container u-pt-fluid-md-xl u-pb-fluid-md-xl\">\n\t\t<div class=\"ams-fifty__content l-stack l-stack-xl is-left is-left@lg\">\n\t\t\t<div class=\"ams-fifty__text l-stack l-stack-lg\">\n\t\t\t\t\t\n\t<h2\n\tclass=\"c-heading u-font-title-1 \"\n\tstyle=\"\">\n\t\t\n\t\t\t\t\tOm EZlegal\n\t\t\t\t\n\t<\/h2>\n\n\t\t\t\t\t\t\t\t\t<div class=\"text l-stack u-font-body\">\n\t\t\t\t\t\t<p>EZlegal ambition \u00e4r att leverera snabb och kostnadseffektiv juridisk r\u00e5dgivning, tvistel\u00f6sning och processf\u00f6ring. Byr\u00e5n har ett s\u00e4rskilt engagemang f\u00f6r att g\u00f6ra juridiken l\u00e4ttillg\u00e4nglig och h\u00e5ller g\u00e4rna kurser och f\u00f6rel\u00e4sningar inom olika juridiska \u00e4mnen. H\u00e4r arbetar jurister med erfarenhet av flera juridiska omr\u00e5den s\u00e5 som brottm\u00e5l, migrationsr\u00e4tt, personskador, v\u00e5rdnadstvister, konsumenttvister och arbetsr\u00e4tt. Med ett brett utbud av tj\u00e4nster och stort fokus p\u00e5 att kunna erbjuda en tydlig prisbild och flexibel betalning, vill de hj\u00e4lpa sina klienter n\u00e4r och d\u00e4r det beh\u00f6vs.<\/p>\n\n\t\t\t\t\t<\/div>\n\t\t\t\t\t\t\t<\/div>\n\n\t\t\t\t<div class=\"ams-fifty__action u-inline-items\">\n\t\t\t\t\t\t\t\n\n\n<a href=\"https:\/\/ezlegal.se\/\"\n\t\n\tclass=\"c-btn \"\n\tdata-style=\"rounded\"\n\tdata-size=\"md\"\n\tdata-width=\"full-mobile\"\n\tdata-variant=\"outline\"\n\ttarget=\"_blank\">\n\t\t\t<span class=\"label\"> L\u00e4s mer om EZlegal<\/span>\n\t\t\t<\/a>\n\t\t\t<\/div>\n\t\t<\/div>\n\n\t\t <div class=\"ams-fifty__media u-ratio-landscape\">\n\t\t \t\t\t\t\t<img decoding=\"async\" src=\"https:\/\/procivitas.se\/wp-content\/uploads\/sites\/5\/2024\/06\/ez-legallogo-1.svg\" class=\"attachment-md size-md\" alt=\"\" sizes=\"(min-width: 64em) 600px, calc(100vw - 160px)\" height=\"500\" width=\"500\" \/>\n\t\t\t\n\t\t\t\n\t\t\t\t\t<\/div>\n\t<\/div>\n\n\t\t\n\n<\/section>\n\n\n\n\n<section  class=\"ams-cta ams-cta--stacked c-block l-stacked\" data-color-scheme=\"blue\">\n\t<div class=\"l-container l-stack l-stack-fluid-2xl u-pt-fluid-2xl-4xl u-pb-fluid-2xl-4xl is-center is-center@md\">\n\t\t\t\t\t<div class=\"ams-cta__intro l-stack l-stack-lg\">\n\t\t\t\t\t\n\t<h2\n\tclass=\"c-heading u-font-title-1 \"\n\tstyle=\"\">\n\t\t\n\t\t\t\t\tVill du studera juridik?\n\t\t\t\t\n\t<\/h2>\n\n\t\t\t\t\t\t\t\t\t<div class=\"c-text l-stack u-cs-xl u-font-body\">\n\t\t\t\t\t\t<p>\u00c4r du nyfiken p\u00e5 att l\u00e4sa mer om ekonomiprogrammet med inriktning juridik hos oss p\u00e5 ProCivitas Lund? Klicka nedan f\u00f6r att ta dig till juridikinriktningen.<\/p>\n\n\t\t\t\t\t<\/div>\n\t\t\t\t\t\t\t<\/div>\n\t\t\n\t\t\n\t\t\t<div class=\"ams-cta__action u-inline-items\">\n\t\t\t\t\t\t\t\n\n\n<a href=\"https:\/\/procivitas.se\/lund\/program\/ekonomiprogrammet\/juridik\/\"\n\t\n\tclass=\"c-btn \"\n\tdata-style=\"rounded\"\n\tdata-size=\"md\"\n\tdata-width=\"full-mobile\"\n\tdata-variant=\"default\"\n\ttarget=\"_self\">\n\t\t\t<span class=\"label\"> L\u00e4s mer om Juridik<\/span>\n\t\t\t<\/a>\n\t\t\t<\/div>\n\t<\/div>\n\n\t\t\n\n<\/section>\n","protected":false},"excerpt":{"rendered":"","protected":false},"author":10,"featured_media":0,"parent":0,"menu_order":0,"comment_status":"closed","ping_status":"closed","template":"","meta":{"footnotes":""},"yoast_head":"<!-- This site is optimized with the Yoast SEO plugin v22.0 - https:\/\/yoast.com\/wordpress\/plugins\/seo\/ -->\n<title>Lund<\/title>\n<meta name=\"description\" content=\"ProCivitas Gymnasium i Lund har ett samarbete med EZlegal. Samarbetet med juristbyr\u00e5n g\u00f6r att elever f\u00e5r st\u00f6rre inblick i branschen! L\u00e4s mer h\u00e4r.\" \/>\n<meta name=\"robots\" content=\"index, follow, max-snippet:-1, max-image-preview:large, max-video-preview:-1\" \/>\n<link rel=\"canonical\" href=\"https:\/\/procivitas.se\/lund\/procivitas-lund-x-ezlegal\/\" \/>\n<meta property=\"og:locale\" content=\"sv_SE\" \/>\n<meta property=\"og:type\" content=\"article\" \/>\n<meta property=\"og:description\" content=\"ProCivitas Gymnasium i Lund har ett samarbete med EZlegal. Samarbetet med juristbyr\u00e5n g\u00f6r att elever f\u00e5r st\u00f6rre inblick i branschen! L\u00e4s mer h\u00e4r.\" \/>\n<meta property=\"og:url\" content=\"https:\/\/procivitas.se\/lund\/procivitas-lund-x-ezlegal\/\" \/>\n<meta property=\"og:site_name\" content=\"Lund\" \/>\n<meta property=\"article:modified_time\" content=\"2025-06-27T11:55:14+00:00\" \/>\n<meta name=\"twitter:card\" content=\"summary_large_image\" \/>\n<meta name=\"twitter:description\" content=\"ProCivitas Gymnasium i Lund har ett samarbete med EZlegal. Samarbetet med juristbyr\u00e5n g\u00f6r att elever f\u00e5r st\u00f6rre inblick i branschen! L\u00e4s mer h\u00e4r.\" \/>\n<meta name=\"twitter:label1\" content=\"Est. reading time\" \/>\n\t<meta name=\"twitter:data1\" content=\"3 minuter\" \/>\n<script type=\"application\/ld+json\" class=\"yoast-schema-graph\">{\"@context\":\"https:\/\/schema.org\",\"@graph\":[{\"@type\":\"WebPage\",\"@id\":\"https:\/\/procivitas.se\/lund\/procivitas-lund-x-ezlegal\/\",\"url\":\"https:\/\/procivitas.se\/lund\/procivitas-lund-x-ezlegal\/\",\"name\":\"ProCivitas Lund x EZlegal - Lund\",\"isPartOf\":{\"@id\":\"https:\/\/procivitas.se\/lund\/#website\"},\"datePublished\":\"2024-06-14T13:18:48+00:00\",\"dateModified\":\"2025-06-27T11:55:14+00:00\",\"description\":\"ProCivitas Gymnasium i Lund har ett samarbete med EZlegal. Samarbetet med juristbyr\u00e5n g\u00f6r att elever f\u00e5r st\u00f6rre inblick i branschen! L\u00e4s mer h\u00e4r.\",\"breadcrumb\":{\"@id\":\"https:\/\/procivitas.se\/lund\/procivitas-lund-x-ezlegal\/#breadcrumb\"},\"inLanguage\":\"sv-SE\",\"potentialAction\":[{\"@type\":\"ReadAction\",\"target\":[\"https:\/\/procivitas.se\/lund\/procivitas-lund-x-ezlegal\/\"]}]},{\"@type\":\"BreadcrumbList\",\"@id\":\"https:\/\/procivitas.se\/lund\/procivitas-lund-x-ezlegal\/#breadcrumb\",\"itemListElement\":[{\"@type\":\"ListItem\",\"position\":1,\"name\":\"Start\",\"item\":\"https:\/\/procivitas.se\/lund\/\"},{\"@type\":\"ListItem\",\"position\":2,\"name\":\"ProCivitas Lund x EZlegal\"}]},{\"@type\":\"WebSite\",\"@id\":\"https:\/\/procivitas.se\/lund\/#website\",\"url\":\"https:\/\/procivitas.se\/lund\/\",\"name\":\"Lund\",\"description\":\"Just another WordPress site\",\"potentialAction\":[{\"@type\":\"SearchAction\",\"target\":{\"@type\":\"EntryPoint\",\"urlTemplate\":\"https:\/\/procivitas.se\/lund\/?s={search_term_string}\"},\"query-input\":\"required name=search_term_string\"}],\"inLanguage\":\"sv-SE\"}]}<\/script>\n<!-- \/ Yoast SEO plugin. -->","yoast_head_json":{"title":"Lund","description":"ProCivitas Gymnasium i Lund har ett samarbete med EZlegal. Samarbetet med juristbyr\u00e5n g\u00f6r att elever f\u00e5r st\u00f6rre inblick i branschen! L\u00e4s mer h\u00e4r.","robots":{"index":"index","follow":"follow","max-snippet":"max-snippet:-1","max-image-preview":"max-image-preview:large","max-video-preview":"max-video-preview:-1"},"canonical":"https:\/\/procivitas.se\/lund\/procivitas-lund-x-ezlegal\/","og_locale":"sv_SE","og_type":"article","og_description":"ProCivitas Gymnasium i Lund har ett samarbete med EZlegal. Samarbetet med juristbyr\u00e5n g\u00f6r att elever f\u00e5r st\u00f6rre inblick i branschen! L\u00e4s mer h\u00e4r.","og_url":"https:\/\/procivitas.se\/lund\/procivitas-lund-x-ezlegal\/","og_site_name":"Lund","article_modified_time":"2025-06-27T11:55:14+00:00","twitter_card":"summary_large_image","twitter_description":"ProCivitas Gymnasium i Lund har ett samarbete med EZlegal. Samarbetet med juristbyr\u00e5n g\u00f6r att elever f\u00e5r st\u00f6rre inblick i branschen! L\u00e4s mer h\u00e4r.","twitter_misc":{"Est. reading time":"3 minuter"},"schema":{"@context":"https:\/\/schema.org","@graph":[{"@type":"WebPage","@id":"https:\/\/procivitas.se\/lund\/procivitas-lund-x-ezlegal\/","url":"https:\/\/procivitas.se\/lund\/procivitas-lund-x-ezlegal\/","name":"ProCivitas Lund x EZlegal - Lund","isPartOf":{"@id":"https:\/\/procivitas.se\/lund\/#website"},"datePublished":"2024-06-14T13:18:48+00:00","dateModified":"2025-06-27T11:55:14+00:00","description":"ProCivitas Gymnasium i Lund har ett samarbete med EZlegal. Samarbetet med juristbyr\u00e5n g\u00f6r att elever f\u00e5r st\u00f6rre inblick i branschen! L\u00e4s mer h\u00e4r.","breadcrumb":{"@id":"https:\/\/procivitas.se\/lund\/procivitas-lund-x-ezlegal\/#breadcrumb"},"inLanguage":"sv-SE","potentialAction":[{"@type":"ReadAction","target":["https:\/\/procivitas.se\/lund\/procivitas-lund-x-ezlegal\/"]}]},{"@type":"BreadcrumbList","@id":"https:\/\/procivitas.se\/lund\/procivitas-lund-x-ezlegal\/#breadcrumb","itemListElement":[{"@type":"ListItem","position":1,"name":"Start","item":"https:\/\/procivitas.se\/lund\/"},{"@type":"ListItem","position":2,"name":"ProCivitas Lund x EZlegal"}]},{"@type":"WebSite","@id":"https:\/\/procivitas.se\/lund\/#website","url":"https:\/\/procivitas.se\/lund\/","name":"Lund","description":"Just another WordPress site","potentialAction":[{"@type":"SearchAction","target":{"@type":"EntryPoint","urlTemplate":"https:\/\/procivitas.se\/lund\/?s={search_term_string}"},"query-input":"required name=search_term_string"}],"inLanguage":"sv-SE"}]}},"_links":{"self":[{"href":"https:\/\/procivitas.se\/lund\/wp-json\/wp\/v2\/pages\/2886"}],"collection":[{"href":"https:\/\/procivitas.se\/lund\/wp-json\/wp\/v2\/pages"}],"about":[{"href":"https:\/\/procivitas.se\/lund\/wp-json\/wp\/v2\/types\/page"}],"author":[{"embeddable":true,"href":"https:\/\/procivitas.se\/lund\/wp-json\/wp\/v2\/users\/10"}],"replies":[{"embeddable":true,"href":"https:\/\/procivitas.se\/lund\/wp-json\/wp\/v2\/comments?post=2886"}],"version-history":[{"count":10,"href":"https:\/\/procivitas.se\/lund\/wp-json\/wp\/v2\/pages\/2886\/revisions"}],"predecessor-version":[{"id":3381,"href":"https:\/\/procivitas.se\/lund\/wp-json\/wp\/v2\/pages\/2886\/revisions\/3381"}],"wp:attachment":[{"href":"https:\/\/procivitas.se\/lund\/wp-json\/wp\/v2\/media?parent=2886"}],"curies":[{"name":"wp","href":"https:\/\/api.w.org\/{rel}","templated":true}]}}