{"id":536,"date":"2023-03-10T09:58:32","date_gmt":"2023-03-10T08:58:32","guid":{"rendered":"https:\/\/procivitas.se\/lund\/?page_id=536"},"modified":"2026-04-20T15:25:20","modified_gmt":"2026-04-20T13:25:20","slug":"skuggning","status":"publish","type":"page","link":"https:\/\/procivitas.se\/lund\/skuggning\/","title":{"rendered":"Skuggning"},"content":{"rendered":"\n\n<section  class=\"ams-cta ams-cta--stacked c-block l-stacked\" data-color-scheme=\"hero\">\n\t<div class=\"l-container l-stack l-stack-fluid-2xl u-pt-fluid-2xl-4xl u-pb-fluid-2xl-4xl is-center is-center@md\">\n\t\t\t\t\t<div class=\"ams-cta__intro l-stack l-stack-lg\">\n\t\t\t\t\t\n\t<h1\n\tclass=\"c-heading u-font-title-1 \"\n\tstyle=\"\">\n\t\t\n\t\t\t\t\tSkuggning p\u00e5 ProCivitas Lund\n\t\t\t\t\n\t<\/h1>\n\n\t\t\t\t\t\t\t\t\t<div class=\"c-text l-stack u-cs-xl u-font-body\">\n\t\t\t\t\t\t<p>Vad roligt att du \u00e4r intresserad av att skugga en elev p\u00e5 ProCivitas Lund. Genom att f\u00f6lja med under en skoldag ser du om vi \u00e4r r\u00e4tt skola f\u00f6r dig!<\/p>\n\n\t\t\t\t\t<\/div>\n\t\t\t\t\t\t\t<\/div>\n\t\t\n\t\t\n\t\t\t<\/div>\n\n\t\t\n\n<\/section>\n\n\n\n<div class=\"wp-block-columns is-layout-flex wp-container-core-columns-layout-1 wp-block-columns-is-layout-flex\">\n<div class=\"wp-block-column is-layout-flow wp-block-column-is-layout-flow\">\n\t<style>\n\t\t.inner {\n\n\t\t\tmargin: 0 auto;\n\n\n\t\t}\n\t<\/style>\n\t<div\n\t\t class=\"container images-module\" >\n\t\t<div class=\"row images_module__slideshow\">\n\n\t\t\t<div\n\t\t\t\t\tclass=\"col-md-12 p-0 position-relative images_module__slideshow images_module__slideshow-container  \">\n\t\t\t\t<div class=\"images_module__slide\" data-slide=\"\"\n\t\t\t\t\t data-duration=\"\"><\/div>\n\t\t\t\t\t\t\t\t\t<div\n\t\t\t\t\t\t class=\"images_module__slides\n\n\t\t\t\t\t   \"\n\t\t\t\t\t>\n\n\t\t\t\t\t\t<div class=\"images__wrapper\" style=\"aspect-ratio: 851 \/ 851;\">\n\t\t\t\t\t\t\t<img decoding=\"async\" width=\"1200\" height=\"800\" src=\"https:\/\/procivitas.se\/wp-content\/uploads\/sites\/5\/2025\/06\/profotograferinglund202503-202903webb5256.jpg\" class=\"images__image_ratio  \" alt=\"Glada elever pluggar utomhus.\" style=\"aspect-ratio: 851 \/ 851;object-position: center center;\" srcset=\"https:\/\/procivitas.se\/wp-content\/uploads\/sites\/5\/2025\/06\/profotograferinglund202503-202903webb5256.jpg 1200w, https:\/\/procivitas.se\/wp-content\/uploads\/sites\/5\/2025\/06\/profotograferinglund202503-202903webb5256-300x200.jpg 300w, https:\/\/procivitas.se\/wp-content\/uploads\/sites\/5\/2025\/06\/profotograferinglund202503-202903webb5256-400x267.jpg 400w, https:\/\/procivitas.se\/wp-content\/uploads\/sites\/5\/2025\/06\/profotograferinglund202503-202903webb5256-600x400.jpg 600w, https:\/\/procivitas.se\/wp-content\/uploads\/sites\/5\/2025\/06\/profotograferinglund202503-202903webb5256-800x533.jpg 800w, https:\/\/procivitas.se\/wp-content\/uploads\/sites\/5\/2025\/06\/profotograferinglund202503-202903webb5256-1024x683.jpg 1024w\" sizes=\"(max-width: 1200px) 100vw, 1200px\" \/>\t\t\t\t\t\t<\/div>\n\t\t\t\t\t\t\n\n\t\t\t\t\t\t\t\t\t\t\t<\/div>\n\t\t\t\t\n\t\t\t\t<div class=\"images_module__container_dot\">\n\t\t\t\t\t<div style=\"text-align:center\">\n\n\n\t\t\t\t\t\t\t\t\t\t\t\t\t<span   data-i=\"0\"\n\t\t\t\t\t\t\t\t  class=\"\n\t\t\t\t\t\t\timages_module__dot\n\t\t\t\t\t\t\t\t\t\t\t\t\t\t\"\n\t\t\t\t\t\t\t><\/span>\n\t\t\t\t\t\t\t\t\t\t\t<\/div>\n\t\t\t\t<\/div>\n\n\n\t\t\t<\/div>\n\t\t<\/div>\n\t<\/div>\n\n\t\n\n\n<script>\n\tvar images_display_descriptive_text = \"\";\n<\/script>\n<\/div>\n\n\n\n<div class=\"wp-block-column is-layout-flow wp-block-column-is-layout-flow\">\n<h2 class=\"wp-block-heading\">Skugga f\u00f6r en dag<\/h2>\n\n\n\n<p><strong>Just nu erbjuder vi inga skuggningstillf\u00e4llen, men h\u00e5ll utkik p\u00e5 denna sida f\u00f6r att ta del av kommande datum. <\/strong>Du \u00e4r alltid v\u00e4lkommen p\u00e5 <a href=\"https:\/\/procivitas.se\/lund\/oppet-hus\/\">\u00d6ppet hus<\/a> eller <a href=\"https:\/\/procivitas.se\/lund\/kontakt\/\">kontakta oss<\/a>! <\/p>\n\n\n\n<p>Att bes\u00f6ka oss och skugga en klass \u00e4r ett perfekt tillf\u00e4lle att f\u00e5 en uppfattning om v\u00e5r skola. Vi v\u00e4lkomnar dig som g\u00e5r i \u00e5rskurs 9 att komma och skugga hos oss. N\u00e4r du skuggar en elev under en skoldag f\u00e5r du uppleva st\u00e4mningen p\u00e5 v\u00e5r skola, tr\u00e4ffa elever, l\u00e4rare och st\u00e4lla alla dina fr\u00e5gor.<\/p>\n\n\n\n<p>Har du n\u00e5gra fr\u00e5gor? Kontakta oss p\u00e5: <a href=\"mailto:lund@procivitas.se\" target=\"_blank\" rel=\"noreferrer noopener\">lund@procivitas.se<\/a><\/p>\n<\/div>\n<\/div>\n\n\n\n\n<section  class=\"ams-cta ams-cta--inline c-block l-stacked\" data-color-scheme=\"blue\">\n\t<div class=\"l-container l-stack l-stack-fluid-2xl u-pt-fluid-3xl-6xl u-pb-fluid-3xl-6xl is-left is-left@md\">\n\t\t\t\t\t<div class=\"ams-cta__intro l-stack l-stack-lg\">\n\t\t\t\t\t\n\t<h2\n\tclass=\"c-heading u-font-title-1 \"\n\tstyle=\"\">\n\t\t\n\t\t\t\t\tBes\u00f6k oss\n\t\t\t\t\n\t<\/h2>\n\n\t\t\t\t\t\t\t\t\t<div class=\"c-text l-stack u-cs-xl u-font-preamble\">\n\t\t\t\t\t\t<p>Vill du uppleva ProCivitas p\u00e5 riktigt? Kolla in v\u00e5ra \u00d6ppet hus tillf\u00e4llen och tr\u00e4ffa b\u00e5de elever och l\u00e4rare fr\u00e5n skolan. Passa p\u00e5 och f\u00e5 svar p\u00e5 alla dina fr\u00e5gor!<\/p>\n\n\t\t\t\t\t<\/div>\n\t\t\t\t\t\t\t<\/div>\n\t\t\n\t\t\n\t\t\t<div class=\"ams-cta__action u-inline-items\">\n\t\t\t\t\t\t\t\n\n\n<a href=\"https:\/\/procivitas.se\/lund\/oppet-hus\/\"\n\t\n\tclass=\"c-btn \"\n\tdata-style=\"rounded\"\n\tdata-size=\"md\"\n\tdata-width=\"full-mobile\"\n\tdata-variant=\"default\"\n\ttarget=\"_self\">\n\t\t\t<span class=\"label\"> Bes\u00f6k \u00d6ppet hus <\/span>\n\t\t\t<\/a>\n\t\t\t\t\t\t\t\n\n\n<a href=\"https:\/\/procivitas.se\/lund\/vanliga-fragor\/\"\n\t\n\tclass=\"c-btn \"\n\tdata-style=\"rounded\"\n\tdata-size=\"md\"\n\tdata-width=\"full-mobile\"\n\tdata-variant=\"outline\"\n\ttarget=\"_self\">\n\t\t\t<span class=\"label\"> Vanliga fr\u00e5gor<\/span>\n\t\t\t<\/a>\n\t\t\t<\/div>\n\t<\/div>\n\n\t\t\n\n<\/section>\n\n\n\n\t\n\t\n<section  class=\"ams-map ams-map--fifty c-block  media-bottom media-right \" data-color-scheme=\"map\" data-locations=\"[{&quot;id&quot;:&quot;2149&quot;,&quot;county&quot;:&quot;Sk\\u00e5ne l\\u00e4n&quot;,&quot;city&quot;:&quot;Lunds &quot;,&quot;school&quot;:&quot;Lund&quot;,&quot;title&quot;:&quot;ProCivitas Lund&quot;,&quot;phone&quot;:&quot;046182550&quot;,&quot;phone_formatted&quot;:&quot;046-182550&quot;,&quot;email&quot;:&quot;lund@procivitas.se&quot;,&quot;visiting_address&quot;:{&quot;address&quot;:&quot;Biskopsgatan 7&quot;,&quot;zip_code&quot;:&quot;223 62&quot;,&quot;city&quot;:&quot;Lund&quot;},&quot;postal_address&quot;:{&quot;address&quot;:&quot;Biskopsgatan 7&quot;,&quot;zip_code&quot;:&quot;223 62&quot;,&quot;city&quot;:&quot;Lund&quot;},&quot;address_map&quot;:&quot;Biskopsgatan 7, Lund, Sverige&quot;,&quot;lat&quot;:55.7063761,&quot;lng&quot;:13.2006303,&quot;link&quot;:{&quot;url&quot;:&quot;https:\\\/\\\/procivitas.se\\\/lund\\\/&quot;,&quot;text&quot;:&quot;L\\u00e4s mer om skolan&quot;}}]\">\n\t<div class=\"ams-map__content u-pt-fluid-3xl-6xl u-pb-fluid-3xl-6xl l-stack l-stack-fluid-xl is-left is-left@lg\">\n\t\t\t\n\t<h2\n\tclass=\"c-heading u-font-title-1 \"\n\tstyle=\"\">\n\t\t\n\t\t\t\t\tLUND \n\t\t\t\t\n\t<\/h2>\n\n\t\t\n\t\t\t\t\t<div class=\"contact-info l-stack\">\n\t\t\t\t\t\t\t\t\t<div class=\"contact-info__item\">\n\t\t\t\t\t\t<p class=\"contact-info__heading u-font-title-4\">\n\t\t\t\t\t\t\tAdress\n\t\t\t\t\t\t<\/p>\n\t\t\t\t\t\t<p>\n\t\t\t\t\t\t\t\t\t\t\t\t\t\t\tBiskopsgatan 7<br \/>\n\t\t\t\t\t\t\t\t\t\t\t\t\t\t223 62 Lund\n\t\t\t\t\t\t<\/p>\n\t\t\t\t\t<\/div>\n\t\t\t\t\n\t\t\t\t\n\t\t\t\t\t\t\t\t\t<div class=\"contact-info__item\">\n\t\t\t\t\t\t<p class=\"contact-info__heading u-font-title-4\">\n\t\t\t\t\t\t\tKontakt \n\t\t\t\t\t\t<\/p>\n\t\t\t\t\t\t<p>\n\t\t\t\t\t\t\t\t\t\t\t\t\t\t\t<a href=\"tel:046182550\">046-182550<\/a><br \/>\n\t\t\t\t\t\t\t\t\t\t\t\t\t\t\t\t\t\t\t\t\t\t<a href=\"mailto:lund@procivitas.se\">lund@procivitas.se<\/a>\n\t\t\t\t\t\t\t\t\t\t\t\t\t<\/p>\n\t\t\t\t\t<\/div>\n\t\t\t\t\t\t\t<\/div>\n\t\t\t<\/div>\n\n\t<div class=\"ams-map__media\">\n\t<\/div>\n<\/section>\n","protected":false},"excerpt":{"rendered":"<p>Skugga f\u00f6r en dag Just nu erbjuder vi inga skuggningstillf\u00e4llen, men h\u00e5ll utkik p\u00e5 denna sida f\u00f6r att ta del av kommande datum. Du \u00e4r alltid v\u00e4lkommen p\u00e5 \u00d6ppet hus eller kontakta oss! Att bes\u00f6ka oss och skugga en klass \u00e4r ett perfekt tillf\u00e4lle att f\u00e5 en uppfattning om v\u00e5r skola. Vi v\u00e4lkomnar dig som&#8230;<\/p>\n","protected":false},"author":5,"featured_media":0,"parent":0,"menu_order":0,"comment_status":"closed","ping_status":"closed","template":"","meta":{"footnotes":""},"yoast_head":"<!-- This site is optimized with the Yoast SEO plugin v22.0 - https:\/\/yoast.com\/wordpress\/plugins\/seo\/ -->\n<title>Skuggning - ProCivitas Gymnasium Lund<\/title>\n<meta name=\"description\" content=\"Ta chansen att f\u00f6lja en klass under en skoldag. Upplev st\u00e4mningen p\u00e5 v\u00e5r skola, tr\u00e4ffa elever, l\u00e4rare och st\u00e4ll alla dina fr\u00e5gor!rrr\" \/>\n<meta name=\"robots\" content=\"index, follow, max-snippet:-1, max-image-preview:large, max-video-preview:-1\" \/>\n<link rel=\"canonical\" href=\"https:\/\/procivitas.se\/lund\/skuggning\/\" \/>\n<meta property=\"og:locale\" content=\"sv_SE\" \/>\n<meta property=\"og:type\" content=\"article\" \/>\n<meta property=\"og:title\" content=\"Skuggning - ProCivitas Gymnasium Lund\" \/>\n<meta property=\"og:description\" content=\"Ta chansen att f\u00f6lja en klass under en skoldag. Upplev st\u00e4mningen p\u00e5 v\u00e5r skola, tr\u00e4ffa elever, l\u00e4rare och st\u00e4ll alla dina fr\u00e5gor!rrr\" \/>\n<meta property=\"og:url\" content=\"https:\/\/procivitas.se\/lund\/skuggning\/\" \/>\n<meta property=\"og:site_name\" content=\"Lund\" \/>\n<meta property=\"article:modified_time\" content=\"2026-04-20T13:25:20+00:00\" \/>\n<meta name=\"twitter:card\" content=\"summary_large_image\" \/>\n<meta name=\"twitter:title\" content=\"Skuggning - ProCivitas Gymnasium Lund\" \/>\n<meta name=\"twitter:description\" content=\"Ta chansen att f\u00f6lja en klass under en skoldag. Upplev st\u00e4mningen p\u00e5 v\u00e5r skola, tr\u00e4ffa elever, l\u00e4rare och st\u00e4ll alla dina fr\u00e5gor!rrr\" \/>\n<meta name=\"twitter:label1\" content=\"Est. reading time\" \/>\n\t<meta name=\"twitter:data1\" content=\"2 minuter\" \/>\n<script type=\"application\/ld+json\" class=\"yoast-schema-graph\">{\"@context\":\"https:\/\/schema.org\",\"@graph\":[{\"@type\":\"WebPage\",\"@id\":\"https:\/\/procivitas.se\/lund\/skuggning\/\",\"url\":\"https:\/\/procivitas.se\/lund\/skuggning\/\",\"name\":\"Skuggning - ProCivitas Gymnasium Lund\",\"isPartOf\":{\"@id\":\"https:\/\/procivitas.se\/lund\/#website\"},\"datePublished\":\"2023-03-10T08:58:32+00:00\",\"dateModified\":\"2026-04-20T13:25:20+00:00\",\"description\":\"Ta chansen att f\u00f6lja en klass under en skoldag. Upplev st\u00e4mningen p\u00e5 v\u00e5r skola, tr\u00e4ffa elever, l\u00e4rare och st\u00e4ll alla dina fr\u00e5gor!rrr\",\"breadcrumb\":{\"@id\":\"https:\/\/procivitas.se\/lund\/skuggning\/#breadcrumb\"},\"inLanguage\":\"sv-SE\",\"potentialAction\":[{\"@type\":\"ReadAction\",\"target\":[\"https:\/\/procivitas.se\/lund\/skuggning\/\"]}]},{\"@type\":\"BreadcrumbList\",\"@id\":\"https:\/\/procivitas.se\/lund\/skuggning\/#breadcrumb\",\"itemListElement\":[{\"@type\":\"ListItem\",\"position\":1,\"name\":\"Start\",\"item\":\"https:\/\/procivitas.se\/lund\/\"},{\"@type\":\"ListItem\",\"position\":2,\"name\":\"Skuggning\"}]},{\"@type\":\"WebSite\",\"@id\":\"https:\/\/procivitas.se\/lund\/#website\",\"url\":\"https:\/\/procivitas.se\/lund\/\",\"name\":\"Lund\",\"description\":\"Just another WordPress site\",\"potentialAction\":[{\"@type\":\"SearchAction\",\"target\":{\"@type\":\"EntryPoint\",\"urlTemplate\":\"https:\/\/procivitas.se\/lund\/?s={search_term_string}\"},\"query-input\":\"required name=search_term_string\"}],\"inLanguage\":\"sv-SE\"}]}<\/script>\n<!-- \/ Yoast SEO plugin. -->","yoast_head_json":{"title":"Skuggning - ProCivitas Gymnasium Lund","description":"Ta chansen att f\u00f6lja en klass under en skoldag. Upplev st\u00e4mningen p\u00e5 v\u00e5r skola, tr\u00e4ffa elever, l\u00e4rare och st\u00e4ll alla dina fr\u00e5gor!rrr","robots":{"index":"index","follow":"follow","max-snippet":"max-snippet:-1","max-image-preview":"max-image-preview:large","max-video-preview":"max-video-preview:-1"},"canonical":"https:\/\/procivitas.se\/lund\/skuggning\/","og_locale":"sv_SE","og_type":"article","og_title":"Skuggning - ProCivitas Gymnasium Lund","og_description":"Ta chansen att f\u00f6lja en klass under en skoldag. Upplev st\u00e4mningen p\u00e5 v\u00e5r skola, tr\u00e4ffa elever, l\u00e4rare och st\u00e4ll alla dina fr\u00e5gor!rrr","og_url":"https:\/\/procivitas.se\/lund\/skuggning\/","og_site_name":"Lund","article_modified_time":"2026-04-20T13:25:20+00:00","twitter_card":"summary_large_image","twitter_title":"Skuggning - ProCivitas Gymnasium Lund","twitter_description":"Ta chansen att f\u00f6lja en klass under en skoldag. Upplev st\u00e4mningen p\u00e5 v\u00e5r skola, tr\u00e4ffa elever, l\u00e4rare och st\u00e4ll alla dina fr\u00e5gor!rrr","twitter_misc":{"Est. reading time":"2 minuter"},"schema":{"@context":"https:\/\/schema.org","@graph":[{"@type":"WebPage","@id":"https:\/\/procivitas.se\/lund\/skuggning\/","url":"https:\/\/procivitas.se\/lund\/skuggning\/","name":"Skuggning - ProCivitas Gymnasium Lund","isPartOf":{"@id":"https:\/\/procivitas.se\/lund\/#website"},"datePublished":"2023-03-10T08:58:32+00:00","dateModified":"2026-04-20T13:25:20+00:00","description":"Ta chansen att f\u00f6lja en klass under en skoldag. Upplev st\u00e4mningen p\u00e5 v\u00e5r skola, tr\u00e4ffa elever, l\u00e4rare och st\u00e4ll alla dina fr\u00e5gor!rrr","breadcrumb":{"@id":"https:\/\/procivitas.se\/lund\/skuggning\/#breadcrumb"},"inLanguage":"sv-SE","potentialAction":[{"@type":"ReadAction","target":["https:\/\/procivitas.se\/lund\/skuggning\/"]}]},{"@type":"BreadcrumbList","@id":"https:\/\/procivitas.se\/lund\/skuggning\/#breadcrumb","itemListElement":[{"@type":"ListItem","position":1,"name":"Start","item":"https:\/\/procivitas.se\/lund\/"},{"@type":"ListItem","position":2,"name":"Skuggning"}]},{"@type":"WebSite","@id":"https:\/\/procivitas.se\/lund\/#website","url":"https:\/\/procivitas.se\/lund\/","name":"Lund","description":"Just another WordPress site","potentialAction":[{"@type":"SearchAction","target":{"@type":"EntryPoint","urlTemplate":"https:\/\/procivitas.se\/lund\/?s={search_term_string}"},"query-input":"required name=search_term_string"}],"inLanguage":"sv-SE"}]}},"_links":{"self":[{"href":"https:\/\/procivitas.se\/lund\/wp-json\/wp\/v2\/pages\/536"}],"collection":[{"href":"https:\/\/procivitas.se\/lund\/wp-json\/wp\/v2\/pages"}],"about":[{"href":"https:\/\/procivitas.se\/lund\/wp-json\/wp\/v2\/types\/page"}],"author":[{"embeddable":true,"href":"https:\/\/procivitas.se\/lund\/wp-json\/wp\/v2\/users\/5"}],"replies":[{"embeddable":true,"href":"https:\/\/procivitas.se\/lund\/wp-json\/wp\/v2\/comments?post=536"}],"version-history":[{"count":10,"href":"https:\/\/procivitas.se\/lund\/wp-json\/wp\/v2\/pages\/536\/revisions"}],"predecessor-version":[{"id":3756,"href":"https:\/\/procivitas.se\/lund\/wp-json\/wp\/v2\/pages\/536\/revisions\/3756"}],"wp:attachment":[{"href":"https:\/\/procivitas.se\/lund\/wp-json\/wp\/v2\/media?parent=536"}],"curies":[{"name":"wp","href":"https:\/\/api.w.org\/{rel}","templated":true}]}}