{"id":136,"date":"2023-02-14T12:42:33","date_gmt":"2023-02-14T11:42:33","guid":{"rendered":"https:\/\/procivitas.se\/malmo\/?page_id=136"},"modified":"2024-02-29T14:14:10","modified_gmt":"2024-02-29T13:14:10","slug":"synpunkter-pa-verksamheten","status":"publish","type":"page","link":"https:\/\/procivitas.se\/malmo\/vart-kvalitetsarbete\/synpunkter-pa-verksamheten\/","title":{"rendered":"Synpunkter p\u00e5 verksamheten"},"content":{"rendered":"\n\t<div class=\"module_wrapper ams_remote_pages_module \">\n\t\t\n\n<section  class=\"ams-timeline c-block l-stacked heading-decor\" data-color-scheme=\"timeline\">\n\t<div class=\"l-container-narrow l-stack l-stack-fluid-2xl u-pt-fluid-3xl-6xl u-pb-fluid-3xl-6xl is-center is-center@md\">\n\t\t\t\t\t<div class=\"ams-timeline__intro l-stack l-stack-lg\">\n\t\t\t\t\t\n\t<h1\n\tclass=\"c-heading u-font-title-1 \"\n\tstyle=\"\">\n\t\t\n\t\t\t\t\tSynpunkter p\u00e5 verksamheten\n\t\t\t\t\n\t<\/h1>\n\n\t\t\t\t\t\t\t\t\t<div class=\"c-text l-stack u-cs-xl u-font-preamble\">\n\t\t\t\t\t\t<p><span data-sheets-value=\"{&quot;1&quot;:2,&quot;2&quot;:&quot;Vi vill att v\u00e5r skola ska vara s\u00e5 bra som m\u00f6jligt f\u00f6r alla! V\u00e5rt m\u00e5l \u00e4r att erbjuda en h\u00f6g och god kvalitet i alla v\u00e5ra verksamheter. D\u00e4rf\u00f6r \u00e4r det viktigt att vi f\u00e5r information om eventuella brister, s\u00e5 att vi i dialog med dig kan f\u00f6rb\u00e4ttra och utveckla verksamheten. N\u00e4r du l\u00e4mnat dina synpunkter kommer dessa att skickas direkt till huvudmannen som, s\u00e5vida du inte valt att vara anonym, kommer att bekr\u00e4fta att synpunkterna mottagits.&quot;}\" data-sheets-userformat=\"{&quot;2&quot;:929,&quot;3&quot;:{&quot;1&quot;:0},&quot;8&quot;:{&quot;1&quot;:[{&quot;1&quot;:2,&quot;2&quot;:0,&quot;5&quot;:{&quot;1&quot;:2,&quot;2&quot;:0}},{&quot;1&quot;:0,&quot;2&quot;:0,&quot;3&quot;:3},{&quot;1&quot;:1,&quot;2&quot;:0,&quot;4&quot;:1}]},&quot;10&quot;:0,&quot;11&quot;:4,&quot;12&quot;:0}\">Vi vill att v\u00e5r skola ska vara s\u00e5 bra som m\u00f6jligt f\u00f6r alla! V\u00e5rt m\u00e5l \u00e4r att erbjuda en h\u00f6g och god kvalitet i alla v\u00e5ra verksamheter. D\u00e4rf\u00f6r \u00e4r det viktigt att vi f\u00e5r information om eventuella brister, s\u00e5 att vi i dialog med dig kan f\u00f6rb\u00e4ttra och utveckla verksamheten. N\u00e4r du l\u00e4mnat dina synpunkter kommer dessa att skickas direkt till huvudmannen som, s\u00e5vida du inte valt att vara anonym, kommer att bekr\u00e4fta att synpunkterna mottagits.<\/span><\/p>\n\n\t\t\t\t\t<\/div>\n\t\t\t\t\t\t\t<\/div>\n\t\t\n\t\t\t\t\t\n<ol class=\"c-steps\" data-variant=\"vertical\" data-size=\"lg\" data-columns=\"1\">\n\t\t\t<li class=\"c-steps__item\"\n\t\t\t\n\t\t>\n\t\t\t<div class=\"c-steps__circle u-radius-rounded\">\n\t\t\t\t\t\t\t\t\t<span class=\"c-steps__number\">1<\/span>\n\t\t\t\t\t\t\t<\/div>\n\n\t\t\t\t\t\t\t<div class=\"c-steps__content l-stack-xs\">\n\t\t\t\t\t\n\t\t\t\t\t\t\t\t\t\t\t<div class=\"c-steps__text l-stack-sm u-font-body\">\n\t\t\t\t\t\t\t<p><span data-sheets-value=\"{&quot;1&quot;:2,&quot;2&quot;:&quot;1. Prata med skolan f\u00f6rst\\nI f\u00f6rsta hand b\u00f6r du som har synpunkter eller klagom\u00e5l p\u00e5 verksamheten v\u00e4nda dig till aktuell skolpersonal. Om du inte f\u00e5r hj\u00e4lp av personal p\u00e5 skolan b\u00f6r du som n\u00e4sta steg kontakta rektorn. Synpunkter och klagom\u00e5l kan l\u00e4mnas skriftligt, muntligt eller via bes\u00f6k.&quot;}\" data-sheets-userformat=\"{&quot;2&quot;:933,&quot;3&quot;:{&quot;1&quot;:0},&quot;5&quot;:{&quot;1&quot;:[{&quot;1&quot;:2,&quot;2&quot;:0,&quot;5&quot;:{&quot;1&quot;:2,&quot;2&quot;:0}},{&quot;1&quot;:0,&quot;2&quot;:0,&quot;3&quot;:3},{&quot;1&quot;:1,&quot;2&quot;:0,&quot;4&quot;:1}]},&quot;8&quot;:{&quot;1&quot;:[{&quot;1&quot;:2,&quot;2&quot;:0,&quot;5&quot;:{&quot;1&quot;:2,&quot;2&quot;:0}},{&quot;1&quot;:0,&quot;2&quot;:0,&quot;3&quot;:3},{&quot;1&quot;:1,&quot;2&quot;:0,&quot;4&quot;:1}]},&quot;10&quot;:0,&quot;11&quot;:4,&quot;12&quot;:0}\">I f\u00f6rsta hand b\u00f6r du som har synpunkter eller klagom\u00e5l p\u00e5 verksamheten v\u00e4nda dig till aktuell skolpersonal. Om du inte f\u00e5r hj\u00e4lp av personal p\u00e5 skolan b\u00f6r du som n\u00e4sta steg kontakta rektorn. Synpunkter och klagom\u00e5l kan l\u00e4mnas skriftligt, muntligt eller via bes\u00f6k.<\/span><\/p>\n\n\t\t\t\t\t\t<\/div>\n\t\t\t\t\t\t\t\t\t<\/div>\n\t\t\t\t\t<\/li>\n\t\t\t<li class=\"c-steps__item\"\n\t\t\t\n\t\t>\n\t\t\t<div class=\"c-steps__circle u-radius-rounded\">\n\t\t\t\t\t\t\t\t\t<span class=\"c-steps__number\">2<\/span>\n\t\t\t\t\t\t\t<\/div>\n\n\t\t\t\t\t\t\t<div class=\"c-steps__content l-stack-xs\">\n\t\t\t\t\t\n\t\t\t\t\t\t\t\t\t\t\t<div class=\"c-steps__text l-stack-sm u-font-body\">\n\t\t\t\t\t\t\t<p><span data-sheets-value=\"{&quot;1&quot;:2,&quot;2&quot;:&quot;2. Att l\u00e4mna ett klagom\u00e5l till huvudmannen\\nEnligt 4 kap. 8 \u00a7 skollagen (2010:800) ska huvudmannen ha skriftliga rutiner f\u00f6r att ta emot och utreda klagom\u00e5l mot utbildningen. Om du fortfarande inte \u00e4r n\u00f6jd kan du v\u00e4nda dig till skolans huvudman, som \u00e4r niv\u00e5n \u00f6ver rektor.\\n\\nDet g\u00f6r du genom att fylla i formul\u00e4ret h\u00e4r.&quot;}\" data-sheets-userformat=\"{&quot;2&quot;:929,&quot;3&quot;:{&quot;1&quot;:0},&quot;8&quot;:{&quot;1&quot;:[{&quot;1&quot;:2,&quot;2&quot;:0,&quot;5&quot;:{&quot;1&quot;:2,&quot;2&quot;:0}},{&quot;1&quot;:0,&quot;2&quot;:0,&quot;3&quot;:3},{&quot;1&quot;:1,&quot;2&quot;:0,&quot;4&quot;:1}]},&quot;10&quot;:0,&quot;11&quot;:4,&quot;12&quot;:0}\">Enligt 4 kap. 8 \u00a7 skollagen (2010:800) ska huvudmannen ha skriftliga rutiner f\u00f6r att ta emot och utreda klagom\u00e5l mot utbildningen. Om du fortfarande inte \u00e4r n\u00f6jd kan du v\u00e4nda dig till skolans huvudman, som \u00e4r niv\u00e5n \u00f6ver rektor. Det g\u00f6r du genom att <a href=\"https:\/\/procivitas.se\/lamna-synpunkt\/\" target=\"_blank\" rel=\"noopener\">fylla i formul\u00e4ret h\u00e4r<\/a>.<\/span><\/p>\n\n\t\t\t\t\t\t<\/div>\n\t\t\t\t\t\t\t\t\t<\/div>\n\t\t\t\t\t<\/li>\n\t<\/ol>\n\t\n\t\t\t<\/div>\n\n\t\t\n\n<\/section>\n\t<\/div>\n\n\t\n\n\n\t<div class=\"module_wrapper ams_remote_pages_module \">\n\t\t\n\n<section  class=\"ams-cta ams-cta--stacked c-block l-stacked heading-decor\" data-color-scheme=\"blue\">\n\t<div class=\"l-container l-stack l-stack-fluid-2xl u-pt-fluid-3xl-6xl u-pb-fluid-3xl-6xl is-center is-center@md\">\n\t\t\t\t\t<div class=\"ams-cta__intro l-stack l-stack-lg\">\n\t\t\t\t\t\n\t<h2\n\tclass=\"c-heading u-font-title-1 \"\n\tstyle=\"\">\n\t\t\n\t\t\t\t\tL\u00e4mna synpunkt\n\t\t\t\t\n\t<\/h2>\n\n\t\t\t\t\t\t\t\t\t<div class=\"c-text l-stack u-cs-xl u-font-preamble\">\n\t\t\t\t\t\t<p><span data-sheets-value=\"{&quot;1&quot;:2,&quot;2&quot;:&quot;Vi \u00e4r alltid intresserade av att f\u00e5 \u00e5terkoppling p\u00e5 det som fungerar bra, och mindre bra. Klicka dig vidare f\u00f6r att l\u00e4sa mer.&quot;}\" data-sheets-userformat=\"{&quot;2&quot;:2883,&quot;3&quot;:{&quot;1&quot;:0},&quot;4&quot;:{&quot;1&quot;:2,&quot;2&quot;:255},&quot;9&quot;:0,&quot;11&quot;:4,&quot;12&quot;:0,&quot;14&quot;:{&quot;1&quot;:2,&quot;2&quot;:0}}\">Vi \u00e4r alltid intresserade av att f\u00e5 \u00e5terkoppling p\u00e5 det som fungerar bra, och mindre bra.\u00a0<\/span><\/p>\n\n\t\t\t\t\t<\/div>\n\t\t\t\t\t\t\t<\/div>\n\t\t\n\t\t\n\t\t\t<div class=\"ams-cta__action u-inline-items\">\n\t\t\t\t\t\t\t\n\n\n<a href=\"https:\/\/procivitas.se\/lamna-synpunkt\/\"\n\t\n\tclass=\"c-btn \"\n\tdata-style=\"rounded\"\n\tdata-size=\"md\"\n\tdata-width=\"full-mobile\"\n\tdata-variant=\"default\"\n\ttarget=\"_blank\">\n\t\t\t<span class=\"label\"> Fyll i formul\u00e4ret till huvudman<\/span>\n\t\t\t<\/a>\n\t\t\t<\/div>\n\t<\/div>\n\n\t\t\n\n<\/section>\n\t<\/div>\n\n\t","protected":false},"excerpt":{"rendered":"","protected":false},"author":1,"featured_media":0,"parent":491,"menu_order":0,"comment_status":"closed","ping_status":"closed","template":"","meta":{"footnotes":""},"yoast_head":"<!-- This site is optimized with the Yoast SEO plugin v22.0 - https:\/\/yoast.com\/wordpress\/plugins\/seo\/ -->\n<title>Synpunkter - ProCivitas Privata Gymnasium Malm\u00f6<\/title>\n<meta name=\"description\" content=\"Vi vill att v\u00e5r skola ska vara s\u00e5 bra som m\u00f6jligt f\u00f6r alla! V\u00e5rt m\u00e5l \u00e4r att erbjuda en h\u00f6g och god kvalitet i alla v\u00e5ra verksamheter.\" \/>\n<meta name=\"robots\" content=\"index, follow, max-snippet:-1, max-image-preview:large, max-video-preview:-1\" \/>\n<link rel=\"canonical\" href=\"https:\/\/procivitas.se\/malmo\/vart-kvalitetsarbete\/synpunkter-pa-verksamheten\/\" \/>\n<meta property=\"og:locale\" content=\"sv_SE\" \/>\n<meta property=\"og:type\" content=\"article\" \/>\n<meta property=\"og:title\" content=\"Synpunkter - ProCivitas Privata Gymnasium Malm\u00f6\" \/>\n<meta property=\"og:description\" content=\"Vi vill att v\u00e5r skola ska vara s\u00e5 bra som m\u00f6jligt f\u00f6r alla! V\u00e5rt m\u00e5l \u00e4r att erbjuda en h\u00f6g och god kvalitet i alla v\u00e5ra verksamheter.\" \/>\n<meta property=\"og:url\" content=\"https:\/\/procivitas.se\/malmo\/vart-kvalitetsarbete\/synpunkter-pa-verksamheten\/\" \/>\n<meta property=\"og:site_name\" content=\"Malm\u00f6\" \/>\n<meta property=\"article:modified_time\" content=\"2024-02-29T13:14:10+00:00\" \/>\n<meta name=\"twitter:card\" content=\"summary_large_image\" \/>\n<meta name=\"twitter:title\" content=\"Synpunkter - ProCivitas Privata Gymnasium Malm\u00f6\" \/>\n<meta name=\"twitter:description\" content=\"Vi vill att v\u00e5r skola ska vara s\u00e5 bra som m\u00f6jligt f\u00f6r alla! V\u00e5rt m\u00e5l \u00e4r att erbjuda en h\u00f6g och god kvalitet i alla v\u00e5ra verksamheter.\" \/>\n<script type=\"application\/ld+json\" class=\"yoast-schema-graph\">{\"@context\":\"https:\/\/schema.org\",\"@graph\":[{\"@type\":\"WebPage\",\"@id\":\"https:\/\/procivitas.se\/malmo\/vart-kvalitetsarbete\/synpunkter-pa-verksamheten\/\",\"url\":\"https:\/\/procivitas.se\/malmo\/vart-kvalitetsarbete\/synpunkter-pa-verksamheten\/\",\"name\":\"Synpunkter - ProCivitas Privata Gymnasium Malm\u00f6\",\"isPartOf\":{\"@id\":\"https:\/\/procivitas.se\/malmo\/#website\"},\"datePublished\":\"2023-02-14T11:42:33+00:00\",\"dateModified\":\"2024-02-29T13:14:10+00:00\",\"description\":\"Vi vill att v\u00e5r skola ska vara s\u00e5 bra som m\u00f6jligt f\u00f6r alla! V\u00e5rt m\u00e5l \u00e4r att erbjuda en h\u00f6g och god kvalitet i alla v\u00e5ra verksamheter.\",\"breadcrumb\":{\"@id\":\"https:\/\/procivitas.se\/malmo\/vart-kvalitetsarbete\/synpunkter-pa-verksamheten\/#breadcrumb\"},\"inLanguage\":\"sv-SE\",\"potentialAction\":[{\"@type\":\"ReadAction\",\"target\":[\"https:\/\/procivitas.se\/malmo\/vart-kvalitetsarbete\/synpunkter-pa-verksamheten\/\"]}]},{\"@type\":\"BreadcrumbList\",\"@id\":\"https:\/\/procivitas.se\/malmo\/vart-kvalitetsarbete\/synpunkter-pa-verksamheten\/#breadcrumb\",\"itemListElement\":[{\"@type\":\"ListItem\",\"position\":1,\"name\":\"Start\",\"item\":\"https:\/\/procivitas.se\/malmo\/\"},{\"@type\":\"ListItem\",\"position\":2,\"name\":\"V\u00e5rt kvalitetsarbete\",\"item\":\"https:\/\/procivitas.se\/malmo\/vart-kvalitetsarbete\/\"},{\"@type\":\"ListItem\",\"position\":3,\"name\":\"Synpunkter p\u00e5 verksamheten\"}]},{\"@type\":\"WebSite\",\"@id\":\"https:\/\/procivitas.se\/malmo\/#website\",\"url\":\"https:\/\/procivitas.se\/malmo\/\",\"name\":\"Malm\u00f6\",\"description\":\"Just another WordPress site\",\"potentialAction\":[{\"@type\":\"SearchAction\",\"target\":{\"@type\":\"EntryPoint\",\"urlTemplate\":\"https:\/\/procivitas.se\/malmo\/?s={search_term_string}\"},\"query-input\":\"required name=search_term_string\"}],\"inLanguage\":\"sv-SE\"}]}<\/script>\n<!-- \/ Yoast SEO plugin. -->","yoast_head_json":{"title":"Synpunkter - ProCivitas Privata Gymnasium Malm\u00f6","description":"Vi vill att v\u00e5r skola ska vara s\u00e5 bra som m\u00f6jligt f\u00f6r alla! V\u00e5rt m\u00e5l \u00e4r att erbjuda en h\u00f6g och god kvalitet i alla v\u00e5ra verksamheter.","robots":{"index":"index","follow":"follow","max-snippet":"max-snippet:-1","max-image-preview":"max-image-preview:large","max-video-preview":"max-video-preview:-1"},"canonical":"https:\/\/procivitas.se\/malmo\/vart-kvalitetsarbete\/synpunkter-pa-verksamheten\/","og_locale":"sv_SE","og_type":"article","og_title":"Synpunkter - ProCivitas Privata Gymnasium Malm\u00f6","og_description":"Vi vill att v\u00e5r skola ska vara s\u00e5 bra som m\u00f6jligt f\u00f6r alla! V\u00e5rt m\u00e5l \u00e4r att erbjuda en h\u00f6g och god kvalitet i alla v\u00e5ra verksamheter.","og_url":"https:\/\/procivitas.se\/malmo\/vart-kvalitetsarbete\/synpunkter-pa-verksamheten\/","og_site_name":"Malm\u00f6","article_modified_time":"2024-02-29T13:14:10+00:00","twitter_card":"summary_large_image","twitter_title":"Synpunkter - ProCivitas Privata Gymnasium Malm\u00f6","twitter_description":"Vi vill att v\u00e5r skola ska vara s\u00e5 bra som m\u00f6jligt f\u00f6r alla! V\u00e5rt m\u00e5l \u00e4r att erbjuda en h\u00f6g och god kvalitet i alla v\u00e5ra verksamheter.","schema":{"@context":"https:\/\/schema.org","@graph":[{"@type":"WebPage","@id":"https:\/\/procivitas.se\/malmo\/vart-kvalitetsarbete\/synpunkter-pa-verksamheten\/","url":"https:\/\/procivitas.se\/malmo\/vart-kvalitetsarbete\/synpunkter-pa-verksamheten\/","name":"Synpunkter - ProCivitas Privata Gymnasium Malm\u00f6","isPartOf":{"@id":"https:\/\/procivitas.se\/malmo\/#website"},"datePublished":"2023-02-14T11:42:33+00:00","dateModified":"2024-02-29T13:14:10+00:00","description":"Vi vill att v\u00e5r skola ska vara s\u00e5 bra som m\u00f6jligt f\u00f6r alla! V\u00e5rt m\u00e5l \u00e4r att erbjuda en h\u00f6g och god kvalitet i alla v\u00e5ra verksamheter.","breadcrumb":{"@id":"https:\/\/procivitas.se\/malmo\/vart-kvalitetsarbete\/synpunkter-pa-verksamheten\/#breadcrumb"},"inLanguage":"sv-SE","potentialAction":[{"@type":"ReadAction","target":["https:\/\/procivitas.se\/malmo\/vart-kvalitetsarbete\/synpunkter-pa-verksamheten\/"]}]},{"@type":"BreadcrumbList","@id":"https:\/\/procivitas.se\/malmo\/vart-kvalitetsarbete\/synpunkter-pa-verksamheten\/#breadcrumb","itemListElement":[{"@type":"ListItem","position":1,"name":"Start","item":"https:\/\/procivitas.se\/malmo\/"},{"@type":"ListItem","position":2,"name":"V\u00e5rt kvalitetsarbete","item":"https:\/\/procivitas.se\/malmo\/vart-kvalitetsarbete\/"},{"@type":"ListItem","position":3,"name":"Synpunkter p\u00e5 verksamheten"}]},{"@type":"WebSite","@id":"https:\/\/procivitas.se\/malmo\/#website","url":"https:\/\/procivitas.se\/malmo\/","name":"Malm\u00f6","description":"Just another WordPress site","potentialAction":[{"@type":"SearchAction","target":{"@type":"EntryPoint","urlTemplate":"https:\/\/procivitas.se\/malmo\/?s={search_term_string}"},"query-input":"required name=search_term_string"}],"inLanguage":"sv-SE"}]}},"_links":{"self":[{"href":"https:\/\/procivitas.se\/malmo\/wp-json\/wp\/v2\/pages\/136"}],"collection":[{"href":"https:\/\/procivitas.se\/malmo\/wp-json\/wp\/v2\/pages"}],"about":[{"href":"https:\/\/procivitas.se\/malmo\/wp-json\/wp\/v2\/types\/page"}],"author":[{"embeddable":true,"href":"https:\/\/procivitas.se\/malmo\/wp-json\/wp\/v2\/users\/1"}],"replies":[{"embeddable":true,"href":"https:\/\/procivitas.se\/malmo\/wp-json\/wp\/v2\/comments?post=136"}],"version-history":[{"count":10,"href":"https:\/\/procivitas.se\/malmo\/wp-json\/wp\/v2\/pages\/136\/revisions"}],"predecessor-version":[{"id":2071,"href":"https:\/\/procivitas.se\/malmo\/wp-json\/wp\/v2\/pages\/136\/revisions\/2071"}],"up":[{"embeddable":true,"href":"https:\/\/procivitas.se\/malmo\/wp-json\/wp\/v2\/pages\/491"}],"wp:attachment":[{"href":"https:\/\/procivitas.se\/malmo\/wp-json\/wp\/v2\/media?parent=136"}],"curies":[{"name":"wp","href":"https:\/\/api.w.org\/{rel}","templated":true}]}}