{"id":2364,"date":"2023-10-27T11:13:12","date_gmt":"2023-10-27T09:13:12","guid":{"rendered":"https:\/\/procivitas.se\/malmo\/?page_id=2364"},"modified":"2026-04-08T07:57:43","modified_gmt":"2026-04-08T05:57:43","slug":"personal-och-elever","status":"publish","type":"page","link":"https:\/\/procivitas.se\/malmo\/var-skola\/personal-och-elever\/","title":{"rendered":"Engagemang och kompetens"},"content":{"rendered":"\n\t\n\t\n\t\n\t\n\t\n\n<section \n\tclass=\"ams-hero ams-hero--classic ams-hero--default c-block l-stacked heading-decor \"\n\tdata-color-scheme=\"blue\"\n\tstyle=\"\">\n\t<div class=\"ams-hero__container u-items-center u-justify-center\">\n\t\t<div\n\t\t\tclass=\"ams-hero__content l-stack l-stack-xl is-center is-center@md\" >\n\t\t\t<div class=\"l-stack l-stack-lg\">\n\t\t\t\t\t\n\t<h1\n\tclass=\"c-heading u-font-large \"\n\tstyle=\"\">\n\t\t<span>\n\t\t\t\t\tEngagemang och kompetens\n\t\t\t\t<\/span>\n\t<\/h1>\n\n\t\t\t\t\t\t\t\t\t<div class=\"text l-stack u-font-preamble\">\n\t\t\t\t\t\t<p><em>ProCivitas l\u00e4rare brinner f\u00f6r sitt yrke och har h\u00f6g kompetens och beh\u00f6righet. Vilket avspeglas i den kreativa och \u00f6ppna atmosf\u00e4r som finns p\u00e5 skolan.<\/em><\/p>\n\n\t\t\t\t\t<\/div>\n\t\t\t\t\t\t\t<\/div>\n\n\t\t\t\t\t<\/div>\n\t<\/div>\n\n\t\n\n<\/section>\n\n\n\n\t\n\t\n\t\n\n\t\n\t\n\t\t\n<section  class=\"c-block l-stacked  \" data-color-scheme=\"white\">\n\t<div class=\"ams-fifty ams-fifty--container ams-fifty--left ams-fifty--top l-container u-pt-fluid-2xl-4xl u-pb-fluid-2xl-4xl\">\n\t\t<div class=\"ams-fifty__content l-stack l-stack-xl is-left is-left@lg\">\n\t\t\t<div class=\"ams-fifty__text l-stack l-stack-lg\">\n\t\t\t\t\t\n\t<h2\n\tclass=\"c-heading u-font-title-1 \"\n\tstyle=\"\">\n\t\t\n\t\t\t\t\tV\u00e5ra l\u00e4rare\n\t\t\t\t\n\t<\/h2>\n\n\t\t\t\t\t\t\t\t\t<div class=\"text l-stack u-font-body\">\n\t\t\t\t\t\t<p style=\"text-align: left;\">Varje \u00e5r genomf\u00f6rs utv\u00e4rderingar av hela skolans verksamhet d\u00e4r elevernas \u00e5sikter om framf\u00f6rallt undervisningen tas in. Detta \u00e4r en bra metod f\u00f6r att kvalitetss\u00e4kra utbildningen, ta vara p\u00e5 elevernas engagemang och ett s\u00e4tt att hela tiden fundera \u00f6ver om det \u00e4r n\u00e5got som kan f\u00f6rb\u00e4ttras. Sj\u00e4lvklart anst\u00e4ller vi endast legitimerade l\u00e4rare. F\u00f6rutom l\u00e4rarutbildning bidrar de med l\u00e5ng erfarenhet fr\u00e5n arbetslivet och ofta \u00e4ven kompetenser h\u00e4mtade utanf\u00f6r skolans v\u00e4rld.<\/p>\n\n\t\t\t\t\t<\/div>\n\t\t\t\t\t\t\t<\/div>\n\n\t\t\t\t\t<\/div>\n\n\t\t <div class=\"ams-fifty__media u-ratio-square\">\n\t\t \t\t\t\t\t<img decoding=\"async\" width=\"600\" height=\"400\" src=\"https:\/\/procivitas.se\/wp-content\/uploads\/sites\/6\/2025\/07\/profotograferingmalmo202503-202903webb3822-600x400.jpg\" class=\"attachment-md size-md\" alt=\"Glad l\u00e4rare och elev p\u00e5 naturkunskapen.\" sizes=\"(min-width: 64em) 600px, calc(100vw - 160px)\" srcset=\"https:\/\/procivitas.se\/wp-content\/uploads\/sites\/6\/2025\/07\/profotograferingmalmo202503-202903webb3822-600x400.jpg 600w, https:\/\/procivitas.se\/wp-content\/uploads\/sites\/6\/2025\/07\/profotograferingmalmo202503-202903webb3822-300x200.jpg 300w, https:\/\/procivitas.se\/wp-content\/uploads\/sites\/6\/2025\/07\/profotograferingmalmo202503-202903webb3822-400x267.jpg 400w, https:\/\/procivitas.se\/wp-content\/uploads\/sites\/6\/2025\/07\/profotograferingmalmo202503-202903webb3822-800x533.jpg 800w, https:\/\/procivitas.se\/wp-content\/uploads\/sites\/6\/2025\/07\/profotograferingmalmo202503-202903webb3822-1024x683.jpg 1024w, https:\/\/procivitas.se\/wp-content\/uploads\/sites\/6\/2025\/07\/profotograferingmalmo202503-202903webb3822.jpg 1200w\" \/>\n\t\t\t\n\t\t\t\n\t\t\t\t\t<\/div>\n\t<\/div>\n\n\t\t\n\n<\/section>\n\n\n\n\t\n\t\n\t\n\n\t\n\t\n\t\t\n<section  class=\"c-block l-stacked  \" data-color-scheme=\"white\">\n\t<div class=\"ams-fifty ams-fifty--container ams-fifty--right ams-fifty--top l-container u-pt-fluid-2xl-4xl u-pb-fluid-2xl-4xl\">\n\t\t<div class=\"ams-fifty__content l-stack l-stack-xl is-left is-left@lg\">\n\t\t\t<div class=\"ams-fifty__text l-stack l-stack-lg\">\n\t\t\t\t\t\n\t<h2\n\tclass=\"c-heading u-font-title-1 \"\n\tstyle=\"\">\n\t\t\n\t\t\t\t\tV\u00e5ra elever\n\t\t\t\t\n\t<\/h2>\n\n\t\t\t\t\t\t\t\t\t<div class=\"text l-stack u-font-body\">\n\t\t\t\t\t\t<p style=\"text-align: left;\">P\u00e5 ProCivitas g\u00e5r alla typer av elever \u2013 en del med ett medvetet m\u00e5l f\u00f6r sin utbildning, andra g\u00e5r h\u00e4r f\u00f6r att de vill ha en bra bred utbildning som g\u00f6r att de har stora m\u00f6jligheter att v\u00e4lja vad de vill syssla med i framtiden. Det som \u00e4r mest utm\u00e4rkande f\u00f6r de elever som dras till ProCivitas \u00e4r en vilja att g\u00f6ra n\u00e5gonting bra av sin gymnasietid och att de vill tillbringa den i en milj\u00f6 d\u00e4r kvalitet \u00e4r ett nyckelord.<\/p>\n<p style=\"text-align: left;\">M\u00e5nga av ProCivitas elever deltar aktivt i skolans omtyckta elevk\u00e5r. Elevk\u00e5ren arbetar mycket med trivsel genom arrangemang av olika slag men \u00e4r ocks\u00e5 viktig n\u00e4r det g\u00e4ller elevernas inflytande vad g\u00e4ller skolarbetet. Vi har nolltolerans mot mobbning och d\u00e5ligt uppf\u00f6rande. P\u00e5 ProCivitas f\u00e5r du vara dig sj\u00e4lv. M\u00e5ngfald och olikhet bejakas och uppmuntras.<\/p>\n\n\t\t\t\t\t<\/div>\n\t\t\t\t\t\t\t<\/div>\n\n\t\t\t\t\t<\/div>\n\n\t\t <div class=\"ams-fifty__media u-ratio-square\">\n\t\t \t\t\t\t\t<img decoding=\"async\" width=\"600\" height=\"761\" src=\"https:\/\/procivitas.se\/wp-content\/uploads\/sites\/6\/2025\/07\/profotograferingmalmo202503-202903webb4324-e1751628239564-600x761.jpg\" class=\"attachment-md size-md\" alt=\"Glada elever pluggar.\" sizes=\"(min-width: 64em) 600px, calc(100vw - 160px)\" srcset=\"https:\/\/procivitas.se\/wp-content\/uploads\/sites\/6\/2025\/07\/profotograferingmalmo202503-202903webb4324-e1751628239564-600x761.jpg 600w, https:\/\/procivitas.se\/wp-content\/uploads\/sites\/6\/2025\/07\/profotograferingmalmo202503-202903webb4324-e1751628239564-300x380.jpg 300w, https:\/\/procivitas.se\/wp-content\/uploads\/sites\/6\/2025\/07\/profotograferingmalmo202503-202903webb4324-e1751628239564-400x507.jpg 400w, https:\/\/procivitas.se\/wp-content\/uploads\/sites\/6\/2025\/07\/profotograferingmalmo202503-202903webb4324-e1751628239564.jpg 800w\" \/>\n\t\t\t\n\t\t\t\n\t\t\t\t\t<\/div>\n\t<\/div>\n\n\t\t\n\n<\/section>\n\n\n\n\n<section  class=\"ams-cta ams-cta--stacked c-block l-stacked heading-decor\" data-color-scheme=\"blue\">\n\t<div class=\"l-container-narrow l-stack l-stack-fluid-2xl u-pt-fluid-3xl-6xl u-pb-fluid-3xl-6xl is-center is-center@md\">\n\t\t\t\t\t<div class=\"ams-cta__intro l-stack l-stack-lg\">\n\t\t\t\t\t\n\t<h2\n\tclass=\"c-heading u-font-title-1 \"\n\tstyle=\"\">\n\t\t\n\t\t\t\t\tTr\u00e4ffa oss p\u00e5 \u00d6ppet hus\n\t\t\t\t\n\t<\/h2>\n\n\t\t\t\t\t\t\t\t\t<div class=\"c-text l-stack u-cs-xl u-font-preamble\">\n\t\t\t\t\t\t<p>Bes\u00f6k oss p\u00e5 \u00d6ppet hus och tr\u00e4ffa v\u00e5ra elever och l\u00e4rare och f\u00e5 svar p\u00e5 alla dina fr\u00e5gor om skolan.<\/p>\n\n\t\t\t\t\t<\/div>\n\t\t\t\t\t\t\t<\/div>\n\t\t\n\t\t\n\t\t\t<div class=\"ams-cta__action u-inline-items\">\n\t\t\t\t\t\t\t\n\n\n<a href=\"https:\/\/procivitas.se\/malmo\/oppet-hus\"\n\t\n\tclass=\"c-btn \"\n\tdata-style=\"rounded\"\n\tdata-size=\"md\"\n\tdata-width=\"full-mobile\"\n\tdata-variant=\"default\"\n\ttarget=\"_self\">\n\t\t\t<span class=\"label\"> Bes\u00f6k \u00d6ppet hus <\/span>\n\t\t\t<\/a>\n\t\t\t<\/div>\n\t<\/div>\n\n\t\t\n\n<\/section>\n","protected":false},"excerpt":{"rendered":"","protected":false},"author":10,"featured_media":0,"parent":412,"menu_order":0,"comment_status":"closed","ping_status":"closed","template":"","meta":{"footnotes":""},"yoast_head":"<!-- This site is optimized with the Yoast SEO plugin v22.0 - https:\/\/yoast.com\/wordpress\/plugins\/seo\/ -->\n<title>Engagemang och kompetens - ProCivitas Gymnasium Malm\u00f6<\/title>\n<meta name=\"description\" content=\"ProCivitas l\u00e4rare brinner f\u00f6r sitt yrke och har h\u00f6g kompetens. Vilket avspeglas i den kreativa och \u00f6ppna atmosf\u00e4r som finns p\u00e5 skolan.\" \/>\n<meta name=\"robots\" content=\"index, follow, max-snippet:-1, max-image-preview:large, max-video-preview:-1\" \/>\n<link rel=\"canonical\" href=\"https:\/\/procivitas.se\/malmo\/var-skola\/personal-och-elever\/\" \/>\n<meta property=\"og:locale\" content=\"sv_SE\" \/>\n<meta property=\"og:type\" content=\"article\" \/>\n<meta property=\"og:title\" content=\"Engagemang och kompetens - ProCivitas Gymnasium Malm\u00f6\" \/>\n<meta property=\"og:description\" content=\"ProCivitas l\u00e4rare brinner f\u00f6r sitt yrke och har h\u00f6g kompetens. Vilket avspeglas i den kreativa och \u00f6ppna atmosf\u00e4r som finns p\u00e5 skolan.\" \/>\n<meta property=\"og:url\" content=\"https:\/\/procivitas.se\/malmo\/var-skola\/personal-och-elever\/\" \/>\n<meta property=\"og:site_name\" content=\"Malm\u00f6\" \/>\n<meta property=\"article:modified_time\" content=\"2026-04-08T05:57:43+00:00\" \/>\n<meta name=\"twitter:card\" content=\"summary_large_image\" \/>\n<meta name=\"twitter:title\" content=\"Engagemang och kompetens - ProCivitas Gymnasium Malm\u00f6\" \/>\n<meta name=\"twitter:description\" content=\"ProCivitas l\u00e4rare brinner f\u00f6r sitt yrke och har h\u00f6g kompetens. Vilket avspeglas i den kreativa och \u00f6ppna atmosf\u00e4r som finns p\u00e5 skolan.\" \/>\n<meta name=\"twitter:label1\" content=\"Est. reading time\" \/>\n\t<meta name=\"twitter:data1\" content=\"2 minuter\" \/>\n<script type=\"application\/ld+json\" class=\"yoast-schema-graph\">{\"@context\":\"https:\/\/schema.org\",\"@graph\":[{\"@type\":\"WebPage\",\"@id\":\"https:\/\/procivitas.se\/malmo\/var-skola\/personal-och-elever\/\",\"url\":\"https:\/\/procivitas.se\/malmo\/var-skola\/personal-och-elever\/\",\"name\":\"Engagemang och kompetens - ProCivitas Gymnasium Malm\u00f6\",\"isPartOf\":{\"@id\":\"https:\/\/procivitas.se\/malmo\/#website\"},\"datePublished\":\"2023-10-27T09:13:12+00:00\",\"dateModified\":\"2026-04-08T05:57:43+00:00\",\"description\":\"ProCivitas l\u00e4rare brinner f\u00f6r sitt yrke och har h\u00f6g kompetens. Vilket avspeglas i den kreativa och \u00f6ppna atmosf\u00e4r som finns p\u00e5 skolan.\",\"breadcrumb\":{\"@id\":\"https:\/\/procivitas.se\/malmo\/var-skola\/personal-och-elever\/#breadcrumb\"},\"inLanguage\":\"sv-SE\",\"potentialAction\":[{\"@type\":\"ReadAction\",\"target\":[\"https:\/\/procivitas.se\/malmo\/var-skola\/personal-och-elever\/\"]}]},{\"@type\":\"BreadcrumbList\",\"@id\":\"https:\/\/procivitas.se\/malmo\/var-skola\/personal-och-elever\/#breadcrumb\",\"itemListElement\":[{\"@type\":\"ListItem\",\"position\":1,\"name\":\"Start\",\"item\":\"https:\/\/procivitas.se\/malmo\/\"},{\"@type\":\"ListItem\",\"position\":2,\"name\":\"V\u00e5r skola\",\"item\":\"https:\/\/procivitas.se\/malmo\/var-skola\/\"},{\"@type\":\"ListItem\",\"position\":3,\"name\":\"Engagemang och kompetens\"}]},{\"@type\":\"WebSite\",\"@id\":\"https:\/\/procivitas.se\/malmo\/#website\",\"url\":\"https:\/\/procivitas.se\/malmo\/\",\"name\":\"Malm\u00f6\",\"description\":\"Just another WordPress site\",\"potentialAction\":[{\"@type\":\"SearchAction\",\"target\":{\"@type\":\"EntryPoint\",\"urlTemplate\":\"https:\/\/procivitas.se\/malmo\/?s={search_term_string}\"},\"query-input\":\"required name=search_term_string\"}],\"inLanguage\":\"sv-SE\"}]}<\/script>\n<!-- \/ Yoast SEO plugin. -->","yoast_head_json":{"title":"Engagemang och kompetens - ProCivitas Gymnasium Malm\u00f6","description":"ProCivitas l\u00e4rare brinner f\u00f6r sitt yrke och har h\u00f6g kompetens. Vilket avspeglas i den kreativa och \u00f6ppna atmosf\u00e4r som finns p\u00e5 skolan.","robots":{"index":"index","follow":"follow","max-snippet":"max-snippet:-1","max-image-preview":"max-image-preview:large","max-video-preview":"max-video-preview:-1"},"canonical":"https:\/\/procivitas.se\/malmo\/var-skola\/personal-och-elever\/","og_locale":"sv_SE","og_type":"article","og_title":"Engagemang och kompetens - ProCivitas Gymnasium Malm\u00f6","og_description":"ProCivitas l\u00e4rare brinner f\u00f6r sitt yrke och har h\u00f6g kompetens. Vilket avspeglas i den kreativa och \u00f6ppna atmosf\u00e4r som finns p\u00e5 skolan.","og_url":"https:\/\/procivitas.se\/malmo\/var-skola\/personal-och-elever\/","og_site_name":"Malm\u00f6","article_modified_time":"2026-04-08T05:57:43+00:00","twitter_card":"summary_large_image","twitter_title":"Engagemang och kompetens - ProCivitas Gymnasium Malm\u00f6","twitter_description":"ProCivitas l\u00e4rare brinner f\u00f6r sitt yrke och har h\u00f6g kompetens. Vilket avspeglas i den kreativa och \u00f6ppna atmosf\u00e4r som finns p\u00e5 skolan.","twitter_misc":{"Est. reading time":"2 minuter"},"schema":{"@context":"https:\/\/schema.org","@graph":[{"@type":"WebPage","@id":"https:\/\/procivitas.se\/malmo\/var-skola\/personal-och-elever\/","url":"https:\/\/procivitas.se\/malmo\/var-skola\/personal-och-elever\/","name":"Engagemang och kompetens - ProCivitas Gymnasium Malm\u00f6","isPartOf":{"@id":"https:\/\/procivitas.se\/malmo\/#website"},"datePublished":"2023-10-27T09:13:12+00:00","dateModified":"2026-04-08T05:57:43+00:00","description":"ProCivitas l\u00e4rare brinner f\u00f6r sitt yrke och har h\u00f6g kompetens. Vilket avspeglas i den kreativa och \u00f6ppna atmosf\u00e4r som finns p\u00e5 skolan.","breadcrumb":{"@id":"https:\/\/procivitas.se\/malmo\/var-skola\/personal-och-elever\/#breadcrumb"},"inLanguage":"sv-SE","potentialAction":[{"@type":"ReadAction","target":["https:\/\/procivitas.se\/malmo\/var-skola\/personal-och-elever\/"]}]},{"@type":"BreadcrumbList","@id":"https:\/\/procivitas.se\/malmo\/var-skola\/personal-och-elever\/#breadcrumb","itemListElement":[{"@type":"ListItem","position":1,"name":"Start","item":"https:\/\/procivitas.se\/malmo\/"},{"@type":"ListItem","position":2,"name":"V\u00e5r skola","item":"https:\/\/procivitas.se\/malmo\/var-skola\/"},{"@type":"ListItem","position":3,"name":"Engagemang och kompetens"}]},{"@type":"WebSite","@id":"https:\/\/procivitas.se\/malmo\/#website","url":"https:\/\/procivitas.se\/malmo\/","name":"Malm\u00f6","description":"Just another WordPress site","potentialAction":[{"@type":"SearchAction","target":{"@type":"EntryPoint","urlTemplate":"https:\/\/procivitas.se\/malmo\/?s={search_term_string}"},"query-input":"required name=search_term_string"}],"inLanguage":"sv-SE"}]}},"_links":{"self":[{"href":"https:\/\/procivitas.se\/malmo\/wp-json\/wp\/v2\/pages\/2364"}],"collection":[{"href":"https:\/\/procivitas.se\/malmo\/wp-json\/wp\/v2\/pages"}],"about":[{"href":"https:\/\/procivitas.se\/malmo\/wp-json\/wp\/v2\/types\/page"}],"author":[{"embeddable":true,"href":"https:\/\/procivitas.se\/malmo\/wp-json\/wp\/v2\/users\/10"}],"replies":[{"embeddable":true,"href":"https:\/\/procivitas.se\/malmo\/wp-json\/wp\/v2\/comments?post=2364"}],"version-history":[{"count":10,"href":"https:\/\/procivitas.se\/malmo\/wp-json\/wp\/v2\/pages\/2364\/revisions"}],"predecessor-version":[{"id":3578,"href":"https:\/\/procivitas.se\/malmo\/wp-json\/wp\/v2\/pages\/2364\/revisions\/3578"}],"up":[{"embeddable":true,"href":"https:\/\/procivitas.se\/malmo\/wp-json\/wp\/v2\/pages\/412"}],"wp:attachment":[{"href":"https:\/\/procivitas.se\/malmo\/wp-json\/wp\/v2\/media?parent=2364"}],"curies":[{"name":"wp","href":"https:\/\/api.w.org\/{rel}","templated":true}]}}