{"id":2385,"date":"2023-10-27T11:21:59","date_gmt":"2023-10-27T09:21:59","guid":{"rendered":"https:\/\/procivitas.se\/malmo\/?page_id=2385"},"modified":"2025-07-04T10:09:11","modified_gmt":"2025-07-04T08:09:11","slug":"aktiviteter","status":"publish","type":"page","link":"https:\/\/procivitas.se\/malmo\/var-skola\/aktiviteter\/","title":{"rendered":"Aktiviteter"},"content":{"rendered":"\n\t\n\t\n\t\n\n\t\n\t\n\t\t\n<section  class=\"c-block l-stacked  \" data-color-scheme=\"white\">\n\t<div class=\"ams-fifty ams-fifty--container ams-fifty--left ams-fifty--top l-container u-pt-fluid-3xl-6xl u-pb-fluid-3xl-6xl\">\n\t\t<div class=\"ams-fifty__content l-stack l-stack-xl is-left is-left@lg\">\n\t\t\t<div class=\"ams-fifty__text l-stack l-stack-lg\">\n\t\t\t\t\t\n\t<h1\n\tclass=\"c-heading u-font-title-1 \"\n\tstyle=\"\">\n\t\t\n\t\t\t\t\tAktiviteter med skolan\n\t\t\t\t\n\t<\/h1>\n\n\t\t\t\t\t\t\t\t\t<div class=\"text l-stack u-font-body\">\n\t\t\t\t\t\t<p>En bra skola \u00e4r s\u00e5 mycket mer \u00e4n det som sker under lektionerna. P\u00e5 ProCivitas satsar vi h\u00e5rt p\u00e5 att ge m\u00f6jligheter till s\u00e5v\u00e4l nytta som n\u00f6je under skoltiden. Under din f\u00f6rsta termin p\u00e5 skolan ordnas en rad olika aktiviteter f\u00f6r dig och alla andra nya elever s\u00e5 att ni f\u00e5r m\u00f6jlighet att l\u00e4ra k\u00e4nna varandra, b\u00e5de inom klassen och mellan programmen.<\/p>\n<p>Ni f\u00e5r bland annat \u00e5ka p\u00e5 teambuilding, delta i skattjakt och g\u00e5 p\u00e5 fest tillsammans. Under skol\u00e5ret arrangerar vi m\u00e5nga v\u00e4lbes\u00f6kta aktiviteter till exempel biokv\u00e4llar, temadagar, studieresor, klasstr\u00e4ffar med mera. En hel del av aktiviteterna har blivit s\u00e5 uppskattade att de blivit traditioner s\u00e5som idrottst\u00e4vlingar, ProCivitas Spex, Studentbalen och mycket annat.<\/p>\n\n\t\t\t\t\t<\/div>\n\t\t\t\t\t\t\t<\/div>\n\n\t\t\t\t\t<\/div>\n\n\t\t <div class=\"ams-fifty__media u-ratio-square\">\n\t\t \t\t\t\t\t<img decoding=\"async\" width=\"600\" height=\"900\" src=\"https:\/\/procivitas.se\/wp-content\/uploads\/sites\/6\/2025\/07\/profotograferingmalmo202503-202903webb4432-600x900.jpg\" class=\"attachment-md size-md\" alt=\"Elever umg\u00e5s p\u00e5 rasten.\" sizes=\"(min-width: 64em) 600px, calc(100vw - 160px)\" srcset=\"https:\/\/procivitas.se\/wp-content\/uploads\/sites\/6\/2025\/07\/profotograferingmalmo202503-202903webb4432-600x900.jpg 600w, https:\/\/procivitas.se\/wp-content\/uploads\/sites\/6\/2025\/07\/profotograferingmalmo202503-202903webb4432-300x450.jpg 300w, https:\/\/procivitas.se\/wp-content\/uploads\/sites\/6\/2025\/07\/profotograferingmalmo202503-202903webb4432-400x600.jpg 400w, https:\/\/procivitas.se\/wp-content\/uploads\/sites\/6\/2025\/07\/profotograferingmalmo202503-202903webb4432.jpg 800w\" \/>\n\t\t\t\n\t\t\t\n\t\t\t\t\t<\/div>\n\t<\/div>\n\n\t\t\n\n<\/section>\n\n\n\n\n<section  class=\"ams-cta ams-cta--stacked c-block l-stacked heading-decor\" data-color-scheme=\"blue\">\n\t<div class=\"l-container-narrow l-stack l-stack-fluid-2xl u-pt-fluid-3xl-6xl u-pb-fluid-3xl-6xl is-center is-center@md\">\n\t\t\t\t\t<div class=\"ams-cta__intro l-stack l-stack-lg\">\n\t\t\t\t\t\n\t<h2\n\tclass=\"c-heading u-font-title-1 \"\n\tstyle=\"\">\n\t\t\n\t\t\t\t\tBes\u00f6k \u00f6ppet hus\n\t\t\t\t\n\t<\/h2>\n\n\t\t\t\t\t\t\t\t\t<div class=\"c-text l-stack u-cs-xl u-font-preamble\">\n\t\t\t\t\t\t<p>Bes\u00f6k v\u00e5r skola under ett \u00f6ppet hus s\u00e5 ber\u00e4ttar vi mer om hur det \u00e4r att vara elev p\u00e5 ProCivitas Malm\u00f6.<\/p>\n\n\t\t\t\t\t<\/div>\n\t\t\t\t\t\t\t<\/div>\n\t\t\n\t\t\n\t\t\t<div class=\"ams-cta__action u-inline-items\">\n\t\t\t\t\t\t\t\n\n\n<a href=\"https:\/\/procivitas.se\/malmo\/oppet-hus\"\n\t\n\tclass=\"c-btn \"\n\tdata-style=\"rounded\"\n\tdata-size=\"md\"\n\tdata-width=\"full-mobile\"\n\tdata-variant=\"default\"\n\ttarget=\"_self\">\n\t\t\t<span class=\"label\"> Bes\u00f6k \u00f6ppet hus<\/span>\n\t\t\t<\/a>\n\t\t\t<\/div>\n\t<\/div>\n\n\t\t\n\n<\/section>\n","protected":false},"excerpt":{"rendered":"","protected":false},"author":10,"featured_media":0,"parent":412,"menu_order":0,"comment_status":"closed","ping_status":"closed","template":"","meta":{"footnotes":""},"yoast_head":"<!-- This site is optimized with the Yoast SEO plugin v22.0 - https:\/\/yoast.com\/wordpress\/plugins\/seo\/ -->\n<title>Aktiviteter - ProCivitas Privata Gymnasium Malm\u00f6<\/title>\n<meta name=\"description\" content=\"P\u00e5 ProCivitas satsar vi h\u00e5rt p\u00e5 att ge m\u00f6jligheter till s\u00e5v\u00e4l nytta som n\u00f6je under skoltiden.\" \/>\n<meta name=\"robots\" content=\"index, follow, max-snippet:-1, max-image-preview:large, max-video-preview:-1\" \/>\n<link rel=\"canonical\" href=\"https:\/\/procivitas.se\/malmo\/var-skola\/aktiviteter\/\" \/>\n<meta property=\"og:locale\" content=\"sv_SE\" \/>\n<meta property=\"og:type\" content=\"article\" \/>\n<meta property=\"og:title\" content=\"Aktiviteter - ProCivitas Privata Gymnasium Malm\u00f6\" \/>\n<meta property=\"og:description\" content=\"P\u00e5 ProCivitas satsar vi h\u00e5rt p\u00e5 att ge m\u00f6jligheter till s\u00e5v\u00e4l nytta som n\u00f6je under skoltiden.\" \/>\n<meta property=\"og:url\" content=\"https:\/\/procivitas.se\/malmo\/var-skola\/aktiviteter\/\" \/>\n<meta property=\"og:site_name\" content=\"Malm\u00f6\" \/>\n<meta property=\"article:modified_time\" content=\"2025-07-04T08:09:11+00:00\" \/>\n<meta name=\"twitter:card\" content=\"summary_large_image\" \/>\n<meta name=\"twitter:title\" content=\"Aktiviteter - ProCivitas Privata Gymnasium Malm\u00f6\" \/>\n<meta name=\"twitter:description\" content=\"P\u00e5 ProCivitas satsar vi h\u00e5rt p\u00e5 att ge m\u00f6jligheter till s\u00e5v\u00e4l nytta som n\u00f6je under skoltiden.\" \/>\n<meta name=\"twitter:label1\" content=\"Est. reading time\" \/>\n\t<meta name=\"twitter:data1\" content=\"1 minut\" \/>\n<script type=\"application\/ld+json\" class=\"yoast-schema-graph\">{\"@context\":\"https:\/\/schema.org\",\"@graph\":[{\"@type\":\"WebPage\",\"@id\":\"https:\/\/procivitas.se\/malmo\/var-skola\/aktiviteter\/\",\"url\":\"https:\/\/procivitas.se\/malmo\/var-skola\/aktiviteter\/\",\"name\":\"Aktiviteter - ProCivitas Privata Gymnasium Malm\u00f6\",\"isPartOf\":{\"@id\":\"https:\/\/procivitas.se\/malmo\/#website\"},\"datePublished\":\"2023-10-27T09:21:59+00:00\",\"dateModified\":\"2025-07-04T08:09:11+00:00\",\"description\":\"P\u00e5 ProCivitas satsar vi h\u00e5rt p\u00e5 att ge m\u00f6jligheter till s\u00e5v\u00e4l nytta som n\u00f6je under skoltiden.\",\"breadcrumb\":{\"@id\":\"https:\/\/procivitas.se\/malmo\/var-skola\/aktiviteter\/#breadcrumb\"},\"inLanguage\":\"sv-SE\",\"potentialAction\":[{\"@type\":\"ReadAction\",\"target\":[\"https:\/\/procivitas.se\/malmo\/var-skola\/aktiviteter\/\"]}]},{\"@type\":\"BreadcrumbList\",\"@id\":\"https:\/\/procivitas.se\/malmo\/var-skola\/aktiviteter\/#breadcrumb\",\"itemListElement\":[{\"@type\":\"ListItem\",\"position\":1,\"name\":\"Start\",\"item\":\"https:\/\/procivitas.se\/malmo\/\"},{\"@type\":\"ListItem\",\"position\":2,\"name\":\"V\u00e5r skola\",\"item\":\"https:\/\/procivitas.se\/malmo\/var-skola\/\"},{\"@type\":\"ListItem\",\"position\":3,\"name\":\"Aktiviteter\"}]},{\"@type\":\"WebSite\",\"@id\":\"https:\/\/procivitas.se\/malmo\/#website\",\"url\":\"https:\/\/procivitas.se\/malmo\/\",\"name\":\"Malm\u00f6\",\"description\":\"Just another WordPress site\",\"potentialAction\":[{\"@type\":\"SearchAction\",\"target\":{\"@type\":\"EntryPoint\",\"urlTemplate\":\"https:\/\/procivitas.se\/malmo\/?s={search_term_string}\"},\"query-input\":\"required name=search_term_string\"}],\"inLanguage\":\"sv-SE\"}]}<\/script>\n<!-- \/ Yoast SEO plugin. -->","yoast_head_json":{"title":"Aktiviteter - ProCivitas Privata Gymnasium Malm\u00f6","description":"P\u00e5 ProCivitas satsar vi h\u00e5rt p\u00e5 att ge m\u00f6jligheter till s\u00e5v\u00e4l nytta som n\u00f6je under skoltiden.","robots":{"index":"index","follow":"follow","max-snippet":"max-snippet:-1","max-image-preview":"max-image-preview:large","max-video-preview":"max-video-preview:-1"},"canonical":"https:\/\/procivitas.se\/malmo\/var-skola\/aktiviteter\/","og_locale":"sv_SE","og_type":"article","og_title":"Aktiviteter - ProCivitas Privata Gymnasium Malm\u00f6","og_description":"P\u00e5 ProCivitas satsar vi h\u00e5rt p\u00e5 att ge m\u00f6jligheter till s\u00e5v\u00e4l nytta som n\u00f6je under skoltiden.","og_url":"https:\/\/procivitas.se\/malmo\/var-skola\/aktiviteter\/","og_site_name":"Malm\u00f6","article_modified_time":"2025-07-04T08:09:11+00:00","twitter_card":"summary_large_image","twitter_title":"Aktiviteter - ProCivitas Privata Gymnasium Malm\u00f6","twitter_description":"P\u00e5 ProCivitas satsar vi h\u00e5rt p\u00e5 att ge m\u00f6jligheter till s\u00e5v\u00e4l nytta som n\u00f6je under skoltiden.","twitter_misc":{"Est. reading time":"1 minut"},"schema":{"@context":"https:\/\/schema.org","@graph":[{"@type":"WebPage","@id":"https:\/\/procivitas.se\/malmo\/var-skola\/aktiviteter\/","url":"https:\/\/procivitas.se\/malmo\/var-skola\/aktiviteter\/","name":"Aktiviteter - ProCivitas Privata Gymnasium Malm\u00f6","isPartOf":{"@id":"https:\/\/procivitas.se\/malmo\/#website"},"datePublished":"2023-10-27T09:21:59+00:00","dateModified":"2025-07-04T08:09:11+00:00","description":"P\u00e5 ProCivitas satsar vi h\u00e5rt p\u00e5 att ge m\u00f6jligheter till s\u00e5v\u00e4l nytta som n\u00f6je under skoltiden.","breadcrumb":{"@id":"https:\/\/procivitas.se\/malmo\/var-skola\/aktiviteter\/#breadcrumb"},"inLanguage":"sv-SE","potentialAction":[{"@type":"ReadAction","target":["https:\/\/procivitas.se\/malmo\/var-skola\/aktiviteter\/"]}]},{"@type":"BreadcrumbList","@id":"https:\/\/procivitas.se\/malmo\/var-skola\/aktiviteter\/#breadcrumb","itemListElement":[{"@type":"ListItem","position":1,"name":"Start","item":"https:\/\/procivitas.se\/malmo\/"},{"@type":"ListItem","position":2,"name":"V\u00e5r skola","item":"https:\/\/procivitas.se\/malmo\/var-skola\/"},{"@type":"ListItem","position":3,"name":"Aktiviteter"}]},{"@type":"WebSite","@id":"https:\/\/procivitas.se\/malmo\/#website","url":"https:\/\/procivitas.se\/malmo\/","name":"Malm\u00f6","description":"Just another WordPress site","potentialAction":[{"@type":"SearchAction","target":{"@type":"EntryPoint","urlTemplate":"https:\/\/procivitas.se\/malmo\/?s={search_term_string}"},"query-input":"required name=search_term_string"}],"inLanguage":"sv-SE"}]}},"_links":{"self":[{"href":"https:\/\/procivitas.se\/malmo\/wp-json\/wp\/v2\/pages\/2385"}],"collection":[{"href":"https:\/\/procivitas.se\/malmo\/wp-json\/wp\/v2\/pages"}],"about":[{"href":"https:\/\/procivitas.se\/malmo\/wp-json\/wp\/v2\/types\/page"}],"author":[{"embeddable":true,"href":"https:\/\/procivitas.se\/malmo\/wp-json\/wp\/v2\/users\/10"}],"replies":[{"embeddable":true,"href":"https:\/\/procivitas.se\/malmo\/wp-json\/wp\/v2\/comments?post=2385"}],"version-history":[{"count":9,"href":"https:\/\/procivitas.se\/malmo\/wp-json\/wp\/v2\/pages\/2385\/revisions"}],"predecessor-version":[{"id":3401,"href":"https:\/\/procivitas.se\/malmo\/wp-json\/wp\/v2\/pages\/2385\/revisions\/3401"}],"up":[{"embeddable":true,"href":"https:\/\/procivitas.se\/malmo\/wp-json\/wp\/v2\/pages\/412"}],"wp:attachment":[{"href":"https:\/\/procivitas.se\/malmo\/wp-json\/wp\/v2\/media?parent=2385"}],"curies":[{"name":"wp","href":"https:\/\/api.w.org\/{rel}","templated":true}]}}