{"id":2400,"date":"2023-10-27T11:39:10","date_gmt":"2023-10-27T09:39:10","guid":{"rendered":"https:\/\/procivitas.se\/malmo\/?page_id=2400"},"modified":"2026-04-08T07:56:59","modified_gmt":"2026-04-08T05:56:59","slug":"restaurang-procivitas","status":"publish","type":"page","link":"https:\/\/procivitas.se\/malmo\/var-skola\/restaurang-procivitas\/","title":{"rendered":"Restaurang ProCivitas Malm\u00f6"},"content":{"rendered":"\n\t\n\t\n\t\n\n\t\n\t\n\t\t\n<section  class=\"c-block l-stacked  \" data-color-scheme=\"white\">\n\t<div class=\"ams-fifty ams-fifty--container ams-fifty--left ams-fifty--top l-container u-pt-fluid-3xl-6xl u-pb-fluid-3xl-6xl\">\n\t\t<div class=\"ams-fifty__content l-stack l-stack-xl is-left is-left@lg\">\n\t\t\t<div class=\"ams-fifty__text l-stack l-stack-lg\">\n\t\t\t\t\t\n\t<h1\n\tclass=\"c-heading u-font-title-1 \"\n\tstyle=\"\">\n\t\t\n\t\t\t\t\tRestaurang ProCivitas Malm\u00f6\n\t\t\t\t\n\t<\/h1>\n\n\t\t\t\t\t\t\t\t\t<div class=\"text l-stack u-font-body\">\n\t\t\t\t\t\t<p>En av de saker som vi p\u00e5 ProCivitas Malm\u00f6 med r\u00e4tta \u00e4r mest stolta \u00f6ver \u00e4r v\u00e5r k\u00f6ksm\u00e4stare Linus och vad han och hans personal har byggt upp under ett antal \u00e5rs h\u00e5rt och professionellt arbete. Matsalen och den mat som varje vecka serveras d\u00e4r \u00e4r en av de saker som elever och personal ser som en av de b\u00e4sta sakerna med att vara p\u00e5 skolan.<\/p>\n<p>Varje \u00e5r f\u00e5r Linus och k\u00f6ket fr\u00e5gor om recept och uppl\u00e4gg och till slut besl\u00f6t skolan och han att ge ut en receptsamling med ett urval av favoriterna. Speciellt sl\u00e5ende och kul \u00e4r m\u00f6jligheten att j\u00e4mf\u00f6ra hur recepten ser ut n\u00e4r man skall laga f\u00f6r 600 eller f\u00f6r 4 personer.<\/p>\n\n\t\t\t\t\t<\/div>\n\t\t\t\t\t\t\t<\/div>\n\n\t\t\t\t<div class=\"ams-fifty__action u-inline-items\">\n\t\t\t\t\t\t\t\n\n\n<a href=\"https:\/\/procivitas.se\/wp-content\/uploads\/sites\/6\/2023\/10\/linuskokbok.pdf\"\n\t\n\tclass=\"c-btn \"\n\tdata-style=\"rounded\"\n\tdata-size=\"md\"\n\tdata-width=\"full-mobile\"\n\tdata-variant=\"default\"\n\ttarget=\"_blank\">\n\t\t\t<span class=\"label\"> Linus receptsamling<\/span>\n\t\t\t<\/a>\n\t\t\t<\/div>\n\t\t<\/div>\n\n\t\t <div class=\"ams-fifty__media u-ratio-square\">\n\t\t \t\t\t\t\t<img decoding=\"async\" width=\"600\" height=\"227\" src=\"https:\/\/procivitas.se\/wp-content\/uploads\/sites\/6\/2025\/07\/i0a0708-1-e1751625375452-600x227.jpg\" class=\"attachment-md size-md\" alt=\"Elever tar mat i matsalen.\" sizes=\"(min-width: 64em) 600px, calc(100vw - 160px)\" srcset=\"https:\/\/procivitas.se\/wp-content\/uploads\/sites\/6\/2025\/07\/i0a0708-1-e1751625375452-600x227.jpg 600w, https:\/\/procivitas.se\/wp-content\/uploads\/sites\/6\/2025\/07\/i0a0708-1-e1751625375452-300x113.jpg 300w, https:\/\/procivitas.se\/wp-content\/uploads\/sites\/6\/2025\/07\/i0a0708-1-e1751625375452-400x151.jpg 400w, https:\/\/procivitas.se\/wp-content\/uploads\/sites\/6\/2025\/07\/i0a0708-1-e1751625375452-800x303.jpg 800w, https:\/\/procivitas.se\/wp-content\/uploads\/sites\/6\/2025\/07\/i0a0708-1-e1751625375452-1024x387.jpg 1024w, https:\/\/procivitas.se\/wp-content\/uploads\/sites\/6\/2025\/07\/i0a0708-1-e1751625375452-1200x454.jpg 1200w\" \/>\n\t\t\t\n\t\t\t\n\t\t\t\t\t<\/div>\n\t<\/div>\n\n\t\t\n\n<\/section>\n\n\n\n\n<section  class=\"ams-cta ams-cta--stacked c-block l-stacked heading-decor\" data-color-scheme=\"blue\">\n\t<div class=\"l-container-narrow l-stack l-stack-fluid-2xl u-pt-fluid-3xl-6xl u-pb-fluid-3xl-6xl is-center is-center@md\">\n\t\t\t\t\t<div class=\"ams-cta__intro l-stack l-stack-lg\">\n\t\t\t\t\t\n\t<h2\n\tclass=\"c-heading u-font-title-1 \"\n\tstyle=\"\">\n\t\t\n\t\t\t\t\t\u00d6ppet hus\n\t\t\t\t\n\t<\/h2>\n\n\t\t\t\t\t\t\t\t\t<div class=\"c-text l-stack u-cs-xl u-font-preamble\">\n\t\t\t\t\t\t<p>Passa p\u00e5 att g\u00e5 p\u00e5 n\u00e5got av v\u00e5ra \u00d6ppet hus tillf\u00e4llen och se dig omkring p\u00e5 skolan. P\u00e5 ett \u00d6ppet hus f\u00e5r du tr\u00e4ffa b\u00e5de elever och l\u00e4rare och k\u00e4nna av st\u00e4mningen p\u00e5 skolan.<\/p>\n\n\t\t\t\t\t<\/div>\n\t\t\t\t\t\t\t<\/div>\n\t\t\n\t\t\n\t\t\t<div class=\"ams-cta__action u-inline-items\">\n\t\t\t\t\t\t\t\n\n\n<a href=\"https:\/\/procivitas.se\/malmo\/oppet-hus\"\n\t\n\tclass=\"c-btn \"\n\tdata-style=\"rounded\"\n\tdata-size=\"md\"\n\tdata-width=\"full-mobile\"\n\tdata-variant=\"default\"\n\ttarget=\"_self\">\n\t\t\t<span class=\"label\"> Bes\u00f6k \u00d6ppet hus <\/span>\n\t\t\t<\/a>\n\t\t\t<\/div>\n\t<\/div>\n\n\t\t\n\n<\/section>\n","protected":false},"excerpt":{"rendered":"","protected":false},"author":10,"featured_media":0,"parent":412,"menu_order":0,"comment_status":"closed","ping_status":"closed","template":"","meta":{"footnotes":""},"yoast_head":"<!-- This site is optimized with the Yoast SEO plugin v22.0 - https:\/\/yoast.com\/wordpress\/plugins\/seo\/ -->\n<title>Restaurang - ProCivitas Privata Gymnasium Malm\u00f6<\/title>\n<meta name=\"description\" content=\"Matsalen och den mat\u00a0som varje vecka serveras \u00e4r en av de saker som elever ser som en av de b\u00e4sta sakerna med att vara p\u00e5 skolan.\" \/>\n<meta name=\"robots\" content=\"index, follow, max-snippet:-1, max-image-preview:large, max-video-preview:-1\" \/>\n<link rel=\"canonical\" href=\"https:\/\/procivitas.se\/malmo\/var-skola\/restaurang-procivitas\/\" \/>\n<meta property=\"og:locale\" content=\"sv_SE\" \/>\n<meta property=\"og:type\" content=\"article\" \/>\n<meta property=\"og:title\" content=\"Restaurang - ProCivitas Privata Gymnasium Malm\u00f6\" \/>\n<meta property=\"og:description\" content=\"Matsalen och den mat\u00a0som varje vecka serveras \u00e4r en av de saker som elever ser som en av de b\u00e4sta sakerna med att vara p\u00e5 skolan.\" \/>\n<meta property=\"og:url\" content=\"https:\/\/procivitas.se\/malmo\/var-skola\/restaurang-procivitas\/\" \/>\n<meta property=\"og:site_name\" content=\"Malm\u00f6\" \/>\n<meta property=\"article:modified_time\" content=\"2026-04-08T05:56:59+00:00\" \/>\n<meta name=\"twitter:card\" content=\"summary_large_image\" \/>\n<meta name=\"twitter:title\" content=\"Restaurang - ProCivitas Privata Gymnasium Malm\u00f6\" \/>\n<meta name=\"twitter:description\" content=\"Matsalen och den mat\u00a0som varje vecka serveras \u00e4r en av de saker som elever ser som en av de b\u00e4sta sakerna med att vara p\u00e5 skolan.\" \/>\n<meta name=\"twitter:label1\" content=\"Est. reading time\" \/>\n\t<meta name=\"twitter:data1\" content=\"2 minuter\" \/>\n<script type=\"application\/ld+json\" class=\"yoast-schema-graph\">{\"@context\":\"https:\/\/schema.org\",\"@graph\":[{\"@type\":\"WebPage\",\"@id\":\"https:\/\/procivitas.se\/malmo\/var-skola\/restaurang-procivitas\/\",\"url\":\"https:\/\/procivitas.se\/malmo\/var-skola\/restaurang-procivitas\/\",\"name\":\"Restaurang - ProCivitas Privata Gymnasium Malm\u00f6\",\"isPartOf\":{\"@id\":\"https:\/\/procivitas.se\/malmo\/#website\"},\"datePublished\":\"2023-10-27T09:39:10+00:00\",\"dateModified\":\"2026-04-08T05:56:59+00:00\",\"description\":\"Matsalen och den mat\u00a0som varje vecka serveras \u00e4r en av de saker som elever ser som en av de b\u00e4sta sakerna med att vara p\u00e5 skolan.\",\"breadcrumb\":{\"@id\":\"https:\/\/procivitas.se\/malmo\/var-skola\/restaurang-procivitas\/#breadcrumb\"},\"inLanguage\":\"sv-SE\",\"potentialAction\":[{\"@type\":\"ReadAction\",\"target\":[\"https:\/\/procivitas.se\/malmo\/var-skola\/restaurang-procivitas\/\"]}]},{\"@type\":\"BreadcrumbList\",\"@id\":\"https:\/\/procivitas.se\/malmo\/var-skola\/restaurang-procivitas\/#breadcrumb\",\"itemListElement\":[{\"@type\":\"ListItem\",\"position\":1,\"name\":\"Start\",\"item\":\"https:\/\/procivitas.se\/malmo\/\"},{\"@type\":\"ListItem\",\"position\":2,\"name\":\"V\u00e5r skola\",\"item\":\"https:\/\/procivitas.se\/malmo\/var-skola\/\"},{\"@type\":\"ListItem\",\"position\":3,\"name\":\"Restaurang ProCivitas Malm\u00f6\"}]},{\"@type\":\"WebSite\",\"@id\":\"https:\/\/procivitas.se\/malmo\/#website\",\"url\":\"https:\/\/procivitas.se\/malmo\/\",\"name\":\"Malm\u00f6\",\"description\":\"Just another WordPress site\",\"potentialAction\":[{\"@type\":\"SearchAction\",\"target\":{\"@type\":\"EntryPoint\",\"urlTemplate\":\"https:\/\/procivitas.se\/malmo\/?s={search_term_string}\"},\"query-input\":\"required name=search_term_string\"}],\"inLanguage\":\"sv-SE\"}]}<\/script>\n<!-- \/ Yoast SEO plugin. -->","yoast_head_json":{"title":"Restaurang - ProCivitas Privata Gymnasium Malm\u00f6","description":"Matsalen och den mat\u00a0som varje vecka serveras \u00e4r en av de saker som elever ser som en av de b\u00e4sta sakerna med att vara p\u00e5 skolan.","robots":{"index":"index","follow":"follow","max-snippet":"max-snippet:-1","max-image-preview":"max-image-preview:large","max-video-preview":"max-video-preview:-1"},"canonical":"https:\/\/procivitas.se\/malmo\/var-skola\/restaurang-procivitas\/","og_locale":"sv_SE","og_type":"article","og_title":"Restaurang - ProCivitas Privata Gymnasium Malm\u00f6","og_description":"Matsalen och den mat\u00a0som varje vecka serveras \u00e4r en av de saker som elever ser som en av de b\u00e4sta sakerna med att vara p\u00e5 skolan.","og_url":"https:\/\/procivitas.se\/malmo\/var-skola\/restaurang-procivitas\/","og_site_name":"Malm\u00f6","article_modified_time":"2026-04-08T05:56:59+00:00","twitter_card":"summary_large_image","twitter_title":"Restaurang - ProCivitas Privata Gymnasium Malm\u00f6","twitter_description":"Matsalen och den mat\u00a0som varje vecka serveras \u00e4r en av de saker som elever ser som en av de b\u00e4sta sakerna med att vara p\u00e5 skolan.","twitter_misc":{"Est. reading time":"2 minuter"},"schema":{"@context":"https:\/\/schema.org","@graph":[{"@type":"WebPage","@id":"https:\/\/procivitas.se\/malmo\/var-skola\/restaurang-procivitas\/","url":"https:\/\/procivitas.se\/malmo\/var-skola\/restaurang-procivitas\/","name":"Restaurang - ProCivitas Privata Gymnasium Malm\u00f6","isPartOf":{"@id":"https:\/\/procivitas.se\/malmo\/#website"},"datePublished":"2023-10-27T09:39:10+00:00","dateModified":"2026-04-08T05:56:59+00:00","description":"Matsalen och den mat\u00a0som varje vecka serveras \u00e4r en av de saker som elever ser som en av de b\u00e4sta sakerna med att vara p\u00e5 skolan.","breadcrumb":{"@id":"https:\/\/procivitas.se\/malmo\/var-skola\/restaurang-procivitas\/#breadcrumb"},"inLanguage":"sv-SE","potentialAction":[{"@type":"ReadAction","target":["https:\/\/procivitas.se\/malmo\/var-skola\/restaurang-procivitas\/"]}]},{"@type":"BreadcrumbList","@id":"https:\/\/procivitas.se\/malmo\/var-skola\/restaurang-procivitas\/#breadcrumb","itemListElement":[{"@type":"ListItem","position":1,"name":"Start","item":"https:\/\/procivitas.se\/malmo\/"},{"@type":"ListItem","position":2,"name":"V\u00e5r skola","item":"https:\/\/procivitas.se\/malmo\/var-skola\/"},{"@type":"ListItem","position":3,"name":"Restaurang ProCivitas Malm\u00f6"}]},{"@type":"WebSite","@id":"https:\/\/procivitas.se\/malmo\/#website","url":"https:\/\/procivitas.se\/malmo\/","name":"Malm\u00f6","description":"Just another WordPress site","potentialAction":[{"@type":"SearchAction","target":{"@type":"EntryPoint","urlTemplate":"https:\/\/procivitas.se\/malmo\/?s={search_term_string}"},"query-input":"required name=search_term_string"}],"inLanguage":"sv-SE"}]}},"_links":{"self":[{"href":"https:\/\/procivitas.se\/malmo\/wp-json\/wp\/v2\/pages\/2400"}],"collection":[{"href":"https:\/\/procivitas.se\/malmo\/wp-json\/wp\/v2\/pages"}],"about":[{"href":"https:\/\/procivitas.se\/malmo\/wp-json\/wp\/v2\/types\/page"}],"author":[{"embeddable":true,"href":"https:\/\/procivitas.se\/malmo\/wp-json\/wp\/v2\/users\/10"}],"replies":[{"embeddable":true,"href":"https:\/\/procivitas.se\/malmo\/wp-json\/wp\/v2\/comments?post=2400"}],"version-history":[{"count":10,"href":"https:\/\/procivitas.se\/malmo\/wp-json\/wp\/v2\/pages\/2400\/revisions"}],"predecessor-version":[{"id":3576,"href":"https:\/\/procivitas.se\/malmo\/wp-json\/wp\/v2\/pages\/2400\/revisions\/3576"}],"up":[{"embeddable":true,"href":"https:\/\/procivitas.se\/malmo\/wp-json\/wp\/v2\/pages\/412"}],"wp:attachment":[{"href":"https:\/\/procivitas.se\/malmo\/wp-json\/wp\/v2\/media?parent=2400"}],"curies":[{"name":"wp","href":"https:\/\/api.w.org\/{rel}","templated":true}]}}