{"id":263,"date":"2023-02-14T13:43:32","date_gmt":"2023-02-14T12:43:32","guid":{"rendered":"https:\/\/procivitas.se\/malmo\/?page_id=263"},"modified":"2023-10-27T14:51:22","modified_gmt":"2023-10-27T12:51:22","slug":"program","status":"publish","type":"page","link":"https:\/\/procivitas.se\/malmo\/program\/","title":{"rendered":"V\u00e5ra program"},"content":{"rendered":"\n\n<section  class=\"ams-courses-list c-block l-stacked heading-decor\" data-color-scheme=\"kurslistning\">\n\t<div class=\"l-container l-stack l-stack-fluid-2xl u-pt-fluid-3xl-6xl u-pb-fluid-3xl-6xl is-center is-center@md\">\n\t\t\t\t\t<div class=\"ams-courses-list__intro l-stack l-stack-lg\">\n\t\t\t\t\t\n\t<h1\n\tclass=\"c-heading u-font-title-1 \"\n\tstyle=\"\">\n\t\t\n\t\t\t\t\tV\u00e5ra program\n\t\t\t\t\n\t<\/h1>\n\n\t\t\t\t\t\t\t\t\t<div class=\"c-text l-stack u-cs-xl u-font-preamble\">\n\t\t\t\t\t\t<p><span data-sheets-value=\"{&quot;1&quot;:2,&quot;2&quot;:&quot;P\u00e5 ProCivitas \u00e4r alla v\u00e5ra gymnasieprogram h\u00f6gskolef\u00f6rberedande. Det inneb\u00e4r att vi under din gymnasietid f\u00f6rbereder dig f\u00f6r vidare studier p\u00e5 h\u00f6gskola eller universitet. L\u00e4s mer om vilka program och inritkningar vi erbjuder nedan.&quot;}\" data-sheets-userformat=\"{&quot;2&quot;:937,&quot;3&quot;:{&quot;1&quot;:0},&quot;6&quot;:{&quot;1&quot;:[{&quot;1&quot;:2,&quot;2&quot;:0,&quot;5&quot;:{&quot;1&quot;:2,&quot;2&quot;:0}},{&quot;1&quot;:0,&quot;2&quot;:0,&quot;3&quot;:3},{&quot;1&quot;:1,&quot;2&quot;:0,&quot;4&quot;:1}]},&quot;8&quot;:{&quot;1&quot;:[{&quot;1&quot;:2,&quot;2&quot;:0,&quot;5&quot;:{&quot;1&quot;:2,&quot;2&quot;:0}},{&quot;1&quot;:0,&quot;2&quot;:0,&quot;3&quot;:3},{&quot;1&quot;:1,&quot;2&quot;:0,&quot;4&quot;:1}]},&quot;10&quot;:0,&quot;11&quot;:4,&quot;12&quot;:0}\">P\u00e5 ProCivitas \u00e4r alla v\u00e5ra gymnasieprogram h\u00f6gskolef\u00f6rberedande. Det inneb\u00e4r att vi under din gymnasietid f\u00f6rbereder dig f\u00f6r vidare studier p\u00e5 h\u00f6gskola eller universitet. L\u00e4s mer om vilka program och inriktningar vi erbjuder nedan.<\/span><\/p>\n\n\t\t\t\t\t<\/div>\n\t\t\t\t\t\t\t<\/div>\n\t\t\n\t\t\n\t\t\t\n<ul class=\"ams-courses-list__list l-grid u-gap-fluid-2xl-4xl u-justify-center\">\n\t\t\t<li class=\"l-col-6@md l-col-4@lg\">\n\t\t\t<article class=\"c-card has-media-zoom has-media-overlay \"\n\t\t\t\t\t\tdata-variant=\"\"\n\t\t\t\t\t\tdata-style=\"square\"\n\t\t\t\t\t\tdata-click-area>\n\t\t\t\t<div class=\"c-card__content l-stack l-stack-sm\">\n\t\t\t\t\t\t\t\t\t\t\t<h2 class=\"c-card__title u-font-title-3\">\n\t\t\t\t\t\t\t\t\t\t\t\t\t\t\t<a class=\"c-card__title-link\" href=\"https:\/\/procivitas.se\/malmo\/program\/ekonomiprogrammet\/\">\n\t\t\t\t\t\t\t\t\tEkonomiprogrammet\n\t\t\t\t\t\t\t\t<\/a>\n\t\t\t\t\t\t\t\t\t\t\t\t\t<\/h2>\n\t\t\t\t\t\n\t\t\t\t\t\n\t\t\t\t\t\t\t\t\t\t\t\t\t\t\t\t<ul class=\"c-card__list u-list-none l-stack-grow u-divider-top u-font-body\">\n\t\t\t\t\t\t\t\t\t\t\t\t\t\t\t<li>\n\t\t\t\t\t\t\t\t\t<strong>Program<\/strong>\n\t\t\t\t\t\t\t\t\t<ul class=\"u-list-dash\">\n\t\t\t\t\t\t\t\t\t\t\t\t\t\t\t\t\t\t\t\t\t<li>Ekonomiprogrammet<\/li>\n\t\t\t\t\t\t\t\t\t\t\t\t\t\t\t\t\t\t\t<\/ul>\n\t\t\t\t\t\t\t\t<\/li>\n\t\t\t\t\t\t\t\n\t\t\t\t\t\t\t\n\t\t\t\t\t\t\t\t<!-- Orientations within program -->\n\t\t\t\t\t\t\t\t\t\t\t\t\t\t\t\t\t<li>\n\t\t\t\t\t\t\t\t\t\t<strong>Inriktning<\/strong>\n\t\t\t\t\t\t\t\t\t\t<ul class=\"u-list-dash\">\n\t\t\t\t\t\t\t\t\t\t\t\t\t\t\t\t\t\t\t\t\t\t\t\t\t\t\t\t\t\t\t\t\t\t\t\t<li>Ekonomi<\/li>\n\t\t\t\t\t\t\t\t\t\t\t\t\t\t\t\t\t\t\t\t\t\t\t\t\t<li>Juridik<\/li>\n\t\t\t\t\t\t\t\t\t\t\t\t\t\t\t\t\t\t\t\t\t\t\t\t\t\t\t\t\t\t\t\t\t<\/ul>\n\t\t\t\t\t\t\t\t\t<\/li>\n\t\t\t\t\t\t\t\t\t\t\t\t\t\t\t\t<!-- .\/Orientations within program -->\n\n\t\t\t\t\t\t\t\t\t\t\t\t\t<\/ul>\n\n\t\t\t\t\t\t<div class=\"c-card__icon c-card__icon--nl\">\n\t\t\t\t\t\t\t\t\t\t\t\t\t\t<svg class=\"ams-icon ams-icon--arrow-right\" width=\"32\" height=\"32\" viewbox=\"0 0 32 32\" fill=\"currentColor\" aria-hidden=\"true\" xmlns=\"http:\/\/www.w3.org\/2000\/svg\">\n\t\t\t\t\t\t\t\t\t\t\t\t\t\t\t\t<path d=\"M15.4617 0.252159L14.9567 0.75931C14.6219 1.09545 14.6219 1.64048 14.9567 1.97669L27.7062 14.7806H0.857144C0.383786 14.7806 0 15.166 0 15.6414V16.3587C0 16.8341 0.383786 17.2195 0.857144 17.2195H27.7062L14.9567 30.0234C14.6219 30.3595 14.6219 30.9045 14.9567 31.2407L15.4617 31.7479C15.7964 32.084 16.3392 32.084 16.6739 31.7479L31.749 16.6087C32.0837 16.2725 32.0837 15.7275 31.749 15.3913L16.6739 0.252159C16.3392 -0.084053 15.7964 -0.084053 15.4617 0.252159Z\"\/>\n\t\t\t\t\t\t\t\n\t\t\t\t\t\t\t<\/svg>\n\t\t\t\t\t\t<\/div>\n\t\t\t\t\t\t\t\t\t<\/div>\n\t\t\t\t<div class=\"c-card__media \" style=\" --overlay-bg-hover: rgba(8,22,43,0.4);\">\n\t\t\t\t\t<img decoding=\"async\" width=\"400\" height=\"267\" src=\"https:\/\/procivitas.se\/wp-content\/uploads\/sites\/6\/2025\/07\/profotograferingmalmo202503-202903webb3367-400x267.jpg\" class=\"attachment-sm size-sm wp-post-image\" alt=\"Elever pluggar tillsammans under en lektion.\" sizes=\"(min-width: 64em) 300px, (min-width: 48em) calc(.50 * (100vw - 240px)), calc(100vw - 160px)\" srcset=\"https:\/\/procivitas.se\/wp-content\/uploads\/sites\/6\/2025\/07\/profotograferingmalmo202503-202903webb3367-400x267.jpg 400w, https:\/\/procivitas.se\/wp-content\/uploads\/sites\/6\/2025\/07\/profotograferingmalmo202503-202903webb3367-300x200.jpg 300w, https:\/\/procivitas.se\/wp-content\/uploads\/sites\/6\/2025\/07\/profotograferingmalmo202503-202903webb3367-600x400.jpg 600w, https:\/\/procivitas.se\/wp-content\/uploads\/sites\/6\/2025\/07\/profotograferingmalmo202503-202903webb3367-800x533.jpg 800w, https:\/\/procivitas.se\/wp-content\/uploads\/sites\/6\/2025\/07\/profotograferingmalmo202503-202903webb3367-1024x683.jpg 1024w, https:\/\/procivitas.se\/wp-content\/uploads\/sites\/6\/2025\/07\/profotograferingmalmo202503-202903webb3367.jpg 1200w\" \/>\n\t\t\t\t<\/div>\n\t\t\t<\/article>\n\t\t<\/li>\n\t\t\t<li class=\"l-col-6@md l-col-4@lg\">\n\t\t\t<article class=\"c-card has-media-zoom has-media-overlay \"\n\t\t\t\t\t\tdata-variant=\"\"\n\t\t\t\t\t\tdata-style=\"square\"\n\t\t\t\t\t\tdata-click-area>\n\t\t\t\t<div class=\"c-card__content l-stack l-stack-sm\">\n\t\t\t\t\t\t\t\t\t\t\t<h2 class=\"c-card__title u-font-title-3\">\n\t\t\t\t\t\t\t\t\t\t\t\t\t\t\t<a class=\"c-card__title-link\" href=\"https:\/\/procivitas.se\/malmo\/program\/naturvetenskapsprogrammet\/\">\n\t\t\t\t\t\t\t\t\tNaturvetenskaps&shy;programmet\n\t\t\t\t\t\t\t\t<\/a>\n\t\t\t\t\t\t\t\t\t\t\t\t\t<\/h2>\n\t\t\t\t\t\n\t\t\t\t\t\n\t\t\t\t\t\t\t\t\t\t\t\t\t\t\t\t<ul class=\"c-card__list u-list-none l-stack-grow u-divider-top u-font-body\">\n\t\t\t\t\t\t\t\t\t\t\t\t\t\t\t<li>\n\t\t\t\t\t\t\t\t\t<strong>Program<\/strong>\n\t\t\t\t\t\t\t\t\t<ul class=\"u-list-dash\">\n\t\t\t\t\t\t\t\t\t\t\t\t\t\t\t\t\t\t\t\t\t<li>Naturvetenskapsprogrammet<\/li>\n\t\t\t\t\t\t\t\t\t\t\t\t\t\t\t\t\t\t\t<\/ul>\n\t\t\t\t\t\t\t\t<\/li>\n\t\t\t\t\t\t\t\n\t\t\t\t\t\t\t\n\t\t\t\t\t\t\t\t<!-- Orientations within program -->\n\t\t\t\t\t\t\t\t\t\t\t\t\t\t\t\t\t<li>\n\t\t\t\t\t\t\t\t\t\t<strong>Inriktning<\/strong>\n\t\t\t\t\t\t\t\t\t\t<ul class=\"u-list-dash\">\n\t\t\t\t\t\t\t\t\t\t\t\t\t\t\t\t\t\t\t\t\t\t\t\t\t\t\t\t\t\t\t\t\t\t\t\t<li>Naturvetenskap<\/li>\n\t\t\t\t\t\t\t\t\t\t\t\t\t\t\t\t\t\t\t\t\t\t\t\t\t<li>Naturvetenskap och samh\u00e4lle<\/li>\n\t\t\t\t\t\t\t\t\t\t\t\t\t\t\t\t\t\t\t\t\t\t\t\t\t\t\t\t\t\t\t\t\t<\/ul>\n\t\t\t\t\t\t\t\t\t<\/li>\n\t\t\t\t\t\t\t\t\t\t\t\t\t\t\t\t<!-- .\/Orientations within program -->\n\n\t\t\t\t\t\t\t\t\t\t\t\t\t<\/ul>\n\n\t\t\t\t\t\t<div class=\"c-card__icon c-card__icon--nl\">\n\t\t\t\t\t\t\t\t\t\t\t\t\t\t<svg class=\"ams-icon ams-icon--arrow-right\" width=\"32\" height=\"32\" viewbox=\"0 0 32 32\" fill=\"currentColor\" aria-hidden=\"true\" xmlns=\"http:\/\/www.w3.org\/2000\/svg\">\n\t\t\t\t\t\t\t\t\t\t\t\t\t\t\t\t<path d=\"M15.4617 0.252159L14.9567 0.75931C14.6219 1.09545 14.6219 1.64048 14.9567 1.97669L27.7062 14.7806H0.857144C0.383786 14.7806 0 15.166 0 15.6414V16.3587C0 16.8341 0.383786 17.2195 0.857144 17.2195H27.7062L14.9567 30.0234C14.6219 30.3595 14.6219 30.9045 14.9567 31.2407L15.4617 31.7479C15.7964 32.084 16.3392 32.084 16.6739 31.7479L31.749 16.6087C32.0837 16.2725 32.0837 15.7275 31.749 15.3913L16.6739 0.252159C16.3392 -0.084053 15.7964 -0.084053 15.4617 0.252159Z\"\/>\n\t\t\t\t\t\t\t\n\t\t\t\t\t\t\t<\/svg>\n\t\t\t\t\t\t<\/div>\n\t\t\t\t\t\t\t\t\t<\/div>\n\t\t\t\t<div class=\"c-card__media \" style=\" --overlay-bg-hover: rgba(8,22,43,0.4);\">\n\t\t\t\t\t<img decoding=\"async\" width=\"400\" height=\"267\" src=\"https:\/\/procivitas.se\/wp-content\/uploads\/sites\/6\/2025\/07\/profotograferingmalmo202503-202903webb3906-400x267.jpg\" class=\"attachment-sm size-sm wp-post-image\" alt=\"Engagerad l\u00e4rare pratar med sina elever.\" sizes=\"(min-width: 64em) 300px, (min-width: 48em) calc(.50 * (100vw - 240px)), calc(100vw - 160px)\" srcset=\"https:\/\/procivitas.se\/wp-content\/uploads\/sites\/6\/2025\/07\/profotograferingmalmo202503-202903webb3906-400x267.jpg 400w, https:\/\/procivitas.se\/wp-content\/uploads\/sites\/6\/2025\/07\/profotograferingmalmo202503-202903webb3906-300x200.jpg 300w, https:\/\/procivitas.se\/wp-content\/uploads\/sites\/6\/2025\/07\/profotograferingmalmo202503-202903webb3906-600x400.jpg 600w, https:\/\/procivitas.se\/wp-content\/uploads\/sites\/6\/2025\/07\/profotograferingmalmo202503-202903webb3906-800x533.jpg 800w, https:\/\/procivitas.se\/wp-content\/uploads\/sites\/6\/2025\/07\/profotograferingmalmo202503-202903webb3906-1024x683.jpg 1024w, https:\/\/procivitas.se\/wp-content\/uploads\/sites\/6\/2025\/07\/profotograferingmalmo202503-202903webb3906.jpg 1200w\" \/>\n\t\t\t\t<\/div>\n\t\t\t<\/article>\n\t\t<\/li>\n\t\t\t<li class=\"l-col-6@md l-col-4@lg\">\n\t\t\t<article class=\"c-card has-media-zoom has-media-overlay \"\n\t\t\t\t\t\tdata-variant=\"\"\n\t\t\t\t\t\tdata-style=\"square\"\n\t\t\t\t\t\tdata-click-area>\n\t\t\t\t<div class=\"c-card__content l-stack l-stack-sm\">\n\t\t\t\t\t\t\t\t\t\t\t<h2 class=\"c-card__title u-font-title-3\">\n\t\t\t\t\t\t\t\t\t\t\t\t\t\t\t<a class=\"c-card__title-link\" href=\"https:\/\/procivitas.se\/malmo\/program\/samhallsvetenskapsprogrammet\/\">\n\t\t\t\t\t\t\t\t\tSamh\u00e4llsvetenskaps&shy;programmet\n\t\t\t\t\t\t\t\t<\/a>\n\t\t\t\t\t\t\t\t\t\t\t\t\t<\/h2>\n\t\t\t\t\t\n\t\t\t\t\t\n\t\t\t\t\t\t\t\t\t\t\t\t\t\t\t\t<ul class=\"c-card__list u-list-none l-stack-grow u-divider-top u-font-body\">\n\t\t\t\t\t\t\t\t\t\t\t\t\t\t\t<li>\n\t\t\t\t\t\t\t\t\t<strong>Program<\/strong>\n\t\t\t\t\t\t\t\t\t<ul class=\"u-list-dash\">\n\t\t\t\t\t\t\t\t\t\t\t\t\t\t\t\t\t\t\t\t\t<li>Samh\u00e4llsvetenskapsprogrammet<\/li>\n\t\t\t\t\t\t\t\t\t\t\t\t\t\t\t\t\t\t\t<\/ul>\n\t\t\t\t\t\t\t\t<\/li>\n\t\t\t\t\t\t\t\n\t\t\t\t\t\t\t\n\t\t\t\t\t\t\t\t<!-- Orientations within program -->\n\t\t\t\t\t\t\t\t\t\t\t\t\t\t\t\t\t<li>\n\t\t\t\t\t\t\t\t\t\t<strong>Inriktning<\/strong>\n\t\t\t\t\t\t\t\t\t\t<ul class=\"u-list-dash\">\n\t\t\t\t\t\t\t\t\t\t\t\t\t\t\t\t\t\t\t\t\t\t\t\t\t\t\t\t\t\t\t\t\t\t\t\t<li>Samh\u00e4llsvetenskap<\/li>\n\t\t\t\t\t\t\t\t\t\t\t\t\t\t\t\t\t\t\t\t\t\t\t\t\t<li>Beteendevetenskap<\/li>\n\t\t\t\t\t\t\t\t\t\t\t\t\t\t\t\t\t\t\t\t\t\t\t\t\t\t\t\t\t\t\t\t\t<\/ul>\n\t\t\t\t\t\t\t\t\t<\/li>\n\t\t\t\t\t\t\t\t\t\t\t\t\t\t\t\t<!-- .\/Orientations within program -->\n\n\t\t\t\t\t\t\t\t\t\t\t\t\t<\/ul>\n\n\t\t\t\t\t\t<div class=\"c-card__icon c-card__icon--nl\">\n\t\t\t\t\t\t\t\t\t\t\t\t\t\t<svg class=\"ams-icon ams-icon--arrow-right\" width=\"32\" height=\"32\" viewbox=\"0 0 32 32\" fill=\"currentColor\" aria-hidden=\"true\" xmlns=\"http:\/\/www.w3.org\/2000\/svg\">\n\t\t\t\t\t\t\t\t\t\t\t\t\t\t\t\t<path d=\"M15.4617 0.252159L14.9567 0.75931C14.6219 1.09545 14.6219 1.64048 14.9567 1.97669L27.7062 14.7806H0.857144C0.383786 14.7806 0 15.166 0 15.6414V16.3587C0 16.8341 0.383786 17.2195 0.857144 17.2195H27.7062L14.9567 30.0234C14.6219 30.3595 14.6219 30.9045 14.9567 31.2407L15.4617 31.7479C15.7964 32.084 16.3392 32.084 16.6739 31.7479L31.749 16.6087C32.0837 16.2725 32.0837 15.7275 31.749 15.3913L16.6739 0.252159C16.3392 -0.084053 15.7964 -0.084053 15.4617 0.252159Z\"\/>\n\t\t\t\t\t\t\t\n\t\t\t\t\t\t\t<\/svg>\n\t\t\t\t\t\t<\/div>\n\t\t\t\t\t\t\t\t\t<\/div>\n\t\t\t\t<div class=\"c-card__media \" style=\" --overlay-bg-hover: rgba(8,22,43,0.4);\">\n\t\t\t\t\t<img decoding=\"async\" width=\"400\" height=\"600\" src=\"https:\/\/procivitas.se\/wp-content\/uploads\/sites\/6\/2025\/07\/profotograferingmalmo202503-202903webb3653-400x600.jpg\" class=\"attachment-sm size-sm wp-post-image\" alt=\"L\u00e4rare och elever i ett klassrum tillsammans under en lektion.\" sizes=\"(min-width: 64em) 300px, (min-width: 48em) calc(.50 * (100vw - 240px)), calc(100vw - 160px)\" srcset=\"https:\/\/procivitas.se\/wp-content\/uploads\/sites\/6\/2025\/07\/profotograferingmalmo202503-202903webb3653-400x600.jpg 400w, https:\/\/procivitas.se\/wp-content\/uploads\/sites\/6\/2025\/07\/profotograferingmalmo202503-202903webb3653-300x450.jpg 300w, https:\/\/procivitas.se\/wp-content\/uploads\/sites\/6\/2025\/07\/profotograferingmalmo202503-202903webb3653-600x900.jpg 600w, https:\/\/procivitas.se\/wp-content\/uploads\/sites\/6\/2025\/07\/profotograferingmalmo202503-202903webb3653.jpg 800w\" \/>\n\t\t\t\t<\/div>\n\t\t\t<\/article>\n\t\t<\/li>\n\t<\/ul>\n\t\n\n\t\t\t<\/div>\n\n\t\t\n\n<\/section>\n","protected":false},"excerpt":{"rendered":"","protected":false},"author":1,"featured_media":0,"parent":0,"menu_order":0,"comment_status":"closed","ping_status":"closed","template":"","meta":{"footnotes":""},"yoast_head":"<!-- This site is optimized with the Yoast SEO plugin v22.0 - https:\/\/yoast.com\/wordpress\/plugins\/seo\/ -->\n<title>V\u00e5ra program - ProCivitas Privata Gymnasium Malm\u00f6<\/title>\n<meta name=\"description\" content=\"Alla v\u00e5ra gymnasieprogram h\u00f6gskolef\u00f6rberedande. Det inneb\u00e4r att vi f\u00f6rbereder dig f\u00f6r vidare studier p\u00e5 h\u00f6gskola eller universitet\" \/>\n<meta name=\"robots\" content=\"index, follow, max-snippet:-1, max-image-preview:large, max-video-preview:-1\" \/>\n<link rel=\"canonical\" href=\"https:\/\/procivitas.se\/malmo\/program\/\" \/>\n<meta property=\"og:locale\" content=\"sv_SE\" \/>\n<meta property=\"og:type\" content=\"article\" \/>\n<meta property=\"og:title\" content=\"V\u00e5ra program - ProCivitas Privata Gymnasium Malm\u00f6\" \/>\n<meta property=\"og:description\" content=\"Alla v\u00e5ra gymnasieprogram h\u00f6gskolef\u00f6rberedande. Det inneb\u00e4r att vi f\u00f6rbereder dig f\u00f6r vidare studier p\u00e5 h\u00f6gskola eller universitet\" \/>\n<meta property=\"og:url\" content=\"https:\/\/procivitas.se\/malmo\/program\/\" \/>\n<meta property=\"og:site_name\" content=\"Malm\u00f6\" \/>\n<meta property=\"article:modified_time\" content=\"2023-10-27T12:51:22+00:00\" \/>\n<meta name=\"twitter:card\" content=\"summary_large_image\" \/>\n<meta name=\"twitter:title\" content=\"V\u00e5ra program - ProCivitas Privata Gymnasium Malm\u00f6\" \/>\n<meta name=\"twitter:description\" content=\"Alla v\u00e5ra gymnasieprogram h\u00f6gskolef\u00f6rberedande. Det inneb\u00e4r att vi f\u00f6rbereder dig f\u00f6r vidare studier p\u00e5 h\u00f6gskola eller universitet\" \/>\n<script type=\"application\/ld+json\" class=\"yoast-schema-graph\">{\"@context\":\"https:\/\/schema.org\",\"@graph\":[{\"@type\":\"WebPage\",\"@id\":\"https:\/\/procivitas.se\/malmo\/program\/\",\"url\":\"https:\/\/procivitas.se\/malmo\/program\/\",\"name\":\"V\u00e5ra program - ProCivitas Privata Gymnasium Malm\u00f6\",\"isPartOf\":{\"@id\":\"https:\/\/procivitas.se\/malmo\/#website\"},\"datePublished\":\"2023-02-14T12:43:32+00:00\",\"dateModified\":\"2023-10-27T12:51:22+00:00\",\"description\":\"Alla v\u00e5ra gymnasieprogram h\u00f6gskolef\u00f6rberedande. Det inneb\u00e4r att vi f\u00f6rbereder dig f\u00f6r vidare studier p\u00e5 h\u00f6gskola eller universitet\",\"breadcrumb\":{\"@id\":\"https:\/\/procivitas.se\/malmo\/program\/#breadcrumb\"},\"inLanguage\":\"sv-SE\",\"potentialAction\":[{\"@type\":\"ReadAction\",\"target\":[\"https:\/\/procivitas.se\/malmo\/program\/\"]}]},{\"@type\":\"BreadcrumbList\",\"@id\":\"https:\/\/procivitas.se\/malmo\/program\/#breadcrumb\",\"itemListElement\":[{\"@type\":\"ListItem\",\"position\":1,\"name\":\"Start\",\"item\":\"https:\/\/procivitas.se\/malmo\/\"},{\"@type\":\"ListItem\",\"position\":2,\"name\":\"V\u00e5ra program\"}]},{\"@type\":\"WebSite\",\"@id\":\"https:\/\/procivitas.se\/malmo\/#website\",\"url\":\"https:\/\/procivitas.se\/malmo\/\",\"name\":\"Malm\u00f6\",\"description\":\"Just another WordPress site\",\"potentialAction\":[{\"@type\":\"SearchAction\",\"target\":{\"@type\":\"EntryPoint\",\"urlTemplate\":\"https:\/\/procivitas.se\/malmo\/?s={search_term_string}\"},\"query-input\":\"required name=search_term_string\"}],\"inLanguage\":\"sv-SE\"}]}<\/script>\n<!-- \/ Yoast SEO plugin. -->","yoast_head_json":{"title":"V\u00e5ra program - ProCivitas Privata Gymnasium Malm\u00f6","description":"Alla v\u00e5ra gymnasieprogram h\u00f6gskolef\u00f6rberedande. Det inneb\u00e4r att vi f\u00f6rbereder dig f\u00f6r vidare studier p\u00e5 h\u00f6gskola eller universitet","robots":{"index":"index","follow":"follow","max-snippet":"max-snippet:-1","max-image-preview":"max-image-preview:large","max-video-preview":"max-video-preview:-1"},"canonical":"https:\/\/procivitas.se\/malmo\/program\/","og_locale":"sv_SE","og_type":"article","og_title":"V\u00e5ra program - ProCivitas Privata Gymnasium Malm\u00f6","og_description":"Alla v\u00e5ra gymnasieprogram h\u00f6gskolef\u00f6rberedande. Det inneb\u00e4r att vi f\u00f6rbereder dig f\u00f6r vidare studier p\u00e5 h\u00f6gskola eller universitet","og_url":"https:\/\/procivitas.se\/malmo\/program\/","og_site_name":"Malm\u00f6","article_modified_time":"2023-10-27T12:51:22+00:00","twitter_card":"summary_large_image","twitter_title":"V\u00e5ra program - ProCivitas Privata Gymnasium Malm\u00f6","twitter_description":"Alla v\u00e5ra gymnasieprogram h\u00f6gskolef\u00f6rberedande. Det inneb\u00e4r att vi f\u00f6rbereder dig f\u00f6r vidare studier p\u00e5 h\u00f6gskola eller universitet","schema":{"@context":"https:\/\/schema.org","@graph":[{"@type":"WebPage","@id":"https:\/\/procivitas.se\/malmo\/program\/","url":"https:\/\/procivitas.se\/malmo\/program\/","name":"V\u00e5ra program - ProCivitas Privata Gymnasium Malm\u00f6","isPartOf":{"@id":"https:\/\/procivitas.se\/malmo\/#website"},"datePublished":"2023-02-14T12:43:32+00:00","dateModified":"2023-10-27T12:51:22+00:00","description":"Alla v\u00e5ra gymnasieprogram h\u00f6gskolef\u00f6rberedande. Det inneb\u00e4r att vi f\u00f6rbereder dig f\u00f6r vidare studier p\u00e5 h\u00f6gskola eller universitet","breadcrumb":{"@id":"https:\/\/procivitas.se\/malmo\/program\/#breadcrumb"},"inLanguage":"sv-SE","potentialAction":[{"@type":"ReadAction","target":["https:\/\/procivitas.se\/malmo\/program\/"]}]},{"@type":"BreadcrumbList","@id":"https:\/\/procivitas.se\/malmo\/program\/#breadcrumb","itemListElement":[{"@type":"ListItem","position":1,"name":"Start","item":"https:\/\/procivitas.se\/malmo\/"},{"@type":"ListItem","position":2,"name":"V\u00e5ra program"}]},{"@type":"WebSite","@id":"https:\/\/procivitas.se\/malmo\/#website","url":"https:\/\/procivitas.se\/malmo\/","name":"Malm\u00f6","description":"Just another WordPress site","potentialAction":[{"@type":"SearchAction","target":{"@type":"EntryPoint","urlTemplate":"https:\/\/procivitas.se\/malmo\/?s={search_term_string}"},"query-input":"required name=search_term_string"}],"inLanguage":"sv-SE"}]}},"_links":{"self":[{"href":"https:\/\/procivitas.se\/malmo\/wp-json\/wp\/v2\/pages\/263"}],"collection":[{"href":"https:\/\/procivitas.se\/malmo\/wp-json\/wp\/v2\/pages"}],"about":[{"href":"https:\/\/procivitas.se\/malmo\/wp-json\/wp\/v2\/types\/page"}],"author":[{"embeddable":true,"href":"https:\/\/procivitas.se\/malmo\/wp-json\/wp\/v2\/users\/1"}],"replies":[{"embeddable":true,"href":"https:\/\/procivitas.se\/malmo\/wp-json\/wp\/v2\/comments?post=263"}],"version-history":[{"count":10,"href":"https:\/\/procivitas.se\/malmo\/wp-json\/wp\/v2\/pages\/263\/revisions"}],"predecessor-version":[{"id":2462,"href":"https:\/\/procivitas.se\/malmo\/wp-json\/wp\/v2\/pages\/263\/revisions\/2462"}],"wp:attachment":[{"href":"https:\/\/procivitas.se\/malmo\/wp-json\/wp\/v2\/media?parent=263"}],"curies":[{"name":"wp","href":"https:\/\/api.w.org\/{rel}","templated":true}]}}