{"id":385,"date":"2023-03-03T14:54:34","date_gmt":"2023-03-03T13:54:34","guid":{"rendered":"https:\/\/procivitas.se\/malmo\/?page_id=385"},"modified":"2025-11-17T14:58:57","modified_gmt":"2025-11-17T13:58:57","slug":"om-gymnasievalet","status":"publish","type":"page","link":"https:\/\/procivitas.se\/malmo\/om-gymnasievalet\/","title":{"rendered":"Om gymnasievalet"},"content":{"rendered":"\n<div class=\"wp-block-columns is-layout-flex wp-container-core-columns-layout-1 wp-block-columns-is-layout-flex\">\n<div class=\"wp-block-column is-layout-flow wp-block-column-is-layout-flow\" style=\"flex-basis:64%\">\n<h1 class=\"wp-block-heading\">Om gymnasievalet i Malm\u00f6<\/h1>\n\n\n\n<p   class=\"site__ingress container text-left  site__text-color--dark  site__free_text--ingress p-0\">\n\tDags att s\u00f6ka till gymnasiet? Genom att f\u00f6lja instruktionerna nedan kan du enkelt g\u00f6ra ditt gymnasieval. P\u00e5 denna sida kan du \u00e4ven se vilka ans\u00f6kningskoder de olika programmen har samt skaffa gymnasiekoll.\r\n<\/p>\n\n\n\n\n\n<p><strong>Hur f\u00e5r jag inloggningsuppgifter?<\/strong><br>N\u00e4r det \u00e4r dags att g\u00f6ra ditt gymnasieval kommer du f\u00e5 inloggningsuppgifter hemskickat fr\u00e5n ditt <a href=\"https:\/\/skanegy.se\/\">antagningskansli<\/a>. Detta g\u00e4ller dig som \u00e4r elev i n\u00e5gon av landets grundskolor. Om du \u00e4r bokf\u00f6rd i l\u00e4net men inte g\u00e5r i skolan kan du kontakta din hemkommuns antagningskansli.<\/p>\n\n\n\n<p><strong>Hur s\u00f6ker jag? <\/strong><br>Logga in och kontrollera att dina betyg och kontaktuppgifter st\u00e4mmer. V\u00e4lj de gymnasieprogram som du \u00f6nskar s\u00f6ka till och prioritera samtliga val i r\u00e4tt ordning efter vad du helst vill studera. I vissa kommuner m\u00e5ste du skriva ut och l\u00e4mna en undertecknad kopia av din ans\u00f6kan till din studie- och yrkesv\u00e4gledare. G\u00e5r du inte i skolan skickar du kopian till din hemkommuns antagningskansli.<\/p>\n\n\n\n<p><strong>Kan jag \u00e4ndra mitt val?<\/strong><br>Ja, under omvalsperioden kan du \u00e4ndra din ans\u00f6kan eller g\u00f6ra en helt ny. Om du \u00e4r n\u00f6jd med ditt f\u00f6rsta val ska du inte g\u00f6ra n\u00e5got alls. Antagningen kommer att baseras p\u00e5 ditt slutbetyg som du f\u00e5r n\u00e4r du tar din examen fr\u00e5n grundskolan. Slutbetyget skickas automatiskt till kommunens antagningskansli.<\/p>\n<\/div>\n\n\n\n<div class=\"wp-block-column is-layout-flow wp-block-column-is-layout-flow\" style=\"flex-basis:1%\"><\/div>\n\n\n\n<div class=\"wp-block-column is-layout-flow wp-block-column-is-layout-flow\" style=\"flex-basis:35%\">\n\n<section  class=\"ams-info-card c-block l-stacked\" data-color-scheme=\"gold\">\n\t<div class=\"l-container l-stack l-stack-fluid-2xl u-pt-fluid-Ingen u-pb-fluid-Ingen is-left is-left@md\">\n\t\t\n\t\t\t\t\t\n<ul class=\"ams-info-card__list l-grid u-gap-2xl\">\n\t\t\t<li class=\"l-col-6@md\">\n\t\t\t<article\n\t\t\t\tclass=\"\n\t\t\t\tc-card\n\t\t\t\t\n\t\t\t\thas-media-zoom\n\t\t\t\t\n\t\t\t\t\"\n\t\t\t\tdata-variant=\"space\"\n\t\t\t\tdata-style=\"rounded\"\n\t\t\t\t data-click-area\n\t\t\t\t\n\t\t\t\t\n\t\t\t\t>\n\t\t\t\t<div class=\"c-card__content l-stack l-stack-sm is-left is-left@md\">\n\t\t\t\t\t\t\t\t\t\t\t<h3 class=\"c-card__title u-font-title-3\">\n\t\t\t\t\t\t\t\t\t\t\t\t\t\t\t<a class=\"c-card__link\" href=\"https:\/\/skanegy.se\/\" target=\"_blank\">\n\t\t\t\t\t\t\t\t\tTill ans\u00f6kan\n\t\t\t\t\t\t\t\t<\/a>\n\t\t\t\t\t\t\t\t\t\t\t\t\t<\/h3>\n\t\t\t\t\t\n\t\t\t\t\t\t\t\t\t\t\t<div class=\"c-card__text l-stack-xs u-font-body\">\n\t\t\t\t\t\t\t<p>Vill du s\u00f6ka till oss? F\u00e5 mer information om gymnasievalet och g\u00f6r din ans\u00f6kan via skanegy.<\/p>\n\n\t\t\t\t\t\t<\/div>\n\t\t\t\t\t\n\t\t\t\t\t\t\t\t\t\t\t<div class=\"c-card__icon c-card__icon--nl\">\n\t\t\t\t\t\t\t\t\t\t\t\t\t\t<svg class=\"ams-icon ams-icon--arrow-right\" width=\"32\" height=\"32\" viewbox=\"0 0 32 32\" fill=\"currentColor\" aria-hidden=\"true\" xmlns=\"http:\/\/www.w3.org\/2000\/svg\">\n\t\t\t\t\t\t\t\t\t\t\t\t\t\t\t\t<path d=\"M15.4617 0.252159L14.9567 0.75931C14.6219 1.09545 14.6219 1.64048 14.9567 1.97669L27.7062 14.7806H0.857144C0.383786 14.7806 0 15.166 0 15.6414V16.3587C0 16.8341 0.383786 17.2195 0.857144 17.2195H27.7062L14.9567 30.0234C14.6219 30.3595 14.6219 30.9045 14.9567 31.2407L15.4617 31.7479C15.7964 32.084 16.3392 32.084 16.6739 31.7479L31.749 16.6087C32.0837 16.2725 32.0837 15.7275 31.749 15.3913L16.6739 0.252159C16.3392 -0.084053 15.7964 -0.084053 15.4617 0.252159Z\"\/>\n\t\t\t\t\t\t\t\n\t\t\t\t\t\t\t<\/svg>\n\t\t\t\t\t\t<\/div>\n\t\t\t\t\t\t\t\t\t<\/div>\n\n\t\t\t\t\t\t\t<\/article>\n\t\t<\/li>\n\t<\/ul>\n\t\n\t\t\t<\/div>\n\n\t\t\n\n<\/section>\n\n\n\n<div style=\"height:24px\" aria-hidden=\"true\" class=\"wp-block-spacer\"><\/div>\n\n\n<style>\n@media only screen and (min-width: 600px) {\n\t}\n@media only screen and (max-width: 600px) {\n\t}\n<\/style>\n<div   class=\"ams-fragor  site__primary-bg   ams-fragor-jqupdjhnwbodncxvbciu\" >\n\t<p class=\"site__subheading-1  site__secondary-color--100  u-mb-2xs\">\n\t\tAntagningskoder\t<\/p>\n   \t\t <div   class=\" site__text-color--light  ams-fragor__namn\">\n\t\t\t\t\t\t<span class=\" \">\n\t\t\t\t\t\t\t<\/span>\n\t\t<\/div>\n\t\t<div   class=\" site__text-color--light  ams-fragor__utbildning\">\n\t\t\t\t\t\t<span class=\" \">\n\t\t\t\t\t\t\t<\/span>\n\t\t<\/div>\n\t\t\t\t\t<ul>\n\t\t\t\t\t\t\t<li   class=\" site__text-color--light  \" >\n\t\t\t\t\tEkonomi:\t\t\t\t\t\t\t\t\t\t\t<span class=\"\">\n\t\t\t\t\t\t\tEKEKI \/ EKJUK\t\t\t\t\t\t<\/span>\n\t\t\t\t\t\t\t\t\t<\/li>\n\t\t\t\t\t\t\t<li   class=\" site__text-color--light  \" >\n\t\t\t\t\tNatur:\t\t\t\t\t\t\t\t\t\t\t<span class=\"\">\n\t\t\t\t\t\t\tNANAP \/ NANAA\t\t\t\t\t\t<\/span>\n\t\t\t\t\t\t\t\t\t<\/li>\n\t\t\t\t\t\t\t<li   class=\" site__text-color--light  \" >\n\t\t\t\t\tSamh\u00e4ll:\t\t\t\t\t\t\t\t\t\t\t<span class=\"\">\n\t\t\t\t\t\t\tSASAP \/ SABEP\t\t\t\t\t\t<\/span>\n\t\t\t\t\t\t\t\t\t<\/li>\n\t\t\t\t\t<\/ul>\n\t\t\t<\/div>\n<script>\n\tamsFragor = function() {\n\t\tvar w = window.innerWidth;\n\t\tvar siteMain = document.getElementsByClassName(\"site-main\")[0]\n\t\tif(typeof siteMain !== 'undefined'){\n\t\t\tvar testimonial = siteMain.getElementsByClassName(\"testimonial_header_module\")[0]\n\t\t\tif(typeof testimonial !== 'undefined'){\n\t\t\t\tvar amsFragor = document.getElementsByClassName(\"ams-fragor\")\n\t\t\t\tfor(var i = 0; i < amsFragor.length; i++){\n\t\t\t\t\tif(w > 769 ){\n\t\t\t\t\t\tamsFragor[i].setAttribute('style', \"margin-top: 50px\");\n\t\t\t\t\t}else{\n\t\t\t\t\t\tamsFragor[i].setAttribute('style', \"margin-top: 0px\");\n\t\t\t\t\t}\n\t\t\t\t}\n\t\t\t}\n\t\t}\n\t};\n\tamsFragor();\n\twindow.addEventListener(\"resize\", amsFragor);\n<\/script>\n<\/div>\n<\/div>\n\n\n\n\n<section  class=\"ams-cta ams-cta--stacked c-block l-stacked\" data-color-scheme=\"blue\">\n\t<div class=\"l-container l-stack l-stack-fluid-2xl u-pt-fluid-2xl-4xl u-pb-fluid-2xl-4xl is-center is-center@md\">\n\t\t\t\t\t<div class=\"ams-cta__intro l-stack l-stack-lg\">\n\t\t\t\t\t\n\t<h2\n\tclass=\"c-heading u-font-title-1 \"\n\tstyle=\"\">\n\t\t\n\t\t\t\t\tViktiga datum f\u00f6r ditt gymnasieval\n\t\t\t\t\n\t<\/h2>\n\n\t\t\t\t\t\t\t\t\t<div class=\"c-text l-stack u-cs-xl u-font-body\">\n\t\t\t\t\t\t<p>P\u00e5 ans\u00f6kningswebben hittar du viktiga datum f\u00f6r ditt gymnasieval i Sk\u00e5ne.<\/p>\n\n\t\t\t\t\t<\/div>\n\t\t\t\t\t\t\t<\/div>\n\t\t\n\t\t\n\t\t\t<div class=\"ams-cta__action u-inline-items\">\n\t\t\t\t\t\t\t\n\n\n<a href=\"https:\/\/skanegy.se\/viktigadatum\/\"\n\t\n\tclass=\"c-btn \"\n\tdata-style=\"rounded\"\n\tdata-size=\"md\"\n\tdata-width=\"full-mobile\"\n\tdata-variant=\"default\"\n\ttarget=\"_blank\">\n\t\t\t<span class=\"label\"> Se viktiga datum<\/span>\n\t\t\t<\/a>\n\t\t\t<\/div>\n\t<\/div>\n\n\t\t\n\n<\/section>\n\n\n\n\n<section  class=\"ams-cta ams-cta--inline c-block l-stacked\" data-color-scheme=\"white\">\n\t<div class=\"l-container l-stack l-stack-fluid-2xl u-pt-fluid-2xl-4xl u-pb-fluid-2xl-4xl is-left is-left@md\">\n\t\t\t\t\t<div class=\"ams-cta__intro l-stack l-stack-lg\">\n\t\t\t\t\t\n\t<h2\n\tclass=\"c-heading u-font-title-1 \"\n\tstyle=\"\">\n\t\t\n\t\t\t\t\tMeritv\u00e4rde\n\t\t\t\t\n\t<\/h2>\n\n\t\t\t\t\t\t\t\t\t<div class=\"c-text l-stack u-cs-xl u-font-preamble\">\n\t\t\t\t\t\t<p>Ditt meritv\u00e4rde \u00e4r det v\u00e4rde du f\u00e5r genom att addera alla dina betygspo\u00e4ng fr\u00e5n grundskolan. Genom att r\u00e4kna ut ditt meritv\u00e4rde kan du enkelt se hur du ligger till i gymnasieans\u00f6kan. Klicka p\u00e5 knappen f\u00f6r att r\u00e4kna ut ditt meritv\u00e4rde!<\/p>\n\n\t\t\t\t\t<\/div>\n\t\t\t\t\t\t\t<\/div>\n\t\t\n\t\t\n\t\t\t<div class=\"ams-cta__action u-inline-items\">\n\t\t\t\t\t\t\t\n\n\n<a href=\"https:\/\/gymnasiekoll.se\/gymnasieval\/meritvarde\/\"\n\t\n\tclass=\"c-btn \"\n\tdata-style=\"rounded\"\n\tdata-size=\"md\"\n\tdata-width=\"full-mobile\"\n\tdata-variant=\"default\"\n\ttarget=\"_blank\">\n\t\t\t<span class=\"label\"> R\u00e4kna ut meritv\u00e4rde<\/span>\n\t\t\t<\/a>\n\t\t\t\t\t\t\t\n\n\n<a href=\"https:\/\/procivitas.se\/malmo\/program\/\"\n\t\n\tclass=\"c-btn \"\n\tdata-style=\"rounded\"\n\tdata-size=\"md\"\n\tdata-width=\"full-mobile\"\n\tdata-variant=\"outline\"\n\ttarget=\"_self\">\n\t\t\t<span class=\"label\"> Hitta program<\/span>\n\t\t\t<\/a>\n\t\t\t<\/div>\n\t<\/div>\n\n\t\t\n\n<\/section>\n","protected":false},"excerpt":{"rendered":"<p>Om gymnasievalet i Malm\u00f6 Hur f\u00e5r jag inloggningsuppgifter?N\u00e4r det \u00e4r dags att g\u00f6ra ditt gymnasieval kommer du f\u00e5 inloggningsuppgifter hemskickat fr\u00e5n ditt antagningskansli. Detta g\u00e4ller dig som \u00e4r elev i n\u00e5gon av landets grundskolor. Om du \u00e4r bokf\u00f6rd i l\u00e4net men inte g\u00e5r i skolan kan du kontakta din hemkommuns antagningskansli. Hur s\u00f6ker jag? Logga&#8230;<\/p>\n","protected":false},"author":5,"featured_media":0,"parent":0,"menu_order":0,"comment_status":"closed","ping_status":"closed","template":"","meta":{"footnotes":""},"yoast_head":"<!-- This site is optimized with the Yoast SEO plugin v22.0 - https:\/\/yoast.com\/wordpress\/plugins\/seo\/ -->\n<title>Om gymnasievalet - ProCivitas Privata Gymnasium Malm\u00f6<\/title>\n<meta name=\"description\" content=\"H\u00e4r hittar du alla datum du beh\u00f6ver f\u00f6r att s\u00f6ka till gymnasiet. Datumen g\u00e4ller oavsett om du vill s\u00f6ka till oss eller n\u00e5gon annan.\" \/>\n<meta name=\"robots\" content=\"index, follow, max-snippet:-1, max-image-preview:large, max-video-preview:-1\" \/>\n<link rel=\"canonical\" href=\"https:\/\/procivitas.se\/malmo\/om-gymnasievalet\/\" \/>\n<meta property=\"og:locale\" content=\"sv_SE\" \/>\n<meta property=\"og:type\" content=\"article\" \/>\n<meta property=\"og:title\" content=\"Om gymnasievalet - ProCivitas Privata Gymnasium Malm\u00f6\" \/>\n<meta property=\"og:description\" content=\"H\u00e4r hittar du alla datum du beh\u00f6ver f\u00f6r att s\u00f6ka till gymnasiet. Datumen g\u00e4ller oavsett om du vill s\u00f6ka till oss eller n\u00e5gon annan.\" \/>\n<meta property=\"og:url\" content=\"https:\/\/procivitas.se\/malmo\/om-gymnasievalet\/\" \/>\n<meta property=\"og:site_name\" content=\"Malm\u00f6\" \/>\n<meta property=\"article:modified_time\" content=\"2025-11-17T13:58:57+00:00\" \/>\n<meta name=\"twitter:card\" content=\"summary_large_image\" \/>\n<meta name=\"twitter:title\" content=\"Om gymnasievalet - ProCivitas Privata Gymnasium Malm\u00f6\" \/>\n<meta name=\"twitter:description\" content=\"H\u00e4r hittar du alla datum du beh\u00f6ver f\u00f6r att s\u00f6ka till gymnasiet. Datumen g\u00e4ller oavsett om du vill s\u00f6ka till oss eller n\u00e5gon annan.\" \/>\n<meta name=\"twitter:label1\" content=\"Est. reading time\" \/>\n\t<meta name=\"twitter:data1\" content=\"2 minuter\" \/>\n<script type=\"application\/ld+json\" class=\"yoast-schema-graph\">{\"@context\":\"https:\/\/schema.org\",\"@graph\":[{\"@type\":\"WebPage\",\"@id\":\"https:\/\/procivitas.se\/malmo\/om-gymnasievalet\/\",\"url\":\"https:\/\/procivitas.se\/malmo\/om-gymnasievalet\/\",\"name\":\"Om gymnasievalet - ProCivitas Privata Gymnasium Malm\u00f6\",\"isPartOf\":{\"@id\":\"https:\/\/procivitas.se\/malmo\/#website\"},\"datePublished\":\"2023-03-03T13:54:34+00:00\",\"dateModified\":\"2025-11-17T13:58:57+00:00\",\"description\":\"H\u00e4r hittar du alla datum du beh\u00f6ver f\u00f6r att s\u00f6ka till gymnasiet. Datumen g\u00e4ller oavsett om du vill s\u00f6ka till oss eller n\u00e5gon annan.\",\"breadcrumb\":{\"@id\":\"https:\/\/procivitas.se\/malmo\/om-gymnasievalet\/#breadcrumb\"},\"inLanguage\":\"sv-SE\",\"potentialAction\":[{\"@type\":\"ReadAction\",\"target\":[\"https:\/\/procivitas.se\/malmo\/om-gymnasievalet\/\"]}]},{\"@type\":\"BreadcrumbList\",\"@id\":\"https:\/\/procivitas.se\/malmo\/om-gymnasievalet\/#breadcrumb\",\"itemListElement\":[{\"@type\":\"ListItem\",\"position\":1,\"name\":\"Start\",\"item\":\"https:\/\/procivitas.se\/malmo\/\"},{\"@type\":\"ListItem\",\"position\":2,\"name\":\"Om gymnasievalet\"}]},{\"@type\":\"WebSite\",\"@id\":\"https:\/\/procivitas.se\/malmo\/#website\",\"url\":\"https:\/\/procivitas.se\/malmo\/\",\"name\":\"Malm\u00f6\",\"description\":\"Just another WordPress site\",\"potentialAction\":[{\"@type\":\"SearchAction\",\"target\":{\"@type\":\"EntryPoint\",\"urlTemplate\":\"https:\/\/procivitas.se\/malmo\/?s={search_term_string}\"},\"query-input\":\"required name=search_term_string\"}],\"inLanguage\":\"sv-SE\"}]}<\/script>\n<!-- \/ Yoast SEO plugin. -->","yoast_head_json":{"title":"Om gymnasievalet - ProCivitas Privata Gymnasium Malm\u00f6","description":"H\u00e4r hittar du alla datum du beh\u00f6ver f\u00f6r att s\u00f6ka till gymnasiet. Datumen g\u00e4ller oavsett om du vill s\u00f6ka till oss eller n\u00e5gon annan.","robots":{"index":"index","follow":"follow","max-snippet":"max-snippet:-1","max-image-preview":"max-image-preview:large","max-video-preview":"max-video-preview:-1"},"canonical":"https:\/\/procivitas.se\/malmo\/om-gymnasievalet\/","og_locale":"sv_SE","og_type":"article","og_title":"Om gymnasievalet - ProCivitas Privata Gymnasium Malm\u00f6","og_description":"H\u00e4r hittar du alla datum du beh\u00f6ver f\u00f6r att s\u00f6ka till gymnasiet. Datumen g\u00e4ller oavsett om du vill s\u00f6ka till oss eller n\u00e5gon annan.","og_url":"https:\/\/procivitas.se\/malmo\/om-gymnasievalet\/","og_site_name":"Malm\u00f6","article_modified_time":"2025-11-17T13:58:57+00:00","twitter_card":"summary_large_image","twitter_title":"Om gymnasievalet - ProCivitas Privata Gymnasium Malm\u00f6","twitter_description":"H\u00e4r hittar du alla datum du beh\u00f6ver f\u00f6r att s\u00f6ka till gymnasiet. Datumen g\u00e4ller oavsett om du vill s\u00f6ka till oss eller n\u00e5gon annan.","twitter_misc":{"Est. reading time":"2 minuter"},"schema":{"@context":"https:\/\/schema.org","@graph":[{"@type":"WebPage","@id":"https:\/\/procivitas.se\/malmo\/om-gymnasievalet\/","url":"https:\/\/procivitas.se\/malmo\/om-gymnasievalet\/","name":"Om gymnasievalet - ProCivitas Privata Gymnasium Malm\u00f6","isPartOf":{"@id":"https:\/\/procivitas.se\/malmo\/#website"},"datePublished":"2023-03-03T13:54:34+00:00","dateModified":"2025-11-17T13:58:57+00:00","description":"H\u00e4r hittar du alla datum du beh\u00f6ver f\u00f6r att s\u00f6ka till gymnasiet. Datumen g\u00e4ller oavsett om du vill s\u00f6ka till oss eller n\u00e5gon annan.","breadcrumb":{"@id":"https:\/\/procivitas.se\/malmo\/om-gymnasievalet\/#breadcrumb"},"inLanguage":"sv-SE","potentialAction":[{"@type":"ReadAction","target":["https:\/\/procivitas.se\/malmo\/om-gymnasievalet\/"]}]},{"@type":"BreadcrumbList","@id":"https:\/\/procivitas.se\/malmo\/om-gymnasievalet\/#breadcrumb","itemListElement":[{"@type":"ListItem","position":1,"name":"Start","item":"https:\/\/procivitas.se\/malmo\/"},{"@type":"ListItem","position":2,"name":"Om gymnasievalet"}]},{"@type":"WebSite","@id":"https:\/\/procivitas.se\/malmo\/#website","url":"https:\/\/procivitas.se\/malmo\/","name":"Malm\u00f6","description":"Just another WordPress site","potentialAction":[{"@type":"SearchAction","target":{"@type":"EntryPoint","urlTemplate":"https:\/\/procivitas.se\/malmo\/?s={search_term_string}"},"query-input":"required name=search_term_string"}],"inLanguage":"sv-SE"}]}},"_links":{"self":[{"href":"https:\/\/procivitas.se\/malmo\/wp-json\/wp\/v2\/pages\/385"}],"collection":[{"href":"https:\/\/procivitas.se\/malmo\/wp-json\/wp\/v2\/pages"}],"about":[{"href":"https:\/\/procivitas.se\/malmo\/wp-json\/wp\/v2\/types\/page"}],"author":[{"embeddable":true,"href":"https:\/\/procivitas.se\/malmo\/wp-json\/wp\/v2\/users\/5"}],"replies":[{"embeddable":true,"href":"https:\/\/procivitas.se\/malmo\/wp-json\/wp\/v2\/comments?post=385"}],"version-history":[{"count":10,"href":"https:\/\/procivitas.se\/malmo\/wp-json\/wp\/v2\/pages\/385\/revisions"}],"predecessor-version":[{"id":3493,"href":"https:\/\/procivitas.se\/malmo\/wp-json\/wp\/v2\/pages\/385\/revisions\/3493"}],"wp:attachment":[{"href":"https:\/\/procivitas.se\/malmo\/wp-json\/wp\/v2\/media?parent=385"}],"curies":[{"name":"wp","href":"https:\/\/api.w.org\/{rel}","templated":true}]}}