{"id":496,"date":"2023-03-09T12:55:21","date_gmt":"2023-03-09T11:55:21","guid":{"rendered":"https:\/\/procivitas.se\/malmo\/?page_id=496"},"modified":"2023-10-24T14:10:44","modified_gmt":"2023-10-24T12:10:44","slug":"vara-kvalitetsresultat","status":"publish","type":"page","link":"https:\/\/procivitas.se\/malmo\/vart-kvalitetsarbete\/vara-kvalitetsresultat\/","title":{"rendered":"V\u00e5ra kvalitetsresultat"},"content":{"rendered":"\n\t<div class=\"module_wrapper ams_remote_pages_module \">\n\t\t\n\t\n\t\n\t\n\t\n\t\n\t\n\t\n<section  class=\"ams-hero ams-hero--fifty ams-hero--75 ams-hero--full c-block l-stacked  \" data-color-scheme=\"blue\">\n\t<div class=\"ams-hero__container media-right media-top\">\n\t\t<div class=\"ams-hero__content l-stack l-stack-xl is-left is-left@lg u-pt-fluid-3xl-6xl u-pb-fluid-3xl-6xl\">\n\t\t\t<div class=\"l-stack l-stack-lg\">\n\t\t\t\t\t\n\t<h1\n\tclass=\"c-heading u-font-large \"\n\tstyle=\"\">\n\t\t<span>\n\t\t\t\t\tV\u00e5ra kvalitets\u00adresultat\n\t\t\t\t<\/span>\n\t<\/h1>\n\n\t\t\t\t\t\t\t\t\t<div class=\"text l-stack u-font-preamble\">\n\t\t\t\t\t\t<p><span data-sheets-value=\"{&quot;1&quot;:2,&quot;2&quot;:&quot;ProCivitas gymnasiums systematiska kvalitetsarbete \u00e4r viktigt f\u00f6r att v\u00e5ra elever ska utvecklas och n\u00e5 m\u00e5len. D\u00e4rf\u00f6r m\u00e4ter vi \u00e5rligen elevernas formella studieresultat, elever och f\u00f6r\u00e4ldrars upplevelse av skolan, de anst\u00e4lldas bild av arbetsplatsen samt vart v\u00e5ra elever tar v\u00e4gen efter sina gymnasiestudier.&quot;}\" data-sheets-userformat=\"{&quot;2&quot;:929,&quot;3&quot;:{&quot;1&quot;:0},&quot;8&quot;:{&quot;1&quot;:[{&quot;1&quot;:2,&quot;2&quot;:0,&quot;5&quot;:{&quot;1&quot;:2,&quot;2&quot;:0}},{&quot;1&quot;:0,&quot;2&quot;:0,&quot;3&quot;:3},{&quot;1&quot;:1,&quot;2&quot;:0,&quot;4&quot;:1}]},&quot;10&quot;:0,&quot;11&quot;:4,&quot;12&quot;:0}\">ProCivitas gymnasiums systematiska kvalitetsarbete \u00e4r viktigt f\u00f6r att v\u00e5ra elever ska utvecklas och n\u00e5 m\u00e5len. D\u00e4rf\u00f6r m\u00e4ter vi \u00e5rligen elevernas formella studieresultat, elever och f\u00f6r\u00e4ldrars upplevelse av skolan, de anst\u00e4lldas bild av arbetsplatsen samt vart v\u00e5ra elever tar v\u00e4gen efter sina gymnasiestudier.<\/p>\n<p><\/span><\/p>\n\n\t\t\t\t\t<\/div>\n\t\t\t\t\t\t\t<\/div>\n\n\t\t\t\t\t<\/div>\n\t\t<div class=\"ams-hero__media\">\n\n\t\t\t\t\t\t\t\t\t\t\t\t<img decoding=\"async\" width=\"1200\" height=\"800\" src=\"https:\/\/procivitas.se\/wp-content\/uploads\/2023\/03\/profotograferingmalmo202503-202903webb3917.jpg\" class=\"attachment-xxl size-xxl\" alt=\"L\u00e4rare visar engagerat upp exempel under en biologi-lektion.\" sizes=\"(min-width: 64em) 50vw, 100vw\" srcset=\"https:\/\/procivitas.se\/wp-content\/uploads\/2023\/03\/profotograferingmalmo202503-202903webb3917.jpg 1200w, https:\/\/procivitas.se\/wp-content\/uploads\/2023\/03\/profotograferingmalmo202503-202903webb3917-300x200.jpg 300w, https:\/\/procivitas.se\/wp-content\/uploads\/2023\/03\/profotograferingmalmo202503-202903webb3917-400x267.jpg 400w, https:\/\/procivitas.se\/wp-content\/uploads\/2023\/03\/profotograferingmalmo202503-202903webb3917-600x400.jpg 600w, https:\/\/procivitas.se\/wp-content\/uploads\/2023\/03\/profotograferingmalmo202503-202903webb3917-800x533.jpg 800w, https:\/\/procivitas.se\/wp-content\/uploads\/2023\/03\/profotograferingmalmo202503-202903webb3917-1024x683.jpg 1024w\" \/>\n\t\t\t\t\t\t\t\n\t\t\t\n\t\t\t\t\t<\/div>\n\t<\/div>\n\n\t\n\n<\/section>\n\n\n<section  class=\"ams-lists c-block l-stacked heading-decor\" data-color-scheme=\"white\">\n\t<div class=\"l-container l-stack l-stack-fluid-2xl u-pt-fluid-3xl-6xl u-pb-fluid-3xl-6xl is-center is-center@md\">\n\t\t\t\t\t<div class=\"ams-lists__intro l-stack l-stack-lg\">\n\t\t\t\t\t\n\t<h2\n\tclass=\"c-heading u-font-title-1 \"\n\tstyle=\"\">\n\t\t\n\t\t\t\t\tKvalitetsrapporter\n\t\t\t\t\n\t<\/h2>\n\n\t\t\t\t\t\t\t\t\t<div class=\"c-text l-stack u-cs-xl u-font-preamble\">\n\t\t\t\t\t\t<p><span data-sheets-value=\"{&quot;1&quot;:2,&quot;2&quot;:&quot;V\u00e5r utg\u00e5ngspunkt f\u00f6r att publicera v\u00e5ra kvalitetsrapporter \u00e4r att transparens \u00e4r en viktig del i kvalitetsarbetet och vi \u00e4r d\u00e4rf\u00f6r \u00f6ppna i redovisningen av v\u00e5ra resultat. Nedan finns samtliga skolors kvalitetsrapporter.&quot;}\" data-sheets-userformat=\"{&quot;2&quot;:931,&quot;3&quot;:{&quot;1&quot;:0},&quot;4&quot;:{&quot;1&quot;:2,&quot;2&quot;:16750848},&quot;8&quot;:{&quot;1&quot;:[{&quot;1&quot;:2,&quot;2&quot;:0,&quot;5&quot;:{&quot;1&quot;:2,&quot;2&quot;:0}},{&quot;1&quot;:0,&quot;2&quot;:0,&quot;3&quot;:3},{&quot;1&quot;:1,&quot;2&quot;:0,&quot;4&quot;:1}]},&quot;10&quot;:0,&quot;11&quot;:4,&quot;12&quot;:0}\">V\u00e5r utg\u00e5ngspunkt f\u00f6r att publicera v\u00e5ra kvalitetsrapporter \u00e4r att transparens \u00e4r en viktig del i kvalitetsarbetet och vi \u00e4r d\u00e4rf\u00f6r \u00f6ppna i redovisningen av v\u00e5ra resultat. Nedan finns samtliga skolors kvalitetsrapporter.<\/span><\/p>\n<p>&nbsp;<\/p>\n\n\t\t\t\t\t<\/div>\n\t\t\t\t\t\t\t<\/div>\n\t\t\n\t\t\t\t\t<div class=\"ams-lists__content\">\n\t\t\t<div class=\"c-list\" style=\"--list-columns: 3;\">\n\n\t\t\t\t\t\t\t\t\t\t\t\t\t\n\t\t\t\t\t\n\t\t\t\t\t\t\t\t\t\t\t<div class=\"c-list__item column-1 u-font-body\">\n\t\t\t\t\t\t\t\t\t\t\t\t\t\t\t<a href=\"https:\/\/procivitas.se\/wp-content\/uploads\/2023\/12\/kvalitetsrapport-procivitas-ab-2223-231201.pdf\"\n\t\t\t\t\t\t\t\t   target=\"_blank\"\n\t\t\t\t\t\t\t\t   class=\"c-list__link\">\n\n\t\t\t\t\t\t\t\t\t<span>\n\t\t\t\t\t\t\t\t\t\t\t\t\t\t\t\t\t\t\t\t\tHuvudmannarapport*\n\t\t\t\t\t\t\t\t\t\t\t\t\t\t\t\t\t\t\t<\/span>\n\t\t\t\t\t\t\t\t<\/a>\n\t\t\t\t\t\t\t\t\t\t\t\t\t<\/div>\n\t\t\t\t\t\t\t\t\t\t\t<div class=\"c-list__item column-1 u-font-body\">\n\t\t\t\t\t\t\t\t\t\t\t\t\t\t\t<a href=\"https:\/\/procivitas.se\/wp-content\/uploads\/2024\/10\/kr2024procivitas-helsingborg.pdf\"\n\t\t\t\t\t\t\t\t   target=\"_blank\"\n\t\t\t\t\t\t\t\t   class=\"c-list__link\">\n\n\t\t\t\t\t\t\t\t\t<span>\n\t\t\t\t\t\t\t\t\t\t\t\t\t\t\t\t\t\t\t\t\tHelsingborg\n\t\t\t\t\t\t\t\t\t\t\t\t\t\t\t\t\t\t\t<\/span>\n\t\t\t\t\t\t\t\t<\/a>\n\t\t\t\t\t\t\t\t\t\t\t\t\t<\/div>\n\t\t\t\t\t\t\t\t\t\t\t<div class=\"c-list__item column-1 u-font-body\">\n\t\t\t\t\t\t\t\t\t\t\t\t\t\t\t<a href=\"https:\/\/procivitas.se\/wp-content\/uploads\/2024\/10\/kr2024procivitas-karlberg.pdf\"\n\t\t\t\t\t\t\t\t   target=\"_blank\"\n\t\t\t\t\t\t\t\t   class=\"c-list__link\">\n\n\t\t\t\t\t\t\t\t\t<span>\n\t\t\t\t\t\t\t\t\t\t\t\t\t\t\t\t\t\t\t\t\tKarlberg\n\t\t\t\t\t\t\t\t\t\t\t\t\t\t\t\t\t\t\t<\/span>\n\t\t\t\t\t\t\t\t<\/a>\n\t\t\t\t\t\t\t\t\t\t\t\t\t<\/div>\n\t\t\t\t\t\t\t\t\t\t\t<div class=\"c-list__item column-1 u-font-body\">\n\t\t\t\t\t\t\t\t\t\t\t\t\t\t\t<a href=\"https:\/\/procivitas.se\/wp-content\/uploads\/2024\/10\/kr2024procivitas-lund.pdf\"\n\t\t\t\t\t\t\t\t   target=\"_blank\"\n\t\t\t\t\t\t\t\t   class=\"c-list__link\">\n\n\t\t\t\t\t\t\t\t\t<span>\n\t\t\t\t\t\t\t\t\t\t\t\t\t\t\t\t\t\t\t\t\tLund\n\t\t\t\t\t\t\t\t\t\t\t\t\t\t\t\t\t\t\t<\/span>\n\t\t\t\t\t\t\t\t<\/a>\n\t\t\t\t\t\t\t\t\t\t\t\t\t<\/div>\n\t\t\t\t\t\t\t\t\t\t\t<div class=\"c-list__item column-1 u-font-body\">\n\t\t\t\t\t\t\t\t\t\t\t\t\t\t\t<a href=\"https:\/\/procivitas.se\/wp-content\/uploads\/2024\/10\/kr2024procivitas-malmo.pdf\"\n\t\t\t\t\t\t\t\t   target=\"_blank\"\n\t\t\t\t\t\t\t\t   class=\"c-list__link\">\n\n\t\t\t\t\t\t\t\t\t<span>\n\t\t\t\t\t\t\t\t\t\t\t\t\t\t\t\t\t\t\t\t\tMalm\u00f6\n\t\t\t\t\t\t\t\t\t\t\t\t\t\t\t\t\t\t\t<\/span>\n\t\t\t\t\t\t\t\t<\/a>\n\t\t\t\t\t\t\t\t\t\t\t\t\t<\/div>\n\t\t\t\t\t\t\t\t\t\t\t<div class=\"c-list__item column-1 u-font-body\">\n\t\t\t\t\t\t\t\t\t\t\t\t\t\t\t<a href=\"https:\/\/procivitas.se\/wp-content\/uploads\/2024\/10\/kr2024procivitas-stockholm.pdf\"\n\t\t\t\t\t\t\t\t   target=\"_blank\"\n\t\t\t\t\t\t\t\t   class=\"c-list__link\">\n\n\t\t\t\t\t\t\t\t\t<span>\n\t\t\t\t\t\t\t\t\t\t\t\t\t\t\t\t\t\t\t\t\tStockholm\n\t\t\t\t\t\t\t\t\t\t\t\t\t\t\t\t\t\t\t<\/span>\n\t\t\t\t\t\t\t\t<\/a>\n\t\t\t\t\t\t\t\t\t\t\t\t\t<\/div>\n\t\t\t\t\t\t\t\t\t\t\t<div class=\"c-list__item column-1 u-font-body\">\n\t\t\t\t\t\t\t\t\t\t\t\t\t\t\t<a href=\"https:\/\/procivitas.se\/wp-content\/uploads\/2024\/10\/kr2024procivitas-uppsala.pdf\"\n\t\t\t\t\t\t\t\t   target=\"_blank\"\n\t\t\t\t\t\t\t\t   class=\"c-list__link\">\n\n\t\t\t\t\t\t\t\t\t<span>\n\t\t\t\t\t\t\t\t\t\t\t\t\t\t\t\t\t\t\t\t\tUppsala\n\t\t\t\t\t\t\t\t\t\t\t\t\t\t\t\t\t\t\t<\/span>\n\t\t\t\t\t\t\t\t<\/a>\n\t\t\t\t\t\t\t\t\t\t\t\t\t<\/div>\n\t\t\t\t\t\t\t\t\t\t\t<div class=\"c-list__item column-1 u-font-body\">\n\t\t\t\t\t\t\t\t\t\t\t\t\t\t\t<a href=\"https:\/\/procivitas.se\/wp-content\/uploads\/2024\/10\/kr2024pcv.pdf\"\n\t\t\t\t\t\t\t\t   target=\"_blank\"\n\t\t\t\t\t\t\t\t   class=\"c-list__link\">\n\n\t\t\t\t\t\t\t\t\t<span>\n\t\t\t\t\t\t\t\t\t\t\t\t\t\t\t\t\t\t\t\t\tV\u00e4xj\u00f6\n\t\t\t\t\t\t\t\t\t\t\t\t\t\t\t\t\t\t\t<\/span>\n\t\t\t\t\t\t\t\t<\/a>\n\t\t\t\t\t\t\t\t\t\t\t\t\t<\/div>\n\t\t\t\t\t\n\t\t\t\t\n\t\t\t<\/div>\n\t\t<\/div>\n\t\n\n\t\n\t\t\t<\/div>\n\n\t\t\n\n<\/section>\n\t<\/div>\n\n\t\n\n\n\t<div class=\"module_wrapper ams_remote_pages_module \">\n\t\t\n\n<section  class=\"ams-cta ams-cta--stacked c-block l-stacked heading-decor\" data-color-scheme=\"blue\">\n\t<div class=\"l-container-narrow l-stack l-stack-fluid-2xl u-pt-fluid-3xl-6xl u-pb-fluid-3xl-6xl is-center is-center@md\">\n\t\t\t\t\t<div class=\"ams-cta__intro l-stack l-stack-lg\">\n\t\t\t\t\t\n\t<h2\n\tclass=\"c-heading u-font-title-1 \"\n\tstyle=\"\">\n\t\t\n\t\t\t\t\tHar du fr\u00e5gor?\n\t\t\t\t\n\t<\/h2>\n\n\t\t\t\t\t\t\t\t\t<div class=\"c-text l-stack u-cs-xl u-font-preamble\">\n\t\t\t\t\t\t<p><span data-sheets-value=\"{&quot;1&quot;:2,&quot;2&quot;:&quot;H\u00e4r hittar du kontaktuppgifter till personalen p\u00e5 skolan.&quot;}\" data-sheets-userformat=\"{&quot;2&quot;:897,&quot;3&quot;:{&quot;1&quot;:0},&quot;10&quot;:0,&quot;11&quot;:4,&quot;12&quot;:0}\">H\u00e4r hittar du kontaktuppgifter till personalen p\u00e5 skolan.<\/span><\/p>\n\n\t\t\t\t\t<\/div>\n\t\t\t\t\t\t\t<\/div>\n\t\t\n\t\t\n\t\t\t<div class=\"ams-cta__action u-inline-items\">\n\t\t\t\t\t\t\t\n\n\n<a href=\"https:\/\/procivitas.se\/malmo\/kontakt\/\"\n\t\n\tclass=\"c-btn \"\n\tdata-style=\"rounded\"\n\tdata-size=\"md\"\n\tdata-width=\"full-mobile\"\n\tdata-variant=\"default\"\n\ttarget=\"_self\">\n\t\t\t<span class=\"label\"> Kontakta oss<\/span>\n\t\t\t<\/a>\n\t\t\t<\/div>\n\t<\/div>\n\n\t\t\n\n<\/section>\n\t<\/div>\n\n\t","protected":false},"excerpt":{"rendered":"","protected":false},"author":5,"featured_media":0,"parent":491,"menu_order":0,"comment_status":"closed","ping_status":"closed","template":"","meta":{"footnotes":""},"yoast_head":"<!-- This site is optimized with the Yoast SEO plugin v22.0 - https:\/\/yoast.com\/wordpress\/plugins\/seo\/ -->\n<title>V\u00e5ra kvalitetsresultat - ProCivitas Privata Gymnasium Malm\u00f6<\/title>\n<meta name=\"description\" content=\"ProCivitas gymnasiums systematiska kvalitetsarbete \u00e4r viktigt f\u00f6r att v\u00e5ra elever ska utvecklas och n\u00e5 m\u00e5len.\" \/>\n<meta name=\"robots\" content=\"index, follow, max-snippet:-1, max-image-preview:large, max-video-preview:-1\" \/>\n<link rel=\"canonical\" href=\"https:\/\/procivitas.se\/malmo\/vart-kvalitetsarbete\/vara-kvalitetsresultat\/\" \/>\n<meta property=\"og:locale\" content=\"sv_SE\" \/>\n<meta property=\"og:type\" content=\"article\" \/>\n<meta property=\"og:title\" content=\"V\u00e5ra kvalitetsresultat - ProCivitas Privata Gymnasium Malm\u00f6\" \/>\n<meta property=\"og:description\" content=\"ProCivitas gymnasiums systematiska kvalitetsarbete \u00e4r viktigt f\u00f6r att v\u00e5ra elever ska utvecklas och n\u00e5 m\u00e5len.\" \/>\n<meta property=\"og:url\" content=\"https:\/\/procivitas.se\/malmo\/vart-kvalitetsarbete\/vara-kvalitetsresultat\/\" \/>\n<meta property=\"og:site_name\" content=\"Malm\u00f6\" \/>\n<meta property=\"article:modified_time\" content=\"2023-10-24T12:10:44+00:00\" \/>\n<meta name=\"twitter:card\" content=\"summary_large_image\" \/>\n<meta name=\"twitter:title\" content=\"V\u00e5ra kvalitetsresultat - ProCivitas Privata Gymnasium Malm\u00f6\" \/>\n<meta name=\"twitter:description\" content=\"ProCivitas gymnasiums systematiska kvalitetsarbete \u00e4r viktigt f\u00f6r att v\u00e5ra elever ska utvecklas och n\u00e5 m\u00e5len.\" \/>\n<script type=\"application\/ld+json\" class=\"yoast-schema-graph\">{\"@context\":\"https:\/\/schema.org\",\"@graph\":[{\"@type\":\"WebPage\",\"@id\":\"https:\/\/procivitas.se\/malmo\/vart-kvalitetsarbete\/vara-kvalitetsresultat\/\",\"url\":\"https:\/\/procivitas.se\/malmo\/vart-kvalitetsarbete\/vara-kvalitetsresultat\/\",\"name\":\"V\u00e5ra kvalitetsresultat - ProCivitas Privata Gymnasium Malm\u00f6\",\"isPartOf\":{\"@id\":\"https:\/\/procivitas.se\/malmo\/#website\"},\"datePublished\":\"2023-03-09T11:55:21+00:00\",\"dateModified\":\"2023-10-24T12:10:44+00:00\",\"description\":\"ProCivitas gymnasiums systematiska kvalitetsarbete \u00e4r viktigt f\u00f6r att v\u00e5ra elever ska utvecklas och n\u00e5 m\u00e5len.\",\"breadcrumb\":{\"@id\":\"https:\/\/procivitas.se\/malmo\/vart-kvalitetsarbete\/vara-kvalitetsresultat\/#breadcrumb\"},\"inLanguage\":\"sv-SE\",\"potentialAction\":[{\"@type\":\"ReadAction\",\"target\":[\"https:\/\/procivitas.se\/malmo\/vart-kvalitetsarbete\/vara-kvalitetsresultat\/\"]}]},{\"@type\":\"BreadcrumbList\",\"@id\":\"https:\/\/procivitas.se\/malmo\/vart-kvalitetsarbete\/vara-kvalitetsresultat\/#breadcrumb\",\"itemListElement\":[{\"@type\":\"ListItem\",\"position\":1,\"name\":\"Start\",\"item\":\"https:\/\/procivitas.se\/malmo\/\"},{\"@type\":\"ListItem\",\"position\":2,\"name\":\"V\u00e5rt kvalitetsarbete\",\"item\":\"https:\/\/procivitas.se\/malmo\/vart-kvalitetsarbete\/\"},{\"@type\":\"ListItem\",\"position\":3,\"name\":\"V\u00e5ra kvalitetsresultat\"}]},{\"@type\":\"WebSite\",\"@id\":\"https:\/\/procivitas.se\/malmo\/#website\",\"url\":\"https:\/\/procivitas.se\/malmo\/\",\"name\":\"Malm\u00f6\",\"description\":\"Just another WordPress site\",\"potentialAction\":[{\"@type\":\"SearchAction\",\"target\":{\"@type\":\"EntryPoint\",\"urlTemplate\":\"https:\/\/procivitas.se\/malmo\/?s={search_term_string}\"},\"query-input\":\"required name=search_term_string\"}],\"inLanguage\":\"sv-SE\"}]}<\/script>\n<!-- \/ Yoast SEO plugin. -->","yoast_head_json":{"title":"V\u00e5ra kvalitetsresultat - ProCivitas Privata Gymnasium Malm\u00f6","description":"ProCivitas gymnasiums systematiska kvalitetsarbete \u00e4r viktigt f\u00f6r att v\u00e5ra elever ska utvecklas och n\u00e5 m\u00e5len.","robots":{"index":"index","follow":"follow","max-snippet":"max-snippet:-1","max-image-preview":"max-image-preview:large","max-video-preview":"max-video-preview:-1"},"canonical":"https:\/\/procivitas.se\/malmo\/vart-kvalitetsarbete\/vara-kvalitetsresultat\/","og_locale":"sv_SE","og_type":"article","og_title":"V\u00e5ra kvalitetsresultat - ProCivitas Privata Gymnasium Malm\u00f6","og_description":"ProCivitas gymnasiums systematiska kvalitetsarbete \u00e4r viktigt f\u00f6r att v\u00e5ra elever ska utvecklas och n\u00e5 m\u00e5len.","og_url":"https:\/\/procivitas.se\/malmo\/vart-kvalitetsarbete\/vara-kvalitetsresultat\/","og_site_name":"Malm\u00f6","article_modified_time":"2023-10-24T12:10:44+00:00","twitter_card":"summary_large_image","twitter_title":"V\u00e5ra kvalitetsresultat - ProCivitas Privata Gymnasium Malm\u00f6","twitter_description":"ProCivitas gymnasiums systematiska kvalitetsarbete \u00e4r viktigt f\u00f6r att v\u00e5ra elever ska utvecklas och n\u00e5 m\u00e5len.","schema":{"@context":"https:\/\/schema.org","@graph":[{"@type":"WebPage","@id":"https:\/\/procivitas.se\/malmo\/vart-kvalitetsarbete\/vara-kvalitetsresultat\/","url":"https:\/\/procivitas.se\/malmo\/vart-kvalitetsarbete\/vara-kvalitetsresultat\/","name":"V\u00e5ra kvalitetsresultat - ProCivitas Privata Gymnasium Malm\u00f6","isPartOf":{"@id":"https:\/\/procivitas.se\/malmo\/#website"},"datePublished":"2023-03-09T11:55:21+00:00","dateModified":"2023-10-24T12:10:44+00:00","description":"ProCivitas gymnasiums systematiska kvalitetsarbete \u00e4r viktigt f\u00f6r att v\u00e5ra elever ska utvecklas och n\u00e5 m\u00e5len.","breadcrumb":{"@id":"https:\/\/procivitas.se\/malmo\/vart-kvalitetsarbete\/vara-kvalitetsresultat\/#breadcrumb"},"inLanguage":"sv-SE","potentialAction":[{"@type":"ReadAction","target":["https:\/\/procivitas.se\/malmo\/vart-kvalitetsarbete\/vara-kvalitetsresultat\/"]}]},{"@type":"BreadcrumbList","@id":"https:\/\/procivitas.se\/malmo\/vart-kvalitetsarbete\/vara-kvalitetsresultat\/#breadcrumb","itemListElement":[{"@type":"ListItem","position":1,"name":"Start","item":"https:\/\/procivitas.se\/malmo\/"},{"@type":"ListItem","position":2,"name":"V\u00e5rt kvalitetsarbete","item":"https:\/\/procivitas.se\/malmo\/vart-kvalitetsarbete\/"},{"@type":"ListItem","position":3,"name":"V\u00e5ra kvalitetsresultat"}]},{"@type":"WebSite","@id":"https:\/\/procivitas.se\/malmo\/#website","url":"https:\/\/procivitas.se\/malmo\/","name":"Malm\u00f6","description":"Just another WordPress site","potentialAction":[{"@type":"SearchAction","target":{"@type":"EntryPoint","urlTemplate":"https:\/\/procivitas.se\/malmo\/?s={search_term_string}"},"query-input":"required name=search_term_string"}],"inLanguage":"sv-SE"}]}},"_links":{"self":[{"href":"https:\/\/procivitas.se\/malmo\/wp-json\/wp\/v2\/pages\/496"}],"collection":[{"href":"https:\/\/procivitas.se\/malmo\/wp-json\/wp\/v2\/pages"}],"about":[{"href":"https:\/\/procivitas.se\/malmo\/wp-json\/wp\/v2\/types\/page"}],"author":[{"embeddable":true,"href":"https:\/\/procivitas.se\/malmo\/wp-json\/wp\/v2\/users\/5"}],"replies":[{"embeddable":true,"href":"https:\/\/procivitas.se\/malmo\/wp-json\/wp\/v2\/comments?post=496"}],"version-history":[{"count":10,"href":"https:\/\/procivitas.se\/malmo\/wp-json\/wp\/v2\/pages\/496\/revisions"}],"predecessor-version":[{"id":1879,"href":"https:\/\/procivitas.se\/malmo\/wp-json\/wp\/v2\/pages\/496\/revisions\/1879"}],"up":[{"embeddable":true,"href":"https:\/\/procivitas.se\/malmo\/wp-json\/wp\/v2\/pages\/491"}],"wp:attachment":[{"href":"https:\/\/procivitas.se\/malmo\/wp-json\/wp\/v2\/media?parent=496"}],"curies":[{"name":"wp","href":"https:\/\/api.w.org\/{rel}","templated":true}]}}