{"id":2359,"date":"2023-10-27T13:22:37","date_gmt":"2023-10-27T11:22:37","guid":{"rendered":"https:\/\/procivitas.se\/stockholm\/?page_id=2359"},"modified":"2026-04-08T08:46:23","modified_gmt":"2026-04-08T06:46:23","slug":"aktiviteter","status":"publish","type":"page","link":"https:\/\/procivitas.se\/stockholm\/aktiviteter\/","title":{"rendered":"Aktiviteter"},"content":{"rendered":"\n\t\n\t\n\t\n\n\t\n\t\n\t\t\n<section  class=\"c-block l-stacked  \" data-color-scheme=\"white\">\n\t<div class=\"ams-fifty ams-fifty--container ams-fifty--left ams-fifty--top l-container u-pt-fluid-3xl-6xl u-pb-fluid-3xl-6xl\">\n\t\t<div class=\"ams-fifty__content l-stack l-stack-xl is-left is-left@lg\">\n\t\t\t<div class=\"ams-fifty__text l-stack l-stack-lg\">\n\t\t\t\t\t\n\t<h1\n\tclass=\"c-heading u-font-title-1 \"\n\tstyle=\"\">\n\t\t\n\t\t\t\t\tAktiviteter p\u00e5 ProCivitas\n\t\t\t\t\n\t<\/h1>\n\n\t\t\t\t\t\t\t\t\t<div class=\"text l-stack u-font-body\">\n\t\t\t\t\t\t<div class=\"p-large\">\n<p>En bra skola \u00e4r s\u00e5 mycket mer \u00e4n det som sker under lektionerna. P\u00e5 ProCivitas satsar vi h\u00e5rt p\u00e5 att ge m\u00f6jligheter till s\u00e5v\u00e4l nytta som n\u00f6je under skoltiden. F\u00f6rutom att skolan under \u00e5ret st\u00e5r som v\u00e4rd f\u00f6r m\u00e5nga v\u00e4lbes\u00f6kta aktiviteter, s\u00e5som biokv\u00e4llar, temadagar, studieresor, klasstr\u00e4ffar med mera, skapar vi f\u00f6ruts\u00e4ttningar f\u00f6r elevernas eget driv och engagemang.<\/p>\n<p>P\u00e5 alla ProCivitas-skolor finns mycket aktiva elevk\u00e5rer som ordnar trivselarrangemang, temadagar, tar fram egna kl\u00e4dkollektioner osv. Vi uppmuntrar alla typer av id\u00e9er och aktiviteter fr\u00e5n eleverna och fr\u00e5n elevk\u00e5ren. Ta chansen, du som elev, att engagera dig och g\u00f6ra din studietid till tre riktigt roliga och givande \u00e5r. P\u00e5 v\u00e5ra sociala medier kan du se bilder fr\u00e5n de olika arrangemang och event \u00e4ger rum p\u00e5 skolorna.<\/p>\n<\/div>\n\n\t\t\t\t\t<\/div>\n\t\t\t\t\t\t\t<\/div>\n\n\t\t\t\t<div class=\"ams-fifty__action u-inline-items\">\n\t\t\t\t\t\t\t\n\n\n<a href=\"https:\/\/procivitas.se\/stockholm\/var-skola\/\"\n\t\n\tclass=\"c-btn \"\n\tdata-style=\"rounded\"\n\tdata-size=\"md\"\n\tdata-width=\"full-mobile\"\n\tdata-variant=\"default\"\n\ttarget=\"_self\">\n\t\t\t<span class=\"label\"> L\u00e4s mer om oss<\/span>\n\t\t\t<\/a>\n\t\t\t<\/div>\n\t\t<\/div>\n\n\t\t <div class=\"ams-fifty__media u-ratio-square\">\n\t\t \t\t\t\t\t<img decoding=\"async\" width=\"600\" height=\"400\" src=\"https:\/\/procivitas.se\/wp-content\/uploads\/sites\/7\/2023\/10\/procivitaselevkarsodermalm202304-600x400.jpg\" class=\"attachment-md size-md\" alt=\"Elever sitter runt ett bord och diskuterar\" sizes=\"(min-width: 64em) 600px, calc(100vw - 160px)\" srcset=\"https:\/\/procivitas.se\/wp-content\/uploads\/sites\/7\/2023\/10\/procivitaselevkarsodermalm202304-600x400.jpg 600w, https:\/\/procivitas.se\/wp-content\/uploads\/sites\/7\/2023\/10\/procivitaselevkarsodermalm202304-300x200.jpg 300w, https:\/\/procivitas.se\/wp-content\/uploads\/sites\/7\/2023\/10\/procivitaselevkarsodermalm202304-400x267.jpg 400w, https:\/\/procivitas.se\/wp-content\/uploads\/sites\/7\/2023\/10\/procivitaselevkarsodermalm202304-800x533.jpg 800w, https:\/\/procivitas.se\/wp-content\/uploads\/sites\/7\/2023\/10\/procivitaselevkarsodermalm202304-1024x683.jpg 1024w, https:\/\/procivitas.se\/wp-content\/uploads\/sites\/7\/2023\/10\/procivitaselevkarsodermalm202304-1200x800.jpg 1200w, https:\/\/procivitas.se\/wp-content\/uploads\/sites\/7\/2023\/10\/procivitaselevkarsodermalm202304.jpg 2048w\" \/>\n\t\t\t\n\t\t\t\n\t\t\t\t\t<\/div>\n\t<\/div>\n\n\t\t\n\n<\/section>\n\n\n\n\n<section  class=\"ams-cta ams-cta--stacked c-block l-stacked heading-decor\" data-color-scheme=\"blue\">\n\t<div class=\"l-container-narrow l-stack l-stack-fluid-2xl u-pt-fluid-3xl-6xl u-pb-fluid-3xl-6xl is-center is-center@md\">\n\t\t\t\t\t<div class=\"ams-cta__intro l-stack l-stack-lg\">\n\t\t\t\t\t\n\t<h2\n\tclass=\"c-heading u-font-title-1 \"\n\tstyle=\"\">\n\t\t\n\t\t\t\t\t\u00d6ppet hus\n\t\t\t\t\n\t<\/h2>\n\n\t\t\t\t\t\t\t\t\t<div class=\"c-text l-stack u-cs-xl u-font-preamble\">\n\t\t\t\t\t\t<p>Passa p\u00e5 att bes\u00f6k v\u00e5r skola under ett \u00d6ppet hus. D\u00e4r kan du prata med elever och l\u00e4rare, se dig omkring i v\u00e5ra lokaler och f\u00e5 svar p\u00e5 alla dina fr\u00e5gor.<\/p>\n\n\t\t\t\t\t<\/div>\n\t\t\t\t\t\t\t<\/div>\n\t\t\n\t\t\n\t\t\t<div class=\"ams-cta__action u-inline-items\">\n\t\t\t\t\t\t\t\n\n\n<a href=\"https:\/\/procivitas.se\/stockholm\/oppet-hus\"\n\t\n\tclass=\"c-btn \"\n\tdata-style=\"rounded\"\n\tdata-size=\"md\"\n\tdata-width=\"full-mobile\"\n\tdata-variant=\"default\"\n\ttarget=\"_self\">\n\t\t\t<span class=\"label\"> Bes\u00f6k \u00d6ppet hus <\/span>\n\t\t\t<\/a>\n\t\t\t<\/div>\n\t<\/div>\n\n\t\t\n\n<\/section>\n","protected":false},"excerpt":{"rendered":"","protected":false},"author":10,"featured_media":0,"parent":0,"menu_order":0,"comment_status":"closed","ping_status":"closed","template":"","meta":{"footnotes":""},"yoast_head":"<!-- This site is optimized with the Yoast SEO plugin v22.0 - https:\/\/yoast.com\/wordpress\/plugins\/seo\/ -->\n<title>Aktiviteter - ProCivitas Privata Gymnasium Stockholm<\/title>\n<meta name=\"description\" content=\"ProCivitas l\u00e4gger stor vikt vid \u00e5rets h\u00f6gtider som exempelvis Lucia, julavslutning och studentexamen.\" \/>\n<meta name=\"robots\" content=\"index, follow, max-snippet:-1, max-image-preview:large, max-video-preview:-1\" \/>\n<link rel=\"canonical\" href=\"https:\/\/procivitas.se\/stockholm\/aktiviteter\/\" \/>\n<meta property=\"og:locale\" content=\"sv_SE\" \/>\n<meta property=\"og:type\" content=\"article\" \/>\n<meta property=\"og:title\" content=\"Aktiviteter - ProCivitas Privata Gymnasium Stockholm\" \/>\n<meta property=\"og:description\" content=\"ProCivitas l\u00e4gger stor vikt vid \u00e5rets h\u00f6gtider som exempelvis Lucia, julavslutning och studentexamen.\" \/>\n<meta property=\"og:url\" content=\"https:\/\/procivitas.se\/stockholm\/aktiviteter\/\" \/>\n<meta property=\"og:site_name\" content=\"Stockholm\" \/>\n<meta property=\"article:modified_time\" content=\"2026-04-08T06:46:23+00:00\" \/>\n<meta name=\"twitter:card\" content=\"summary_large_image\" \/>\n<meta name=\"twitter:title\" content=\"Aktiviteter - ProCivitas Privata Gymnasium Stockholm\" \/>\n<meta name=\"twitter:description\" content=\"ProCivitas l\u00e4gger stor vikt vid \u00e5rets h\u00f6gtider som exempelvis Lucia, julavslutning och studentexamen.\" \/>\n<meta name=\"twitter:label1\" content=\"Est. reading time\" \/>\n\t<meta name=\"twitter:data1\" content=\"2 minuter\" \/>\n<script type=\"application\/ld+json\" class=\"yoast-schema-graph\">{\"@context\":\"https:\/\/schema.org\",\"@graph\":[{\"@type\":\"WebPage\",\"@id\":\"https:\/\/procivitas.se\/stockholm\/aktiviteter\/\",\"url\":\"https:\/\/procivitas.se\/stockholm\/aktiviteter\/\",\"name\":\"Aktiviteter - ProCivitas Privata Gymnasium Stockholm\",\"isPartOf\":{\"@id\":\"https:\/\/procivitas.se\/stockholm\/#website\"},\"datePublished\":\"2023-10-27T11:22:37+00:00\",\"dateModified\":\"2026-04-08T06:46:23+00:00\",\"description\":\"ProCivitas l\u00e4gger stor vikt vid \u00e5rets h\u00f6gtider som exempelvis Lucia, julavslutning och studentexamen.\",\"breadcrumb\":{\"@id\":\"https:\/\/procivitas.se\/stockholm\/aktiviteter\/#breadcrumb\"},\"inLanguage\":\"sv-SE\",\"potentialAction\":[{\"@type\":\"ReadAction\",\"target\":[\"https:\/\/procivitas.se\/stockholm\/aktiviteter\/\"]}]},{\"@type\":\"BreadcrumbList\",\"@id\":\"https:\/\/procivitas.se\/stockholm\/aktiviteter\/#breadcrumb\",\"itemListElement\":[{\"@type\":\"ListItem\",\"position\":1,\"name\":\"Start\",\"item\":\"https:\/\/procivitas.se\/stockholm\/\"},{\"@type\":\"ListItem\",\"position\":2,\"name\":\"Aktiviteter\"}]},{\"@type\":\"WebSite\",\"@id\":\"https:\/\/procivitas.se\/stockholm\/#website\",\"url\":\"https:\/\/procivitas.se\/stockholm\/\",\"name\":\"Stockholm\",\"description\":\"Just another WordPress site\",\"potentialAction\":[{\"@type\":\"SearchAction\",\"target\":{\"@type\":\"EntryPoint\",\"urlTemplate\":\"https:\/\/procivitas.se\/stockholm\/?s={search_term_string}\"},\"query-input\":\"required name=search_term_string\"}],\"inLanguage\":\"sv-SE\"}]}<\/script>\n<!-- \/ Yoast SEO plugin. -->","yoast_head_json":{"title":"Aktiviteter - ProCivitas Privata Gymnasium Stockholm","description":"ProCivitas l\u00e4gger stor vikt vid \u00e5rets h\u00f6gtider som exempelvis Lucia, julavslutning och studentexamen.","robots":{"index":"index","follow":"follow","max-snippet":"max-snippet:-1","max-image-preview":"max-image-preview:large","max-video-preview":"max-video-preview:-1"},"canonical":"https:\/\/procivitas.se\/stockholm\/aktiviteter\/","og_locale":"sv_SE","og_type":"article","og_title":"Aktiviteter - ProCivitas Privata Gymnasium Stockholm","og_description":"ProCivitas l\u00e4gger stor vikt vid \u00e5rets h\u00f6gtider som exempelvis Lucia, julavslutning och studentexamen.","og_url":"https:\/\/procivitas.se\/stockholm\/aktiviteter\/","og_site_name":"Stockholm","article_modified_time":"2026-04-08T06:46:23+00:00","twitter_card":"summary_large_image","twitter_title":"Aktiviteter - ProCivitas Privata Gymnasium Stockholm","twitter_description":"ProCivitas l\u00e4gger stor vikt vid \u00e5rets h\u00f6gtider som exempelvis Lucia, julavslutning och studentexamen.","twitter_misc":{"Est. reading time":"2 minuter"},"schema":{"@context":"https:\/\/schema.org","@graph":[{"@type":"WebPage","@id":"https:\/\/procivitas.se\/stockholm\/aktiviteter\/","url":"https:\/\/procivitas.se\/stockholm\/aktiviteter\/","name":"Aktiviteter - ProCivitas Privata Gymnasium Stockholm","isPartOf":{"@id":"https:\/\/procivitas.se\/stockholm\/#website"},"datePublished":"2023-10-27T11:22:37+00:00","dateModified":"2026-04-08T06:46:23+00:00","description":"ProCivitas l\u00e4gger stor vikt vid \u00e5rets h\u00f6gtider som exempelvis Lucia, julavslutning och studentexamen.","breadcrumb":{"@id":"https:\/\/procivitas.se\/stockholm\/aktiviteter\/#breadcrumb"},"inLanguage":"sv-SE","potentialAction":[{"@type":"ReadAction","target":["https:\/\/procivitas.se\/stockholm\/aktiviteter\/"]}]},{"@type":"BreadcrumbList","@id":"https:\/\/procivitas.se\/stockholm\/aktiviteter\/#breadcrumb","itemListElement":[{"@type":"ListItem","position":1,"name":"Start","item":"https:\/\/procivitas.se\/stockholm\/"},{"@type":"ListItem","position":2,"name":"Aktiviteter"}]},{"@type":"WebSite","@id":"https:\/\/procivitas.se\/stockholm\/#website","url":"https:\/\/procivitas.se\/stockholm\/","name":"Stockholm","description":"Just another WordPress site","potentialAction":[{"@type":"SearchAction","target":{"@type":"EntryPoint","urlTemplate":"https:\/\/procivitas.se\/stockholm\/?s={search_term_string}"},"query-input":"required name=search_term_string"}],"inLanguage":"sv-SE"}]}},"_links":{"self":[{"href":"https:\/\/procivitas.se\/stockholm\/wp-json\/wp\/v2\/pages\/2359"}],"collection":[{"href":"https:\/\/procivitas.se\/stockholm\/wp-json\/wp\/v2\/pages"}],"about":[{"href":"https:\/\/procivitas.se\/stockholm\/wp-json\/wp\/v2\/types\/page"}],"author":[{"embeddable":true,"href":"https:\/\/procivitas.se\/stockholm\/wp-json\/wp\/v2\/users\/10"}],"replies":[{"embeddable":true,"href":"https:\/\/procivitas.se\/stockholm\/wp-json\/wp\/v2\/comments?post=2359"}],"version-history":[{"count":10,"href":"https:\/\/procivitas.se\/stockholm\/wp-json\/wp\/v2\/pages\/2359\/revisions"}],"predecessor-version":[{"id":3265,"href":"https:\/\/procivitas.se\/stockholm\/wp-json\/wp\/v2\/pages\/2359\/revisions\/3265"}],"wp:attachment":[{"href":"https:\/\/procivitas.se\/stockholm\/wp-json\/wp\/v2\/media?parent=2359"}],"curies":[{"name":"wp","href":"https:\/\/api.w.org\/{rel}","templated":true}]}}