{"id":2630,"date":"2023-11-13T09:26:32","date_gmt":"2023-11-13T08:26:32","guid":{"rendered":"https:\/\/procivitas.se\/stockholm\/?page_id=2630"},"modified":"2024-02-02T13:18:19","modified_gmt":"2024-02-02T12:18:19","slug":"byta-till-procivitas-stockholm","status":"publish","type":"page","link":"https:\/\/procivitas.se\/stockholm\/byta-till-procivitas-stockholm\/","title":{"rendered":"Byta till ProCivitas Stockholm"},"content":{"rendered":"\n\t\n\t\n\t\n\n\t\n\t\n\t\t\n<section  class=\"c-block l-stacked  \" data-color-scheme=\"white\">\n\t<div class=\"ams-fifty ams-fifty--container ams-fifty--right ams-fifty--bottom l-container u-pt-fluid-3xl-6xl u-pb-fluid-3xl-6xl\">\n\t\t<div class=\"ams-fifty__content l-stack l-stack-xl is-left is-left@lg\">\n\t\t\t<div class=\"ams-fifty__text l-stack l-stack-lg\">\n\t\t\t\t\t\n\t<h1\n\tclass=\"c-heading u-font-title-1 \"\n\tstyle=\"\">\n\t\t\n\t\t\t\t\tByta till ProCivitas Stockholm\n\t\t\t\t\n\t<\/h1>\n\n\t\t\t\t\t\t\t\t\t<div class=\"text l-stack u-font-body\">\n\t\t\t\t\t\t<p>Vad roligt att du \u00e4r intresserad av v\u00e5r skola! Vi tar emot elever i den m\u00e5n att det finns plats p\u00e5 skolan och att det g\u00e5r att g\u00f6ra ett byte beroende p\u00e5 vilket program och inriktning du l\u00e4ser idag. Vi vill s\u00e5klart hj\u00e4lpa dig men kan inte garantera en plats eller att bytet \u00e4r m\u00f6jligt.<\/p>\n<p><b>N\u00e4r blir jag kontaktad?<br \/>\n<\/b><span style=\"font-family: -apple-system, BlinkMacSystemFont, 'Segoe UI', Roboto, 'Helvetica Neue', Arial, 'Noto Sans', 'Liberation Sans', sans-serif, 'Apple Color Emoji', 'Segoe UI Emoji', 'Segoe UI Symbol', 'Noto Color Emoji'; font-size: 1rem;\">Vi har tyv\u00e4rr inte m\u00f6jlighet att svara p\u00e5 alla intresseanm\u00e4lningar men vi sparar din anm\u00e4lan och kontaktar dig om vi har m\u00f6jlighet att erbjuda dig en plats.\u00a0<\/span><\/p>\n\n\t\t\t\t\t<\/div>\n\t\t\t\t\t\t\t<\/div>\n\n\t\t\t\t<div class=\"ams-fifty__action u-inline-items\">\n\t\t\t\t\t\t\t\n\n\n<a href=\"https:\/\/forms.gle\/r9BZPuj9aDsdHoHY6\"\n\t\n\tclass=\"c-btn \"\n\tdata-style=\"rounded\"\n\tdata-size=\"md\"\n\tdata-width=\"full-mobile\"\n\tdata-variant=\"default\"\n\ttarget=\"_blank\">\n\t\t\t<span class=\"label\"> Byta till oss<\/span>\n\t\t\t<\/a>\n\t\t\t<\/div>\n\t\t<\/div>\n\n\t\t <div class=\"ams-fifty__media u-ratio-landscape\">\n\t\t \t\t\t\t\t<img decoding=\"async\" width=\"600\" height=\"400\" src=\"https:\/\/procivitas.se\/wp-content\/uploads\/sites\/7\/2023\/10\/procivitas-syv-sodermalm-202304-600x400.jpg\" class=\"attachment-md size-md\" alt=\"L\u00e4rare och elever i ett klassrum\" sizes=\"(min-width: 64em) 600px, calc(100vw - 160px)\" srcset=\"https:\/\/procivitas.se\/wp-content\/uploads\/sites\/7\/2023\/10\/procivitas-syv-sodermalm-202304-600x400.jpg 600w, https:\/\/procivitas.se\/wp-content\/uploads\/sites\/7\/2023\/10\/procivitas-syv-sodermalm-202304-300x200.jpg 300w, https:\/\/procivitas.se\/wp-content\/uploads\/sites\/7\/2023\/10\/procivitas-syv-sodermalm-202304-400x267.jpg 400w, https:\/\/procivitas.se\/wp-content\/uploads\/sites\/7\/2023\/10\/procivitas-syv-sodermalm-202304-800x533.jpg 800w, https:\/\/procivitas.se\/wp-content\/uploads\/sites\/7\/2023\/10\/procivitas-syv-sodermalm-202304-1024x683.jpg 1024w, https:\/\/procivitas.se\/wp-content\/uploads\/sites\/7\/2023\/10\/procivitas-syv-sodermalm-202304-1200x800.jpg 1200w, https:\/\/procivitas.se\/wp-content\/uploads\/sites\/7\/2023\/10\/procivitas-syv-sodermalm-202304.jpg 2048w\" \/>\n\t\t\t\n\t\t\t\n\t\t\t\t\t<\/div>\n\t<\/div>\n\n\t\t\n\n<\/section>\n","protected":false},"excerpt":{"rendered":"","protected":false},"author":10,"featured_media":0,"parent":0,"menu_order":0,"comment_status":"closed","ping_status":"closed","template":"","meta":{"footnotes":""},"yoast_head":"<!-- This site is optimized with the Yoast SEO plugin v22.0 - https:\/\/yoast.com\/wordpress\/plugins\/seo\/ -->\n<title>Byta till ProCivitas Stockholm - ProCivitas Stockholm<\/title>\n<meta name=\"description\" content=\"Vi tar emot elever i den m\u00e5n det finns plats och att det g\u00e5r att g\u00f6ra ett byte beroende p\u00e5 vilket program och inriktning du l\u00e4ser idag.\" \/>\n<meta name=\"robots\" content=\"index, follow, max-snippet:-1, max-image-preview:large, max-video-preview:-1\" \/>\n<link rel=\"canonical\" href=\"https:\/\/procivitas.se\/stockholm\/byta-till-procivitas-stockholm\/\" \/>\n<meta property=\"og:locale\" content=\"sv_SE\" \/>\n<meta property=\"og:type\" content=\"article\" \/>\n<meta property=\"og:title\" content=\"Byta till ProCivitas Stockholm - ProCivitas Stockholm\" \/>\n<meta property=\"og:description\" content=\"Vi tar emot elever i den m\u00e5n det finns plats och att det g\u00e5r att g\u00f6ra ett byte beroende p\u00e5 vilket program och inriktning du l\u00e4ser idag.\" \/>\n<meta property=\"og:url\" content=\"https:\/\/procivitas.se\/stockholm\/byta-till-procivitas-stockholm\/\" \/>\n<meta property=\"og:site_name\" content=\"Stockholm\" \/>\n<meta property=\"article:modified_time\" content=\"2024-02-02T12:18:19+00:00\" \/>\n<meta name=\"twitter:card\" content=\"summary_large_image\" \/>\n<meta name=\"twitter:title\" content=\"Byta till ProCivitas Stockholm - ProCivitas Stockholm\" \/>\n<meta name=\"twitter:description\" content=\"Vi tar emot elever i den m\u00e5n det finns plats och att det g\u00e5r att g\u00f6ra ett byte beroende p\u00e5 vilket program och inriktning du l\u00e4ser idag.\" \/>\n<script type=\"application\/ld+json\" class=\"yoast-schema-graph\">{\"@context\":\"https:\/\/schema.org\",\"@graph\":[{\"@type\":\"WebPage\",\"@id\":\"https:\/\/procivitas.se\/stockholm\/byta-till-procivitas-stockholm\/\",\"url\":\"https:\/\/procivitas.se\/stockholm\/byta-till-procivitas-stockholm\/\",\"name\":\"Byta till ProCivitas Stockholm - ProCivitas Stockholm\",\"isPartOf\":{\"@id\":\"https:\/\/procivitas.se\/stockholm\/#website\"},\"datePublished\":\"2023-11-13T08:26:32+00:00\",\"dateModified\":\"2024-02-02T12:18:19+00:00\",\"description\":\"Vi tar emot elever i den m\u00e5n det finns plats och att det g\u00e5r att g\u00f6ra ett byte beroende p\u00e5 vilket program och inriktning du l\u00e4ser idag.\",\"breadcrumb\":{\"@id\":\"https:\/\/procivitas.se\/stockholm\/byta-till-procivitas-stockholm\/#breadcrumb\"},\"inLanguage\":\"sv-SE\",\"potentialAction\":[{\"@type\":\"ReadAction\",\"target\":[\"https:\/\/procivitas.se\/stockholm\/byta-till-procivitas-stockholm\/\"]}]},{\"@type\":\"BreadcrumbList\",\"@id\":\"https:\/\/procivitas.se\/stockholm\/byta-till-procivitas-stockholm\/#breadcrumb\",\"itemListElement\":[{\"@type\":\"ListItem\",\"position\":1,\"name\":\"Start\",\"item\":\"https:\/\/procivitas.se\/stockholm\/\"},{\"@type\":\"ListItem\",\"position\":2,\"name\":\"Byta till ProCivitas Stockholm\"}]},{\"@type\":\"WebSite\",\"@id\":\"https:\/\/procivitas.se\/stockholm\/#website\",\"url\":\"https:\/\/procivitas.se\/stockholm\/\",\"name\":\"Stockholm\",\"description\":\"Just another WordPress site\",\"potentialAction\":[{\"@type\":\"SearchAction\",\"target\":{\"@type\":\"EntryPoint\",\"urlTemplate\":\"https:\/\/procivitas.se\/stockholm\/?s={search_term_string}\"},\"query-input\":\"required name=search_term_string\"}],\"inLanguage\":\"sv-SE\"}]}<\/script>\n<!-- \/ Yoast SEO plugin. -->","yoast_head_json":{"title":"Byta till ProCivitas Stockholm - ProCivitas Stockholm","description":"Vi tar emot elever i den m\u00e5n det finns plats och att det g\u00e5r att g\u00f6ra ett byte beroende p\u00e5 vilket program och inriktning du l\u00e4ser idag.","robots":{"index":"index","follow":"follow","max-snippet":"max-snippet:-1","max-image-preview":"max-image-preview:large","max-video-preview":"max-video-preview:-1"},"canonical":"https:\/\/procivitas.se\/stockholm\/byta-till-procivitas-stockholm\/","og_locale":"sv_SE","og_type":"article","og_title":"Byta till ProCivitas Stockholm - ProCivitas Stockholm","og_description":"Vi tar emot elever i den m\u00e5n det finns plats och att det g\u00e5r att g\u00f6ra ett byte beroende p\u00e5 vilket program och inriktning du l\u00e4ser idag.","og_url":"https:\/\/procivitas.se\/stockholm\/byta-till-procivitas-stockholm\/","og_site_name":"Stockholm","article_modified_time":"2024-02-02T12:18:19+00:00","twitter_card":"summary_large_image","twitter_title":"Byta till ProCivitas Stockholm - ProCivitas Stockholm","twitter_description":"Vi tar emot elever i den m\u00e5n det finns plats och att det g\u00e5r att g\u00f6ra ett byte beroende p\u00e5 vilket program och inriktning du l\u00e4ser idag.","schema":{"@context":"https:\/\/schema.org","@graph":[{"@type":"WebPage","@id":"https:\/\/procivitas.se\/stockholm\/byta-till-procivitas-stockholm\/","url":"https:\/\/procivitas.se\/stockholm\/byta-till-procivitas-stockholm\/","name":"Byta till ProCivitas Stockholm - ProCivitas Stockholm","isPartOf":{"@id":"https:\/\/procivitas.se\/stockholm\/#website"},"datePublished":"2023-11-13T08:26:32+00:00","dateModified":"2024-02-02T12:18:19+00:00","description":"Vi tar emot elever i den m\u00e5n det finns plats och att det g\u00e5r att g\u00f6ra ett byte beroende p\u00e5 vilket program och inriktning du l\u00e4ser idag.","breadcrumb":{"@id":"https:\/\/procivitas.se\/stockholm\/byta-till-procivitas-stockholm\/#breadcrumb"},"inLanguage":"sv-SE","potentialAction":[{"@type":"ReadAction","target":["https:\/\/procivitas.se\/stockholm\/byta-till-procivitas-stockholm\/"]}]},{"@type":"BreadcrumbList","@id":"https:\/\/procivitas.se\/stockholm\/byta-till-procivitas-stockholm\/#breadcrumb","itemListElement":[{"@type":"ListItem","position":1,"name":"Start","item":"https:\/\/procivitas.se\/stockholm\/"},{"@type":"ListItem","position":2,"name":"Byta till ProCivitas Stockholm"}]},{"@type":"WebSite","@id":"https:\/\/procivitas.se\/stockholm\/#website","url":"https:\/\/procivitas.se\/stockholm\/","name":"Stockholm","description":"Just another WordPress site","potentialAction":[{"@type":"SearchAction","target":{"@type":"EntryPoint","urlTemplate":"https:\/\/procivitas.se\/stockholm\/?s={search_term_string}"},"query-input":"required name=search_term_string"}],"inLanguage":"sv-SE"}]}},"_links":{"self":[{"href":"https:\/\/procivitas.se\/stockholm\/wp-json\/wp\/v2\/pages\/2630"}],"collection":[{"href":"https:\/\/procivitas.se\/stockholm\/wp-json\/wp\/v2\/pages"}],"about":[{"href":"https:\/\/procivitas.se\/stockholm\/wp-json\/wp\/v2\/types\/page"}],"author":[{"embeddable":true,"href":"https:\/\/procivitas.se\/stockholm\/wp-json\/wp\/v2\/users\/10"}],"replies":[{"embeddable":true,"href":"https:\/\/procivitas.se\/stockholm\/wp-json\/wp\/v2\/comments?post=2630"}],"version-history":[{"count":10,"href":"https:\/\/procivitas.se\/stockholm\/wp-json\/wp\/v2\/pages\/2630\/revisions"}],"predecessor-version":[{"id":2795,"href":"https:\/\/procivitas.se\/stockholm\/wp-json\/wp\/v2\/pages\/2630\/revisions\/2795"}],"wp:attachment":[{"href":"https:\/\/procivitas.se\/stockholm\/wp-json\/wp\/v2\/media?parent=2630"}],"curies":[{"name":"wp","href":"https:\/\/api.w.org\/{rel}","templated":true}]}}