{"id":2385,"date":"2023-10-30T11:10:46","date_gmt":"2023-10-30T10:10:46","guid":{"rendered":"https:\/\/procivitas.se\/uppsala\/?page_id=2385"},"modified":"2023-10-30T11:25:53","modified_gmt":"2023-10-30T10:25:53","slug":"gymnasiemassa","status":"publish","type":"page","link":"https:\/\/procivitas.se\/uppsala\/gymnasiemassa\/","title":{"rendered":"Gymnasiem\u00e4ssa"},"content":{"rendered":"\n\t\n\t\n\t\n\n\t\n\t\n\t\t\n<section  class=\"c-block l-stacked  \" data-color-scheme=\"white\">\n\t<div class=\"ams-fifty ams-fifty--container ams-fifty--right ams-fifty--top l-container u-pt-fluid-3xl-6xl u-pb-fluid-3xl-6xl\">\n\t\t<div class=\"ams-fifty__content l-stack l-stack-xl is-left is-left@lg\">\n\t\t\t<div class=\"ams-fifty__text l-stack l-stack-lg\">\n\t\t\t\t\t\n\t<h1\n\tclass=\"c-heading u-font-title-1 \"\n\tstyle=\"\">\n\t\t\n\t\t\t\t\t\t\t\t\tVi ses v\u00e4l p\u00e5 gymnasiem\u00e4ssan? \n\t\t\t\t<span class=\"c-heading__sub is-below u-font-title-3\">\n\t\t\t\t\tKom och s\u00e4g hej i v\u00e5r monter ?\n\t\t\t\t<\/span>\n\t\t\t\t\t\t\t\n\t<\/h1>\n\n\t\t\t\t\t\t\t\t\t<div class=\"text l-stack u-font-body\">\n\t\t\t\t\t\t<p>Kom f\u00f6rbi och s\u00e4g hej, f\u00e5 svar p\u00e5 dina funderingar och ta chansen att prata med b\u00e5de elever och l\u00e4rare fr\u00e5n skolan.<\/p>\n<p><b data-stringify-type=\"bold\">Adress:<\/b> Fyrishov hall C och D, Idrottsgatan 2, 753 33 Uppsala<br \/>\n<b data-stringify-type=\"bold\">Datum:\u00a0<\/b>M\u00e4ssan \u00e4ger rum 16 november<br \/>\n<b data-stringify-type=\"bold\">Tid:\u00a0<\/b>V\u00e4lkommen och bes\u00f6k oss mellan kl 09:00-19:00<\/p>\n<p>Scrolla ned p\u00e5 sidan f\u00f6r att l\u00e4sa mer om vilka program ProCivitas erbjuder!<\/p>\n\n\t\t\t\t\t<\/div>\n\t\t\t\t\t\t\t<\/div>\n\n\t\t\t\t\t<\/div>\n\n\t\t <div class=\"ams-fifty__media u-ratio-square\">\n\t\t \t\t\t\t\t<img decoding=\"async\" width=\"600\" height=\"400\" src=\"https:\/\/procivitas.se\/wp-content\/uploads\/sites\/8\/2023\/10\/procivitas-uppsala-2022-600x400.jpg\" class=\"attachment-md size-md\" alt=\"Elever sitter i en trappa p\u00e5 skolan\" sizes=\"(min-width: 64em) 600px, calc(100vw - 160px)\" srcset=\"https:\/\/procivitas.se\/wp-content\/uploads\/sites\/8\/2023\/10\/procivitas-uppsala-2022-600x400.jpg 600w, https:\/\/procivitas.se\/wp-content\/uploads\/sites\/8\/2023\/10\/procivitas-uppsala-2022-300x200.jpg 300w, https:\/\/procivitas.se\/wp-content\/uploads\/sites\/8\/2023\/10\/procivitas-uppsala-2022-400x267.jpg 400w, https:\/\/procivitas.se\/wp-content\/uploads\/sites\/8\/2023\/10\/procivitas-uppsala-2022-800x533.jpg 800w, https:\/\/procivitas.se\/wp-content\/uploads\/sites\/8\/2023\/10\/procivitas-uppsala-2022-1024x683.jpg 1024w, https:\/\/procivitas.se\/wp-content\/uploads\/sites\/8\/2023\/10\/procivitas-uppsala-2022-1200x800.jpg 1200w\" \/>\n\t\t\t\n\t\t\t\n\t\t\t\t\t<\/div>\n\t<\/div>\n\n\t\t\n\n<\/section>\n\n\n\n\n<section  class=\"ams-cta ams-cta--stacked c-block l-stacked heading-decor\" data-color-scheme=\"blue\">\n\t<div class=\"l-container-narrow l-stack l-stack-fluid-2xl u-pt-fluid-2xl-4xl u-pb-fluid-2xl-4xl is-center is-center@md\">\n\t\t\t\t\t<div class=\"ams-cta__intro l-stack l-stack-lg\">\n\t\t\t\t\t\n\t<h2\n\tclass=\"c-heading u-font-title-1 \"\n\tstyle=\"\">\n\t\t\n\t\t\t\t\tVill du veta mer?\n\t\t\t\t\n\t<\/h2>\n\n\t\t\t\t\t\t\t\t\t<div class=\"c-text l-stack u-cs-xl u-font-preamble\">\n\t\t\t\t\t\t<p>Klicka p\u00e5 knappen f\u00f6r att l\u00e4sa mer om gymnasiem\u00e4ssan<\/p>\n\n\t\t\t\t\t<\/div>\n\t\t\t\t\t\t\t<\/div>\n\t\t\n\t\t\n\t\t\t<div class=\"ams-cta__action u-inline-items\">\n\t\t\t\t\t\t\t\n\n\n<a href=\"https:\/\/www.uppsala.se\/kampanjsidor\/gymnasiemassan\/\"\n\t\n\tclass=\"c-btn \"\n\tdata-style=\"rounded\"\n\tdata-size=\"md\"\n\tdata-width=\"full-mobile\"\n\tdata-variant=\"default\"\n\ttarget=\"_blank\">\n\t\t\t<span class=\"label\"> Till gymnasiem\u00e4ssan<\/span>\n\t\t\t<\/a>\n\t\t\t<\/div>\n\t<\/div>\n\n\t\t\n\n<\/section>\n\n\n\n\t<div class=\"module_wrapper ams_remote_pages_module \">\n\t\t\n\n<section  class=\"ams-courses-list c-block l-stacked heading-decor\" data-color-scheme=\"kurslistning\">\n\t<div class=\"l-container l-stack l-stack-fluid-2xl u-pt-fluid-3xl-6xl u-pb-fluid-3xl-6xl is-center is-center@md\">\n\t\t\t\t\t<div class=\"ams-courses-list__intro l-stack l-stack-lg\">\n\t\t\t\t\t\n\t<h2\n\tclass=\"c-heading u-font-title-1 \"\n\tstyle=\"\">\n\t\t\n\t\t\t\t\tProgram\n\t\t\t\t\n\t<\/h2>\n\n\t\t\t\t\t\t\t\t\t<div class=\"c-text l-stack u-cs-xl u-font-preamble\">\n\t\t\t\t\t\t<p><span data-sheets-value=\"{&quot;1&quot;:2,&quot;2&quot;:&quot;PoCivitas skolor erbjuder tre teoretiska h\u00f6gskolef\u00f6rberedande gymnasieprogram. L\u00e4s mer om programmen och inriktningarna h\u00e4r.&quot;}\" data-sheets-userformat=\"{&quot;2&quot;:937,&quot;3&quot;:{&quot;1&quot;:0},&quot;6&quot;:{&quot;1&quot;:[{&quot;1&quot;:2,&quot;2&quot;:0,&quot;5&quot;:{&quot;1&quot;:2,&quot;2&quot;:0}},{&quot;1&quot;:0,&quot;2&quot;:0,&quot;3&quot;:3},{&quot;1&quot;:1,&quot;2&quot;:0,&quot;4&quot;:1}]},&quot;8&quot;:{&quot;1&quot;:[{&quot;1&quot;:2,&quot;2&quot;:0,&quot;5&quot;:{&quot;1&quot;:2,&quot;2&quot;:0}},{&quot;1&quot;:0,&quot;2&quot;:0,&quot;3&quot;:3},{&quot;1&quot;:1,&quot;2&quot;:0,&quot;4&quot;:1}]},&quot;10&quot;:0,&quot;11&quot;:4,&quot;12&quot;:0}\">ProCivitas skolor erbjuder tre teoretiska h\u00f6gskolef\u00f6rberedande gymnasieprogram. L\u00e4s mer om programmen och inriktningarna h\u00e4r.<\/span><\/p>\n\n\t\t\t\t\t<\/div>\n\t\t\t\t\t\t\t<\/div>\n\t\t\n\t\t\n\t\t\t\n<ul class=\"ams-courses-list__list l-grid u-gap-fluid-2xl-4xl u-justify-center\">\n\t\t\t<li class=\"l-col-6@md l-col-4@lg\">\n\t\t\t<article class=\"c-card has-media-zoom has-media-overlay \"\n\t\t\t\t\t\tdata-variant=\"\"\n\t\t\t\t\t\tdata-style=\"square\"\n\t\t\t\t\t\tdata-click-area>\n\t\t\t\t<div class=\"c-card__content l-stack l-stack-sm\">\n\t\t\t\t\t\t\t\t\t\t\t<h3 class=\"c-card__title u-font-title-3\">\n\t\t\t\t\t\t\t\t\t\t\t\t\t\t\t<a class=\"c-card__title-link\" href=\"https:\/\/procivitas.se\/uppsala\/program\/ekonomiprogrammet\/\">\n\t\t\t\t\t\t\t\t\tEkonomiprogrammet\n\t\t\t\t\t\t\t\t<\/a>\n\t\t\t\t\t\t\t\t\t\t\t\t\t<\/h3>\n\t\t\t\t\t\n\t\t\t\t\t\n\t\t\t\t\t\t\t\t\t\t\t\t\t\t\t\t<ul class=\"c-card__list u-list-none l-stack-grow u-divider-top u-font-body\">\n\t\t\t\t\t\t\t\t\t\t\t\t\t\t\t<li>\n\t\t\t\t\t\t\t\t\t<strong>Program<\/strong>\n\t\t\t\t\t\t\t\t\t<ul class=\"u-list-dash\">\n\t\t\t\t\t\t\t\t\t\t\t\t\t\t\t\t\t\t\t\t\t<li>Ekonomiprogrammet<\/li>\n\t\t\t\t\t\t\t\t\t\t\t\t\t\t\t\t\t\t\t<\/ul>\n\t\t\t\t\t\t\t\t<\/li>\n\t\t\t\t\t\t\t\n\t\t\t\t\t\t\t\n\t\t\t\t\t\t\t\t<!-- Orientations within program -->\n\t\t\t\t\t\t\t\t\t\t\t\t\t\t\t\t\t<li>\n\t\t\t\t\t\t\t\t\t\t<strong>Inriktning<\/strong>\n\t\t\t\t\t\t\t\t\t\t<ul class=\"u-list-dash\">\n\t\t\t\t\t\t\t\t\t\t\t\t\t\t\t\t\t\t\t\t\t\t\t\t\t\t\t\t\t\t\t\t\t\t\t\t<li>Ekonomi<\/li>\n\t\t\t\t\t\t\t\t\t\t\t\t\t\t\t\t\t\t\t\t\t\t\t\t\t<li>Juridik<\/li>\n\t\t\t\t\t\t\t\t\t\t\t\t\t\t\t\t\t\t\t\t\t\t\t\t\t\t\t\t\t\t\t\t\t<\/ul>\n\t\t\t\t\t\t\t\t\t<\/li>\n\t\t\t\t\t\t\t\t\t\t\t\t\t\t\t\t<!-- .\/Orientations within program -->\n\n\t\t\t\t\t\t\t\t\t\t\t\t\t<\/ul>\n\n\t\t\t\t\t\t<div class=\"c-card__icon c-card__icon--nl\">\n\t\t\t\t\t\t\t\t\t\t\t\t\t\t<svg class=\"ams-icon ams-icon--arrow-right\" width=\"32\" height=\"32\" viewbox=\"0 0 32 32\" fill=\"currentColor\" aria-hidden=\"true\" xmlns=\"http:\/\/www.w3.org\/2000\/svg\">\n\t\t\t\t\t\t\t\t\t\t\t\t\t\t\t\t<path d=\"M15.4617 0.252159L14.9567 0.75931C14.6219 1.09545 14.6219 1.64048 14.9567 1.97669L27.7062 14.7806H0.857144C0.383786 14.7806 0 15.166 0 15.6414V16.3587C0 16.8341 0.383786 17.2195 0.857144 17.2195H27.7062L14.9567 30.0234C14.6219 30.3595 14.6219 30.9045 14.9567 31.2407L15.4617 31.7479C15.7964 32.084 16.3392 32.084 16.6739 31.7479L31.749 16.6087C32.0837 16.2725 32.0837 15.7275 31.749 15.3913L16.6739 0.252159C16.3392 -0.084053 15.7964 -0.084053 15.4617 0.252159Z\"\/>\n\t\t\t\t\t\t\t\n\t\t\t\t\t\t\t<\/svg>\n\t\t\t\t\t\t<\/div>\n\t\t\t\t\t\t\t\t\t<\/div>\n\t\t\t\t<div class=\"c-card__media \" style=\" --overlay-bg-hover: rgba(8,22,43,0.4);\">\n\t\t\t\t\t<img decoding=\"async\" width=\"400\" height=\"267\" src=\"https:\/\/procivitas.se\/wp-content\/uploads\/sites\/8\/2024\/06\/prouppsalaungforetagsamhet202405-202905webb69-400x267.jpg\" class=\"attachment-sm size-sm wp-post-image\" alt=\"Elever studerar tillsammans med en l\u00e4rare som hj\u00e4lper dem med datorarbete i klassrummet.\" sizes=\"(min-width: 64em) 300px, (min-width: 48em) calc(.50 * (100vw - 240px)), calc(100vw - 160px)\" srcset=\"https:\/\/procivitas.se\/wp-content\/uploads\/sites\/8\/2024\/06\/prouppsalaungforetagsamhet202405-202905webb69-400x267.jpg 400w, https:\/\/procivitas.se\/wp-content\/uploads\/sites\/8\/2024\/06\/prouppsalaungforetagsamhet202405-202905webb69-300x200.jpg 300w, https:\/\/procivitas.se\/wp-content\/uploads\/sites\/8\/2024\/06\/prouppsalaungforetagsamhet202405-202905webb69-600x400.jpg 600w, https:\/\/procivitas.se\/wp-content\/uploads\/sites\/8\/2024\/06\/prouppsalaungforetagsamhet202405-202905webb69-800x533.jpg 800w, https:\/\/procivitas.se\/wp-content\/uploads\/sites\/8\/2024\/06\/prouppsalaungforetagsamhet202405-202905webb69-1024x683.jpg 1024w, https:\/\/procivitas.se\/wp-content\/uploads\/sites\/8\/2024\/06\/prouppsalaungforetagsamhet202405-202905webb69.jpg 1080w\" \/>\n\t\t\t\t<\/div>\n\t\t\t<\/article>\n\t\t<\/li>\n\t\t\t<li class=\"l-col-6@md l-col-4@lg\">\n\t\t\t<article class=\"c-card has-media-zoom has-media-overlay \"\n\t\t\t\t\t\tdata-variant=\"\"\n\t\t\t\t\t\tdata-style=\"square\"\n\t\t\t\t\t\tdata-click-area>\n\t\t\t\t<div class=\"c-card__content l-stack l-stack-sm\">\n\t\t\t\t\t\t\t\t\t\t\t<h3 class=\"c-card__title u-font-title-3\">\n\t\t\t\t\t\t\t\t\t\t\t\t\t\t\t<a class=\"c-card__title-link\" href=\"https:\/\/procivitas.se\/uppsala\/program\/naturvetenskapsprogrammet\/\">\n\t\t\t\t\t\t\t\t\tNaturvetenskaps&shy;programmet\n\t\t\t\t\t\t\t\t<\/a>\n\t\t\t\t\t\t\t\t\t\t\t\t\t<\/h3>\n\t\t\t\t\t\n\t\t\t\t\t\n\t\t\t\t\t\t\t\t\t\t\t\t\t\t\t\t<ul class=\"c-card__list u-list-none l-stack-grow u-divider-top u-font-body\">\n\t\t\t\t\t\t\t\t\t\t\t\t\t\t\t<li>\n\t\t\t\t\t\t\t\t\t<strong>Program<\/strong>\n\t\t\t\t\t\t\t\t\t<ul class=\"u-list-dash\">\n\t\t\t\t\t\t\t\t\t\t\t\t\t\t\t\t\t\t\t\t\t<li>Naturvetenskapsprogrammet<\/li>\n\t\t\t\t\t\t\t\t\t\t\t\t\t\t\t\t\t\t\t<\/ul>\n\t\t\t\t\t\t\t\t<\/li>\n\t\t\t\t\t\t\t\n\t\t\t\t\t\t\t\n\t\t\t\t\t\t\t\t<!-- Orientations within program -->\n\t\t\t\t\t\t\t\t\t\t\t\t\t\t\t\t\t<li>\n\t\t\t\t\t\t\t\t\t\t<strong>Inriktning<\/strong>\n\t\t\t\t\t\t\t\t\t\t<ul class=\"u-list-dash\">\n\t\t\t\t\t\t\t\t\t\t\t\t\t\t\t\t\t\t\t\t\t\t\t\t\t\t\t\t\t\t\t\t\t\t\t\t<li>Naturvetenskap<\/li>\n\t\t\t\t\t\t\t\t\t\t\t\t\t\t\t\t\t\t\t\t\t\t\t\t\t<li>Naturvetenskap och samh\u00e4lle<\/li>\n\t\t\t\t\t\t\t\t\t\t\t\t\t\t\t\t\t\t\t\t\t\t\t\t\t\t\t\t\t\t\t\t\t<\/ul>\n\t\t\t\t\t\t\t\t\t<\/li>\n\t\t\t\t\t\t\t\t\t\t\t\t\t\t\t\t<!-- .\/Orientations within program -->\n\n\t\t\t\t\t\t\t\t\t\t\t\t\t<\/ul>\n\n\t\t\t\t\t\t<div class=\"c-card__icon c-card__icon--nl\">\n\t\t\t\t\t\t\t\t\t\t\t\t\t\t<svg class=\"ams-icon ams-icon--arrow-right\" width=\"32\" height=\"32\" viewbox=\"0 0 32 32\" fill=\"currentColor\" aria-hidden=\"true\" xmlns=\"http:\/\/www.w3.org\/2000\/svg\">\n\t\t\t\t\t\t\t\t\t\t\t\t\t\t\t\t<path d=\"M15.4617 0.252159L14.9567 0.75931C14.6219 1.09545 14.6219 1.64048 14.9567 1.97669L27.7062 14.7806H0.857144C0.383786 14.7806 0 15.166 0 15.6414V16.3587C0 16.8341 0.383786 17.2195 0.857144 17.2195H27.7062L14.9567 30.0234C14.6219 30.3595 14.6219 30.9045 14.9567 31.2407L15.4617 31.7479C15.7964 32.084 16.3392 32.084 16.6739 31.7479L31.749 16.6087C32.0837 16.2725 32.0837 15.7275 31.749 15.3913L16.6739 0.252159C16.3392 -0.084053 15.7964 -0.084053 15.4617 0.252159Z\"\/>\n\t\t\t\t\t\t\t\n\t\t\t\t\t\t\t<\/svg>\n\t\t\t\t\t\t<\/div>\n\t\t\t\t\t\t\t\t\t<\/div>\n\t\t\t\t<div class=\"c-card__media \" style=\" --overlay-bg-hover: rgba(8,22,43,0.4);\">\n\t\t\t\t\t<img decoding=\"async\" width=\"400\" height=\"183\" src=\"https:\/\/procivitas.se\/wp-content\/uploads\/sites\/8\/2023\/10\/prouppsalanaturvetenskapsprogrammet202405-202905webb2-e1776341468379-400x183.jpg\" class=\"attachment-sm size-sm wp-post-image\" alt=\"Elever i labbrockar arbetar i ett laboratorium, en elev anv\u00e4nder mikroskop.\" sizes=\"(min-width: 64em) 300px, (min-width: 48em) calc(.50 * (100vw - 240px)), calc(100vw - 160px)\" srcset=\"https:\/\/procivitas.se\/wp-content\/uploads\/sites\/8\/2023\/10\/prouppsalanaturvetenskapsprogrammet202405-202905webb2-e1776341468379-400x183.jpg 400w, https:\/\/procivitas.se\/wp-content\/uploads\/sites\/8\/2023\/10\/prouppsalanaturvetenskapsprogrammet202405-202905webb2-e1776341468379-300x137.jpg 300w, https:\/\/procivitas.se\/wp-content\/uploads\/sites\/8\/2023\/10\/prouppsalanaturvetenskapsprogrammet202405-202905webb2-e1776341468379-600x274.jpg 600w, https:\/\/procivitas.se\/wp-content\/uploads\/sites\/8\/2023\/10\/prouppsalanaturvetenskapsprogrammet202405-202905webb2-e1776341468379-800x366.jpg 800w, https:\/\/procivitas.se\/wp-content\/uploads\/sites\/8\/2023\/10\/prouppsalanaturvetenskapsprogrammet202405-202905webb2-e1776341468379-1024x468.jpg 1024w, https:\/\/procivitas.se\/wp-content\/uploads\/sites\/8\/2023\/10\/prouppsalanaturvetenskapsprogrammet202405-202905webb2-e1776341468379.jpg 1080w\" \/>\n\t\t\t\t<\/div>\n\t\t\t<\/article>\n\t\t<\/li>\n\t\t\t<li class=\"l-col-6@md l-col-4@lg\">\n\t\t\t<article class=\"c-card has-media-zoom has-media-overlay \"\n\t\t\t\t\t\tdata-variant=\"\"\n\t\t\t\t\t\tdata-style=\"square\"\n\t\t\t\t\t\tdata-click-area>\n\t\t\t\t<div class=\"c-card__content l-stack l-stack-sm\">\n\t\t\t\t\t\t\t\t\t\t\t<h3 class=\"c-card__title u-font-title-3\">\n\t\t\t\t\t\t\t\t\t\t\t\t\t\t\t<a class=\"c-card__title-link\" href=\"https:\/\/procivitas.se\/uppsala\/program\/samhallsvetenskapsprogrammet\/\">\n\t\t\t\t\t\t\t\t\tSamh\u00e4llsvetenskaps&shy;programmet\n\t\t\t\t\t\t\t\t<\/a>\n\t\t\t\t\t\t\t\t\t\t\t\t\t<\/h3>\n\t\t\t\t\t\n\t\t\t\t\t\n\t\t\t\t\t\t\t\t\t\t\t\t\t\t\t\t<ul class=\"c-card__list u-list-none l-stack-grow u-divider-top u-font-body\">\n\t\t\t\t\t\t\t\t\t\t\t\t\t\t\t<li>\n\t\t\t\t\t\t\t\t\t<strong>Program<\/strong>\n\t\t\t\t\t\t\t\t\t<ul class=\"u-list-dash\">\n\t\t\t\t\t\t\t\t\t\t\t\t\t\t\t\t\t\t\t\t\t<li>Samh\u00e4llsvetenskapsprogrammet<\/li>\n\t\t\t\t\t\t\t\t\t\t\t\t\t\t\t\t\t\t\t<\/ul>\n\t\t\t\t\t\t\t\t<\/li>\n\t\t\t\t\t\t\t\n\t\t\t\t\t\t\t\n\t\t\t\t\t\t\t\t<!-- Orientations within program -->\n\t\t\t\t\t\t\t\t\t\t\t\t\t\t\t\t\t<li>\n\t\t\t\t\t\t\t\t\t\t<strong>Inriktning<\/strong>\n\t\t\t\t\t\t\t\t\t\t<ul class=\"u-list-dash\">\n\t\t\t\t\t\t\t\t\t\t\t\t\t\t\t\t\t\t\t\t\t\t\t\t\t\t\t\t\t\t\t\t\t\t\t\t<li>Samh\u00e4llsvetenskap<\/li>\n\t\t\t\t\t\t\t\t\t\t\t\t\t\t\t\t\t\t\t\t\t\t\t\t\t<li>Beteendevetenskap<\/li>\n\t\t\t\t\t\t\t\t\t\t\t\t\t\t\t\t\t\t\t\t\t\t\t\t\t\t\t\t\t\t\t\t\t<\/ul>\n\t\t\t\t\t\t\t\t\t<\/li>\n\t\t\t\t\t\t\t\t\t\t\t\t\t\t\t\t<!-- .\/Orientations within program -->\n\n\t\t\t\t\t\t\t\t\t\t\t\t\t<\/ul>\n\n\t\t\t\t\t\t<div class=\"c-card__icon c-card__icon--nl\">\n\t\t\t\t\t\t\t\t\t\t\t\t\t\t<svg class=\"ams-icon ams-icon--arrow-right\" width=\"32\" height=\"32\" viewbox=\"0 0 32 32\" fill=\"currentColor\" aria-hidden=\"true\" xmlns=\"http:\/\/www.w3.org\/2000\/svg\">\n\t\t\t\t\t\t\t\t\t\t\t\t\t\t\t\t<path d=\"M15.4617 0.252159L14.9567 0.75931C14.6219 1.09545 14.6219 1.64048 14.9567 1.97669L27.7062 14.7806H0.857144C0.383786 14.7806 0 15.166 0 15.6414V16.3587C0 16.8341 0.383786 17.2195 0.857144 17.2195H27.7062L14.9567 30.0234C14.6219 30.3595 14.6219 30.9045 14.9567 31.2407L15.4617 31.7479C15.7964 32.084 16.3392 32.084 16.6739 31.7479L31.749 16.6087C32.0837 16.2725 32.0837 15.7275 31.749 15.3913L16.6739 0.252159C16.3392 -0.084053 15.7964 -0.084053 15.4617 0.252159Z\"\/>\n\t\t\t\t\t\t\t\n\t\t\t\t\t\t\t<\/svg>\n\t\t\t\t\t\t<\/div>\n\t\t\t\t\t\t\t\t\t<\/div>\n\t\t\t\t<div class=\"c-card__media \" style=\" --overlay-bg-hover: rgba(8,22,43,0.4);\">\n\t\t\t\t\t<img decoding=\"async\" width=\"400\" height=\"267\" src=\"https:\/\/procivitas.se\/wp-content\/uploads\/sites\/8\/2023\/10\/prouppsalasamhallsvetenskapsprogrammet202405-202905webb85-400x267.jpg\" class=\"attachment-sm size-sm wp-post-image\" alt=\"L\u00e4raren och tv\u00e5 studenter skrattar och arbetar vid en dator i klassrummet.\" sizes=\"(min-width: 64em) 300px, (min-width: 48em) calc(.50 * (100vw - 240px)), calc(100vw - 160px)\" srcset=\"https:\/\/procivitas.se\/wp-content\/uploads\/sites\/8\/2023\/10\/prouppsalasamhallsvetenskapsprogrammet202405-202905webb85-400x267.jpg 400w, https:\/\/procivitas.se\/wp-content\/uploads\/sites\/8\/2023\/10\/prouppsalasamhallsvetenskapsprogrammet202405-202905webb85-300x200.jpg 300w, https:\/\/procivitas.se\/wp-content\/uploads\/sites\/8\/2023\/10\/prouppsalasamhallsvetenskapsprogrammet202405-202905webb85-600x400.jpg 600w, https:\/\/procivitas.se\/wp-content\/uploads\/sites\/8\/2023\/10\/prouppsalasamhallsvetenskapsprogrammet202405-202905webb85-800x533.jpg 800w, https:\/\/procivitas.se\/wp-content\/uploads\/sites\/8\/2023\/10\/prouppsalasamhallsvetenskapsprogrammet202405-202905webb85-1024x683.jpg 1024w, https:\/\/procivitas.se\/wp-content\/uploads\/sites\/8\/2023\/10\/prouppsalasamhallsvetenskapsprogrammet202405-202905webb85.jpg 1080w\" \/>\n\t\t\t\t<\/div>\n\t\t\t<\/article>\n\t\t<\/li>\n\t<\/ul>\n\t\n\n\t\t\t<\/div>\n\n\t\t\n\n<\/section>\n\t<\/div>\n\n\t","protected":false},"excerpt":{"rendered":"","protected":false},"author":10,"featured_media":0,"parent":0,"menu_order":0,"comment_status":"closed","ping_status":"closed","template":"","meta":{"footnotes":""},"yoast_head":"<!-- This site is optimized with the Yoast SEO plugin v22.0 - https:\/\/yoast.com\/wordpress\/plugins\/seo\/ -->\n<title>Uppsala<\/title>\n<meta name=\"robots\" content=\"index, follow, max-snippet:-1, max-image-preview:large, max-video-preview:-1\" \/>\n<link rel=\"canonical\" href=\"https:\/\/procivitas.se\/uppsala\/gymnasiemassa\/\" \/>\n<meta property=\"og:locale\" content=\"sv_SE\" \/>\n<meta property=\"og:type\" content=\"article\" \/>\n<meta property=\"og:url\" content=\"https:\/\/procivitas.se\/uppsala\/gymnasiemassa\/\" \/>\n<meta property=\"og:site_name\" content=\"Uppsala\" \/>\n<meta property=\"article:modified_time\" content=\"2023-10-30T10:25:53+00:00\" \/>\n<meta name=\"twitter:card\" content=\"summary_large_image\" \/>\n<script type=\"application\/ld+json\" class=\"yoast-schema-graph\">{\"@context\":\"https:\/\/schema.org\",\"@graph\":[{\"@type\":\"WebPage\",\"@id\":\"https:\/\/procivitas.se\/uppsala\/gymnasiemassa\/\",\"url\":\"https:\/\/procivitas.se\/uppsala\/gymnasiemassa\/\",\"name\":\"Gymnasiem\u00e4ssa - Uppsala\",\"isPartOf\":{\"@id\":\"https:\/\/procivitas.se\/uppsala\/#website\"},\"datePublished\":\"2023-10-30T10:10:46+00:00\",\"dateModified\":\"2023-10-30T10:25:53+00:00\",\"breadcrumb\":{\"@id\":\"https:\/\/procivitas.se\/uppsala\/gymnasiemassa\/#breadcrumb\"},\"inLanguage\":\"sv-SE\",\"potentialAction\":[{\"@type\":\"ReadAction\",\"target\":[\"https:\/\/procivitas.se\/uppsala\/gymnasiemassa\/\"]}]},{\"@type\":\"BreadcrumbList\",\"@id\":\"https:\/\/procivitas.se\/uppsala\/gymnasiemassa\/#breadcrumb\",\"itemListElement\":[{\"@type\":\"ListItem\",\"position\":1,\"name\":\"Start\",\"item\":\"https:\/\/procivitas.se\/uppsala\/\"},{\"@type\":\"ListItem\",\"position\":2,\"name\":\"Gymnasiem\u00e4ssa\"}]},{\"@type\":\"WebSite\",\"@id\":\"https:\/\/procivitas.se\/uppsala\/#website\",\"url\":\"https:\/\/procivitas.se\/uppsala\/\",\"name\":\"Uppsala\",\"description\":\"Just another WordPress site\",\"potentialAction\":[{\"@type\":\"SearchAction\",\"target\":{\"@type\":\"EntryPoint\",\"urlTemplate\":\"https:\/\/procivitas.se\/uppsala\/?s={search_term_string}\"},\"query-input\":\"required name=search_term_string\"}],\"inLanguage\":\"sv-SE\"}]}<\/script>\n<!-- \/ Yoast SEO plugin. -->","yoast_head_json":{"title":"Uppsala","robots":{"index":"index","follow":"follow","max-snippet":"max-snippet:-1","max-image-preview":"max-image-preview:large","max-video-preview":"max-video-preview:-1"},"canonical":"https:\/\/procivitas.se\/uppsala\/gymnasiemassa\/","og_locale":"sv_SE","og_type":"article","og_url":"https:\/\/procivitas.se\/uppsala\/gymnasiemassa\/","og_site_name":"Uppsala","article_modified_time":"2023-10-30T10:25:53+00:00","twitter_card":"summary_large_image","schema":{"@context":"https:\/\/schema.org","@graph":[{"@type":"WebPage","@id":"https:\/\/procivitas.se\/uppsala\/gymnasiemassa\/","url":"https:\/\/procivitas.se\/uppsala\/gymnasiemassa\/","name":"Gymnasiem\u00e4ssa - Uppsala","isPartOf":{"@id":"https:\/\/procivitas.se\/uppsala\/#website"},"datePublished":"2023-10-30T10:10:46+00:00","dateModified":"2023-10-30T10:25:53+00:00","breadcrumb":{"@id":"https:\/\/procivitas.se\/uppsala\/gymnasiemassa\/#breadcrumb"},"inLanguage":"sv-SE","potentialAction":[{"@type":"ReadAction","target":["https:\/\/procivitas.se\/uppsala\/gymnasiemassa\/"]}]},{"@type":"BreadcrumbList","@id":"https:\/\/procivitas.se\/uppsala\/gymnasiemassa\/#breadcrumb","itemListElement":[{"@type":"ListItem","position":1,"name":"Start","item":"https:\/\/procivitas.se\/uppsala\/"},{"@type":"ListItem","position":2,"name":"Gymnasiem\u00e4ssa"}]},{"@type":"WebSite","@id":"https:\/\/procivitas.se\/uppsala\/#website","url":"https:\/\/procivitas.se\/uppsala\/","name":"Uppsala","description":"Just another WordPress site","potentialAction":[{"@type":"SearchAction","target":{"@type":"EntryPoint","urlTemplate":"https:\/\/procivitas.se\/uppsala\/?s={search_term_string}"},"query-input":"required name=search_term_string"}],"inLanguage":"sv-SE"}]}},"_links":{"self":[{"href":"https:\/\/procivitas.se\/uppsala\/wp-json\/wp\/v2\/pages\/2385"}],"collection":[{"href":"https:\/\/procivitas.se\/uppsala\/wp-json\/wp\/v2\/pages"}],"about":[{"href":"https:\/\/procivitas.se\/uppsala\/wp-json\/wp\/v2\/types\/page"}],"author":[{"embeddable":true,"href":"https:\/\/procivitas.se\/uppsala\/wp-json\/wp\/v2\/users\/10"}],"replies":[{"embeddable":true,"href":"https:\/\/procivitas.se\/uppsala\/wp-json\/wp\/v2\/comments?post=2385"}],"version-history":[{"count":7,"href":"https:\/\/procivitas.se\/uppsala\/wp-json\/wp\/v2\/pages\/2385\/revisions"}],"predecessor-version":[{"id":2411,"href":"https:\/\/procivitas.se\/uppsala\/wp-json\/wp\/v2\/pages\/2385\/revisions\/2411"}],"wp:attachment":[{"href":"https:\/\/procivitas.se\/uppsala\/wp-json\/wp\/v2\/media?parent=2385"}],"curies":[{"name":"wp","href":"https:\/\/api.w.org\/{rel}","templated":true}]}}