{"id":2511,"date":"2023-11-16T10:19:55","date_gmt":"2023-11-16T09:19:55","guid":{"rendered":"https:\/\/procivitas.se\/uppsala\/?page_id=2511"},"modified":"2025-06-10T13:43:49","modified_gmt":"2025-06-10T11:43:49","slug":"byta-till-procivitas-uppsala","status":"publish","type":"page","link":"https:\/\/procivitas.se\/uppsala\/byta-till-procivitas-uppsala\/","title":{"rendered":"Byta till oss"},"content":{"rendered":"\n\t\n\t\n\t\n\n\t\n\t\n\t\t\n<section  class=\"c-block l-stacked  \" data-color-scheme=\"white\">\n\t<div class=\"ams-fifty ams-fifty--container ams-fifty--right ams-fifty--bottom l-container u-pt-fluid-3xl-6xl u-pb-fluid-3xl-6xl\">\n\t\t<div class=\"ams-fifty__content l-stack l-stack-xl is-left is-left@lg\">\n\t\t\t<div class=\"ams-fifty__text l-stack l-stack-lg\">\n\t\t\t\t\t\n\t<h1\n\tclass=\"c-heading u-font-title-1 \"\n\tstyle=\"\">\n\t\t\n\t\t\t\t\tByta till ProCivitas Uppsala\n\t\t\t\t\n\t<\/h1>\n\n\t\t\t\t\t\t\t\t\t<div class=\"text l-stack u-font-body\">\n\t\t\t\t\t\t<div>Vad roligt att du \u00e4r intresserad av att b\u00f6rja p\u00e5 ProCivitas gymnasium Uppsala! F\u00f6r att ans\u00f6ka om en plats fyller du i det h\u00e4r formul\u00e4ret. Vi kontaktar dig om det blir en plats ledig.<\/div>\n\n\t\t\t\t\t<\/div>\n\t\t\t\t\t\t\t<\/div>\n\n\t\t\t\t<div class=\"ams-fifty__action u-inline-items\">\n\t\t\t\t\t\t\t\n\n\n<a href=\"https:\/\/docs.google.com\/forms\/d\/1YMm_YsikTAsEiAl3Uw-CF5C_Rp59jfYuJPJmJmvueTU\/viewform?edit_requested=true\"\n\t\n\tclass=\"c-btn \"\n\tdata-style=\"rounded\"\n\tdata-size=\"md\"\n\tdata-width=\"full-mobile\"\n\tdata-variant=\"default\"\n\ttarget=\"_blank\">\n\t\t\t<span class=\"label\"> Byta till oss<\/span>\n\t\t\t<\/a>\n\t\t\t<\/div>\n\t\t<\/div>\n\n\t\t <div class=\"ams-fifty__media u-ratio-landscape\">\n\t\t \t\t\t\t\t<img decoding=\"async\" width=\"600\" height=\"900\" src=\"https:\/\/procivitas.se\/wp-content\/uploads\/sites\/8\/2024\/08\/prouppsalafotografering202405-202905webb175-600x900.jpg\" class=\"attachment-md size-md\" alt=\"Tre elever h\u00e4nger i trappan p\u00e5 skolan och ler in i kameran.\" sizes=\"(min-width: 64em) 600px, calc(100vw - 160px)\" srcset=\"https:\/\/procivitas.se\/wp-content\/uploads\/sites\/8\/2024\/08\/prouppsalafotografering202405-202905webb175-600x900.jpg 600w, https:\/\/procivitas.se\/wp-content\/uploads\/sites\/8\/2024\/08\/prouppsalafotografering202405-202905webb175-300x450.jpg 300w, https:\/\/procivitas.se\/wp-content\/uploads\/sites\/8\/2024\/08\/prouppsalafotografering202405-202905webb175-400x600.jpg 400w, https:\/\/procivitas.se\/wp-content\/uploads\/sites\/8\/2024\/08\/prouppsalafotografering202405-202905webb175-800x1200.jpg 800w, https:\/\/procivitas.se\/wp-content\/uploads\/sites\/8\/2024\/08\/prouppsalafotografering202405-202905webb175-1024x1536.jpg 1024w, https:\/\/procivitas.se\/wp-content\/uploads\/sites\/8\/2024\/08\/prouppsalafotografering202405-202905webb175.jpg 1080w\" \/>\n\t\t\t\n\t\t\t\n\t\t\t\t\t<\/div>\n\t<\/div>\n\n\t\t\n\n<\/section>\n","protected":false},"excerpt":{"rendered":"","protected":false},"author":10,"featured_media":0,"parent":0,"menu_order":0,"comment_status":"closed","ping_status":"closed","template":"","meta":{"footnotes":""},"yoast_head":"<!-- This site is optimized with the Yoast SEO plugin v22.0 - https:\/\/yoast.com\/wordpress\/plugins\/seo\/ -->\n<title>Uppsala<\/title>\n<meta name=\"description\" content=\"Vi v\u00e4lkomnar gymnasieelever att ans\u00f6ka om plats hos oss. Fyll i v\u00e5rt intresseformul\u00e4r s\u00e5 kontaktar vi dig om det blir en plats ledig.\" \/>\n<meta name=\"robots\" content=\"index, follow, max-snippet:-1, max-image-preview:large, max-video-preview:-1\" \/>\n<link rel=\"canonical\" href=\"https:\/\/procivitas.se\/uppsala\/byta-till-procivitas-uppsala\/\" \/>\n<meta property=\"og:locale\" content=\"sv_SE\" \/>\n<meta property=\"og:type\" content=\"article\" \/>\n<meta property=\"og:description\" content=\"Vi v\u00e4lkomnar gymnasieelever att ans\u00f6ka om plats hos oss. Fyll i v\u00e5rt intresseformul\u00e4r s\u00e5 kontaktar vi dig om det blir en plats ledig.\" \/>\n<meta property=\"og:url\" content=\"https:\/\/procivitas.se\/uppsala\/byta-till-procivitas-uppsala\/\" \/>\n<meta property=\"og:site_name\" content=\"Uppsala\" \/>\n<meta property=\"article:modified_time\" content=\"2025-06-10T11:43:49+00:00\" \/>\n<meta name=\"twitter:card\" content=\"summary_large_image\" \/>\n<meta name=\"twitter:description\" content=\"Vi v\u00e4lkomnar gymnasieelever att ans\u00f6ka om plats hos oss. Fyll i v\u00e5rt intresseformul\u00e4r s\u00e5 kontaktar vi dig om det blir en plats ledig.\" \/>\n<meta name=\"twitter:label1\" content=\"Est. reading time\" \/>\n\t<meta name=\"twitter:data1\" content=\"1 minut\" \/>\n<script type=\"application\/ld+json\" class=\"yoast-schema-graph\">{\"@context\":\"https:\/\/schema.org\",\"@graph\":[{\"@type\":\"WebPage\",\"@id\":\"https:\/\/procivitas.se\/uppsala\/byta-till-procivitas-uppsala\/\",\"url\":\"https:\/\/procivitas.se\/uppsala\/byta-till-procivitas-uppsala\/\",\"name\":\"Byta till oss - Uppsala\",\"isPartOf\":{\"@id\":\"https:\/\/procivitas.se\/uppsala\/#website\"},\"datePublished\":\"2023-11-16T09:19:55+00:00\",\"dateModified\":\"2025-06-10T11:43:49+00:00\",\"description\":\"Vi v\u00e4lkomnar gymnasieelever att ans\u00f6ka om plats hos oss. Fyll i v\u00e5rt intresseformul\u00e4r s\u00e5 kontaktar vi dig om det blir en plats ledig.\",\"breadcrumb\":{\"@id\":\"https:\/\/procivitas.se\/uppsala\/byta-till-procivitas-uppsala\/#breadcrumb\"},\"inLanguage\":\"sv-SE\",\"potentialAction\":[{\"@type\":\"ReadAction\",\"target\":[\"https:\/\/procivitas.se\/uppsala\/byta-till-procivitas-uppsala\/\"]}]},{\"@type\":\"BreadcrumbList\",\"@id\":\"https:\/\/procivitas.se\/uppsala\/byta-till-procivitas-uppsala\/#breadcrumb\",\"itemListElement\":[{\"@type\":\"ListItem\",\"position\":1,\"name\":\"Start\",\"item\":\"https:\/\/procivitas.se\/uppsala\/\"},{\"@type\":\"ListItem\",\"position\":2,\"name\":\"Byta till oss\"}]},{\"@type\":\"WebSite\",\"@id\":\"https:\/\/procivitas.se\/uppsala\/#website\",\"url\":\"https:\/\/procivitas.se\/uppsala\/\",\"name\":\"Uppsala\",\"description\":\"Just another WordPress site\",\"potentialAction\":[{\"@type\":\"SearchAction\",\"target\":{\"@type\":\"EntryPoint\",\"urlTemplate\":\"https:\/\/procivitas.se\/uppsala\/?s={search_term_string}\"},\"query-input\":\"required name=search_term_string\"}],\"inLanguage\":\"sv-SE\"}]}<\/script>\n<!-- \/ Yoast SEO plugin. -->","yoast_head_json":{"title":"Uppsala","description":"Vi v\u00e4lkomnar gymnasieelever att ans\u00f6ka om plats hos oss. Fyll i v\u00e5rt intresseformul\u00e4r s\u00e5 kontaktar vi dig om det blir en plats ledig.","robots":{"index":"index","follow":"follow","max-snippet":"max-snippet:-1","max-image-preview":"max-image-preview:large","max-video-preview":"max-video-preview:-1"},"canonical":"https:\/\/procivitas.se\/uppsala\/byta-till-procivitas-uppsala\/","og_locale":"sv_SE","og_type":"article","og_description":"Vi v\u00e4lkomnar gymnasieelever att ans\u00f6ka om plats hos oss. Fyll i v\u00e5rt intresseformul\u00e4r s\u00e5 kontaktar vi dig om det blir en plats ledig.","og_url":"https:\/\/procivitas.se\/uppsala\/byta-till-procivitas-uppsala\/","og_site_name":"Uppsala","article_modified_time":"2025-06-10T11:43:49+00:00","twitter_card":"summary_large_image","twitter_description":"Vi v\u00e4lkomnar gymnasieelever att ans\u00f6ka om plats hos oss. Fyll i v\u00e5rt intresseformul\u00e4r s\u00e5 kontaktar vi dig om det blir en plats ledig.","twitter_misc":{"Est. reading time":"1 minut"},"schema":{"@context":"https:\/\/schema.org","@graph":[{"@type":"WebPage","@id":"https:\/\/procivitas.se\/uppsala\/byta-till-procivitas-uppsala\/","url":"https:\/\/procivitas.se\/uppsala\/byta-till-procivitas-uppsala\/","name":"Byta till oss - Uppsala","isPartOf":{"@id":"https:\/\/procivitas.se\/uppsala\/#website"},"datePublished":"2023-11-16T09:19:55+00:00","dateModified":"2025-06-10T11:43:49+00:00","description":"Vi v\u00e4lkomnar gymnasieelever att ans\u00f6ka om plats hos oss. Fyll i v\u00e5rt intresseformul\u00e4r s\u00e5 kontaktar vi dig om det blir en plats ledig.","breadcrumb":{"@id":"https:\/\/procivitas.se\/uppsala\/byta-till-procivitas-uppsala\/#breadcrumb"},"inLanguage":"sv-SE","potentialAction":[{"@type":"ReadAction","target":["https:\/\/procivitas.se\/uppsala\/byta-till-procivitas-uppsala\/"]}]},{"@type":"BreadcrumbList","@id":"https:\/\/procivitas.se\/uppsala\/byta-till-procivitas-uppsala\/#breadcrumb","itemListElement":[{"@type":"ListItem","position":1,"name":"Start","item":"https:\/\/procivitas.se\/uppsala\/"},{"@type":"ListItem","position":2,"name":"Byta till oss"}]},{"@type":"WebSite","@id":"https:\/\/procivitas.se\/uppsala\/#website","url":"https:\/\/procivitas.se\/uppsala\/","name":"Uppsala","description":"Just another WordPress site","potentialAction":[{"@type":"SearchAction","target":{"@type":"EntryPoint","urlTemplate":"https:\/\/procivitas.se\/uppsala\/?s={search_term_string}"},"query-input":"required name=search_term_string"}],"inLanguage":"sv-SE"}]}},"_links":{"self":[{"href":"https:\/\/procivitas.se\/uppsala\/wp-json\/wp\/v2\/pages\/2511"}],"collection":[{"href":"https:\/\/procivitas.se\/uppsala\/wp-json\/wp\/v2\/pages"}],"about":[{"href":"https:\/\/procivitas.se\/uppsala\/wp-json\/wp\/v2\/types\/page"}],"author":[{"embeddable":true,"href":"https:\/\/procivitas.se\/uppsala\/wp-json\/wp\/v2\/users\/10"}],"replies":[{"embeddable":true,"href":"https:\/\/procivitas.se\/uppsala\/wp-json\/wp\/v2\/comments?post=2511"}],"version-history":[{"count":9,"href":"https:\/\/procivitas.se\/uppsala\/wp-json\/wp\/v2\/pages\/2511\/revisions"}],"predecessor-version":[{"id":3062,"href":"https:\/\/procivitas.se\/uppsala\/wp-json\/wp\/v2\/pages\/2511\/revisions\/3062"}],"wp:attachment":[{"href":"https:\/\/procivitas.se\/uppsala\/wp-json\/wp\/v2\/media?parent=2511"}],"curies":[{"name":"wp","href":"https:\/\/api.w.org\/{rel}","templated":true}]}}