{"id":1651,"date":"2023-08-15T14:13:58","date_gmt":"2023-08-15T12:13:58","guid":{"rendered":"https:\/\/procivitas.se\/vaxjo\/?page_id=1651"},"modified":"2026-04-08T10:24:22","modified_gmt":"2026-04-08T08:24:22","slug":"mentorsprogrammet","status":"publish","type":"page","link":"https:\/\/procivitas.se\/vaxjo\/var-koppling-till-naringslivet\/mentorsprogrammet\/","title":{"rendered":"Mentorsprogrammet"},"content":{"rendered":"\n\t\n\t\n\t\n\t\n\t\n\n<section \n\tclass=\"ams-hero ams-hero--classic ams-hero--75 c-block l-stacked heading-decor \"\n\tdata-color-scheme=\"blue\"\n\tstyle=\"\">\n\t<div class=\"ams-hero__container u-items-center u-justify-center\">\n\t\t<div\n\t\t\tclass=\"ams-hero__content l-stack l-stack-xl is-center is-center@md\" >\n\t\t\t<div class=\"l-stack l-stack-lg\">\n\t\t\t\t\t\n\t<h1\n\tclass=\"c-heading u-font-large \"\n\tstyle=\"\">\n\t\t<span>\n\t\t\t\t\tMentors\u00ad\u00adprogrammet\n\t\t\t\t<\/span>\n\t<\/h1>\n\n\t\t\t\t\t\t\t\t\t<div class=\"text l-stack u-font-preamble\">\n\t\t\t\t\t\t<p><span data-sheets-value=\"{&quot;1&quot;:2,&quot;2&quot;:&quot;Genom ProCivitas mentorsprogram erbjuds du en unik m\u00f6jlighet att f\u00e5 en inblick i arbetslivet. &quot;}\" data-sheets-userformat=\"{&quot;2&quot;:929,&quot;3&quot;:{&quot;1&quot;:0},&quot;8&quot;:{&quot;1&quot;:[{&quot;1&quot;:2,&quot;2&quot;:0,&quot;5&quot;:{&quot;1&quot;:2,&quot;2&quot;:0}},{&quot;1&quot;:0,&quot;2&quot;:0,&quot;3&quot;:3},{&quot;1&quot;:1,&quot;2&quot;:0,&quot;4&quot;:1}]},&quot;10&quot;:0,&quot;11&quot;:4,&quot;12&quot;:0}\">Genom ProCivitas Mentorsprogram erbjuds du en unik m\u00f6jlighet att f\u00e5 en inblick i arbetslivet. <\/span><\/p>\n\n\t\t\t\t\t<\/div>\n\t\t\t\t\t\t\t<\/div>\n\n\t\t\t\t\t<\/div>\n\t<\/div>\n\n\t\n\n<\/section>\n\n\n\n\t\n\t\n\t\n\n\t\n\t\n\t\t\n<section  class=\"c-block l-stacked  \" data-color-scheme=\"white\">\n\t<div class=\"ams-fifty ams-fifty--container ams-fifty--left ams-fifty--top l-container u-pt-fluid-3xl-6xl u-pb-fluid-3xl-6xl\">\n\t\t<div class=\"ams-fifty__content l-stack l-stack-xl is-left is-left@lg\">\n\t\t\t<div class=\"ams-fifty__text l-stack l-stack-lg\">\n\t\t\t\t\t\n\t<h2\n\tclass=\"c-heading u-font-title-1 \"\n\tstyle=\"\">\n\t\t\n\t\t\t\t\tMENTORSKAPET P\u00c5 PROCIVITAS V\u00c4XJ\u00d6\n\t\t\t\t\n\t<\/h2>\n\n\t\t\t\t\t\t\t\t\t<div class=\"text l-stack u-font-body\">\n\t\t\t\t\t\t<p><span style=\"font-weight: 400;\">Mentorsprogrammet inneb\u00e4r att du som elev blir erbjuden en egen mentor under din studietid. V\u00e5ra mentorer best\u00e5r av en l\u00e5ng rad personer fr\u00e5n f\u00f6retag, organisationer och universitet som alla vill engagera sig i just dig och din framtid. V\u00e5rt unika Mentorsprogram \u00e4r en av v\u00e5ra viktigaste och mest verklighetsanknutna verksamheter som vi \u00e4r mycket stolta \u00f6ver att kunna erbjuda v\u00e5ra elever.<\/span><\/p>\n\n\t\t\t\t\t<\/div>\n\t\t\t\t\t\t\t<\/div>\n\n\t\t\t\t\t<\/div>\n\n\t\t <div class=\"ams-fifty__media u-ratio-square\">\n\t\t \t\t\t\t\t<img decoding=\"async\" width=\"600\" height=\"900\" src=\"https:\/\/procivitas.se\/wp-content\/uploads\/sites\/9\/2025\/07\/provaxjofotografering202503-20303webb231-600x900.jpg\" class=\"attachment-md size-md\" alt=\"L\u00e4rare hj\u00e4lper sina elever under lektion.\" sizes=\"(min-width: 64em) 600px, calc(100vw - 160px)\" srcset=\"https:\/\/procivitas.se\/wp-content\/uploads\/sites\/9\/2025\/07\/provaxjofotografering202503-20303webb231-600x900.jpg 600w, https:\/\/procivitas.se\/wp-content\/uploads\/sites\/9\/2025\/07\/provaxjofotografering202503-20303webb231-300x450.jpg 300w, https:\/\/procivitas.se\/wp-content\/uploads\/sites\/9\/2025\/07\/provaxjofotografering202503-20303webb231-400x600.jpg 400w, https:\/\/procivitas.se\/wp-content\/uploads\/sites\/9\/2025\/07\/provaxjofotografering202503-20303webb231.jpg 800w\" \/>\n\t\t\t\n\t\t\t\n\t\t\t\t\t<\/div>\n\t<\/div>\n\n\t\t\n\n<\/section>\n\n\n\n\n<section  class=\"ams-quote c-block l-stacked\" data-color-scheme=\"blue\">\n\t<div class=\"l-container l-stack l-stack-fluid-2xl u-pt-fluid-3xl-6xl u-pb-fluid-3xl-6xl is-center is-center@md\">\n\t\t\n\t\t\t\t\t<ul class=\"ams-quote__list l-grid u-gap-fluid-2xl-4xl u-justify-center\"\n\taria-label=\"Citat\">\n\t\t\t<li class=\"l-col-12@md\">\n\t\t\t<article class=\"c-card\" data-variant=\"neutral\" >\n\t\t\t\t<div class=\"c-card__content l-stack u-text-center\">\n\t\t\t\t\t\t\t\t\t\t\t<blockquote class=\"c-card__title u-font-title-1\">\n\t\t\t\t\t\t\t\t\t\t\t\t\t\t\t<p class=\"u-quote-marks\">Min mentor var l\u00e4kare, som jag dr\u00f6mmer om att bli<\/p>\n\t\t\t\t\t\t\t\t\t\t\t\t\t<\/blockquote>\n\t\t\t\t\t\n\t\t\t\t\t\t\t\t\t\t\t<p class=\"c-card__text\">\n\t\t\t\t\t\t\t<span class=\"author u-font-body\">Celina<\/span>\n\t\t\t\t\t\t\t<span class=\"title u-font-body\">Naturvetenskapsprogrammet<\/span>\n\t\t\t\t\t\t<\/p>\n\t\t\t\t\t\t\t\t\t<\/div>\n\n\t\t\t\t\t\t\t<\/article>\n\t\t<\/li>\n\t<\/ul>\n\t\n\t\t\t<\/div>\n\n\t\t\n\n<\/section>\n\n\n\n\t\n\t\n\t\n\n\t\n\t\n\t\t\n<section  class=\"c-block l-stacked  \" data-color-scheme=\"white\">\n\t<div class=\"ams-fifty ams-fifty--container ams-fifty--right ams-fifty--top l-container u-pt-fluid-3xl-6xl u-pb-fluid-3xl-6xl\">\n\t\t<div class=\"ams-fifty__content l-stack l-stack-xl is-left is-left@lg\">\n\t\t\t<div class=\"ams-fifty__text l-stack l-stack-lg\">\n\t\t\t\t\t\n\t<h2\n\tclass=\"c-heading u-font-title-1 \"\n\tstyle=\"\">\n\t\t\n\t\t\t\t\tMentorskap f\u00f6r framtiden\n\t\t\t\t\n\t<\/h2>\n\n\t\t\t\t\t\t\t\t\t<div class=\"text l-stack u-font-body\">\n\t\t\t\t\t\t<p><span style=\"font-weight: 400;\">Mentorskapet handlar om att skapa en professionell relation mellan mentor och adept. Vi ses i n\u00e4tverket kontinuerligt under \u00e5ret. Det kan vara en lyxig frukost innan arbetsdagen startar eller en lunch eller en AW. Syftet med v\u00e5ra gemensamma tr\u00e4ffar handlar om att n\u00e4tverka, att knyta nya kontakter och att f\u00f6rdjupa relationen mellan mentor och adept. Mellan de tr\u00e4ffar vi anordnar, brukar ocks\u00e5 mentor och adept tr\u00e4ffas privat.<\/span><\/p>\n\n\t\t\t\t\t<\/div>\n\t\t\t\t\t\t\t<\/div>\n\n\t\t\t\t\t<\/div>\n\n\t\t <div class=\"ams-fifty__media u-ratio-square\">\n\t\t \t\t\t\t\t<img decoding=\"async\" width=\"600\" height=\"900\" src=\"https:\/\/procivitas.se\/wp-content\/uploads\/sites\/9\/2025\/07\/provaxjofotografering202503-20303webb169-600x900.jpg\" class=\"attachment-md size-md\" alt=\"L\u00e4rare hj\u00e4lper sina elever.\" sizes=\"(min-width: 64em) 600px, calc(100vw - 160px)\" srcset=\"https:\/\/procivitas.se\/wp-content\/uploads\/sites\/9\/2025\/07\/provaxjofotografering202503-20303webb169-600x900.jpg 600w, https:\/\/procivitas.se\/wp-content\/uploads\/sites\/9\/2025\/07\/provaxjofotografering202503-20303webb169-300x450.jpg 300w, https:\/\/procivitas.se\/wp-content\/uploads\/sites\/9\/2025\/07\/provaxjofotografering202503-20303webb169-400x600.jpg 400w, https:\/\/procivitas.se\/wp-content\/uploads\/sites\/9\/2025\/07\/provaxjofotografering202503-20303webb169.jpg 800w\" \/>\n\t\t\t\n\t\t\t\n\t\t\t\t\t<\/div>\n\t<\/div>\n\n\t\t\n\n<\/section>\n\n\n\n\n<section  class=\"ams-info-card c-block l-stacked heading-decor\" data-color-scheme=\"cards\">\n\t<div class=\"l-container l-stack l-stack-fluid-2xl u-pt-fluid-3xl-6xl u-pb-fluid-3xl-6xl is-center is-center@md\">\n\t\t\t\t\t<div class=\"ams-info-card__intro l-stack l-stack-lg\">\n\t\t\t\t\t\n\t<h2\n\tclass=\"c-heading u-font-title-1 \"\n\tstyle=\"\">\n\t\t\n\t\t\t\t\tProCivitas f\u00f6rbereder dig inf\u00f6r framtiden\n\t\t\t\t\n\t<\/h2>\n\n\t\t\t\t\t\t\t<\/div>\n\t\t\n\t\t\t\t\t\n<ul class=\"ams-info-card__list l-grid u-gap-2xl\">\n\t\t\t<li class=\"l-col-6@md l-col-4@lg\">\n\t\t\t<article\n\t\t\t\tclass=\"\n\t\t\t\tc-card\n\t\t\t\t\n\t\t\t\thas-media-zoom\n\t\t\t\thas-media-overlay\n\t\t\t\t\"\n\t\t\t\tdata-variant=\"space\"\n\t\t\t\tdata-style=\"rounded\"\n\t\t\t\t data-click-area\n\t\t\t\t\n\t\t\t\t\n\t\t\t\t>\n\t\t\t\t<div class=\"c-card__content l-stack l-stack-sm is-left is-left@md\">\n\t\t\t\t\t\t\t\t\t\t\t<h3 class=\"c-card__title u-font-title-3\">\n\t\t\t\t\t\t\t\t\t\t\t\t\t\t\t<a class=\"c-card__link\" href=\"https:\/\/procivitas.se\/vaxjo\/manifestationer\/ung-foretagsamhet\/\" target=\"_self\">\n\t\t\t\t\t\t\t\t\tUng f\u00f6retagsamhet\n\t\t\t\t\t\t\t\t<\/a>\n\t\t\t\t\t\t\t\t\t\t\t\t\t<\/h3>\n\t\t\t\t\t\n\t\t\t\t\t\t\t\t\t\t\t<div class=\"c-card__text l-stack-xs u-font-body\">\n\t\t\t\t\t\t\t<p class=\"p1\">P\u00e5 ProCivitas l\u00e4ser alla elever Entrepren\u00f6rskap, vilket ger dig som elev m\u00f6jligheten att p\u00e5 riktigt starta ett eget f\u00f6retag. Vi anv\u00e4nder oss av Ung f\u00f6retagsamhets v\u00e4l bepr\u00f6vade koncept.<\/p>\n\n\t\t\t\t\t\t<\/div>\n\t\t\t\t\t\n\t\t\t\t\t\t\t\t\t\t\t<div class=\"c-card__icon c-card__icon--nl\">\n\t\t\t\t\t\t\t\t\t\t\t\t\t\t<svg class=\"ams-icon ams-icon--arrow-right\" width=\"32\" height=\"32\" viewbox=\"0 0 32 32\" fill=\"currentColor\" aria-hidden=\"true\" xmlns=\"http:\/\/www.w3.org\/2000\/svg\">\n\t\t\t\t\t\t\t\t\t\t\t\t\t\t\t\t<path d=\"M15.4617 0.252159L14.9567 0.75931C14.6219 1.09545 14.6219 1.64048 14.9567 1.97669L27.7062 14.7806H0.857144C0.383786 14.7806 0 15.166 0 15.6414V16.3587C0 16.8341 0.383786 17.2195 0.857144 17.2195H27.7062L14.9567 30.0234C14.6219 30.3595 14.6219 30.9045 14.9567 31.2407L15.4617 31.7479C15.7964 32.084 16.3392 32.084 16.6739 31.7479L31.749 16.6087C32.0837 16.2725 32.0837 15.7275 31.749 15.3913L16.6739 0.252159C16.3392 -0.084053 15.7964 -0.084053 15.4617 0.252159Z\"\/>\n\t\t\t\t\t\t\t\n\t\t\t\t\t\t\t<\/svg>\n\t\t\t\t\t\t<\/div>\n\t\t\t\t\t\t\t\t\t<\/div>\n\n\t\t\t\t\t\t\t\t\t<div class=\"c-card__media \" style=\" --overlay-bg-hover: rgba(8,22,43,0.4);\">\n\t\t\t\t\t\t<img decoding=\"async\" width=\"400\" height=\"267\" src=\"https:\/\/procivitas.se\/wp-content\/uploads\/sites\/9\/2025\/07\/provaxjofotografering202503-20303webb204-400x267.jpg\" class=\"\" alt=\"Glada elever diskuterar.\" sizes=\"(min-width: 64em) 300px, (min-width: 48em) calc(.50 * (100vw - 304px)), calc(100vw - 208px)\" srcset=\"https:\/\/procivitas.se\/wp-content\/uploads\/sites\/9\/2025\/07\/provaxjofotografering202503-20303webb204-400x267.jpg 400w, https:\/\/procivitas.se\/wp-content\/uploads\/sites\/9\/2025\/07\/provaxjofotografering202503-20303webb204-300x200.jpg 300w, https:\/\/procivitas.se\/wp-content\/uploads\/sites\/9\/2025\/07\/provaxjofotografering202503-20303webb204-600x400.jpg 600w, https:\/\/procivitas.se\/wp-content\/uploads\/sites\/9\/2025\/07\/provaxjofotografering202503-20303webb204-800x533.jpg 800w, https:\/\/procivitas.se\/wp-content\/uploads\/sites\/9\/2025\/07\/provaxjofotografering202503-20303webb204-1024x683.jpg 1024w, https:\/\/procivitas.se\/wp-content\/uploads\/sites\/9\/2025\/07\/provaxjofotografering202503-20303webb204.jpg 1200w\" \/>\n\t\t\t\t\t<\/div>\n\t\t\t\t\t\t\t<\/article>\n\t\t<\/li>\n\t\t\t<li class=\"l-col-6@md l-col-4@lg\">\n\t\t\t<article\n\t\t\t\tclass=\"\n\t\t\t\tc-card\n\t\t\t\t\n\t\t\t\thas-media-zoom\n\t\t\t\thas-media-overlay\n\t\t\t\t\"\n\t\t\t\tdata-variant=\"space\"\n\t\t\t\tdata-style=\"rounded\"\n\t\t\t\t data-click-area\n\t\t\t\t\n\t\t\t\t\n\t\t\t\t>\n\t\t\t\t<div class=\"c-card__content l-stack l-stack-sm is-left is-left@md\">\n\t\t\t\t\t\t\t\t\t\t\t<h3 class=\"c-card__title u-font-title-3\">\n\t\t\t\t\t\t\t\t\t\t\t\t\t\t\t<a class=\"c-card__link\" href=\"https:\/\/procivitas.se\/vaxjo\/manifestationer\/alumner\/\" target=\"_self\">\n\t\t\t\t\t\t\t\t\tAlumnin\u00e4tverk\n\t\t\t\t\t\t\t\t<\/a>\n\t\t\t\t\t\t\t\t\t\t\t\t\t<\/h3>\n\t\t\t\t\t\n\t\t\t\t\t\t\t\t\t\t\t<div class=\"c-card__text l-stack-xs u-font-body\">\n\t\t\t\t\t\t\t<p class=\"p1\">Bland ProCivitas drygt 9000 alumner finns f\u00f6retagsledare, ingenj\u00f6rer, arkitekter, designers och en m\u00e4ngd andra yrkesgrupper. \u00c4r du nyfiken p\u00e5 ProCivitas alumner &#8211; Se v\u00e5r wall of fame!<\/p>\n\n\t\t\t\t\t\t<\/div>\n\t\t\t\t\t\n\t\t\t\t\t\t\t\t\t\t\t<div class=\"c-card__icon c-card__icon--nl\">\n\t\t\t\t\t\t\t\t\t\t\t\t\t\t<svg class=\"ams-icon ams-icon--arrow-right\" width=\"32\" height=\"32\" viewbox=\"0 0 32 32\" fill=\"currentColor\" aria-hidden=\"true\" xmlns=\"http:\/\/www.w3.org\/2000\/svg\">\n\t\t\t\t\t\t\t\t\t\t\t\t\t\t\t\t<path d=\"M15.4617 0.252159L14.9567 0.75931C14.6219 1.09545 14.6219 1.64048 14.9567 1.97669L27.7062 14.7806H0.857144C0.383786 14.7806 0 15.166 0 15.6414V16.3587C0 16.8341 0.383786 17.2195 0.857144 17.2195H27.7062L14.9567 30.0234C14.6219 30.3595 14.6219 30.9045 14.9567 31.2407L15.4617 31.7479C15.7964 32.084 16.3392 32.084 16.6739 31.7479L31.749 16.6087C32.0837 16.2725 32.0837 15.7275 31.749 15.3913L16.6739 0.252159C16.3392 -0.084053 15.7964 -0.084053 15.4617 0.252159Z\"\/>\n\t\t\t\t\t\t\t\n\t\t\t\t\t\t\t<\/svg>\n\t\t\t\t\t\t<\/div>\n\t\t\t\t\t\t\t\t\t<\/div>\n\n\t\t\t\t\t\t\t\t\t<div class=\"c-card__media \" style=\" --overlay-bg-hover: rgba(8,22,43,0.4);\">\n\t\t\t\t\t\t<img decoding=\"async\" width=\"400\" height=\"267\" src=\"https:\/\/procivitas.se\/wp-content\/uploads\/sites\/9\/2025\/07\/provaxjofotografering202503-20303webb123-400x267.jpg\" class=\"\" alt=\"Elever \u00e4r glada och tittar in i kameran.\" sizes=\"(min-width: 64em) 300px, (min-width: 48em) calc(.50 * (100vw - 304px)), calc(100vw - 208px)\" srcset=\"https:\/\/procivitas.se\/wp-content\/uploads\/sites\/9\/2025\/07\/provaxjofotografering202503-20303webb123-400x267.jpg 400w, https:\/\/procivitas.se\/wp-content\/uploads\/sites\/9\/2025\/07\/provaxjofotografering202503-20303webb123-300x200.jpg 300w, https:\/\/procivitas.se\/wp-content\/uploads\/sites\/9\/2025\/07\/provaxjofotografering202503-20303webb123-600x400.jpg 600w, https:\/\/procivitas.se\/wp-content\/uploads\/sites\/9\/2025\/07\/provaxjofotografering202503-20303webb123-800x533.jpg 800w, https:\/\/procivitas.se\/wp-content\/uploads\/sites\/9\/2025\/07\/provaxjofotografering202503-20303webb123-1024x683.jpg 1024w, https:\/\/procivitas.se\/wp-content\/uploads\/sites\/9\/2025\/07\/provaxjofotografering202503-20303webb123.jpg 1200w\" \/>\n\t\t\t\t\t<\/div>\n\t\t\t\t\t\t\t<\/article>\n\t\t<\/li>\n\t<\/ul>\n\t\n\t\t\t<\/div>\n\n\t\t\n\n<\/section>\n\n\n\n\t<div class=\"module_wrapper ams_remote_pages_module \">\n\t\t\n\n<section  class=\"ams-cta ams-cta--inline c-block l-stacked\" data-color-scheme=\"blue\">\n\t<div class=\"l-container l-stack l-stack-fluid-2xl u-pt-fluid-3xl-6xl u-pb-fluid-3xl-6xl is-left is-left@md\">\n\t\t\t\t\t<div class=\"ams-cta__intro l-stack l-stack-lg\">\n\t\t\t\t\t\n\t<h2\n\tclass=\"c-heading u-font-title-1 \"\n\tstyle=\"\">\n\t\t\n\t\t\t\t\tTa reda p\u00e5 mer\n\t\t\t\t\n\t<\/h2>\n\n\t\t\t\t\t\t\t\t\t<div class=\"c-text l-stack u-cs-xl u-font-preamble\">\n\t\t\t\t\t\t<p><span data-sheets-value=\"{&quot;1&quot;:2,&quot;2&quot;:&quot;Vill du veta mer om ProCivitas? &quot;}\" data-sheets-userformat=\"{&quot;2&quot;:899,&quot;3&quot;:{&quot;1&quot;:0},&quot;4&quot;:{&quot;1&quot;:2,&quot;2&quot;:15263976},&quot;10&quot;:0,&quot;11&quot;:4,&quot;12&quot;:0}\">Vill du veta mer om ProCivitas? <\/span><\/p>\n\n\t\t\t\t\t<\/div>\n\t\t\t\t\t\t\t<\/div>\n\t\t\n\t\t\n\t\t\t<div class=\"ams-cta__action u-inline-items\">\n\t\t\t\t\t\t\t\n\n\n<a href=\"https:\/\/procivitas.se\/vaxjo\/oppet-hus\/\"\n\t\n\tclass=\"c-btn \"\n\tdata-style=\"rounded\"\n\tdata-size=\"md\"\n\tdata-width=\"full-mobile\"\n\tdata-variant=\"default\"\n\ttarget=\"_self\">\n\t\t\t<span class=\"label\"> Bes\u00f6k \u00d6ppet hus <\/span>\n\t\t\t<\/a>\n\t\t\t\t\t\t\t\n\n\n<a href=\"https:\/\/procivitas.se\/vaxjo\/program\/\"\n\t\n\tclass=\"c-btn \"\n\tdata-style=\"rounded\"\n\tdata-size=\"md\"\n\tdata-width=\"full-mobile\"\n\tdata-variant=\"outline\"\n\ttarget=\"_self\">\n\t\t\t<span class=\"label\"> V\u00e5ra program<\/span>\n\t\t\t<\/a>\n\t\t\t<\/div>\n\t<\/div>\n\n\t\t\n\n<\/section>\n\t<\/div>\n\n\t","protected":false},"excerpt":{"rendered":"","protected":false},"author":1,"featured_media":0,"parent":1677,"menu_order":0,"comment_status":"closed","ping_status":"closed","template":"","meta":{"footnotes":""},"yoast_head":"<!-- This site is optimized with the Yoast SEO plugin v22.0 - https:\/\/yoast.com\/wordpress\/plugins\/seo\/ -->\n<title>Mentorsprogrammet - ProCivitas Privata Gymnasium V\u00e4xj\u00f6<\/title>\n<meta name=\"description\" content=\"Genom ProCivitas mentorsprogram erbjuds du en unik m\u00f6jlighet att f\u00e5 en inblick i arbetslivet.\" \/>\n<meta name=\"robots\" content=\"index, follow, max-snippet:-1, max-image-preview:large, max-video-preview:-1\" \/>\n<link rel=\"canonical\" href=\"https:\/\/procivitas.se\/vaxjo\/var-koppling-till-naringslivet\/mentorsprogrammet\/\" \/>\n<meta property=\"og:locale\" content=\"sv_SE\" \/>\n<meta property=\"og:type\" content=\"article\" \/>\n<meta property=\"og:title\" content=\"Mentorsprogrammet - ProCivitas Privata Gymnasium V\u00e4xj\u00f6\" \/>\n<meta property=\"og:description\" content=\"Genom ProCivitas mentorsprogram erbjuds du en unik m\u00f6jlighet att f\u00e5 en inblick i arbetslivet.\" \/>\n<meta property=\"og:url\" content=\"https:\/\/procivitas.se\/vaxjo\/var-koppling-till-naringslivet\/mentorsprogrammet\/\" \/>\n<meta property=\"og:site_name\" content=\"V\u00e4xj\u00f6\" \/>\n<meta property=\"article:modified_time\" content=\"2026-04-08T08:24:22+00:00\" \/>\n<meta name=\"twitter:card\" content=\"summary_large_image\" \/>\n<meta name=\"twitter:title\" content=\"Mentorsprogrammet - ProCivitas Privata Gymnasium V\u00e4xj\u00f6\" \/>\n<meta name=\"twitter:description\" content=\"Genom ProCivitas mentorsprogram erbjuds du en unik m\u00f6jlighet att f\u00e5 en inblick i arbetslivet.\" \/>\n<meta name=\"twitter:label1\" content=\"Est. reading time\" \/>\n\t<meta name=\"twitter:data1\" content=\"2 minuter\" \/>\n<script type=\"application\/ld+json\" class=\"yoast-schema-graph\">{\"@context\":\"https:\/\/schema.org\",\"@graph\":[{\"@type\":\"WebPage\",\"@id\":\"https:\/\/procivitas.se\/vaxjo\/var-koppling-till-naringslivet\/mentorsprogrammet\/\",\"url\":\"https:\/\/procivitas.se\/vaxjo\/var-koppling-till-naringslivet\/mentorsprogrammet\/\",\"name\":\"Mentorsprogrammet - ProCivitas Privata Gymnasium V\u00e4xj\u00f6\",\"isPartOf\":{\"@id\":\"https:\/\/procivitas.se\/vaxjo\/#website\"},\"datePublished\":\"2023-08-15T12:13:58+00:00\",\"dateModified\":\"2026-04-08T08:24:22+00:00\",\"description\":\"Genom ProCivitas mentorsprogram erbjuds du en unik m\u00f6jlighet att f\u00e5 en inblick i arbetslivet.\",\"breadcrumb\":{\"@id\":\"https:\/\/procivitas.se\/vaxjo\/var-koppling-till-naringslivet\/mentorsprogrammet\/#breadcrumb\"},\"inLanguage\":\"sv-SE\",\"potentialAction\":[{\"@type\":\"ReadAction\",\"target\":[\"https:\/\/procivitas.se\/vaxjo\/var-koppling-till-naringslivet\/mentorsprogrammet\/\"]}]},{\"@type\":\"BreadcrumbList\",\"@id\":\"https:\/\/procivitas.se\/vaxjo\/var-koppling-till-naringslivet\/mentorsprogrammet\/#breadcrumb\",\"itemListElement\":[{\"@type\":\"ListItem\",\"position\":1,\"name\":\"Start\",\"item\":\"https:\/\/procivitas.se\/vaxjo\/\"},{\"@type\":\"ListItem\",\"position\":2,\"name\":\"V\u00e5r koppling till n\u00e4ringslivet\",\"item\":\"https:\/\/procivitas.se\/vaxjo\/var-koppling-till-naringslivet\/\"},{\"@type\":\"ListItem\",\"position\":3,\"name\":\"Mentorsprogrammet\"}]},{\"@type\":\"WebSite\",\"@id\":\"https:\/\/procivitas.se\/vaxjo\/#website\",\"url\":\"https:\/\/procivitas.se\/vaxjo\/\",\"name\":\"V\u00e4xj\u00f6\",\"description\":\"Just another WordPress site\",\"potentialAction\":[{\"@type\":\"SearchAction\",\"target\":{\"@type\":\"EntryPoint\",\"urlTemplate\":\"https:\/\/procivitas.se\/vaxjo\/?s={search_term_string}\"},\"query-input\":\"required name=search_term_string\"}],\"inLanguage\":\"sv-SE\"}]}<\/script>\n<!-- \/ Yoast SEO plugin. -->","yoast_head_json":{"title":"Mentorsprogrammet - ProCivitas Privata Gymnasium V\u00e4xj\u00f6","description":"Genom ProCivitas mentorsprogram erbjuds du en unik m\u00f6jlighet att f\u00e5 en inblick i arbetslivet.","robots":{"index":"index","follow":"follow","max-snippet":"max-snippet:-1","max-image-preview":"max-image-preview:large","max-video-preview":"max-video-preview:-1"},"canonical":"https:\/\/procivitas.se\/vaxjo\/var-koppling-till-naringslivet\/mentorsprogrammet\/","og_locale":"sv_SE","og_type":"article","og_title":"Mentorsprogrammet - ProCivitas Privata Gymnasium V\u00e4xj\u00f6","og_description":"Genom ProCivitas mentorsprogram erbjuds du en unik m\u00f6jlighet att f\u00e5 en inblick i arbetslivet.","og_url":"https:\/\/procivitas.se\/vaxjo\/var-koppling-till-naringslivet\/mentorsprogrammet\/","og_site_name":"V\u00e4xj\u00f6","article_modified_time":"2026-04-08T08:24:22+00:00","twitter_card":"summary_large_image","twitter_title":"Mentorsprogrammet - ProCivitas Privata Gymnasium V\u00e4xj\u00f6","twitter_description":"Genom ProCivitas mentorsprogram erbjuds du en unik m\u00f6jlighet att f\u00e5 en inblick i arbetslivet.","twitter_misc":{"Est. reading time":"2 minuter"},"schema":{"@context":"https:\/\/schema.org","@graph":[{"@type":"WebPage","@id":"https:\/\/procivitas.se\/vaxjo\/var-koppling-till-naringslivet\/mentorsprogrammet\/","url":"https:\/\/procivitas.se\/vaxjo\/var-koppling-till-naringslivet\/mentorsprogrammet\/","name":"Mentorsprogrammet - ProCivitas Privata Gymnasium V\u00e4xj\u00f6","isPartOf":{"@id":"https:\/\/procivitas.se\/vaxjo\/#website"},"datePublished":"2023-08-15T12:13:58+00:00","dateModified":"2026-04-08T08:24:22+00:00","description":"Genom ProCivitas mentorsprogram erbjuds du en unik m\u00f6jlighet att f\u00e5 en inblick i arbetslivet.","breadcrumb":{"@id":"https:\/\/procivitas.se\/vaxjo\/var-koppling-till-naringslivet\/mentorsprogrammet\/#breadcrumb"},"inLanguage":"sv-SE","potentialAction":[{"@type":"ReadAction","target":["https:\/\/procivitas.se\/vaxjo\/var-koppling-till-naringslivet\/mentorsprogrammet\/"]}]},{"@type":"BreadcrumbList","@id":"https:\/\/procivitas.se\/vaxjo\/var-koppling-till-naringslivet\/mentorsprogrammet\/#breadcrumb","itemListElement":[{"@type":"ListItem","position":1,"name":"Start","item":"https:\/\/procivitas.se\/vaxjo\/"},{"@type":"ListItem","position":2,"name":"V\u00e5r koppling till n\u00e4ringslivet","item":"https:\/\/procivitas.se\/vaxjo\/var-koppling-till-naringslivet\/"},{"@type":"ListItem","position":3,"name":"Mentorsprogrammet"}]},{"@type":"WebSite","@id":"https:\/\/procivitas.se\/vaxjo\/#website","url":"https:\/\/procivitas.se\/vaxjo\/","name":"V\u00e4xj\u00f6","description":"Just another WordPress site","potentialAction":[{"@type":"SearchAction","target":{"@type":"EntryPoint","urlTemplate":"https:\/\/procivitas.se\/vaxjo\/?s={search_term_string}"},"query-input":"required name=search_term_string"}],"inLanguage":"sv-SE"}]}},"_links":{"self":[{"href":"https:\/\/procivitas.se\/vaxjo\/wp-json\/wp\/v2\/pages\/1651"}],"collection":[{"href":"https:\/\/procivitas.se\/vaxjo\/wp-json\/wp\/v2\/pages"}],"about":[{"href":"https:\/\/procivitas.se\/vaxjo\/wp-json\/wp\/v2\/types\/page"}],"author":[{"embeddable":true,"href":"https:\/\/procivitas.se\/vaxjo\/wp-json\/wp\/v2\/users\/1"}],"replies":[{"embeddable":true,"href":"https:\/\/procivitas.se\/vaxjo\/wp-json\/wp\/v2\/comments?post=1651"}],"version-history":[{"count":10,"href":"https:\/\/procivitas.se\/vaxjo\/wp-json\/wp\/v2\/pages\/1651\/revisions"}],"predecessor-version":[{"id":3629,"href":"https:\/\/procivitas.se\/vaxjo\/wp-json\/wp\/v2\/pages\/1651\/revisions\/3629"}],"up":[{"embeddable":true,"href":"https:\/\/procivitas.se\/vaxjo\/wp-json\/wp\/v2\/pages\/1677"}],"wp:attachment":[{"href":"https:\/\/procivitas.se\/vaxjo\/wp-json\/wp\/v2\/media?parent=1651"}],"curies":[{"name":"wp","href":"https:\/\/api.w.org\/{rel}","templated":true}]}}