{"id":1653,"date":"2023-08-15T14:14:19","date_gmt":"2023-08-15T12:14:19","guid":{"rendered":"https:\/\/procivitas.se\/vaxjo\/?page_id=1653"},"modified":"2026-04-08T10:24:48","modified_gmt":"2026-04-08T08:24:48","slug":"alumner","status":"publish","type":"page","link":"https:\/\/procivitas.se\/vaxjo\/var-koppling-till-naringslivet\/alumner\/","title":{"rendered":"Alumnin\u00e4tverk"},"content":{"rendered":"\n\t\n\t\n\t\n\t\n\t\n\n<section \n\tclass=\"ams-hero ams-hero--classic ams-hero--75 c-block l-stacked heading-decor \"\n\tdata-color-scheme=\"blue\"\n\tstyle=\"\">\n\t<div class=\"ams-hero__container u-items-center u-justify-center\">\n\t\t<div\n\t\t\tclass=\"ams-hero__content l-stack l-stack-xl is-center is-center@md\" >\n\t\t\t<div class=\"l-stack l-stack-lg\">\n\t\t\t\t\t\n\t<h1\n\tclass=\"c-heading u-font-large \"\n\tstyle=\"\">\n\t\t<span>\n\t\t\t\t\tAlumnin\u00e4tverk\n\t\t\t\t<\/span>\n\t<\/h1>\n\n\t\t\t\t\t\t\t\t\t<div class=\"text l-stack u-font-preamble\">\n\t\t\t\t\t\t<p><span data-sheets-value=\"{&quot;1&quot;:2,&quot;2&quot;:&quot;P\u00e5 ProCivitas \u00e4r vi stolta \u00f6ver v\u00e5ra tidigare elever och listan kan g\u00f6ras l\u00e5ng \u00f6ver alumner som i dag \u00e4r v\u00e4lk\u00e4nda b\u00e5de utomlands och i Sverige.&quot;}\" data-sheets-userformat=\"{&quot;2&quot;:929,&quot;3&quot;:{&quot;1&quot;:0},&quot;8&quot;:{&quot;1&quot;:[{&quot;1&quot;:2,&quot;2&quot;:0,&quot;5&quot;:{&quot;1&quot;:2,&quot;2&quot;:0}},{&quot;1&quot;:0,&quot;2&quot;:0,&quot;3&quot;:3},{&quot;1&quot;:1,&quot;2&quot;:0,&quot;4&quot;:1}]},&quot;10&quot;:0,&quot;11&quot;:4,&quot;12&quot;:0}\">P\u00e5 ProCivitas \u00e4r vi stolta \u00f6ver v\u00e5ra tidigare elever och listan kan g\u00f6ras l\u00e5ng \u00f6ver alumner som i dag \u00e4r v\u00e4lk\u00e4nda b\u00e5de utomlands och i Sverige.<\/span><\/p>\n\n\t\t\t\t\t<\/div>\n\t\t\t\t\t\t\t<\/div>\n\n\t\t\t\t\t<\/div>\n\t<\/div>\n\n\t\n\n<\/section>\n\n\n\n\t\n\t\n\t\n\n\t\n\t\n\t\t\n<section  class=\"c-block l-stacked  \" data-color-scheme=\"white\">\n\t<div class=\"ams-fifty ams-fifty--container ams-fifty--left ams-fifty--top l-container u-pt-fluid-3xl-6xl u-pb-fluid-3xl-6xl\">\n\t\t<div class=\"ams-fifty__content l-stack l-stack-xl is-left is-left@lg\">\n\t\t\t<div class=\"ams-fifty__text l-stack l-stack-lg\">\n\t\t\t\t\t\n\t<h2\n\tclass=\"c-heading u-font-title-1 \"\n\tstyle=\"\">\n\t\t\n\t\t\t\t\tPROCIVITAS ALUMNER\n\t\t\t\t\n\t<\/h2>\n\n\t\t\t\t\t\t\t\t\t<div class=\"text l-stack u-font-body\">\n\t\t\t\t\t\t<p><span data-sheets-value=\"{&quot;1&quot;:2,&quot;2&quot;:&quot;V\u00e5ra alumners roller i arbetslivet \u00e4r allt fr\u00e5n ekonomer, riksdagsledam\u00f6ter, idrottsstj\u00e4rnor, artister och framg\u00e5ngsrika entrepren\u00f6rer. Som levande exempel p\u00e5 att det g\u00e5r att f\u00f6rverkliga sina dr\u00f6mmar blir de m\u00f6jliga f\u00f6rebilder f\u00f6r dagens elever. &quot;}\" data-sheets-userformat=\"{&quot;2&quot;:993,&quot;3&quot;:{&quot;1&quot;:0},&quot;8&quot;:{&quot;1&quot;:[{&quot;1&quot;:2,&quot;2&quot;:0,&quot;5&quot;:{&quot;1&quot;:2,&quot;2&quot;:0}},{&quot;1&quot;:0,&quot;2&quot;:0,&quot;3&quot;:3},{&quot;1&quot;:1,&quot;2&quot;:0,&quot;4&quot;:1}]},&quot;9&quot;:0,&quot;10&quot;:0,&quot;11&quot;:4,&quot;12&quot;:0}\">V\u00e5ra alumners roller i arbetslivet \u00e4r allt fr\u00e5n ekonomer, riksdagsledam\u00f6ter, idrottsstj\u00e4rnor, artister och framg\u00e5ngsrika entrepren\u00f6rer. Som levande exempel p\u00e5 att det g\u00e5r att f\u00f6rverkliga sina dr\u00f6mmar blir de m\u00f6jliga f\u00f6rebilder f\u00f6r dagens elever. <\/span><\/p>\n\n\t\t\t\t\t<\/div>\n\t\t\t\t\t\t\t<\/div>\n\n\t\t\t\t\t<\/div>\n\n\t\t <div class=\"ams-fifty__media u-ratio-square\">\n\t\t \t\t\t\t\t<img decoding=\"async\" width=\"600\" height=\"900\" src=\"https:\/\/procivitas.se\/wp-content\/uploads\/sites\/9\/2025\/07\/provaxjofotografering202503-20303webb92-600x900.jpg\" class=\"attachment-md size-md\" alt=\"Elever framf\u00f6r ProCivitas v\u00e4rdeord.\" sizes=\"(min-width: 64em) 600px, calc(100vw - 160px)\" srcset=\"https:\/\/procivitas.se\/wp-content\/uploads\/sites\/9\/2025\/07\/provaxjofotografering202503-20303webb92-600x900.jpg 600w, https:\/\/procivitas.se\/wp-content\/uploads\/sites\/9\/2025\/07\/provaxjofotografering202503-20303webb92-300x450.jpg 300w, https:\/\/procivitas.se\/wp-content\/uploads\/sites\/9\/2025\/07\/provaxjofotografering202503-20303webb92-400x600.jpg 400w, https:\/\/procivitas.se\/wp-content\/uploads\/sites\/9\/2025\/07\/provaxjofotografering202503-20303webb92.jpg 800w\" \/>\n\t\t\t\n\t\t\t\n\t\t\t\t\t<\/div>\n\t<\/div>\n\n\t\t\n\n<\/section>\n\n\n\n\n<section  class=\"ams-usp c-block l-stacked\" data-color-scheme=\"blue\">\n\t<div class=\"l-container l-stack l-stack-fluid-2xl u-pt-fluid-3xl-6xl u-pb-fluid-3xl-6xl is-center is-center@md\">\n\t\t\t\t\t<div class=\"ams-usp__intro l-stack l-stack-lg\">\n\t\t\t\t\t\n\t<h2\n\tclass=\"c-heading u-font-title-1 \"\n\tstyle=\"\">\n\t\t\n\t\t\t\t\tAlumner fr\u00e5n ProCivitas V\u00e4xj\u00f6\n\t\t\t\t\n\t<\/h2>\n\n\t\t\t\t\t\t\t<\/div>\n\t\t\n\t\t\t<ul class=\"ams-usp__list l-grid u-justify-center u-gap-fluid-2xl-4xl\">\n\t\t\t\t\t<li class=\"l-col-6@md l-col-4@lg\">\n\t\t\t\t<article\n\t\t\t\t\tclass=\"\n\t\t\t\t\tc-card\n\t\t\t\t\thas-media-zoom\n\t\t\t\t\t\n\t\t\t\t\t\n\t\t\t\t\t\"\n\t\t\t\t\tdata-variant=\"neutral\"\n\t\t\t\t\tdata-style=\"square\"\n\t\t\t\t\t\n\t\t\t\t\t>\n\t\t\t\t\t\t\t\t\t\t\t<div class=\"c-card__content l-stack l-stack-sm u-text-center\">\n\t\t\t\t\t\t\t\t\t\t\t\t\t\t\t<h3 class=\"c-card__title u-font-title-3\">\n\t\t\t\t\t\t\t\t\t\t\t\t\t\t\t\t\t\t\t\t\t\t\t\t\t\t\t\t\t\tDavid Egonson (Student 2002)\n\t\t\t\t\t\t\t\t\t\t\t\t\t\t\t\t\t\t\t\t\t\t\t\t\t\t\t<\/h3>\n\t\t\t\t\t\t\t\n\t\t\t\t\t\t\t\t\t\t\t\t\t\t\t<div class=\"c-card__text l-stack-xs u-font-body\">\n\t\t\t\t\t\t\t\t\t<p>Efter gymnasiet l\u00e4ste David till jurist och arbetade n\u00e5gra \u00e5r som advokat innan han tillsammans med en kompanjon startade restaurangkedjan Holy Greens. Idag driver David 27 restauranger \u00f6ver hela Sverige.<\/p>\n\n\t\t\t\t\t\t\t\t<\/div>\n\t\t\t\t\t\t\t\t\t\t\t\t\t<\/div>\n\t\t\t\t\t\n\t\t\t\t\t<div class=\"c-card__media\">\n\t\t\t\t\t\t\t\t\t\t\t\t\t<img decoding=\"async\" width=\"400\" height=\"267\" src=\"https:\/\/procivitas.se\/wp-content\/uploads\/sites\/9\/2024\/04\/david-egonsson-4-960x640-1-400x267.jpg\" class=\" u-ratio-landscape  ams_icon_size_usp-big\" alt=\"Alumni fr\u00e5n ProCivitas V\u00e4xj\u00f6 st\u00e5r framf\u00f6r sin restaurang Holy Greens och kollar in i kameran.\" srcset=\"https:\/\/procivitas.se\/wp-content\/uploads\/sites\/9\/2024\/04\/david-egonsson-4-960x640-1-400x267.jpg 400w, https:\/\/procivitas.se\/wp-content\/uploads\/sites\/9\/2024\/04\/david-egonsson-4-960x640-1-300x200.jpg 300w, https:\/\/procivitas.se\/wp-content\/uploads\/sites\/9\/2024\/04\/david-egonsson-4-960x640-1-600x400.jpg 600w, https:\/\/procivitas.se\/wp-content\/uploads\/sites\/9\/2024\/04\/david-egonsson-4-960x640-1-800x533.jpg 800w, https:\/\/procivitas.se\/wp-content\/uploads\/sites\/9\/2024\/04\/david-egonsson-4-960x640-1.jpg 960w\" sizes=\"(max-width: 400px) 100vw, 400px\" \/>\n\t\t\t\t\t\t\t\t\t\t\t<\/div>\n\t\t\t\t<\/article>\n\t\t\t<\/li>\n\n\t\t\t\t\t<li class=\"l-col-6@md l-col-4@lg\">\n\t\t\t\t<article\n\t\t\t\t\tclass=\"\n\t\t\t\t\tc-card\n\t\t\t\t\thas-media-zoom\n\t\t\t\t\t\n\t\t\t\t\t\n\t\t\t\t\t\"\n\t\t\t\t\tdata-variant=\"neutral\"\n\t\t\t\t\tdata-style=\"square\"\n\t\t\t\t\t\n\t\t\t\t\t>\n\t\t\t\t\t\t\t\t\t\t\t<div class=\"c-card__content l-stack l-stack-sm u-text-center\">\n\t\t\t\t\t\t\t\t\t\t\t\t\t\t\t<h3 class=\"c-card__title u-font-title-3\">\n\t\t\t\t\t\t\t\t\t\t\t\t\t\t\t\t\t\t\t\t\t\t\t\t\t\t\t\t\t\tStephanie Thour (Student 2017)\n\t\t\t\t\t\t\t\t\t\t\t\t\t\t\t\t\t\t\t\t\t\t\t\t\t\t\t<\/h3>\n\t\t\t\t\t\t\t\n\t\t\t\t\t\t\t\t\t\t\t\t\t\t\t<div class=\"c-card__text l-stack-xs u-font-body\">\n\t\t\t\t\t\t\t\t\t<p>Svensk m\u00e4stare i tennis och boxning. OS-kvalade i boxning till OS i Tokyo 2021. Stephanie \u00e4r unik i och med att hon \u00e4r svensk m\u00e4stare i tennis och boxning samma \u00e5r. Stephanie visar att det inte \u00e4r n\u00f6dv\u00e4ndigt att v\u00e4lja idrott tidigt i livet.<\/p>\n\n\t\t\t\t\t\t\t\t<\/div>\n\t\t\t\t\t\t\t\t\t\t\t\t\t<\/div>\n\t\t\t\t\t\n\t\t\t\t\t<div class=\"c-card__media\">\n\t\t\t\t\t\t\t\t\t\t\t\t\t<img decoding=\"async\" width=\"400\" height=\"397\" src=\"https:\/\/procivitas.se\/wp-content\/uploads\/sites\/9\/2024\/04\/stephanie-thour-400x397.jpg\" class=\" u-ratio-landscape  ams_icon_size_usp-big\" alt=\"Alumni elev fr\u00e5n ProCivitas st\u00e5r i en boxningshall och ler in i kameran.\" srcset=\"https:\/\/procivitas.se\/wp-content\/uploads\/sites\/9\/2024\/04\/stephanie-thour-400x397.jpg 400w, https:\/\/procivitas.se\/wp-content\/uploads\/sites\/9\/2024\/04\/stephanie-thour-150x150.jpg 150w, https:\/\/procivitas.se\/wp-content\/uploads\/sites\/9\/2024\/04\/stephanie-thour-300x298.jpg 300w, https:\/\/procivitas.se\/wp-content\/uploads\/sites\/9\/2024\/04\/stephanie-thour-600x596.jpg 600w, https:\/\/procivitas.se\/wp-content\/uploads\/sites\/9\/2024\/04\/stephanie-thour-800x795.jpg 800w, https:\/\/procivitas.se\/wp-content\/uploads\/sites\/9\/2024\/04\/stephanie-thour-1024x1017.jpg 1024w, https:\/\/procivitas.se\/wp-content\/uploads\/sites\/9\/2024\/04\/stephanie-thour.jpg 1169w\" sizes=\"(max-width: 400px) 100vw, 400px\" \/>\n\t\t\t\t\t\t\t\t\t\t\t<\/div>\n\t\t\t\t<\/article>\n\t\t\t<\/li>\n\n\t\t\t<\/ul>\n\n\t\t\t<\/div>\n\n\t\t\n\n<\/section>\n\n\n\n\t\n\t\n\t\n\n\t\n\t\n\t\t\n<section  class=\"c-block l-stacked  \" data-color-scheme=\"white\">\n\t<div class=\"ams-fifty ams-fifty--container ams-fifty--right ams-fifty--top l-container u-pt-fluid-3xl-6xl u-pb-fluid-3xl-6xl\">\n\t\t<div class=\"ams-fifty__content l-stack l-stack-xl is-left is-left@lg\">\n\t\t\t<div class=\"ams-fifty__text l-stack l-stack-lg\">\n\t\t\t\t\t\n\t<h2\n\tclass=\"c-heading u-font-title-1 \"\n\tstyle=\"\">\n\t\t\n\t\t\t\t\tMentorskap\n\t\t\t\t\n\t<\/h2>\n\n\t\t\t\t\t\t\t\t\t<div class=\"text l-stack u-font-body\">\n\t\t\t\t\t\t<p><span data-sheets-value=\"{&quot;1&quot;:2,&quot;2&quot;:&quot;Under ditt sista l\u00e4s\u00e5r p\u00e5 ProCivitas har du chansen att delta i skolans Mentorsprogram. Programmet ger dig m\u00f6jlighet till en unik inblick i arbetslivet och du paras ihop med en mentor fr\u00e5n n\u00e4ringslivet som f\u00f6ljer dig genom \u00e5rskurs 3. Du och din mentor varvar tr\u00e4ffar p\u00e5 egen hand med gemensamma tr\u00e4ffar tillsammans med samtliga deltagare i programmet. &quot;}\" data-sheets-userformat=\"{&quot;2&quot;:929,&quot;3&quot;:{&quot;1&quot;:0},&quot;8&quot;:{&quot;1&quot;:[{&quot;1&quot;:2,&quot;2&quot;:0,&quot;5&quot;:{&quot;1&quot;:2,&quot;2&quot;:0}},{&quot;1&quot;:0,&quot;2&quot;:0,&quot;3&quot;:3},{&quot;1&quot;:1,&quot;2&quot;:0,&quot;4&quot;:1}]},&quot;10&quot;:0,&quot;11&quot;:4,&quot;12&quot;:0}\">Under ditt sista l\u00e4s\u00e5r p\u00e5 ProCivitas har du chansen att delta i skolans Mentorsprogram. Programmet ger dig m\u00f6jlighet till en unik inblick i arbetslivet och du paras ihop med en mentor fr\u00e5n n\u00e4ringslivet som f\u00f6ljer dig genom \u00e5rskurs 3. Du och din mentor varvar tr\u00e4ffar p\u00e5 egen hand med gemensamma tr\u00e4ffar tillsammans med samtliga deltagare i programmet. <\/span><\/p>\n\n\t\t\t\t\t<\/div>\n\t\t\t\t\t\t\t<\/div>\n\n\t\t\t\t<div class=\"ams-fifty__action u-inline-items\">\n\t\t\t\t\t\t\t\n\n\n<a href=\"https:\/\/procivitas.se\/vaxjo\/traditioner\/mentorsprogrammet\/\"\n\t\n\tclass=\"c-btn \"\n\tdata-style=\"rounded\"\n\tdata-size=\"md\"\n\tdata-width=\"full-mobile\"\n\tdata-variant=\"default\"\n\ttarget=\"_self\">\n\t\t\t<span class=\"label\"> Om Mentorsprogrammet<\/span>\n\t\t\t<\/a>\n\t\t\t<\/div>\n\t\t<\/div>\n\n\t\t <div class=\"ams-fifty__media u-ratio-square\">\n\t\t \t\t\t\t\t<img decoding=\"async\" width=\"600\" height=\"472\" src=\"https:\/\/procivitas.se\/wp-content\/uploads\/sites\/9\/2025\/07\/provaxjofotografering202503-20303webb279-e1751634732980-600x472.jpg\" class=\"attachment-md size-md\" alt=\"Elev tittar in i kameran under lektion.\" sizes=\"(min-width: 64em) 600px, calc(100vw - 160px)\" srcset=\"https:\/\/procivitas.se\/wp-content\/uploads\/sites\/9\/2025\/07\/provaxjofotografering202503-20303webb279-e1751634732980-600x472.jpg 600w, https:\/\/procivitas.se\/wp-content\/uploads\/sites\/9\/2025\/07\/provaxjofotografering202503-20303webb279-e1751634732980-300x236.jpg 300w, https:\/\/procivitas.se\/wp-content\/uploads\/sites\/9\/2025\/07\/provaxjofotografering202503-20303webb279-e1751634732980-400x314.jpg 400w, https:\/\/procivitas.se\/wp-content\/uploads\/sites\/9\/2025\/07\/provaxjofotografering202503-20303webb279-e1751634732980-800x629.jpg 800w, https:\/\/procivitas.se\/wp-content\/uploads\/sites\/9\/2025\/07\/provaxjofotografering202503-20303webb279-e1751634732980.jpg 1018w\" \/>\n\t\t\t\n\t\t\t\n\t\t\t\t\t<\/div>\n\t<\/div>\n\n\t\t\n\n<\/section>\n\n\n\n\n<section  class=\"ams-cta ams-cta--stacked c-block l-stacked heading-decor\" data-color-scheme=\"blue\">\n\t<div class=\"l-container-narrow l-stack l-stack-fluid-2xl u-pt-fluid-3xl-6xl u-pb-fluid-3xl-6xl is-center is-center@md\">\n\t\t\t\t\t<div class=\"ams-cta__intro l-stack l-stack-lg\">\n\t\t\t\t\t\n\t<h2\n\tclass=\"c-heading u-font-title-1 \"\n\tstyle=\"\">\n\t\t\n\t\t\t\t\t\u00d6ppet hus\n\t\t\t\t\n\t<\/h2>\n\n\t\t\t\t\t\t\t\t\t<div class=\"c-text l-stack u-cs-xl u-font-preamble\">\n\t\t\t\t\t\t<p><span data-sheets-value=\"{&quot;1&quot;:2,&quot;2&quot;:&quot;Bes\u00f6k oss p\u00e5 \u00f6ppet hus f\u00f6r att uppleva st\u00e4mningen p\u00e5 skolan. Ta chansen att prata med elever och l\u00e4rare och f\u00e5 svar p\u00e5 alla dina funderingar! &quot;}\" data-sheets-userformat=\"{&quot;2&quot;:929,&quot;3&quot;:{&quot;1&quot;:0},&quot;8&quot;:{&quot;1&quot;:[{&quot;1&quot;:2,&quot;2&quot;:0,&quot;5&quot;:{&quot;1&quot;:2,&quot;2&quot;:0}},{&quot;1&quot;:0,&quot;2&quot;:0,&quot;3&quot;:3},{&quot;1&quot;:1,&quot;2&quot;:0,&quot;4&quot;:1}]},&quot;10&quot;:0,&quot;11&quot;:4,&quot;12&quot;:0}\">Bes\u00f6k oss p\u00e5 \u00d6ppet hus f\u00f6r att uppleva st\u00e4mningen p\u00e5 skolan. Ta chansen att prata med elever och l\u00e4rare och f\u00e5 svar p\u00e5 alla dina funderingar! <\/span><\/p>\n\n\t\t\t\t\t<\/div>\n\t\t\t\t\t\t\t<\/div>\n\t\t\n\t\t\n\t\t\t<div class=\"ams-cta__action u-inline-items\">\n\t\t\t\t\t\t\t\n\n\n<a href=\"https:\/\/procivitas.se\/vaxjo\/oppet-hus\/\"\n\t\n\tclass=\"c-btn \"\n\tdata-style=\"rounded\"\n\tdata-size=\"md\"\n\tdata-width=\"full-mobile\"\n\tdata-variant=\"default\"\n\ttarget=\"_self\">\n\t\t\t<span class=\"label\"> Bes\u00f6k \u00d6ppet hus <\/span>\n\t\t\t<\/a>\n\t\t\t<\/div>\n\t<\/div>\n\n\t\t\n\n<\/section>\n","protected":false},"excerpt":{"rendered":"","protected":false},"author":1,"featured_media":0,"parent":1677,"menu_order":0,"comment_status":"closed","ping_status":"closed","template":"","meta":{"footnotes":""},"yoast_head":"<!-- This site is optimized with the Yoast SEO plugin v22.0 - https:\/\/yoast.com\/wordpress\/plugins\/seo\/ -->\n<title>Alumnin\u00e4tverk - ProCivitas Privata Gymnasium V\u00e4xj\u00f6<\/title>\n<meta name=\"description\" content=\"Vi \u00e4r stolta \u00f6ver v\u00e5ra tidigare elever och listan kan g\u00f6ras l\u00e5ng \u00f6ver alumner som i dag \u00e4r v\u00e4lk\u00e4nda b\u00e5de utomlands och i Sverige.\" \/>\n<meta name=\"robots\" content=\"index, follow, max-snippet:-1, max-image-preview:large, max-video-preview:-1\" \/>\n<link rel=\"canonical\" href=\"https:\/\/procivitas.se\/vaxjo\/var-koppling-till-naringslivet\/alumner\/\" \/>\n<meta property=\"og:locale\" content=\"sv_SE\" \/>\n<meta property=\"og:type\" content=\"article\" \/>\n<meta property=\"og:title\" content=\"Alumnin\u00e4tverk - ProCivitas Privata Gymnasium V\u00e4xj\u00f6\" \/>\n<meta property=\"og:description\" content=\"Vi \u00e4r stolta \u00f6ver v\u00e5ra tidigare elever och listan kan g\u00f6ras l\u00e5ng \u00f6ver alumner som i dag \u00e4r v\u00e4lk\u00e4nda b\u00e5de utomlands och i Sverige.\" \/>\n<meta property=\"og:url\" content=\"https:\/\/procivitas.se\/vaxjo\/var-koppling-till-naringslivet\/alumner\/\" \/>\n<meta property=\"og:site_name\" content=\"V\u00e4xj\u00f6\" \/>\n<meta property=\"article:modified_time\" content=\"2026-04-08T08:24:48+00:00\" \/>\n<meta name=\"twitter:card\" content=\"summary_large_image\" \/>\n<meta name=\"twitter:title\" content=\"Alumnin\u00e4tverk - ProCivitas Privata Gymnasium V\u00e4xj\u00f6\" \/>\n<meta name=\"twitter:description\" content=\"Vi \u00e4r stolta \u00f6ver v\u00e5ra tidigare elever och listan kan g\u00f6ras l\u00e5ng \u00f6ver alumner som i dag \u00e4r v\u00e4lk\u00e4nda b\u00e5de utomlands och i Sverige.\" \/>\n<meta name=\"twitter:label1\" content=\"Est. reading time\" \/>\n\t<meta name=\"twitter:data1\" content=\"3 minuter\" \/>\n<script type=\"application\/ld+json\" class=\"yoast-schema-graph\">{\"@context\":\"https:\/\/schema.org\",\"@graph\":[{\"@type\":\"WebPage\",\"@id\":\"https:\/\/procivitas.se\/vaxjo\/var-koppling-till-naringslivet\/alumner\/\",\"url\":\"https:\/\/procivitas.se\/vaxjo\/var-koppling-till-naringslivet\/alumner\/\",\"name\":\"Alumnin\u00e4tverk - ProCivitas Privata Gymnasium V\u00e4xj\u00f6\",\"isPartOf\":{\"@id\":\"https:\/\/procivitas.se\/vaxjo\/#website\"},\"datePublished\":\"2023-08-15T12:14:19+00:00\",\"dateModified\":\"2026-04-08T08:24:48+00:00\",\"description\":\"Vi \u00e4r stolta \u00f6ver v\u00e5ra tidigare elever och listan kan g\u00f6ras l\u00e5ng \u00f6ver alumner som i dag \u00e4r v\u00e4lk\u00e4nda b\u00e5de utomlands och i Sverige.\",\"breadcrumb\":{\"@id\":\"https:\/\/procivitas.se\/vaxjo\/var-koppling-till-naringslivet\/alumner\/#breadcrumb\"},\"inLanguage\":\"sv-SE\",\"potentialAction\":[{\"@type\":\"ReadAction\",\"target\":[\"https:\/\/procivitas.se\/vaxjo\/var-koppling-till-naringslivet\/alumner\/\"]}]},{\"@type\":\"BreadcrumbList\",\"@id\":\"https:\/\/procivitas.se\/vaxjo\/var-koppling-till-naringslivet\/alumner\/#breadcrumb\",\"itemListElement\":[{\"@type\":\"ListItem\",\"position\":1,\"name\":\"Start\",\"item\":\"https:\/\/procivitas.se\/vaxjo\/\"},{\"@type\":\"ListItem\",\"position\":2,\"name\":\"V\u00e5r koppling till n\u00e4ringslivet\",\"item\":\"https:\/\/procivitas.se\/vaxjo\/var-koppling-till-naringslivet\/\"},{\"@type\":\"ListItem\",\"position\":3,\"name\":\"Alumnin\u00e4tverk\"}]},{\"@type\":\"WebSite\",\"@id\":\"https:\/\/procivitas.se\/vaxjo\/#website\",\"url\":\"https:\/\/procivitas.se\/vaxjo\/\",\"name\":\"V\u00e4xj\u00f6\",\"description\":\"Just another WordPress site\",\"potentialAction\":[{\"@type\":\"SearchAction\",\"target\":{\"@type\":\"EntryPoint\",\"urlTemplate\":\"https:\/\/procivitas.se\/vaxjo\/?s={search_term_string}\"},\"query-input\":\"required name=search_term_string\"}],\"inLanguage\":\"sv-SE\"}]}<\/script>\n<!-- \/ Yoast SEO plugin. -->","yoast_head_json":{"title":"Alumnin\u00e4tverk - ProCivitas Privata Gymnasium V\u00e4xj\u00f6","description":"Vi \u00e4r stolta \u00f6ver v\u00e5ra tidigare elever och listan kan g\u00f6ras l\u00e5ng \u00f6ver alumner som i dag \u00e4r v\u00e4lk\u00e4nda b\u00e5de utomlands och i Sverige.","robots":{"index":"index","follow":"follow","max-snippet":"max-snippet:-1","max-image-preview":"max-image-preview:large","max-video-preview":"max-video-preview:-1"},"canonical":"https:\/\/procivitas.se\/vaxjo\/var-koppling-till-naringslivet\/alumner\/","og_locale":"sv_SE","og_type":"article","og_title":"Alumnin\u00e4tverk - ProCivitas Privata Gymnasium V\u00e4xj\u00f6","og_description":"Vi \u00e4r stolta \u00f6ver v\u00e5ra tidigare elever och listan kan g\u00f6ras l\u00e5ng \u00f6ver alumner som i dag \u00e4r v\u00e4lk\u00e4nda b\u00e5de utomlands och i Sverige.","og_url":"https:\/\/procivitas.se\/vaxjo\/var-koppling-till-naringslivet\/alumner\/","og_site_name":"V\u00e4xj\u00f6","article_modified_time":"2026-04-08T08:24:48+00:00","twitter_card":"summary_large_image","twitter_title":"Alumnin\u00e4tverk - ProCivitas Privata Gymnasium V\u00e4xj\u00f6","twitter_description":"Vi \u00e4r stolta \u00f6ver v\u00e5ra tidigare elever och listan kan g\u00f6ras l\u00e5ng \u00f6ver alumner som i dag \u00e4r v\u00e4lk\u00e4nda b\u00e5de utomlands och i Sverige.","twitter_misc":{"Est. reading time":"3 minuter"},"schema":{"@context":"https:\/\/schema.org","@graph":[{"@type":"WebPage","@id":"https:\/\/procivitas.se\/vaxjo\/var-koppling-till-naringslivet\/alumner\/","url":"https:\/\/procivitas.se\/vaxjo\/var-koppling-till-naringslivet\/alumner\/","name":"Alumnin\u00e4tverk - ProCivitas Privata Gymnasium V\u00e4xj\u00f6","isPartOf":{"@id":"https:\/\/procivitas.se\/vaxjo\/#website"},"datePublished":"2023-08-15T12:14:19+00:00","dateModified":"2026-04-08T08:24:48+00:00","description":"Vi \u00e4r stolta \u00f6ver v\u00e5ra tidigare elever och listan kan g\u00f6ras l\u00e5ng \u00f6ver alumner som i dag \u00e4r v\u00e4lk\u00e4nda b\u00e5de utomlands och i Sverige.","breadcrumb":{"@id":"https:\/\/procivitas.se\/vaxjo\/var-koppling-till-naringslivet\/alumner\/#breadcrumb"},"inLanguage":"sv-SE","potentialAction":[{"@type":"ReadAction","target":["https:\/\/procivitas.se\/vaxjo\/var-koppling-till-naringslivet\/alumner\/"]}]},{"@type":"BreadcrumbList","@id":"https:\/\/procivitas.se\/vaxjo\/var-koppling-till-naringslivet\/alumner\/#breadcrumb","itemListElement":[{"@type":"ListItem","position":1,"name":"Start","item":"https:\/\/procivitas.se\/vaxjo\/"},{"@type":"ListItem","position":2,"name":"V\u00e5r koppling till n\u00e4ringslivet","item":"https:\/\/procivitas.se\/vaxjo\/var-koppling-till-naringslivet\/"},{"@type":"ListItem","position":3,"name":"Alumnin\u00e4tverk"}]},{"@type":"WebSite","@id":"https:\/\/procivitas.se\/vaxjo\/#website","url":"https:\/\/procivitas.se\/vaxjo\/","name":"V\u00e4xj\u00f6","description":"Just another WordPress site","potentialAction":[{"@type":"SearchAction","target":{"@type":"EntryPoint","urlTemplate":"https:\/\/procivitas.se\/vaxjo\/?s={search_term_string}"},"query-input":"required name=search_term_string"}],"inLanguage":"sv-SE"}]}},"_links":{"self":[{"href":"https:\/\/procivitas.se\/vaxjo\/wp-json\/wp\/v2\/pages\/1653"}],"collection":[{"href":"https:\/\/procivitas.se\/vaxjo\/wp-json\/wp\/v2\/pages"}],"about":[{"href":"https:\/\/procivitas.se\/vaxjo\/wp-json\/wp\/v2\/types\/page"}],"author":[{"embeddable":true,"href":"https:\/\/procivitas.se\/vaxjo\/wp-json\/wp\/v2\/users\/1"}],"replies":[{"embeddable":true,"href":"https:\/\/procivitas.se\/vaxjo\/wp-json\/wp\/v2\/comments?post=1653"}],"version-history":[{"count":10,"href":"https:\/\/procivitas.se\/vaxjo\/wp-json\/wp\/v2\/pages\/1653\/revisions"}],"predecessor-version":[{"id":3631,"href":"https:\/\/procivitas.se\/vaxjo\/wp-json\/wp\/v2\/pages\/1653\/revisions\/3631"}],"up":[{"embeddable":true,"href":"https:\/\/procivitas.se\/vaxjo\/wp-json\/wp\/v2\/pages\/1677"}],"wp:attachment":[{"href":"https:\/\/procivitas.se\/vaxjo\/wp-json\/wp\/v2\/media?parent=1653"}],"curies":[{"name":"wp","href":"https:\/\/api.w.org\/{rel}","templated":true}]}}