{"id":1677,"date":"2023-10-09T08:48:36","date_gmt":"2023-10-09T06:48:36","guid":{"rendered":"https:\/\/procivitas.se\/vaxjo\/?page_id=1677"},"modified":"2026-04-08T10:23:36","modified_gmt":"2026-04-08T08:23:36","slug":"var-koppling-till-naringslivet","status":"publish","type":"page","link":"https:\/\/procivitas.se\/vaxjo\/var-koppling-till-naringslivet\/","title":{"rendered":"V\u00e5r koppling till n\u00e4ringslivet"},"content":{"rendered":"\n\t\n\t\n\t\n\t\n\t\n\n<section \n\tclass=\"ams-hero ams-hero--classic ams-hero--75 c-block l-stacked heading-decor \"\n\tdata-color-scheme=\"blue\"\n\tstyle=\"\">\n\t<div class=\"ams-hero__container u-items-center u-justify-center\">\n\t\t<div\n\t\t\tclass=\"ams-hero__content l-stack l-stack-xl is-center is-center@md\" >\n\t\t\t<div class=\"l-stack l-stack-lg\">\n\t\t\t\t\t\n\t<h1\n\tclass=\"c-heading u-font-large \"\n\tstyle=\"\">\n\t\t<span>\n\t\t\t\t\tProCivitas f\u00f6rbereder dig inf\u00f6r framtiden\n\t\t\t\t<\/span>\n\t<\/h1>\n\n\t\t\t\t\t\t\t\t\t<div class=\"text l-stack u-font-preamble\">\n\t\t\t\t\t\t<p><span data-sheets-value=\"{&quot;1&quot;:2,&quot;2&quot;:&quot;ProCivitas har ett t\u00e4tt samarbete med n\u00e4ringslivet. N\u00e4r du studerar p\u00e5 ProCivitas kommer Ung f\u00f6retagsamhet, Mentorskap och Alumner pr\u00e4gla undervisningen med kloka r\u00e5d, id\u00e9er och samtal inf\u00f6r framtiden.&quot;}\" data-sheets-userformat=\"{&quot;2&quot;:929,&quot;3&quot;:{&quot;1&quot;:0},&quot;8&quot;:{&quot;1&quot;:[{&quot;1&quot;:2,&quot;2&quot;:0,&quot;5&quot;:{&quot;1&quot;:2,&quot;2&quot;:0}},{&quot;1&quot;:0,&quot;2&quot;:0,&quot;3&quot;:3},{&quot;1&quot;:1,&quot;2&quot;:0,&quot;4&quot;:1}]},&quot;10&quot;:0,&quot;11&quot;:4,&quot;12&quot;:0}\">ProCivitas har ett t\u00e4tt samarbete med n\u00e4ringslivet. N\u00e4r du studerar p\u00e5 ProCivitas kommer Ung f\u00f6retagsamhet, Mentorskap och Alumner pr\u00e4gla undervisningen med kloka r\u00e5d, id\u00e9er och samtal inf\u00f6r framtiden.<\/span><\/p>\n\n\t\t\t\t\t<\/div>\n\t\t\t\t\t\t\t<\/div>\n\n\t\t\t\t\t<\/div>\n\t<\/div>\n\n\t\n\n<\/section>\n\n\n\n\t\n\t\n\t\n\n\t\n\t\n\t\t\n<section  class=\"c-block l-stacked  \" data-color-scheme=\"white\">\n\t<div class=\"ams-fifty ams-fifty--container ams-fifty--left ams-fifty--top l-container u-pt-fluid-3xl-6xl u-pb-fluid-3xl-6xl\">\n\t\t<div class=\"ams-fifty__content l-stack l-stack-xl is-left is-left@lg\">\n\t\t\t<div class=\"ams-fifty__text l-stack l-stack-lg\">\n\t\t\t\t\t\n\t<h2\n\tclass=\"c-heading u-font-title-1 \"\n\tstyle=\"\">\n\t\t\n\t\t\t\t\tUng f\u00f6retagsamhet\n\t\t\t\t\n\t<\/h2>\n\n\t\t\t\t\t\t\t\t\t<div class=\"text l-stack u-font-body\">\n\t\t\t\t\t\t<p><span data-sheets-value=\"{&quot;1&quot;:2,&quot;2&quot;:&quot;Ung F\u00f6retagsamhet \u00e4r en processutbildning i att starta och driva ett eget f\u00f6retag under ett skol\u00e5r. I centrum st\u00e5r elevens individuella utveckling. Det inneb\u00e4r att man utvecklar kreativitet och drivkraft, l\u00e4r sig att ta ansvar och arbeta i grupp, tr\u00e4nar sin kommunikativa f\u00f6rm\u00e5ga, f\u00f6rverkligar en aff\u00e4rsid\u00e9 och st\u00e4ller ut p\u00e5 m\u00e4ssor och kanske \u00e4ven t\u00e4vlar mot andra f\u00f6retag regionalt och nationellt.\\n\\nListan p\u00e5 vinnande ProCivitasf\u00f6retag genom \u00e5ren kan g\u00f6ras l\u00e5ng men det viktigaste \u00e4r varje elevs personliga utveckling som blir resultatet n\u00e4r nyvunna kunskaper oms\u00e4tts i praktiken.&quot;}\" data-sheets-userformat=\"{&quot;2&quot;:993,&quot;3&quot;:{&quot;1&quot;:0},&quot;8&quot;:{&quot;1&quot;:[{&quot;1&quot;:2,&quot;2&quot;:0,&quot;5&quot;:{&quot;1&quot;:2,&quot;2&quot;:0}},{&quot;1&quot;:0,&quot;2&quot;:0,&quot;3&quot;:3},{&quot;1&quot;:1,&quot;2&quot;:0,&quot;4&quot;:1}]},&quot;9&quot;:0,&quot;10&quot;:0,&quot;11&quot;:4,&quot;12&quot;:0}\">Ung F\u00f6retagsamhet \u00e4r en processutbildning i att starta och driva ett eget f\u00f6retag under ett skol\u00e5r. I centrum st\u00e5r elevens individuella utveckling. Det inneb\u00e4r att man utvecklar kreativitet och drivkraft, l\u00e4r sig att ta ansvar och arbeta i grupp, tr\u00e4nar sin kommunikativa f\u00f6rm\u00e5ga, f\u00f6rverkligar en aff\u00e4rsid\u00e9 och st\u00e4ller ut p\u00e5 m\u00e4ssor och kanske \u00e4ven t\u00e4vlar mot andra f\u00f6retag regionalt och nationellt.<\/p>\n<p>Listan p\u00e5 vinnande ProCivitasf\u00f6retag genom \u00e5ren kan g\u00f6ras l\u00e5ng men det viktigaste \u00e4r varje elevs personliga utveckling som blir resultatet n\u00e4r nyvunna kunskaper oms\u00e4tts i praktiken.<\/span><\/p>\n\n\t\t\t\t\t<\/div>\n\t\t\t\t\t\t\t<\/div>\n\n\t\t\t\t<div class=\"ams-fifty__action u-inline-items\">\n\t\t\t\t\t\t\t\n\n\n<a href=\"https:\/\/procivitas.se\/vaxjo\/manifestationer\/ung-foretagsamhet\/\"\n\t\n\tclass=\"c-btn \"\n\tdata-style=\"rounded\"\n\tdata-size=\"md\"\n\tdata-width=\"full-mobile\"\n\tdata-variant=\"default\"\n\ttarget=\"_self\">\n\t\t\t<span class=\"label\"> Till UF-sidan<\/span>\n\t\t\t<\/a>\n\t\t\t<\/div>\n\t\t<\/div>\n\n\t\t <div class=\"ams-fifty__media u-ratio-square\">\n\t\t \t\t\t\t\t<img decoding=\"async\" width=\"600\" height=\"400\" src=\"https:\/\/procivitas.se\/wp-content\/uploads\/sites\/9\/2025\/07\/provaxjofotografering202503-20303webb96-600x400.jpg\" class=\"attachment-md size-md\" alt=\"Elever har UF-lektion.\" sizes=\"(min-width: 64em) 600px, calc(100vw - 160px)\" srcset=\"https:\/\/procivitas.se\/wp-content\/uploads\/sites\/9\/2025\/07\/provaxjofotografering202503-20303webb96-600x400.jpg 600w, https:\/\/procivitas.se\/wp-content\/uploads\/sites\/9\/2025\/07\/provaxjofotografering202503-20303webb96-300x200.jpg 300w, https:\/\/procivitas.se\/wp-content\/uploads\/sites\/9\/2025\/07\/provaxjofotografering202503-20303webb96-400x267.jpg 400w, https:\/\/procivitas.se\/wp-content\/uploads\/sites\/9\/2025\/07\/provaxjofotografering202503-20303webb96-800x533.jpg 800w, https:\/\/procivitas.se\/wp-content\/uploads\/sites\/9\/2025\/07\/provaxjofotografering202503-20303webb96-1024x683.jpg 1024w, https:\/\/procivitas.se\/wp-content\/uploads\/sites\/9\/2025\/07\/provaxjofotografering202503-20303webb96.jpg 1200w\" \/>\n\t\t\t\n\t\t\t\n\t\t\t\t\t<\/div>\n\t<\/div>\n\n\t\t\n\n<\/section>\n\n\n\n\t\n\t\n\t\n\n\t\n\t\n\t\t\n<section  class=\"c-block l-stacked  \" data-color-scheme=\"white\">\n\t<div class=\"ams-fifty ams-fifty--container ams-fifty--right ams-fifty--top l-container u-pt-fluid-3xl-6xl u-pb-fluid-3xl-6xl\">\n\t\t<div class=\"ams-fifty__content l-stack l-stack-xl is-left is-left@lg\">\n\t\t\t<div class=\"ams-fifty__text l-stack l-stack-lg\">\n\t\t\t\t\t\n\t<h2\n\tclass=\"c-heading u-font-title-1 \"\n\tstyle=\"\">\n\t\t\n\t\t\t\t\tMentorskaps-programmet\n\t\t\t\t\n\t<\/h2>\n\n\t\t\t\t\t\t\t\t\t<div class=\"text l-stack u-font-body\">\n\t\t\t\t\t\t<p><span data-sheets-value=\"{&quot;1&quot;:2,&quot;2&quot;:&quot;Genom ProCivitas mentorsprogram erbjuds du en unik m\u00f6jlighet att f\u00e5 en inblick i arbetslivet. Ditt intresse f\u00f6r bransch och utbildning anpassas till valet av din mentor oavsett vilket program du l\u00e4ser. Mentorn, en representant f\u00f6r en mindre eller st\u00f6rre arbetsplats, fungerar under ditt sista \u00e5r som ditt personliga bollplank och inspirationsk\u00e4lla.\\n\\nMentorskapet kan hj\u00e4lpa dig att se dina egna styrkor, f\u00e5 en tydligare framtidsbild, vidgade perspektiv och ett ut\u00f6kat kontaktn\u00e4t. V\u00e5ra mentorer kommer fr\u00e5n en rad olika branscher och f\u00f6retag. Mentorsprogrammet \u00e4r strukturerat med tydliga m\u00e5l och syftar till personlig och professionell utveckling.&quot;}\" data-sheets-userformat=\"{&quot;2&quot;:929,&quot;3&quot;:{&quot;1&quot;:0},&quot;8&quot;:{&quot;1&quot;:[{&quot;1&quot;:2,&quot;2&quot;:0,&quot;5&quot;:{&quot;1&quot;:2,&quot;2&quot;:0}},{&quot;1&quot;:0,&quot;2&quot;:0,&quot;3&quot;:3},{&quot;1&quot;:1,&quot;2&quot;:0,&quot;4&quot;:1}]},&quot;10&quot;:0,&quot;11&quot;:4,&quot;12&quot;:0}\">Genom ProCivitas Mentorsprogram erbjuds du en unik m\u00f6jlighet att f\u00e5 en inblick i arbetslivet. Ditt intresse f\u00f6r bransch och utbildning anpassas till valet av din mentor oavsett vilket program du l\u00e4ser. Mentorn, en representant f\u00f6r en mindre eller st\u00f6rre arbetsplats, fungerar under ditt sista \u00e5r som ditt personliga bollplank och inspirationsk\u00e4lla.<\/span><\/p>\n<p>Mentorskapet kan hj\u00e4lpa dig att se dina egna styrkor, f\u00e5 en tydligare framtidsbild, vidgade perspektiv och ett ut\u00f6kat kontaktn\u00e4t. V\u00e5ra mentorer kommer fr\u00e5n en rad olika branscher och f\u00f6retag. Mentorsprogrammet \u00e4r strukturerat med tydliga m\u00e5l och syftar till personlig och professionell utveckling.<\/p>\n\n\t\t\t\t\t<\/div>\n\t\t\t\t\t\t\t<\/div>\n\n\t\t\t\t<div class=\"ams-fifty__action u-inline-items\">\n\t\t\t\t\t\t\t\n\n\n<a href=\"https:\/\/procivitas.se\/vaxjo\/manifestationer\/mentorsprogrammet\/\"\n\t\n\tclass=\"c-btn \"\n\tdata-style=\"rounded\"\n\tdata-size=\"md\"\n\tdata-width=\"full-mobile\"\n\tdata-variant=\"default\"\n\ttarget=\"_self\">\n\t\t\t<span class=\"label\"> Om Mentorsprogrammet<\/span>\n\t\t\t<\/a>\n\t\t\t<\/div>\n\t\t<\/div>\n\n\t\t <div class=\"ams-fifty__media u-ratio-square\">\n\t\t \t\t\t\t\t<img decoding=\"async\" width=\"600\" height=\"472\" src=\"https:\/\/procivitas.se\/wp-content\/uploads\/sites\/9\/2025\/07\/provaxjofotografering202503-20303webb279-e1751634732980-600x472.jpg\" class=\"attachment-md size-md\" alt=\"Elev tittar in i kameran under lektion.\" sizes=\"(min-width: 64em) 600px, calc(100vw - 160px)\" srcset=\"https:\/\/procivitas.se\/wp-content\/uploads\/sites\/9\/2025\/07\/provaxjofotografering202503-20303webb279-e1751634732980-600x472.jpg 600w, https:\/\/procivitas.se\/wp-content\/uploads\/sites\/9\/2025\/07\/provaxjofotografering202503-20303webb279-e1751634732980-300x236.jpg 300w, https:\/\/procivitas.se\/wp-content\/uploads\/sites\/9\/2025\/07\/provaxjofotografering202503-20303webb279-e1751634732980-400x314.jpg 400w, https:\/\/procivitas.se\/wp-content\/uploads\/sites\/9\/2025\/07\/provaxjofotografering202503-20303webb279-e1751634732980-800x629.jpg 800w, https:\/\/procivitas.se\/wp-content\/uploads\/sites\/9\/2025\/07\/provaxjofotografering202503-20303webb279-e1751634732980.jpg 1018w\" \/>\n\t\t\t\n\t\t\t\n\t\t\t\t\t<\/div>\n\t<\/div>\n\n\t\t\n\n<\/section>\n\n\n\n\t\n\t\n\t\n\n\t\n\t\n\t\t\n<section  class=\"c-block l-stacked  \" data-color-scheme=\"white\">\n\t<div class=\"ams-fifty ams-fifty--container ams-fifty--left ams-fifty--top l-container u-pt-fluid-3xl-6xl u-pb-fluid-3xl-6xl\">\n\t\t<div class=\"ams-fifty__content l-stack l-stack-xl is-left is-left@lg\">\n\t\t\t<div class=\"ams-fifty__text l-stack l-stack-lg\">\n\t\t\t\t\t\n\t<h2\n\tclass=\"c-heading u-font-title-1 \"\n\tstyle=\"\">\n\t\t\n\t\t\t\t\tAlumnin\u00e4tverk\n\t\t\t\t\n\t<\/h2>\n\n\t\t\t\t\t\t\t\t\t<div class=\"text l-stack u-font-body\">\n\t\t\t\t\t\t<p><span data-sheets-value=\"{&quot;1&quot;:2,&quot;2&quot;:&quot;\u00e5 ProCivitas \u00e4r vi stolta \u00f6ver v\u00e5ra tidigare elever och listan kan g\u00f6ras l\u00e5ng \u00f6ver alumner som i dag \u00e4r v\u00e4lk\u00e4nda b\u00e5de utomlands och i Sverige. V\u00e5ra alumners roller i arbetslivet \u00e4r allt fr\u00e5n ekonomer, riksdagsledam\u00f6ter, idrottsstj\u00e4rnor, artister och framg\u00e5ngsrika entrepren\u00f6rer. Som levande exempel p\u00e5 att det g\u00e5r att f\u00f6rverkliga sina dr\u00f6mmar blir de m\u00f6jliga f\u00f6rebilder f\u00f6r dagens elever. \\n\\nL\u00e5t oss presentera ProCivitas Wall of Fame.&quot;}\" data-sheets-userformat=\"{&quot;2&quot;:929,&quot;3&quot;:{&quot;1&quot;:0},&quot;8&quot;:{&quot;1&quot;:[{&quot;1&quot;:2,&quot;2&quot;:0,&quot;5&quot;:{&quot;1&quot;:2,&quot;2&quot;:0}},{&quot;1&quot;:0,&quot;2&quot;:0,&quot;3&quot;:3},{&quot;1&quot;:1,&quot;2&quot;:0,&quot;4&quot;:1}]},&quot;10&quot;:0,&quot;11&quot;:4,&quot;12&quot;:0}\">P\u00e5 ProCivitas \u00e4r vi stolta \u00f6ver v\u00e5ra tidigare elever och listan kan g\u00f6ras l\u00e5ng \u00f6ver alumner som i dag \u00e4r v\u00e4lk\u00e4nda b\u00e5de utomlands och i Sverige. V\u00e5ra alumners roller i arbetslivet \u00e4r allt fr\u00e5n ekonomer, riksdagsledam\u00f6ter, idrottsstj\u00e4rnor, artister och framg\u00e5ngsrika entrepren\u00f6rer. Som levande exempel p\u00e5 att det g\u00e5r att f\u00f6rverkliga sina dr\u00f6mmar blir de m\u00f6jliga f\u00f6rebilder f\u00f6r dagens elever.<\/p>\n<p>L\u00e5t oss presentera ProCivitas Wall of Fame.<\/span><\/p>\n\n\t\t\t\t\t<\/div>\n\t\t\t\t\t\t\t<\/div>\n\n\t\t\t\t<div class=\"ams-fifty__action u-inline-items\">\n\t\t\t\t\t\t\t\n\n\n<a href=\"https:\/\/procivitas.se\/vaxjo\/manifestationer\/alumner\/\"\n\t\n\tclass=\"c-btn \"\n\tdata-style=\"rounded\"\n\tdata-size=\"md\"\n\tdata-width=\"full-mobile\"\n\tdata-variant=\"default\"\n\ttarget=\"_self\">\n\t\t\t<span class=\"label\"> Till alumnisidan<\/span>\n\t\t\t<\/a>\n\t\t\t<\/div>\n\t\t<\/div>\n\n\t\t <div class=\"ams-fifty__media u-ratio-square\">\n\t\t \t\t\t\t\t<img decoding=\"async\" width=\"600\" height=\"900\" src=\"https:\/\/procivitas.se\/wp-content\/uploads\/sites\/9\/2025\/07\/provaxjofotografering202503-20303webb92-600x900.jpg\" class=\"attachment-md size-md\" alt=\"Elever framf\u00f6r ProCivitas v\u00e4rdeord.\" sizes=\"(min-width: 64em) 600px, calc(100vw - 160px)\" srcset=\"https:\/\/procivitas.se\/wp-content\/uploads\/sites\/9\/2025\/07\/provaxjofotografering202503-20303webb92-600x900.jpg 600w, https:\/\/procivitas.se\/wp-content\/uploads\/sites\/9\/2025\/07\/provaxjofotografering202503-20303webb92-300x450.jpg 300w, https:\/\/procivitas.se\/wp-content\/uploads\/sites\/9\/2025\/07\/provaxjofotografering202503-20303webb92-400x600.jpg 400w, https:\/\/procivitas.se\/wp-content\/uploads\/sites\/9\/2025\/07\/provaxjofotografering202503-20303webb92.jpg 800w\" \/>\n\t\t\t\n\t\t\t\n\t\t\t\t\t<\/div>\n\t<\/div>\n\n\t\t\n\n<\/section>\n\n\n\n\n<section  class=\"ams-cta ams-cta--stacked c-block l-stacked heading-decor\" data-color-scheme=\"blue\">\n\t<div class=\"l-container-narrow l-stack l-stack-fluid-2xl u-pt-fluid-3xl-6xl u-pb-fluid-3xl-6xl is-center is-center@md\">\n\t\t\t\t\t<div class=\"ams-cta__intro l-stack l-stack-lg\">\n\t\t\t\t\t\n\t<h2\n\tclass=\"c-heading u-font-title-1 \"\n\tstyle=\"\">\n\t\t\n\t\t\t\t\t\u00d6ppet hus\n\t\t\t\t\n\t<\/h2>\n\n\t\t\t\t\t\t\t\t\t<div class=\"c-text l-stack u-cs-xl u-font-preamble\">\n\t\t\t\t\t\t<p><span data-sheets-value=\"{&quot;1&quot;:2,&quot;2&quot;:&quot;\u00c4r du nyfiken p\u00e5 ProCivitas \u00e4r ett \u00f6ppet hus tillf\u00e4lle en perfekt chans att l\u00e4ra k\u00e4nna oss. Under ett \u00f6ppet hus f\u00e5r du se v\u00e5ra fina lokaler, prata med elever och l\u00e4rare och k\u00e4nna av st\u00e4mningen p\u00e5 skolan. &quot;}\" data-sheets-userformat=\"{&quot;2&quot;:929,&quot;3&quot;:{&quot;1&quot;:0},&quot;8&quot;:{&quot;1&quot;:[{&quot;1&quot;:2,&quot;2&quot;:0,&quot;5&quot;:{&quot;1&quot;:2,&quot;2&quot;:0}},{&quot;1&quot;:0,&quot;2&quot;:0,&quot;3&quot;:3},{&quot;1&quot;:1,&quot;2&quot;:0,&quot;4&quot;:1}]},&quot;10&quot;:0,&quot;11&quot;:4,&quot;12&quot;:0}\">\u00c4r du nyfiken p\u00e5 ProCivitas \u00e4r ett \u00d6ppet hus tillf\u00e4lle en perfekt chans att l\u00e4ra k\u00e4nna oss. Under ett \u00d6ppet hus f\u00e5r du se v\u00e5ra fina lokaler, prata med elever och l\u00e4rare och k\u00e4nna av st\u00e4mningen p\u00e5 skolan. <\/span><\/p>\n\n\t\t\t\t\t<\/div>\n\t\t\t\t\t\t\t<\/div>\n\t\t\n\t\t\n\t\t\t<div class=\"ams-cta__action u-inline-items\">\n\t\t\t\t\t\t\t\n\n\n<a href=\"https:\/\/procivitas.se\/vaxjo\/oppet-hus\/\"\n\t\n\tclass=\"c-btn \"\n\tdata-style=\"rounded\"\n\tdata-size=\"md\"\n\tdata-width=\"full-mobile\"\n\tdata-variant=\"default\"\n\ttarget=\"_self\">\n\t\t\t<span class=\"label\"> Bes\u00f6k \u00d6ppet hus <\/span>\n\t\t\t<\/a>\n\t\t\t<\/div>\n\t<\/div>\n\n\t\t\n\n<\/section>\n","protected":false},"excerpt":{"rendered":"","protected":false},"author":1,"featured_media":0,"parent":0,"menu_order":0,"comment_status":"closed","ping_status":"closed","template":"","meta":{"footnotes":""},"yoast_head":"<!-- This site is optimized with the Yoast SEO plugin v22.0 - https:\/\/yoast.com\/wordpress\/plugins\/seo\/ -->\n<title>V\u00e5r koppling till n\u00e4ringslivet - ProCivitas Privata Gymnasium V\u00e4xj\u00f6<\/title>\n<meta name=\"description\" content=\"L\u00e4s mer om vad som g\u00f6r ProCivitas unika och s\u00e5 framg\u00e5ngsrika. Hos oss har vi l\u00e5ng erfarenhet av bland annat UF-f\u00f6retag och mentorsprogram.\" \/>\n<meta name=\"robots\" content=\"index, follow, max-snippet:-1, max-image-preview:large, max-video-preview:-1\" \/>\n<link rel=\"canonical\" href=\"https:\/\/procivitas.se\/vaxjo\/var-koppling-till-naringslivet\/\" \/>\n<meta property=\"og:locale\" content=\"sv_SE\" \/>\n<meta property=\"og:type\" content=\"article\" \/>\n<meta property=\"og:title\" content=\"V\u00e5r koppling till n\u00e4ringslivet - ProCivitas Privata Gymnasium V\u00e4xj\u00f6\" \/>\n<meta property=\"og:description\" content=\"L\u00e4s mer om vad som g\u00f6r ProCivitas unika och s\u00e5 framg\u00e5ngsrika. Hos oss har vi l\u00e5ng erfarenhet av bland annat UF-f\u00f6retag och mentorsprogram.\" \/>\n<meta property=\"og:url\" content=\"https:\/\/procivitas.se\/vaxjo\/var-koppling-till-naringslivet\/\" \/>\n<meta property=\"og:site_name\" content=\"V\u00e4xj\u00f6\" \/>\n<meta property=\"article:modified_time\" content=\"2026-04-08T08:23:36+00:00\" \/>\n<meta name=\"twitter:card\" content=\"summary_large_image\" \/>\n<meta name=\"twitter:title\" content=\"V\u00e5r koppling till n\u00e4ringslivet - ProCivitas Privata Gymnasium V\u00e4xj\u00f6\" \/>\n<meta name=\"twitter:description\" content=\"L\u00e4s mer om vad som g\u00f6r ProCivitas unika och s\u00e5 framg\u00e5ngsrika. Hos oss har vi l\u00e5ng erfarenhet av bland annat UF-f\u00f6retag och mentorsprogram.\" \/>\n<meta name=\"twitter:label1\" content=\"Est. reading time\" \/>\n\t<meta name=\"twitter:data1\" content=\"3 minuter\" \/>\n<script type=\"application\/ld+json\" class=\"yoast-schema-graph\">{\"@context\":\"https:\/\/schema.org\",\"@graph\":[{\"@type\":\"WebPage\",\"@id\":\"https:\/\/procivitas.se\/vaxjo\/var-koppling-till-naringslivet\/\",\"url\":\"https:\/\/procivitas.se\/vaxjo\/var-koppling-till-naringslivet\/\",\"name\":\"V\u00e5r koppling till n\u00e4ringslivet - ProCivitas Privata Gymnasium V\u00e4xj\u00f6\",\"isPartOf\":{\"@id\":\"https:\/\/procivitas.se\/vaxjo\/#website\"},\"datePublished\":\"2023-10-09T06:48:36+00:00\",\"dateModified\":\"2026-04-08T08:23:36+00:00\",\"description\":\"L\u00e4s mer om vad som g\u00f6r ProCivitas unika och s\u00e5 framg\u00e5ngsrika. Hos oss har vi l\u00e5ng erfarenhet av bland annat UF-f\u00f6retag och mentorsprogram.\",\"breadcrumb\":{\"@id\":\"https:\/\/procivitas.se\/vaxjo\/var-koppling-till-naringslivet\/#breadcrumb\"},\"inLanguage\":\"sv-SE\",\"potentialAction\":[{\"@type\":\"ReadAction\",\"target\":[\"https:\/\/procivitas.se\/vaxjo\/var-koppling-till-naringslivet\/\"]}]},{\"@type\":\"BreadcrumbList\",\"@id\":\"https:\/\/procivitas.se\/vaxjo\/var-koppling-till-naringslivet\/#breadcrumb\",\"itemListElement\":[{\"@type\":\"ListItem\",\"position\":1,\"name\":\"Start\",\"item\":\"https:\/\/procivitas.se\/vaxjo\/\"},{\"@type\":\"ListItem\",\"position\":2,\"name\":\"V\u00e5r koppling till n\u00e4ringslivet\"}]},{\"@type\":\"WebSite\",\"@id\":\"https:\/\/procivitas.se\/vaxjo\/#website\",\"url\":\"https:\/\/procivitas.se\/vaxjo\/\",\"name\":\"V\u00e4xj\u00f6\",\"description\":\"Just another WordPress site\",\"potentialAction\":[{\"@type\":\"SearchAction\",\"target\":{\"@type\":\"EntryPoint\",\"urlTemplate\":\"https:\/\/procivitas.se\/vaxjo\/?s={search_term_string}\"},\"query-input\":\"required name=search_term_string\"}],\"inLanguage\":\"sv-SE\"}]}<\/script>\n<!-- \/ Yoast SEO plugin. -->","yoast_head_json":{"title":"V\u00e5r koppling till n\u00e4ringslivet - ProCivitas Privata Gymnasium V\u00e4xj\u00f6","description":"L\u00e4s mer om vad som g\u00f6r ProCivitas unika och s\u00e5 framg\u00e5ngsrika. Hos oss har vi l\u00e5ng erfarenhet av bland annat UF-f\u00f6retag och mentorsprogram.","robots":{"index":"index","follow":"follow","max-snippet":"max-snippet:-1","max-image-preview":"max-image-preview:large","max-video-preview":"max-video-preview:-1"},"canonical":"https:\/\/procivitas.se\/vaxjo\/var-koppling-till-naringslivet\/","og_locale":"sv_SE","og_type":"article","og_title":"V\u00e5r koppling till n\u00e4ringslivet - ProCivitas Privata Gymnasium V\u00e4xj\u00f6","og_description":"L\u00e4s mer om vad som g\u00f6r ProCivitas unika och s\u00e5 framg\u00e5ngsrika. Hos oss har vi l\u00e5ng erfarenhet av bland annat UF-f\u00f6retag och mentorsprogram.","og_url":"https:\/\/procivitas.se\/vaxjo\/var-koppling-till-naringslivet\/","og_site_name":"V\u00e4xj\u00f6","article_modified_time":"2026-04-08T08:23:36+00:00","twitter_card":"summary_large_image","twitter_title":"V\u00e5r koppling till n\u00e4ringslivet - ProCivitas Privata Gymnasium V\u00e4xj\u00f6","twitter_description":"L\u00e4s mer om vad som g\u00f6r ProCivitas unika och s\u00e5 framg\u00e5ngsrika. Hos oss har vi l\u00e5ng erfarenhet av bland annat UF-f\u00f6retag och mentorsprogram.","twitter_misc":{"Est. reading time":"3 minuter"},"schema":{"@context":"https:\/\/schema.org","@graph":[{"@type":"WebPage","@id":"https:\/\/procivitas.se\/vaxjo\/var-koppling-till-naringslivet\/","url":"https:\/\/procivitas.se\/vaxjo\/var-koppling-till-naringslivet\/","name":"V\u00e5r koppling till n\u00e4ringslivet - ProCivitas Privata Gymnasium V\u00e4xj\u00f6","isPartOf":{"@id":"https:\/\/procivitas.se\/vaxjo\/#website"},"datePublished":"2023-10-09T06:48:36+00:00","dateModified":"2026-04-08T08:23:36+00:00","description":"L\u00e4s mer om vad som g\u00f6r ProCivitas unika och s\u00e5 framg\u00e5ngsrika. Hos oss har vi l\u00e5ng erfarenhet av bland annat UF-f\u00f6retag och mentorsprogram.","breadcrumb":{"@id":"https:\/\/procivitas.se\/vaxjo\/var-koppling-till-naringslivet\/#breadcrumb"},"inLanguage":"sv-SE","potentialAction":[{"@type":"ReadAction","target":["https:\/\/procivitas.se\/vaxjo\/var-koppling-till-naringslivet\/"]}]},{"@type":"BreadcrumbList","@id":"https:\/\/procivitas.se\/vaxjo\/var-koppling-till-naringslivet\/#breadcrumb","itemListElement":[{"@type":"ListItem","position":1,"name":"Start","item":"https:\/\/procivitas.se\/vaxjo\/"},{"@type":"ListItem","position":2,"name":"V\u00e5r koppling till n\u00e4ringslivet"}]},{"@type":"WebSite","@id":"https:\/\/procivitas.se\/vaxjo\/#website","url":"https:\/\/procivitas.se\/vaxjo\/","name":"V\u00e4xj\u00f6","description":"Just another WordPress site","potentialAction":[{"@type":"SearchAction","target":{"@type":"EntryPoint","urlTemplate":"https:\/\/procivitas.se\/vaxjo\/?s={search_term_string}"},"query-input":"required name=search_term_string"}],"inLanguage":"sv-SE"}]}},"_links":{"self":[{"href":"https:\/\/procivitas.se\/vaxjo\/wp-json\/wp\/v2\/pages\/1677"}],"collection":[{"href":"https:\/\/procivitas.se\/vaxjo\/wp-json\/wp\/v2\/pages"}],"about":[{"href":"https:\/\/procivitas.se\/vaxjo\/wp-json\/wp\/v2\/types\/page"}],"author":[{"embeddable":true,"href":"https:\/\/procivitas.se\/vaxjo\/wp-json\/wp\/v2\/users\/1"}],"replies":[{"embeddable":true,"href":"https:\/\/procivitas.se\/vaxjo\/wp-json\/wp\/v2\/comments?post=1677"}],"version-history":[{"count":10,"href":"https:\/\/procivitas.se\/vaxjo\/wp-json\/wp\/v2\/pages\/1677\/revisions"}],"predecessor-version":[{"id":3627,"href":"https:\/\/procivitas.se\/vaxjo\/wp-json\/wp\/v2\/pages\/1677\/revisions\/3627"}],"wp:attachment":[{"href":"https:\/\/procivitas.se\/vaxjo\/wp-json\/wp\/v2\/media?parent=1677"}],"curies":[{"name":"wp","href":"https:\/\/api.w.org\/{rel}","templated":true}]}}