{"id":2401,"date":"2023-10-27T10:35:00","date_gmt":"2023-10-27T08:35:00","guid":{"rendered":"https:\/\/procivitas.se\/vaxjo\/?page_id=2401"},"modified":"2026-04-08T10:23:05","modified_gmt":"2026-04-08T08:23:05","slug":"mentorskapet","status":"publish","type":"page","link":"https:\/\/procivitas.se\/vaxjo\/mentorskapet\/","title":{"rendered":"Erasmus"},"content":{"rendered":"\n\t\n\t\n\t\n\t\n\t\n\n<section \n\tclass=\"ams-hero ams-hero--classic ams-hero--default c-block l-stacked heading-decor  \"\n\tdata-color-scheme=\"blue\"\n\tstyle=\"\">\n\t<div class=\"ams-hero__container u-items-center u-justify-center\">\n\t\t<div\n\t\t\tclass=\"ams-hero__content l-stack l-stack-xl is-center is-center@md\" >\n\t\t\t<div class=\"l-stack l-stack-lg\">\n\t\t\t\t\t\n\t<h1\n\tclass=\"c-heading u-font-large \"\n\tstyle=\"\">\n\t\t<span>\n\t\t\t\t\tERASMUS+\n\t\t\t\t<\/span>\n\t<\/h1>\n\n\t\t\t\t\t\t\t\t\t<div class=\"text l-stack u-font-preamble\">\n\t\t\t\t\t\t<p>Ett Mentorsprogram f\u00f6r framtiden<\/p>\n\n\t\t\t\t\t<\/div>\n\t\t\t\t\t\t\t<\/div>\n\n\t\t\t\t\t<\/div>\n\t<\/div>\n\n\t\n\n<\/section>\n\n\n\n<div class=\"wp-block-group is-style-narrow is-layout-flow wp-block-group-is-layout-flow\">\n<h2 class=\"wp-block-heading\">VAR MED I ETT INTERNATIONELLT SAMMANHANG<\/h2>\n\n\n\n<p>Att etablera varaktig kontakt mellan n\u00e4ringsliv och ungdomar redan i tidig \u00e5lder f\u00f6rb\u00e4ttrar m\u00f6jligheterna till en framg\u00e5ngsrik karri\u00e4r. ProCivitas V\u00e4xj\u00f6 har tillsammans med samarbetande skolor i Europa skapat ett unikt Mentorsprogram. Det EU-finansierade projektet \u00e4r tv\u00e5\u00e5rigt och syftar till att ge eleverna b\u00e4ttre m\u00f6jligheter f\u00f6r deras framtid.<\/p>\n\n\n\n<p>Tillsammans arbetar vi med att skapa ett program f\u00f6r mentorskap under gymnasietiden. Projektets titel \u00e4r \u201dEnhancing the possibilities of the future with a Mentoring programme\u201d. ProCivitas har under m\u00e5nga \u00e5r arbetat med ett Mentorsprogram. Nu vill vi l\u00e4ra oss mer om mentorskap i andra l\u00e4nder, samt utveckla och sprida programmet till andra skolor i Europa.<\/p>\n\n\n\n<p>I samarbetet g\u00f6r vi bland annat studiebes\u00f6k p\u00e5 mentorers arbetsplatser vid V\u00e4xj\u00f6 kommun, Linn\u00e9universitetet, Arbetsf\u00f6rmedlingen, S\u00f6dra och Arenastaden f\u00f6r att ge bes\u00f6karna bilden av hur svenskt n\u00e4ringsliv, organisationer och idrottsliv fungerar.<\/p>\n\n\n\n<p>Det h\u00e4r \u00e4r ett givande kunskapsutbyte f\u00f6r b\u00e5de adept och mentor, s\u00e4ger Linda Claeson, HR-chef p\u00e5 S\u00f6dra Skog:<\/p>\n\n\n\n<p>\u201cDet \u00e4r viktigt att ungdomar tidigt f\u00f6rst\u00e5r vikten av n\u00e4tverkande och att de kan f\u00e5 en koppling till n\u00e4ringslivet. F\u00f6r oss som arbetsgivare ger det oss en fantastisk m\u00f6jlighet att f\u00e5 en inblick i hur dagens ungdomar v\u00e4rderar n\u00e4r de v\u00e4ljer utbildning och senare arbetsplats.\u201d<\/p>\n\n\n\n<p>Under bes\u00f6ken i Camaiore i Italien, Zagreb i Kroatien och Vratsa i Bulgarien har uppl\u00e4gget varit detsamma med bes\u00f6k p\u00e5 universitet, f\u00f6retag och organisationer regionalt.<\/p>\n\n\n\n<p>Du kan f\u00f6lja hela projektets utveckling p\u00e5 dess officiella hemsida:\u00a0<a href=\"https:\/\/mentoringproject.home.blog\/\" target=\"_blank\" rel=\"noreferrer noopener\">https:\/\/mentoringproject.home.blog\/<\/a>. D\u00e4r kan du ocks\u00e5 l\u00e4sa och ladda ner den digitala manual som skapats under projektet ang\u00e5ende hur man kan starta och driva ett Mentorsprogram. Framf\u00f6rallt kan du l\u00e4sa om de erfarenheter och l\u00e4rdomar elever, l\u00e4rare och mentorer tagit med sig under detta Erasmus+ projekt!<\/p>\n\n\n\n<p>#mentoringbeyondborders #mentoring #erasmus+<\/p>\n\n\n\t<div\n\t\t class=\"module_wrapper container-fluid images-module\" >\n\t\t<div class=\"row\">\n\t\t\t<div\n\t\t\t\t\tclass=\"col-12 m-0 p-0 position-relative images_module__slideshow images_module__slideshow-container module-expand \">\n\n\t\t\t\t<div class=\"images_module__slide \" data-slide=\"\"\n\t\t\t\t\t data-duration=\"\"><\/div>\n\t\t\t\t\t\t\t\t\t<div\n\t\t\t\t\t\t class=\"images_module__slides \">\n\n\n\t\t\t\t\t\t<div class=\"images__wrapper\"\n\t\t\t\t\t\t\t style=\"aspect-ratio: 1441 \/ 531;\">\n\t\t\t\t\t\t\t<img decoding=\"async\" width=\"768\" height=\"296\" src=\"https:\/\/procivitas.se\/wp-content\/uploads\/sites\/9\/2023\/10\/erasmus2.png\" class=\"images__image_ratio  \" alt=\"Erasmus+ logga.\" style=\"aspect-ratio: 1441 \/ 531;object-position: center center;\" srcset=\"https:\/\/procivitas.se\/wp-content\/uploads\/sites\/9\/2023\/10\/erasmus2.png 768w, https:\/\/procivitas.se\/wp-content\/uploads\/sites\/9\/2023\/10\/erasmus2-300x116.png 300w, https:\/\/procivitas.se\/wp-content\/uploads\/sites\/9\/2023\/10\/erasmus2-400x154.png 400w, https:\/\/procivitas.se\/wp-content\/uploads\/sites\/9\/2023\/10\/erasmus2-600x231.png 600w\" sizes=\"(max-width: 768px) 100vw, 768px\" \/>\t\t\t\t\t\t<\/div>\n\n\t\t\t\t\t\t\n\t\t\t\t\t\t\t\t\t\t\t<\/div>\n\t\t\t\t\n\t\t\t\t<div class=\"images_module__container_dot \">\n\t\t\t\t\t<div style=\"text-align:center\">\n\t\t\t\t\t\t\t\t\t\t\t\t\t<span   data-i=\"0\"\n\t\t\t\t\t\t\t\t  class=\"images_module__dot\n\t\t\t\t\t\t\t\t\t\t\t\t\t  \"><\/span>\n\t\t\t\t\t\t\t\t\t\t\t<\/div>\n\t\t\t\t<\/div>\n\n\t\t\t<\/div>\n\t\t<\/div>\n\t<\/div>\n\n\n\t\n\n\n<script>\n\tvar images_display_descriptive_text = \"\";\n<\/script>\n<\/div>\n\n\n\n\n<section  class=\"ams-cta ams-cta--stacked c-block l-stacked heading-decor \" data-color-scheme=\"blue\">\n\t<div class=\"l-container-narrow l-stack l-stack-fluid-2xl u-pt-fluid-3xl-6xl u-pb-fluid-3xl-6xl is-center is-center@md\">\n\t\t\t\t\t<div class=\"ams-cta__intro l-stack l-stack-lg\">\n\t\t\t\t\t\n\t<h2\n\tclass=\"c-heading u-font-title-1 \"\n\tstyle=\"\">\n\t\t\n\t\t\t\t\t\u00d6ppet hus \n\t\t\t\t\n\t<\/h2>\n\n\t\t\t\t\t\t\t\t\t<div class=\"c-text l-stack u-cs-xl u-font-preamble\">\n\t\t\t\t\t\t<div>P\u00e5 ProCivitas st\u00e4ller vi h\u00f6ga krav p\u00e5 v\u00e5ra elever och v\u00e5r verksamhet. V\u00e5ra l\u00e4rare \u00e4r experter p\u00e5 att m\u00f6ta och utmana studiemotiverade elever s\u00e5 att de n\u00e5r sin fulla potential. Hos oss pr\u00e4glas kulturen av engagemang, gemenskap och entrepren\u00f6rskap.<\/div>\n\n\t\t\t\t\t<\/div>\n\t\t\t\t\t\t\t<\/div>\n\t\t\n\t\t\n\t\t\t<div class=\"ams-cta__action u-inline-items\">\n\t\t\t\t\t\t\t\n\n\n<a href=\"https:\/\/procivitas.se\/vaxjo\/oppet-hus\/\"\n\t\n\tclass=\"c-btn \"\n\tdata-style=\"rounded\"\n\tdata-size=\"md\"\n\tdata-width=\"full-mobile\"\n\tdata-variant=\"default\"\n\ttarget=\"_self\">\n\t\t\t<span class=\"label\"> Bes\u00f6k \u00d6ppet hus <\/span>\n\t\t\t<\/a>\n\t\t\t<\/div>\n\t<\/div>\n\n\t\t\n\n<\/section>\n","protected":false},"excerpt":{"rendered":"<p>VAR MED I ETT INTERNATIONELLT SAMMANHANG Att etablera varaktig kontakt mellan n\u00e4ringsliv och ungdomar redan i tidig \u00e5lder f\u00f6rb\u00e4ttrar m\u00f6jligheterna till en framg\u00e5ngsrik karri\u00e4r. ProCivitas V\u00e4xj\u00f6 har tillsammans med samarbetande skolor i Europa skapat ett unikt Mentorsprogram. Det EU-finansierade projektet \u00e4r tv\u00e5\u00e5rigt och syftar till att ge eleverna b\u00e4ttre m\u00f6jligheter f\u00f6r deras framtid. Tillsammans arbetar&#8230;<\/p>\n","protected":false},"author":9,"featured_media":0,"parent":0,"menu_order":0,"comment_status":"closed","ping_status":"closed","template":"","meta":{"footnotes":""},"yoast_head":"<!-- This site is optimized with the Yoast SEO plugin v22.0 - https:\/\/yoast.com\/wordpress\/plugins\/seo\/ -->\n<title>Erasmus - ProCivitas Privata Gymnasium V\u00e4xj\u00f6<\/title>\n<meta name=\"description\" content=\"Erasmus+ \u00e4r ett mentorsprogram f\u00f6r framtiden\u00a0som ProCivitas \u00e4r den del av tillsammans med andra skolor runt om i EU.\" \/>\n<meta name=\"robots\" content=\"index, follow, max-snippet:-1, max-image-preview:large, max-video-preview:-1\" \/>\n<link rel=\"canonical\" href=\"https:\/\/procivitas.se\/vaxjo\/mentorskapet\/\" \/>\n<meta property=\"og:locale\" content=\"sv_SE\" \/>\n<meta property=\"og:type\" content=\"article\" \/>\n<meta property=\"og:title\" content=\"Erasmus - ProCivitas Privata Gymnasium V\u00e4xj\u00f6\" \/>\n<meta property=\"og:description\" content=\"Erasmus+ \u00e4r ett mentorsprogram f\u00f6r framtiden\u00a0som ProCivitas \u00e4r den del av tillsammans med andra skolor runt om i EU.\" \/>\n<meta property=\"og:url\" content=\"https:\/\/procivitas.se\/vaxjo\/mentorskapet\/\" \/>\n<meta property=\"og:site_name\" content=\"V\u00e4xj\u00f6\" \/>\n<meta property=\"article:modified_time\" content=\"2026-04-08T08:23:05+00:00\" \/>\n<meta name=\"twitter:card\" content=\"summary_large_image\" \/>\n<meta name=\"twitter:title\" content=\"Erasmus - ProCivitas Privata Gymnasium V\u00e4xj\u00f6\" \/>\n<meta name=\"twitter:description\" content=\"Erasmus+ \u00e4r ett mentorsprogram f\u00f6r framtiden\u00a0som ProCivitas \u00e4r den del av tillsammans med andra skolor runt om i EU.\" \/>\n<meta name=\"twitter:image\" content=\"https:\/\/procivitas.se\/wp-content\/uploads\/sites\/9\/2023\/10\/erasmus2.png\" \/>\n<meta name=\"twitter:label1\" content=\"Est. reading time\" \/>\n\t<meta name=\"twitter:data1\" content=\"2 minuter\" \/>\n<script type=\"application\/ld+json\" class=\"yoast-schema-graph\">{\"@context\":\"https:\/\/schema.org\",\"@graph\":[{\"@type\":\"WebPage\",\"@id\":\"https:\/\/procivitas.se\/vaxjo\/mentorskapet\/\",\"url\":\"https:\/\/procivitas.se\/vaxjo\/mentorskapet\/\",\"name\":\"Erasmus - ProCivitas Privata Gymnasium V\u00e4xj\u00f6\",\"isPartOf\":{\"@id\":\"https:\/\/procivitas.se\/vaxjo\/#website\"},\"datePublished\":\"2023-10-27T08:35:00+00:00\",\"dateModified\":\"2026-04-08T08:23:05+00:00\",\"description\":\"Erasmus+ \u00e4r ett mentorsprogram f\u00f6r framtiden\u00a0som ProCivitas \u00e4r den del av tillsammans med andra skolor runt om i EU.\",\"breadcrumb\":{\"@id\":\"https:\/\/procivitas.se\/vaxjo\/mentorskapet\/#breadcrumb\"},\"inLanguage\":\"sv-SE\",\"potentialAction\":[{\"@type\":\"ReadAction\",\"target\":[\"https:\/\/procivitas.se\/vaxjo\/mentorskapet\/\"]}]},{\"@type\":\"BreadcrumbList\",\"@id\":\"https:\/\/procivitas.se\/vaxjo\/mentorskapet\/#breadcrumb\",\"itemListElement\":[{\"@type\":\"ListItem\",\"position\":1,\"name\":\"Start\",\"item\":\"https:\/\/procivitas.se\/vaxjo\/\"},{\"@type\":\"ListItem\",\"position\":2,\"name\":\"Erasmus\"}]},{\"@type\":\"WebSite\",\"@id\":\"https:\/\/procivitas.se\/vaxjo\/#website\",\"url\":\"https:\/\/procivitas.se\/vaxjo\/\",\"name\":\"V\u00e4xj\u00f6\",\"description\":\"Just another WordPress site\",\"potentialAction\":[{\"@type\":\"SearchAction\",\"target\":{\"@type\":\"EntryPoint\",\"urlTemplate\":\"https:\/\/procivitas.se\/vaxjo\/?s={search_term_string}\"},\"query-input\":\"required name=search_term_string\"}],\"inLanguage\":\"sv-SE\"}]}<\/script>\n<!-- \/ Yoast SEO plugin. -->","yoast_head_json":{"title":"Erasmus - ProCivitas Privata Gymnasium V\u00e4xj\u00f6","description":"Erasmus+ \u00e4r ett mentorsprogram f\u00f6r framtiden\u00a0som ProCivitas \u00e4r den del av tillsammans med andra skolor runt om i EU.","robots":{"index":"index","follow":"follow","max-snippet":"max-snippet:-1","max-image-preview":"max-image-preview:large","max-video-preview":"max-video-preview:-1"},"canonical":"https:\/\/procivitas.se\/vaxjo\/mentorskapet\/","og_locale":"sv_SE","og_type":"article","og_title":"Erasmus - ProCivitas Privata Gymnasium V\u00e4xj\u00f6","og_description":"Erasmus+ \u00e4r ett mentorsprogram f\u00f6r framtiden\u00a0som ProCivitas \u00e4r den del av tillsammans med andra skolor runt om i EU.","og_url":"https:\/\/procivitas.se\/vaxjo\/mentorskapet\/","og_site_name":"V\u00e4xj\u00f6","article_modified_time":"2026-04-08T08:23:05+00:00","twitter_card":"summary_large_image","twitter_title":"Erasmus - ProCivitas Privata Gymnasium V\u00e4xj\u00f6","twitter_description":"Erasmus+ \u00e4r ett mentorsprogram f\u00f6r framtiden\u00a0som ProCivitas \u00e4r den del av tillsammans med andra skolor runt om i EU.","twitter_image":"https:\/\/procivitas.se\/wp-content\/uploads\/sites\/9\/2023\/10\/erasmus2.png","twitter_misc":{"Est. reading time":"2 minuter"},"schema":{"@context":"https:\/\/schema.org","@graph":[{"@type":"WebPage","@id":"https:\/\/procivitas.se\/vaxjo\/mentorskapet\/","url":"https:\/\/procivitas.se\/vaxjo\/mentorskapet\/","name":"Erasmus - ProCivitas Privata Gymnasium V\u00e4xj\u00f6","isPartOf":{"@id":"https:\/\/procivitas.se\/vaxjo\/#website"},"datePublished":"2023-10-27T08:35:00+00:00","dateModified":"2026-04-08T08:23:05+00:00","description":"Erasmus+ \u00e4r ett mentorsprogram f\u00f6r framtiden\u00a0som ProCivitas \u00e4r den del av tillsammans med andra skolor runt om i EU.","breadcrumb":{"@id":"https:\/\/procivitas.se\/vaxjo\/mentorskapet\/#breadcrumb"},"inLanguage":"sv-SE","potentialAction":[{"@type":"ReadAction","target":["https:\/\/procivitas.se\/vaxjo\/mentorskapet\/"]}]},{"@type":"BreadcrumbList","@id":"https:\/\/procivitas.se\/vaxjo\/mentorskapet\/#breadcrumb","itemListElement":[{"@type":"ListItem","position":1,"name":"Start","item":"https:\/\/procivitas.se\/vaxjo\/"},{"@type":"ListItem","position":2,"name":"Erasmus"}]},{"@type":"WebSite","@id":"https:\/\/procivitas.se\/vaxjo\/#website","url":"https:\/\/procivitas.se\/vaxjo\/","name":"V\u00e4xj\u00f6","description":"Just another WordPress site","potentialAction":[{"@type":"SearchAction","target":{"@type":"EntryPoint","urlTemplate":"https:\/\/procivitas.se\/vaxjo\/?s={search_term_string}"},"query-input":"required name=search_term_string"}],"inLanguage":"sv-SE"}]}},"_links":{"self":[{"href":"https:\/\/procivitas.se\/vaxjo\/wp-json\/wp\/v2\/pages\/2401"}],"collection":[{"href":"https:\/\/procivitas.se\/vaxjo\/wp-json\/wp\/v2\/pages"}],"about":[{"href":"https:\/\/procivitas.se\/vaxjo\/wp-json\/wp\/v2\/types\/page"}],"author":[{"embeddable":true,"href":"https:\/\/procivitas.se\/vaxjo\/wp-json\/wp\/v2\/users\/9"}],"replies":[{"embeddable":true,"href":"https:\/\/procivitas.se\/vaxjo\/wp-json\/wp\/v2\/comments?post=2401"}],"version-history":[{"count":10,"href":"https:\/\/procivitas.se\/vaxjo\/wp-json\/wp\/v2\/pages\/2401\/revisions"}],"predecessor-version":[{"id":3625,"href":"https:\/\/procivitas.se\/vaxjo\/wp-json\/wp\/v2\/pages\/2401\/revisions\/3625"}],"wp:attachment":[{"href":"https:\/\/procivitas.se\/vaxjo\/wp-json\/wp\/v2\/media?parent=2401"}],"curies":[{"name":"wp","href":"https:\/\/api.w.org\/{rel}","templated":true}]}}