{"id":2428,"date":"2023-10-27T11:01:24","date_gmt":"2023-10-27T09:01:24","guid":{"rendered":"https:\/\/procivitas.se\/vaxjo\/?page_id=2428"},"modified":"2026-04-08T09:39:10","modified_gmt":"2026-04-08T07:39:10","slug":"procivitasandan","status":"publish","type":"page","link":"https:\/\/procivitas.se\/vaxjo\/var-skola\/procivitasandan\/","title":{"rendered":"Procivitasandan"},"content":{"rendered":"\n\t\n\t\n\t\n\t\n\t\n\n<section \n\tclass=\"ams-hero ams-hero--classic ams-hero--default c-block l-stacked heading-decor  \"\n\tdata-color-scheme=\"blue\"\n\tstyle=\"\">\n\t<div class=\"ams-hero__container u-items-center u-justify-center\">\n\t\t<div\n\t\t\tclass=\"ams-hero__content l-stack l-stack-xl is-center is-center@md\" >\n\t\t\t<div class=\"l-stack l-stack-lg\">\n\t\t\t\t\t\n\t<h1\n\tclass=\"c-heading u-font-large \"\n\tstyle=\"\">\n\t\t<span>\n\t\t\t\t\tPROCIVITASANDAN\n\t\t\t\t<\/span>\n\t<\/h1>\n\n\t\t\t\t\t\t\t\t\t<div class=\"text l-stack u-font-preamble\">\n\t\t\t\t\t\t<p>Elever som v\u00e4ljer att g\u00e5 p\u00e5 ProCivitas brukar s\u00e4ga att de k\u00e4nner sig trygga med varandra. Det \u00e4r vad vi kallar ProCivitasandan!<\/p>\n\n\t\t\t\t\t<\/div>\n\t\t\t\t\t\t\t<\/div>\n\n\t\t\t\t\t<\/div>\n\t<\/div>\n\n\t\n\n<\/section>\n\n\n\n<div class=\"wp-block-group is-style-narrow is-layout-flow wp-block-group-is-layout-flow\">\n<h2 class=\"wp-block-heading\">Det h\u00e4r \u00e4r ProCivitasandan<\/h2>\n\n\n\n<p>Hos oss p\u00e5 ProCivitas pratar vi ofta om den sk\u00f6na ProCivitasandan. Vi \u00e4r stolta \u00f6ver den och vi k\u00e4nner oss trygga med den! Vi \u00e4r helt enkelt riktigt glada att den finns! Vill du h\u00e4nga p\u00e5 en skola d\u00e4r man verkligen bryr sig om varandra? I s\u00e5 fall tror vi att v\u00e5r fina lilla skola kan vara r\u00e4tt val f\u00f6r dig.<\/p>\n\n\n\n<p>Tycker du ocks\u00e5 att relationen mellan l\u00e4rare och elever \u00e4r viktig? D\u00e5 tror du som vi, att relationer f\u00f6rgyller tillvaron och \u00e4r positiv f\u00f6r hela studiesituationen.<\/p>\n\n\n\n<p>Elever som v\u00e4ljer att g\u00e5 p\u00e5 ProCivitas brukar s\u00e4ga att de k\u00e4nner sig trygga med varandra. I v\u00e5ra korridorer m\u00f6ts alla v\u00e5ra elever och h\u00e4r kan man vara sig sj\u00e4lv. Ofta ber\u00e4ttar v\u00e5ra ungdomar f\u00f6r oss om den fina gemenskap som finns p\u00e5 skolan. Det g\u00f6r oss i personalen stolta och glada.<\/p>\n\n\n\n<p>Elever som studerar hos oss brukar vara extra glada \u00f6ver den fina relation som finns mellan l\u00e4rare och elever. Knacka p\u00e5 i din l\u00e4rares arbetsrum och st\u00e4ll en fr\u00e5ga om en kr\u00e5nglig ekvation. Eller bara ta en kaffe och prata om livet! Den lilla skolans styrka \u00e4r att vi l\u00e4r k\u00e4nna v\u00e5ra elever p\u00e5 riktigt. Vi vet inte bara vad du heter, vi vet ocks\u00e5 vad du gillar och inte gillar, vem din b\u00e4sta kompis \u00e4r och vad du helst g\u00f6r p\u00e5 fritiden. F\u00f6r oss l\u00e4rare \u00e4r relationen till v\u00e5ra elever guld v\u00e4rd!<\/p>\n\n\n\n<p>Procivitasandan \u00e4r en del av v\u00e5r identitet. Vi \u00e4r stolta \u00f6ver den och det tror vi att du som kommer hem till oss, ocks\u00e5 kommer att vara!<\/p>\n\n\n\n<p>P.S Det ryktas att mjukisbyxor \u00e4r f\u00f6rbjudet hos oss. Dont worry! Det \u00e4r helt ok att ha mjukiskl\u00e4der hos oss. D.S.<\/p>\n\n\n\n<h2 class=\"wp-block-heading\">Engagemang och kompetens<\/h2>\n\n\n\n<p>L\u00e4rarna som undervisar p\u00e5 ProCivitas har h\u00f6g kompetens och beh\u00f6righet. De brinner f\u00f6r sitt yrke, vilket avspeglas i den kreativa och \u00f6ppna atmosf\u00e4r som finns p\u00e5 skolan. Det finns ett stort engagemang bland l\u00e4rarna f\u00f6r att arbeta med olika pedagogiska metoder som kan kopplas till den senaste forskningen \u2013 f\u00f6r att eleven ska kunna n\u00e5 sina m\u00e5l. IT-teknik har varit sj\u00e4lvklart i m\u00e5nga \u00e5r och exempel p\u00e5 detta \u00e4r Google Classroom, Schoolsoft och DigiExam.<\/p>\n\n\n\n<p>Varje \u00e5r genomf\u00f6rs utv\u00e4rderingar av hela skolans verksamhet d\u00e4r elevernas \u00e5sikter om framf\u00f6rallt undervisningen tas in. Detta \u00e4r en bra metod f\u00f6r att kvalitetss\u00e4kra utbildningen, ta vara p\u00e5 elevernas engagemang och ett s\u00e4tt att hela tiden fundera \u00f6ver om det \u00e4r n\u00e5got som kan f\u00f6rb\u00e4ttras!<\/p>\n\n\n\n<p>P.S. Vill du f\u00f6lja oss redan nu i allt sp\u00e4nnande som h\u00e4nder? F\u00f6lj oss g\u00e4rna p\u00e5 <a href=\"https:\/\/www.instagram.com\/procivitasvxo\/\" target=\"_blank\" rel=\"noreferrer noopener\">Instagram<\/a>.<\/p>\n<\/div>\n\n\n\n\n<section  class=\"ams-cta ams-cta--stacked c-block l-stacked heading-decor \" data-color-scheme=\"blue\">\n\t<div class=\"l-container-narrow l-stack l-stack-fluid-2xl u-pt-fluid-3xl-6xl u-pb-fluid-3xl-6xl is-center is-center@md\">\n\t\t\t\t\t<div class=\"ams-cta__intro l-stack l-stack-lg\">\n\t\t\t\t\t\n\t<h2\n\tclass=\"c-heading u-font-title-1 \"\n\tstyle=\"\">\n\t\t\n\t\t\t\t\t\u00d6ppet hus \n\t\t\t\t\n\t<\/h2>\n\n\t\t\t\t\t\t\t\t\t<div class=\"c-text l-stack u-cs-xl u-font-preamble\">\n\t\t\t\t\t\t<p>P\u00e5 ProCivitas st\u00e4ller vi h\u00f6ga krav p\u00e5 v\u00e5ra elever och v\u00e5r verksamhet. V\u00e5ra l\u00e4rare \u00e4r experter p\u00e5 att m\u00f6ta och utmana studiemotiverade elever s\u00e5 att de n\u00e5r sin fulla potential. Hos oss pr\u00e4glas kulturen av engagemang, gemenskap och entrepren\u00f6rskap.<\/p>\n\n\t\t\t\t\t<\/div>\n\t\t\t\t\t\t\t<\/div>\n\t\t\n\t\t\n\t\t\t<div class=\"ams-cta__action u-inline-items\">\n\t\t\t\t\t\t\t\n\n\n<a href=\"https:\/\/procivitas.se\/vaxjo\/oppet-hus\/\"\n\t\n\tclass=\"c-btn \"\n\tdata-style=\"rounded\"\n\tdata-size=\"md\"\n\tdata-width=\"full-mobile\"\n\tdata-variant=\"default\"\n\ttarget=\"_self\">\n\t\t\t<span class=\"label\"> Bes\u00f6k \u00d6ppet hus <\/span>\n\t\t\t<\/a>\n\t\t\t<\/div>\n\t<\/div>\n\n\t\t\n\n<\/section>\n","protected":false},"excerpt":{"rendered":"<p>Det h\u00e4r \u00e4r ProCivitasandan Hos oss p\u00e5 ProCivitas pratar vi ofta om den sk\u00f6na ProCivitasandan. Vi \u00e4r stolta \u00f6ver den och vi k\u00e4nner oss trygga med den! Vi \u00e4r helt enkelt riktigt glada att den finns! Vill du h\u00e4nga p\u00e5 en skola d\u00e4r man verkligen bryr sig om varandra? I s\u00e5 fall tror vi att&#8230;<\/p>\n","protected":false},"author":9,"featured_media":0,"parent":412,"menu_order":0,"comment_status":"closed","ping_status":"closed","template":"","meta":{"footnotes":""},"yoast_head":"<!-- This site is optimized with the Yoast SEO plugin v22.0 - https:\/\/yoast.com\/wordpress\/plugins\/seo\/ -->\n<title>Procivitasandan - ProCivitas Privata Gymnasium V\u00e4xj\u00f6<\/title>\n<meta name=\"description\" content=\"Tycker du att relationen mellan l\u00e4rare och elever \u00e4r viktig? D\u00e5 tror du som vi, att relationer f\u00f6rgyller tillvaron och \u00e4r positiv f\u00f6r alla.\" \/>\n<meta name=\"robots\" content=\"index, follow, max-snippet:-1, max-image-preview:large, max-video-preview:-1\" \/>\n<link rel=\"canonical\" href=\"https:\/\/procivitas.se\/vaxjo\/var-skola\/procivitasandan\/\" \/>\n<meta property=\"og:locale\" content=\"sv_SE\" \/>\n<meta property=\"og:type\" content=\"article\" \/>\n<meta property=\"og:title\" content=\"Procivitasandan - ProCivitas Privata Gymnasium V\u00e4xj\u00f6\" \/>\n<meta property=\"og:description\" content=\"Tycker du att relationen mellan l\u00e4rare och elever \u00e4r viktig? D\u00e5 tror du som vi, att relationer f\u00f6rgyller tillvaron och \u00e4r positiv f\u00f6r alla.\" \/>\n<meta property=\"og:url\" content=\"https:\/\/procivitas.se\/vaxjo\/var-skola\/procivitasandan\/\" \/>\n<meta property=\"og:site_name\" content=\"V\u00e4xj\u00f6\" \/>\n<meta property=\"article:modified_time\" content=\"2026-04-08T07:39:10+00:00\" \/>\n<meta name=\"twitter:card\" content=\"summary_large_image\" \/>\n<meta name=\"twitter:title\" content=\"Procivitasandan - ProCivitas Privata Gymnasium V\u00e4xj\u00f6\" \/>\n<meta name=\"twitter:description\" content=\"Tycker du att relationen mellan l\u00e4rare och elever \u00e4r viktig? D\u00e5 tror du som vi, att relationer f\u00f6rgyller tillvaron och \u00e4r positiv f\u00f6r alla.\" \/>\n<meta name=\"twitter:label1\" content=\"Est. reading time\" \/>\n\t<meta name=\"twitter:data1\" content=\"3 minuter\" \/>\n<script type=\"application\/ld+json\" class=\"yoast-schema-graph\">{\"@context\":\"https:\/\/schema.org\",\"@graph\":[{\"@type\":\"WebPage\",\"@id\":\"https:\/\/procivitas.se\/vaxjo\/var-skola\/procivitasandan\/\",\"url\":\"https:\/\/procivitas.se\/vaxjo\/var-skola\/procivitasandan\/\",\"name\":\"Procivitasandan - ProCivitas Privata Gymnasium V\u00e4xj\u00f6\",\"isPartOf\":{\"@id\":\"https:\/\/procivitas.se\/vaxjo\/#website\"},\"datePublished\":\"2023-10-27T09:01:24+00:00\",\"dateModified\":\"2026-04-08T07:39:10+00:00\",\"description\":\"Tycker du att relationen mellan l\u00e4rare och elever \u00e4r viktig? D\u00e5 tror du som vi, att relationer f\u00f6rgyller tillvaron och \u00e4r positiv f\u00f6r alla.\",\"breadcrumb\":{\"@id\":\"https:\/\/procivitas.se\/vaxjo\/var-skola\/procivitasandan\/#breadcrumb\"},\"inLanguage\":\"sv-SE\",\"potentialAction\":[{\"@type\":\"ReadAction\",\"target\":[\"https:\/\/procivitas.se\/vaxjo\/var-skola\/procivitasandan\/\"]}]},{\"@type\":\"BreadcrumbList\",\"@id\":\"https:\/\/procivitas.se\/vaxjo\/var-skola\/procivitasandan\/#breadcrumb\",\"itemListElement\":[{\"@type\":\"ListItem\",\"position\":1,\"name\":\"Start\",\"item\":\"https:\/\/procivitas.se\/vaxjo\/\"},{\"@type\":\"ListItem\",\"position\":2,\"name\":\"V\u00e5r skola\",\"item\":\"https:\/\/procivitas.se\/vaxjo\/var-skola\/\"},{\"@type\":\"ListItem\",\"position\":3,\"name\":\"Procivitasandan\"}]},{\"@type\":\"WebSite\",\"@id\":\"https:\/\/procivitas.se\/vaxjo\/#website\",\"url\":\"https:\/\/procivitas.se\/vaxjo\/\",\"name\":\"V\u00e4xj\u00f6\",\"description\":\"Just another WordPress site\",\"potentialAction\":[{\"@type\":\"SearchAction\",\"target\":{\"@type\":\"EntryPoint\",\"urlTemplate\":\"https:\/\/procivitas.se\/vaxjo\/?s={search_term_string}\"},\"query-input\":\"required name=search_term_string\"}],\"inLanguage\":\"sv-SE\"}]}<\/script>\n<!-- \/ Yoast SEO plugin. -->","yoast_head_json":{"title":"Procivitasandan - ProCivitas Privata Gymnasium V\u00e4xj\u00f6","description":"Tycker du att relationen mellan l\u00e4rare och elever \u00e4r viktig? D\u00e5 tror du som vi, att relationer f\u00f6rgyller tillvaron och \u00e4r positiv f\u00f6r alla.","robots":{"index":"index","follow":"follow","max-snippet":"max-snippet:-1","max-image-preview":"max-image-preview:large","max-video-preview":"max-video-preview:-1"},"canonical":"https:\/\/procivitas.se\/vaxjo\/var-skola\/procivitasandan\/","og_locale":"sv_SE","og_type":"article","og_title":"Procivitasandan - ProCivitas Privata Gymnasium V\u00e4xj\u00f6","og_description":"Tycker du att relationen mellan l\u00e4rare och elever \u00e4r viktig? D\u00e5 tror du som vi, att relationer f\u00f6rgyller tillvaron och \u00e4r positiv f\u00f6r alla.","og_url":"https:\/\/procivitas.se\/vaxjo\/var-skola\/procivitasandan\/","og_site_name":"V\u00e4xj\u00f6","article_modified_time":"2026-04-08T07:39:10+00:00","twitter_card":"summary_large_image","twitter_title":"Procivitasandan - ProCivitas Privata Gymnasium V\u00e4xj\u00f6","twitter_description":"Tycker du att relationen mellan l\u00e4rare och elever \u00e4r viktig? D\u00e5 tror du som vi, att relationer f\u00f6rgyller tillvaron och \u00e4r positiv f\u00f6r alla.","twitter_misc":{"Est. reading time":"3 minuter"},"schema":{"@context":"https:\/\/schema.org","@graph":[{"@type":"WebPage","@id":"https:\/\/procivitas.se\/vaxjo\/var-skola\/procivitasandan\/","url":"https:\/\/procivitas.se\/vaxjo\/var-skola\/procivitasandan\/","name":"Procivitasandan - ProCivitas Privata Gymnasium V\u00e4xj\u00f6","isPartOf":{"@id":"https:\/\/procivitas.se\/vaxjo\/#website"},"datePublished":"2023-10-27T09:01:24+00:00","dateModified":"2026-04-08T07:39:10+00:00","description":"Tycker du att relationen mellan l\u00e4rare och elever \u00e4r viktig? D\u00e5 tror du som vi, att relationer f\u00f6rgyller tillvaron och \u00e4r positiv f\u00f6r alla.","breadcrumb":{"@id":"https:\/\/procivitas.se\/vaxjo\/var-skola\/procivitasandan\/#breadcrumb"},"inLanguage":"sv-SE","potentialAction":[{"@type":"ReadAction","target":["https:\/\/procivitas.se\/vaxjo\/var-skola\/procivitasandan\/"]}]},{"@type":"BreadcrumbList","@id":"https:\/\/procivitas.se\/vaxjo\/var-skola\/procivitasandan\/#breadcrumb","itemListElement":[{"@type":"ListItem","position":1,"name":"Start","item":"https:\/\/procivitas.se\/vaxjo\/"},{"@type":"ListItem","position":2,"name":"V\u00e5r skola","item":"https:\/\/procivitas.se\/vaxjo\/var-skola\/"},{"@type":"ListItem","position":3,"name":"Procivitasandan"}]},{"@type":"WebSite","@id":"https:\/\/procivitas.se\/vaxjo\/#website","url":"https:\/\/procivitas.se\/vaxjo\/","name":"V\u00e4xj\u00f6","description":"Just another WordPress site","potentialAction":[{"@type":"SearchAction","target":{"@type":"EntryPoint","urlTemplate":"https:\/\/procivitas.se\/vaxjo\/?s={search_term_string}"},"query-input":"required name=search_term_string"}],"inLanguage":"sv-SE"}]}},"_links":{"self":[{"href":"https:\/\/procivitas.se\/vaxjo\/wp-json\/wp\/v2\/pages\/2428"}],"collection":[{"href":"https:\/\/procivitas.se\/vaxjo\/wp-json\/wp\/v2\/pages"}],"about":[{"href":"https:\/\/procivitas.se\/vaxjo\/wp-json\/wp\/v2\/types\/page"}],"author":[{"embeddable":true,"href":"https:\/\/procivitas.se\/vaxjo\/wp-json\/wp\/v2\/users\/9"}],"replies":[{"embeddable":true,"href":"https:\/\/procivitas.se\/vaxjo\/wp-json\/wp\/v2\/comments?post=2428"}],"version-history":[{"count":10,"href":"https:\/\/procivitas.se\/vaxjo\/wp-json\/wp\/v2\/pages\/2428\/revisions"}],"predecessor-version":[{"id":3605,"href":"https:\/\/procivitas.se\/vaxjo\/wp-json\/wp\/v2\/pages\/2428\/revisions\/3605"}],"up":[{"embeddable":true,"href":"https:\/\/procivitas.se\/vaxjo\/wp-json\/wp\/v2\/pages\/412"}],"wp:attachment":[{"href":"https:\/\/procivitas.se\/vaxjo\/wp-json\/wp\/v2\/media?parent=2428"}],"curies":[{"name":"wp","href":"https:\/\/api.w.org\/{rel}","templated":true}]}}