{"id":2443,"date":"2023-10-27T11:18:06","date_gmt":"2023-10-27T09:18:06","guid":{"rendered":"https:\/\/procivitas.se\/vaxjo\/?page_id=2443"},"modified":"2026-04-08T09:38:42","modified_gmt":"2026-04-08T07:38:42","slug":"restaurang-procivitas","status":"publish","type":"page","link":"https:\/\/procivitas.se\/vaxjo\/restaurang-procivitas\/","title":{"rendered":"Restaurang"},"content":{"rendered":"\n\t\n\t\n\t\n\t\n\t\n\n<section \n\tclass=\"ams-hero ams-hero--classic ams-hero--default c-block l-stacked heading-decor  \"\n\tdata-color-scheme=\"blue\"\n\tstyle=\"\">\n\t<div class=\"ams-hero__container u-items-center u-justify-center\">\n\t\t<div\n\t\t\tclass=\"ams-hero__content l-stack l-stack-xl is-center is-center@md\" >\n\t\t\t<div class=\"l-stack l-stack-lg\">\n\t\t\t\t\t\n\t<h1\n\tclass=\"c-heading u-font-large \"\n\tstyle=\"\">\n\t\t<span>\n\t\t\t\t\tRESTAURANG PROCIVITAS V\u00c4XJ\u00d6\n\t\t\t\t<\/span>\n\t<\/h1>\n\n\t\t\t\t\t\t\t\t\t<div class=\"text l-stack u-font-preamble\">\n\t\t\t\t\t\t<p>Varmt v\u00e4lkommen!<\/p>\n\n\t\t\t\t\t<\/div>\n\t\t\t\t\t\t\t<\/div>\n\n\t\t\t\t\t<\/div>\n\t<\/div>\n\n\t\n\n<\/section>\n\n\n\n<div class=\"wp-block-columns is-layout-flex wp-container-core-columns-layout-1 wp-block-columns-is-layout-flex\">\n<div class=\"wp-block-column is-layout-flow wp-block-column-is-layout-flow\" style=\"flex-basis:15%\"><\/div>\n\n\n\n<div class=\"wp-block-column is-layout-flow wp-block-column-is-layout-flow\" style=\"flex-basis:70%\">\t<div\n\t\t class=\"module_wrapper container-fluid images-module\" >\n\t\t<div class=\"row\">\n\t\t\t<div\n\t\t\t\t\tclass=\"col-12 m-0 p-0 position-relative images_module__slideshow images_module__slideshow-container module-expand \">\n\n\t\t\t\t<div class=\"images_module__slide \" data-slide=\"\"\n\t\t\t\t\t data-duration=\"\"><\/div>\n\t\t\t\t\t\t\t\t\t<div\n\t\t\t\t\t\t class=\"images_module__slides \">\n\n\n\t\t\t\t\t\t<div class=\"images__wrapper\"\n\t\t\t\t\t\t\t style=\"aspect-ratio: 1441 \/ 531;\">\n\t\t\t\t\t\t\t<img decoding=\"async\" width=\"1780\" height=\"966\" src=\"https:\/\/procivitas.se\/wp-content\/uploads\/sites\/9\/2023\/10\/restaurang-procivitas.jpeg\" class=\"images__image_ratio  \" alt=\"All personal som jobbar i restuarangen\" style=\"aspect-ratio: 1441 \/ 531;object-position: center center;\" srcset=\"https:\/\/procivitas.se\/wp-content\/uploads\/sites\/9\/2023\/10\/restaurang-procivitas.jpeg 1780w, https:\/\/procivitas.se\/wp-content\/uploads\/sites\/9\/2023\/10\/restaurang-procivitas-300x163.jpeg 300w, https:\/\/procivitas.se\/wp-content\/uploads\/sites\/9\/2023\/10\/restaurang-procivitas-400x217.jpeg 400w, https:\/\/procivitas.se\/wp-content\/uploads\/sites\/9\/2023\/10\/restaurang-procivitas-600x326.jpeg 600w, https:\/\/procivitas.se\/wp-content\/uploads\/sites\/9\/2023\/10\/restaurang-procivitas-800x434.jpeg 800w, https:\/\/procivitas.se\/wp-content\/uploads\/sites\/9\/2023\/10\/restaurang-procivitas-1024x556.jpeg 1024w, https:\/\/procivitas.se\/wp-content\/uploads\/sites\/9\/2023\/10\/restaurang-procivitas-1200x651.jpeg 1200w\" sizes=\"(max-width: 1780px) 100vw, 1780px\" \/>\t\t\t\t\t\t<\/div>\n\n\t\t\t\t\t\t\n\t\t\t\t\t\t\t\t\t\t\t<\/div>\n\t\t\t\t\n\t\t\t\t<div class=\"images_module__container_dot \">\n\t\t\t\t\t<div style=\"text-align:center\">\n\t\t\t\t\t\t\t\t\t\t\t\t\t<span   data-i=\"0\"\n\t\t\t\t\t\t\t\t  class=\"images_module__dot\n\t\t\t\t\t\t\t\t\t\t\t\t\t  \"><\/span>\n\t\t\t\t\t\t\t\t\t\t\t<\/div>\n\t\t\t\t<\/div>\n\n\t\t\t<\/div>\n\t\t<\/div>\n\t<\/div>\n\n\n\t\n\n\n<script>\n\tvar images_display_descriptive_text = \"\";\n<\/script>\n\n\n\n<div style=\"height:100px\" aria-hidden=\"true\" class=\"wp-block-spacer\"><\/div>\n\n\n\n<h2 class=\"wp-block-heading\">Mat i toppklass <\/h2>\n\n\n\n<p>H\u00e4r jobbar vi f\u00f6r att ni elever ska f\u00e5 en god m\u00e5ltid i en trevlig atmosf\u00e4r. H\u00e4r lagas maten p\u00e5 plats med dofterna intakt och med minimal varmh\u00e5llning.<\/p>\n\n\n\n<p>Och vilka \u00e4r d\u00e5 vi? Jo det \u00e4r k\u00f6ksm\u00e4stare Johan Ekfeldt, kockarna Micke, Calle och Rasmus samt v\u00e5r oumb\u00e4rlige k\u00f6ksassistent och diskmaestro Rowena. Vi \u00e4lskar mat i alla former och \u00e4r st\u00e4ndigt p\u00e5 jakt efter nya recept, smaker och matupplevelser.<\/p>\n\n\n\n<p>Det \u00e4r fantastiskt att ha kontakt med er elever d\u00e5 ni \u00e4r v\u00e5ra \u00e5terkommande g\u00e4ster. S\u00e5 tveka inte att ge oss synpunkter och \u00f6nskem\u00e5l. En regelbunden dialog \u00e4r viktigt f\u00f6r att utveckla verksamheten och f\u00f6r att ni ska trivas i v\u00e5r skolrestaurang. Ni tr\u00e4ffar oss varje dag i restaurangen, annars g\u00e5r det bra att mejla&nbsp;<a href=\"mailto:lunch@procivitas.se\" target=\"_blank\" rel=\"noreferrer noopener\">lunch@procivitas.se<\/a>&nbsp;eller skicka ett sms p\u00e5 nr;&nbsp;<a href=\"tel:0730318174\" target=\"_blank\" rel=\"noreferrer noopener\">0730-318174<\/a>. Du kan \u00e4ven l\u00e4gga till oss p\u00e5 Facebook via&nbsp;<a href=\"http:\/\/www.fb.me\/restaurangprocivitas\" target=\"_blank\" rel=\"noreferrer noopener\">www.fb.me\/restaurangprocivitas<\/a><\/p>\n\n\n\n<p>Lunchen \u00e4r en paus p\u00e5 dagen som vi vill att ni ska l\u00e4ngta till s\u00e5 vi g\u00f6r allt vad vi kan f\u00f6r att st\u00e4ndigt f\u00f6rb\u00e4ttra oss och utvecklas. Vi lagar som sagt maten p\u00e5 plats och s\u00e5 mycket som bara m\u00f6jligt fr\u00e5n grunden och med mycket k\u00e4rlek. Det blir en h\u00e4rlig mix av klassiska r\u00e4tter som alla k\u00e4nner till med en inblandning av nya sp\u00e4nnande recept..<\/p>\n\n\n\n<p>Varje dag serveras olika lunchalternativ inklusive en vegetarisk r\u00e4tt som alla \u00e4r v\u00e4lkomna att ta del av. Vi har ocks\u00e5 en fr\u00e4sch salladsbuff\u00e9 med 7-8 olika sorters sallader, kolsyrat vatten, mj\u00f6lk samt kn\u00e4ckebr\u00f6d och sm\u00f6r. Sj\u00e4lvfallet erbjuder vi alltid alternativ till er som \u00f6nskar diverse specialkost.<\/p>\n\n\n\n<p>Dessutom vill vi aktivt arbeta f\u00f6r att matsvinnet ska minska och d\u00e4r hoppas vi att ni vill vara med och samarbeta. Med mindre svinn kan vi k\u00f6pa in b\u00e4ttre r\u00e5varor och erbjuda er en \u00e4nnu b\u00e4ttre m\u00e5ltidsupplevelse och dessutom g\u00f6ra milj\u00f6n en god g\u00e4rning. Ni har en unik m\u00f6jlighet att ta s\u00e5 mycket ni vill s\u00e5 det enda vi \u00f6nskar \u00e4r att ni \u00e4ter upp det ni tar till er. Det \u00e4r s\u00e5 tr\u00e5kigt och att beh\u00f6va sl\u00e4nga mat.<\/p>\n\n\n\n<p>Sist men inte minst s\u00e5 erbjuder vi n\u00e5got s\u00e5 unikt som fri frukost f\u00f6r alla varje morgon. Vi dukar fram br\u00f6d, p\u00e5l\u00e4gg, kaffe, te och frukt som ni \u00e4r v\u00e4lkomna att ta del av i skolrestaurangen n\u00e4r ni har n\u00e5gra minuter \u00f6ver p\u00e5 morgonen. Att l\u00e4ra sig saker p\u00e5 tom mage \u00e4r inte att rekommendera s\u00e5 det tror vi \u00e4r en god g\u00e4rning f\u00f6r hela skolan. <\/p>\n\n\n\n<p><strong>\u00d6ppettider: <\/strong><\/p>\n\n\n\n<p><strong>Frukost 07:00-09:00<\/strong><\/p>\n\n\n\n<p><strong>Lunch: 10:30-13:00<\/strong><\/p>\n<\/div>\n\n\n\n<div class=\"wp-block-column is-layout-flow wp-block-column-is-layout-flow\" style=\"flex-basis:15%\"><\/div>\n<\/div>\n\n\n\n\n<section  class=\"ams-cta ams-cta--stacked c-block l-stacked heading-decor \" data-color-scheme=\"blue\">\n\t<div class=\"l-container-narrow l-stack l-stack-fluid-2xl u-pt-fluid-3xl-6xl u-pb-fluid-3xl-6xl is-center is-center@md\">\n\t\t\t\t\t<div class=\"ams-cta__intro l-stack l-stack-lg\">\n\t\t\t\t\t\n\t<h2\n\tclass=\"c-heading u-font-title-1 \"\n\tstyle=\"\">\n\t\t\n\t\t\t\t\t\u00d6ppet hus \n\t\t\t\t\n\t<\/h2>\n\n\t\t\t\t\t\t\t\t\t<div class=\"c-text l-stack u-cs-xl u-font-preamble\">\n\t\t\t\t\t\t<p>P\u00e5 ProCivitas st\u00e4ller vi h\u00f6ga krav p\u00e5 v\u00e5ra elever och v\u00e5r verksamhet. V\u00e5ra l\u00e4rare \u00e4r experter p\u00e5 att m\u00f6ta och utmana studiemotiverade elever s\u00e5 att de n\u00e5r sin fulla potential. Hos oss pr\u00e4glas kulturen av engagemang, gemenskap och entrepren\u00f6rskap.<\/p>\n\n\t\t\t\t\t<\/div>\n\t\t\t\t\t\t\t<\/div>\n\t\t\n\t\t\n\t\t\t<div class=\"ams-cta__action u-inline-items\">\n\t\t\t\t\t\t\t\n\n\n<a href=\"https:\/\/procivitas.se\/vaxjo\/oppet-hus\/\"\n\t\n\tclass=\"c-btn \"\n\tdata-style=\"rounded\"\n\tdata-size=\"md\"\n\tdata-width=\"full-mobile\"\n\tdata-variant=\"default\"\n\ttarget=\"_self\">\n\t\t\t<span class=\"label\"> Bes\u00f6k \u00d6ppet hus <\/span>\n\t\t\t<\/a>\n\t\t\t<\/div>\n\t<\/div>\n\n\t\t\n\n<\/section>\n","protected":false},"excerpt":{"rendered":"<p>Mat i toppklass H\u00e4r jobbar vi f\u00f6r att ni elever ska f\u00e5 en god m\u00e5ltid i en trevlig atmosf\u00e4r. H\u00e4r lagas maten p\u00e5 plats med dofterna intakt och med minimal varmh\u00e5llning. Och vilka \u00e4r d\u00e5 vi? Jo det \u00e4r k\u00f6ksm\u00e4stare Johan Ekfeldt, kockarna Micke, Calle och Rasmus samt v\u00e5r oumb\u00e4rlige k\u00f6ksassistent och diskmaestro Rowena. Vi&#8230;<\/p>\n","protected":false},"author":9,"featured_media":0,"parent":0,"menu_order":0,"comment_status":"closed","ping_status":"closed","template":"","meta":{"footnotes":""},"yoast_head":"<!-- This site is optimized with the Yoast SEO plugin v22.0 - https:\/\/yoast.com\/wordpress\/plugins\/seo\/ -->\n<title>Restaurang - ProCivitas Privata Gymnasium V\u00e4xj\u00f6<\/title>\n<meta name=\"description\" content=\"H\u00e4r jobbar vi f\u00f6r att elever ska f\u00e5 en god m\u00e5ltid i en trevlig atmosf\u00e4r. Vi lagar maten p\u00e5 plats med minimal varmh\u00e5llning.\" \/>\n<meta name=\"robots\" content=\"index, follow, max-snippet:-1, max-image-preview:large, max-video-preview:-1\" \/>\n<link rel=\"canonical\" href=\"https:\/\/procivitas.se\/vaxjo\/restaurang-procivitas\/\" \/>\n<meta property=\"og:locale\" content=\"sv_SE\" \/>\n<meta property=\"og:type\" content=\"article\" \/>\n<meta property=\"og:title\" content=\"Restaurang - ProCivitas Privata Gymnasium V\u00e4xj\u00f6\" \/>\n<meta property=\"og:description\" content=\"H\u00e4r jobbar vi f\u00f6r att elever ska f\u00e5 en god m\u00e5ltid i en trevlig atmosf\u00e4r. Vi lagar maten p\u00e5 plats med minimal varmh\u00e5llning.\" \/>\n<meta property=\"og:url\" content=\"https:\/\/procivitas.se\/vaxjo\/restaurang-procivitas\/\" \/>\n<meta property=\"og:site_name\" content=\"V\u00e4xj\u00f6\" \/>\n<meta property=\"article:modified_time\" content=\"2026-04-08T07:38:42+00:00\" \/>\n<meta name=\"twitter:card\" content=\"summary_large_image\" \/>\n<meta name=\"twitter:title\" content=\"Restaurang - ProCivitas Privata Gymnasium V\u00e4xj\u00f6\" \/>\n<meta name=\"twitter:description\" content=\"H\u00e4r jobbar vi f\u00f6r att elever ska f\u00e5 en god m\u00e5ltid i en trevlig atmosf\u00e4r. Vi lagar maten p\u00e5 plats med minimal varmh\u00e5llning.\" \/>\n<meta name=\"twitter:image\" content=\"https:\/\/procivitas.se\/wp-content\/uploads\/sites\/9\/2023\/10\/restaurang-procivitas-1200x630.jpeg\" \/>\n<meta name=\"twitter:label1\" content=\"Est. reading time\" \/>\n\t<meta name=\"twitter:data1\" content=\"3 minuter\" \/>\n<script type=\"application\/ld+json\" class=\"yoast-schema-graph\">{\"@context\":\"https:\/\/schema.org\",\"@graph\":[{\"@type\":\"WebPage\",\"@id\":\"https:\/\/procivitas.se\/vaxjo\/restaurang-procivitas\/\",\"url\":\"https:\/\/procivitas.se\/vaxjo\/restaurang-procivitas\/\",\"name\":\"Restaurang - ProCivitas Privata Gymnasium V\u00e4xj\u00f6\",\"isPartOf\":{\"@id\":\"https:\/\/procivitas.se\/vaxjo\/#website\"},\"datePublished\":\"2023-10-27T09:18:06+00:00\",\"dateModified\":\"2026-04-08T07:38:42+00:00\",\"description\":\"H\u00e4r jobbar vi f\u00f6r att elever ska f\u00e5 en god m\u00e5ltid i en trevlig atmosf\u00e4r. Vi lagar maten p\u00e5 plats med minimal varmh\u00e5llning.\",\"breadcrumb\":{\"@id\":\"https:\/\/procivitas.se\/vaxjo\/restaurang-procivitas\/#breadcrumb\"},\"inLanguage\":\"sv-SE\",\"potentialAction\":[{\"@type\":\"ReadAction\",\"target\":[\"https:\/\/procivitas.se\/vaxjo\/restaurang-procivitas\/\"]}]},{\"@type\":\"BreadcrumbList\",\"@id\":\"https:\/\/procivitas.se\/vaxjo\/restaurang-procivitas\/#breadcrumb\",\"itemListElement\":[{\"@type\":\"ListItem\",\"position\":1,\"name\":\"Start\",\"item\":\"https:\/\/procivitas.se\/vaxjo\/\"},{\"@type\":\"ListItem\",\"position\":2,\"name\":\"Restaurang\"}]},{\"@type\":\"WebSite\",\"@id\":\"https:\/\/procivitas.se\/vaxjo\/#website\",\"url\":\"https:\/\/procivitas.se\/vaxjo\/\",\"name\":\"V\u00e4xj\u00f6\",\"description\":\"Just another WordPress site\",\"potentialAction\":[{\"@type\":\"SearchAction\",\"target\":{\"@type\":\"EntryPoint\",\"urlTemplate\":\"https:\/\/procivitas.se\/vaxjo\/?s={search_term_string}\"},\"query-input\":\"required name=search_term_string\"}],\"inLanguage\":\"sv-SE\"}]}<\/script>\n<!-- \/ Yoast SEO plugin. -->","yoast_head_json":{"title":"Restaurang - ProCivitas Privata Gymnasium V\u00e4xj\u00f6","description":"H\u00e4r jobbar vi f\u00f6r att elever ska f\u00e5 en god m\u00e5ltid i en trevlig atmosf\u00e4r. Vi lagar maten p\u00e5 plats med minimal varmh\u00e5llning.","robots":{"index":"index","follow":"follow","max-snippet":"max-snippet:-1","max-image-preview":"max-image-preview:large","max-video-preview":"max-video-preview:-1"},"canonical":"https:\/\/procivitas.se\/vaxjo\/restaurang-procivitas\/","og_locale":"sv_SE","og_type":"article","og_title":"Restaurang - ProCivitas Privata Gymnasium V\u00e4xj\u00f6","og_description":"H\u00e4r jobbar vi f\u00f6r att elever ska f\u00e5 en god m\u00e5ltid i en trevlig atmosf\u00e4r. Vi lagar maten p\u00e5 plats med minimal varmh\u00e5llning.","og_url":"https:\/\/procivitas.se\/vaxjo\/restaurang-procivitas\/","og_site_name":"V\u00e4xj\u00f6","article_modified_time":"2026-04-08T07:38:42+00:00","twitter_card":"summary_large_image","twitter_title":"Restaurang - ProCivitas Privata Gymnasium V\u00e4xj\u00f6","twitter_description":"H\u00e4r jobbar vi f\u00f6r att elever ska f\u00e5 en god m\u00e5ltid i en trevlig atmosf\u00e4r. Vi lagar maten p\u00e5 plats med minimal varmh\u00e5llning.","twitter_image":"https:\/\/procivitas.se\/wp-content\/uploads\/sites\/9\/2023\/10\/restaurang-procivitas-1200x630.jpeg","twitter_misc":{"Est. reading time":"3 minuter"},"schema":{"@context":"https:\/\/schema.org","@graph":[{"@type":"WebPage","@id":"https:\/\/procivitas.se\/vaxjo\/restaurang-procivitas\/","url":"https:\/\/procivitas.se\/vaxjo\/restaurang-procivitas\/","name":"Restaurang - ProCivitas Privata Gymnasium V\u00e4xj\u00f6","isPartOf":{"@id":"https:\/\/procivitas.se\/vaxjo\/#website"},"datePublished":"2023-10-27T09:18:06+00:00","dateModified":"2026-04-08T07:38:42+00:00","description":"H\u00e4r jobbar vi f\u00f6r att elever ska f\u00e5 en god m\u00e5ltid i en trevlig atmosf\u00e4r. Vi lagar maten p\u00e5 plats med minimal varmh\u00e5llning.","breadcrumb":{"@id":"https:\/\/procivitas.se\/vaxjo\/restaurang-procivitas\/#breadcrumb"},"inLanguage":"sv-SE","potentialAction":[{"@type":"ReadAction","target":["https:\/\/procivitas.se\/vaxjo\/restaurang-procivitas\/"]}]},{"@type":"BreadcrumbList","@id":"https:\/\/procivitas.se\/vaxjo\/restaurang-procivitas\/#breadcrumb","itemListElement":[{"@type":"ListItem","position":1,"name":"Start","item":"https:\/\/procivitas.se\/vaxjo\/"},{"@type":"ListItem","position":2,"name":"Restaurang"}]},{"@type":"WebSite","@id":"https:\/\/procivitas.se\/vaxjo\/#website","url":"https:\/\/procivitas.se\/vaxjo\/","name":"V\u00e4xj\u00f6","description":"Just another WordPress site","potentialAction":[{"@type":"SearchAction","target":{"@type":"EntryPoint","urlTemplate":"https:\/\/procivitas.se\/vaxjo\/?s={search_term_string}"},"query-input":"required name=search_term_string"}],"inLanguage":"sv-SE"}]}},"_links":{"self":[{"href":"https:\/\/procivitas.se\/vaxjo\/wp-json\/wp\/v2\/pages\/2443"}],"collection":[{"href":"https:\/\/procivitas.se\/vaxjo\/wp-json\/wp\/v2\/pages"}],"about":[{"href":"https:\/\/procivitas.se\/vaxjo\/wp-json\/wp\/v2\/types\/page"}],"author":[{"embeddable":true,"href":"https:\/\/procivitas.se\/vaxjo\/wp-json\/wp\/v2\/users\/9"}],"replies":[{"embeddable":true,"href":"https:\/\/procivitas.se\/vaxjo\/wp-json\/wp\/v2\/comments?post=2443"}],"version-history":[{"count":10,"href":"https:\/\/procivitas.se\/vaxjo\/wp-json\/wp\/v2\/pages\/2443\/revisions"}],"predecessor-version":[{"id":3603,"href":"https:\/\/procivitas.se\/vaxjo\/wp-json\/wp\/v2\/pages\/2443\/revisions\/3603"}],"wp:attachment":[{"href":"https:\/\/procivitas.se\/vaxjo\/wp-json\/wp\/v2\/media?parent=2443"}],"curies":[{"name":"wp","href":"https:\/\/api.w.org\/{rel}","templated":true}]}}