{"id":429,"date":"2023-03-03T15:42:37","date_gmt":"2023-03-03T14:42:37","guid":{"rendered":"https:\/\/procivitas.se\/vaxjo\/?page_id=429"},"modified":"2025-07-04T15:36:11","modified_gmt":"2025-07-04T13:36:11","slug":"elevhalsa","status":"publish","type":"page","link":"https:\/\/procivitas.se\/vaxjo\/var-skola\/elevhalsa\/","title":{"rendered":"Elevh\u00e4lsa"},"content":{"rendered":"\n\t\n\t\n\t\n\n\t\n\t\n\t\t\n<section  class=\"c-block l-stacked  \" data-color-scheme=\"white\">\n\t<div class=\"ams-fifty ams-fifty--container ams-fifty--left ams-fifty--top l-container u-pt-fluid-3xl-6xl u-pb-fluid-3xl-6xl\">\n\t\t<div class=\"ams-fifty__content l-stack l-stack-xl is-left is-left@lg\">\n\t\t\t<div class=\"ams-fifty__text l-stack l-stack-lg\">\n\t\t\t\t\t\n\t<h1\n\tclass=\"c-heading u-font-title-1 \"\n\tstyle=\"\">\n\t\t\n\t\t\t\t\tElevh\u00e4lsa p\u00e5 ProCivitas V\u00e4xj\u00f6\n\t\t\t\t\n\t<\/h1>\n\n\t\t\t\t\t\t\t\t\t<div class=\"text l-stack u-font-body\">\n\t\t\t\t\t\t<p><span data-sheets-value=\"{&quot;1&quot;:2,&quot;2&quot;:&quot;Elevh\u00e4lsans fr\u00e4msta uppdrag \u00e4r att arbeta h\u00e4lsofr\u00e4mjande och f\u00f6rebyggande f\u00f6r att st\u00f6dja elevernas utveckling mot utbildningens m\u00e5l. Personal med olika kompetenser arbetar tillsammans f\u00f6r att n\u00e5 detta m\u00e5l.\\n\\nI skolans elevh\u00e4lsoteam finns specialpedagog, speciall\u00e4rare, kurator, skolsk\u00f6terska samt skolpsykolog. V\u00e5r skoll\u00e4kare ing\u00e5r i v\u00e5rt utvidgade elevh\u00e4lsoteam och finns p\u00e5 skolan n\u00e4r behov finns. Elevh\u00e4lsoteamet tr\u00e4ffas regelbundet f\u00f6r att identifiera utvecklingsomr\u00e5den, behov och insatser i syfte att skapa s\u00e5 goda f\u00f6ruts\u00e4ttningar som m\u00f6jligt f\u00f6r elevernas l\u00e4rande.\\n\\nElevh\u00e4lsoteamets insatser sker p\u00e5 organisations-, grupp- och individniv\u00e5. Det kan till exempel handla om att se \u00f6ver hur st\u00f6dinsatser ska organiseras, handleda personal eller att ge riktat st\u00f6d till elever, enskilt eller i grupp. Det riktade st\u00f6det sker i n\u00e4ra samverkan med mentor och undervisande l\u00e4rare.\\n\\n&quot;}\" data-sheets-userformat=\"{&quot;2&quot;:929,&quot;3&quot;:{&quot;1&quot;:0},&quot;8&quot;:{&quot;1&quot;:[{&quot;1&quot;:2,&quot;2&quot;:0,&quot;5&quot;:{&quot;1&quot;:2,&quot;2&quot;:0}},{&quot;1&quot;:0,&quot;2&quot;:0,&quot;3&quot;:3},{&quot;1&quot;:1,&quot;2&quot;:0,&quot;4&quot;:1}]},&quot;10&quot;:0,&quot;11&quot;:4,&quot;12&quot;:0}\">Elevh\u00e4lsans fr\u00e4msta uppdrag \u00e4r att arbeta h\u00e4lsofr\u00e4mjande och f\u00f6rebyggande f\u00f6r att st\u00f6dja elevernas utveckling mot utbildningens m\u00e5l. Personal med olika kompetenser arbetar tillsammans f\u00f6r att n\u00e5 detta m\u00e5l.<\/p>\n<p>I skolans elevh\u00e4lsoteam finns specialpedagog, speciall\u00e4rare, kurator, skolsk\u00f6terska samt skolpsykolog. V\u00e5r skoll\u00e4kare ing\u00e5r i v\u00e5rt utvidgade elevh\u00e4lsoteam och finns p\u00e5 skolan n\u00e4r behov finns. Elevh\u00e4lsoteamet tr\u00e4ffas regelbundet f\u00f6r att identifiera utvecklingsomr\u00e5den, behov och insatser i syfte att skapa s\u00e5 goda f\u00f6ruts\u00e4ttningar som m\u00f6jligt f\u00f6r elevernas l\u00e4rande.<\/p>\n<p>Elevh\u00e4lsoteamets insatser sker p\u00e5 organisations-, grupp- och individniv\u00e5. Det kan till exempel handla om att se \u00f6ver hur st\u00f6dinsatser ska organiseras, handleda personal eller att ge riktat st\u00f6d till elever, enskilt eller i grupp. Det riktade st\u00f6det sker i n\u00e4ra samverkan med mentor och undervisande l\u00e4rare.<\/p>\n<p><\/span><\/p>\n\n\t\t\t\t\t<\/div>\n\t\t\t\t\t\t\t<\/div>\n\n\t\t\t\t\t<\/div>\n\n\t\t <div class=\"ams-fifty__media u-ratio-square\">\n\t\t \t\t\t\t\t<img decoding=\"async\" width=\"600\" height=\"900\" src=\"https:\/\/procivitas.se\/wp-content\/uploads\/sites\/9\/2025\/07\/provaxjofotografering202503-20303webb118-600x900.jpg\" class=\"attachment-md size-md\" alt=\"Glada elever umg\u00e5s p\u00e5 rasten.\" sizes=\"(min-width: 64em) 600px, calc(100vw - 160px)\" srcset=\"https:\/\/procivitas.se\/wp-content\/uploads\/sites\/9\/2025\/07\/provaxjofotografering202503-20303webb118-600x900.jpg 600w, https:\/\/procivitas.se\/wp-content\/uploads\/sites\/9\/2025\/07\/provaxjofotografering202503-20303webb118-300x450.jpg 300w, https:\/\/procivitas.se\/wp-content\/uploads\/sites\/9\/2025\/07\/provaxjofotografering202503-20303webb118-400x600.jpg 400w, https:\/\/procivitas.se\/wp-content\/uploads\/sites\/9\/2025\/07\/provaxjofotografering202503-20303webb118.jpg 800w\" \/>\n\t\t\t\n\t\t\t\n\t\t\t\t\t<\/div>\n\t<\/div>\n\n\t\t\n\n<\/section>\n\n\n\n<section \n\t\t class=\"\n\t\t ams-contact\n\t\t \n\t\t c-block l-stacked\n\t\t heading-decor\n\t\t \n\t\t js-load-more\n\t\t \"\n\t\t data-color-scheme=\"white\"\n\t\t\t\t\tdata-count=\"3\"\n\t\t\t\t\t\t\tdata-count-mobile=\"2\"\n\t\t\t\t>\n\t<div\n\t\t class=\"\n\t\t l-container\n\t\t l-stack l-stack-fluid-2xl\n\t\t u-pt-fluid-3xl-6xl\n\t\t u-pb-fluid-3xl-6xl\n\t\t is-center\n\t\t is-center@md\n\t\t \">\n\t\t\t\t\t<div class=\"ams-contact__intro l-stack l-stack-lg\">\n\t\t\t\t\t\n\t<h2\n\tclass=\"c-heading u-font-title-1 \"\n\tstyle=\"\">\n\t\t\n\t\t\t\t\tKontakt\n\t\t\t\t\n\t<\/h2>\n\n\t\t\t\t\t\t\t\t\t<div class=\"c-text l-stack u-cs-xl u-font-preamble\">\n\t\t\t\t\t\t<p><span data-sheets-value=\"{&quot;1&quot;:2,&quot;2&quot;:&quot;Tveka inte att kontakta oss om du beh\u00f6ver n\u00e5gon att prata med, st\u00f6ttning f\u00f6r att klara studierna eller r\u00e5d om din h\u00e4lsa.&quot;}\" data-sheets-userformat=\"{&quot;2&quot;:929,&quot;3&quot;:{&quot;1&quot;:0},&quot;8&quot;:{&quot;1&quot;:[{&quot;1&quot;:2,&quot;2&quot;:0,&quot;5&quot;:{&quot;1&quot;:2,&quot;2&quot;:0}},{&quot;1&quot;:0,&quot;2&quot;:0,&quot;3&quot;:3},{&quot;1&quot;:1,&quot;2&quot;:0,&quot;4&quot;:1}]},&quot;10&quot;:0,&quot;11&quot;:4,&quot;12&quot;:0}\">Tveka inte att kontakta oss om du beh\u00f6ver n\u00e5gon att prata med, st\u00f6ttning f\u00f6r att klara studierna eller r\u00e5d om din h\u00e4lsa.<\/span><\/p>\n\n\t\t\t\t\t<\/div>\n\t\t\t\t\t\t\t<\/div>\n\t\t\n\t\t\n\t\t    \t\n\t\t\n\t\t<ul\n\t\t\tid=\"contact-grid-69e0d378c2804\"\n\t\t\tclass=\"ams-contact__list l-grid u-gap-fluid-2xl-4xl u-justify-center js-results \"\n\t\t\taria-label=\"Kontakter\"\n\t\t\tdata-filter-animation=\"off\"\n\t\t\t>\n\t\t\t\t\t\t\t\t\t\t\t\n\t\t\t\t\n\t\t\t\t<li class=\"l-col-6@md l-col-4@lg \" data-filter=\"elevhalsa\">\n\t\t\t\t\t<article class=\"c-card \" data-variant=\"neutral\">\n\t\t\t\t\t\t<div class=\"c-card__content u-text-center\">\n\t\t\t\t\t\t\t\t\t\t\t\t\t\t\t<h3 class=\"c-card__title u-font-title-3\">\n\t\t\t\t\t\t\t\t\tMalin Huss\n\t\t\t\t\t\t\t\t<\/h3>\n\t\t\t\t\t\t\t\n\t\t\t\t\t\t\t\t\t\t\t\t\t\t\t<p class=\"position u-font-body\">Studiev\u00e4gledare <\/p>\n\t\t\t\t\t\t\t\n\t\t\t\t\t\t\t\t\t\t\t\t\t\t\t<div class=\"contact-info u-font-body\">\n\t\t\t\t\t\t\t\t\t\t\t\t\t\t\t\t\t\t\t\t\t\t\t\t\t\t\t\t\t\t<p class=\"phone\"><a\n\t\t\t\t\t\t\t\t\t\t\t\t\thref=\"tel:0725437703\"\n\t\t\t\t\t\t\t\t\t\t\t\t\tclass=\"u-text-link\">072-543 77 03<\/a>\n\t\t\t\t\t\t\t\t\t\t\t<\/p>\n\t\t\t\t\t\t\t\t\t\t\t\t\t\t\t\t\t\t\t\n\t\t\t\t\t\t\t\t\t\t\t\t\t\t\t\t\t\t\t\t\t\t\t\t\t\t\t\t\t\t<p class=\"email\"><a\n\t\t\t\t\t\t\t\t\t\t\t\t\thref=\"m&#097;i&#108;&#116;o&#058;&#109;a&#108;&#105;n&#046;&#104;u&#115;s&#064;pro&#099;ivit&#097;&#115;.&#115;e\"\n\t\t\t\t\t\t\t\t\t\t\t\t\tclass=\"u-text-link\">&#109;&#097;lin&#046;hus&#115;&#064;proc&#105;vit&#097;&#115;.&#115;&#101;<\/a>\n\t\t\t\t\t\t\t\t\t\t\t<\/p>\n\t\t\t\t\t\t\t\t\t\t\t\t\t\t\t\t\t\t\t\t\t\t\t\t\t\t\t<\/div>\n\t\t\t\t\t\t\t\n\t\t\t\t\t\t\t\t\t\t\t\t\t<\/div>\n\t\t\t\t\t\t<div class=\"c-card__media\">\n\t\t\t\t\t\t\t\t\t\t\t\t\t\t\t\t\t\t\t\t\t\t\t\t\t\t\t\t\t\t\t\t\t\t\t\t\t\t\t\t\t\t\t\t\t\t\t\t\t<img decoding=\"async\" width=\"240\" height=\"240\" src=\"https:\/\/procivitas.se\/wp-content\/uploads\/2023\/10\/proavatarbild240x240px.png\" class=\"u-radius-rounded u-ratio-square  \" alt=\"Procivitas privata gymnasium guld och vit logo\" sizes=\"(max-width: 300px) 100vw, 300px\" srcset=\"https:\/\/procivitas.se\/wp-content\/uploads\/2023\/10\/proavatarbild240x240px.png 240w, https:\/\/procivitas.se\/wp-content\/uploads\/2023\/10\/proavatarbild240x240px-150x150.png 150w\" \/>\n\t\t\t\t\t\t<\/div>\n\t\t\t\t\t<\/article>\n\t\t\t\t<\/li>\n\t\t\t\t\t\t\t\t\t\t\t\n\t\t\t\t\n\t\t\t\t<li class=\"l-col-6@md l-col-4@lg \" data-filter=\"elevhalsa\">\n\t\t\t\t\t<article class=\"c-card \" data-variant=\"neutral\">\n\t\t\t\t\t\t<div class=\"c-card__content u-text-center\">\n\t\t\t\t\t\t\t\t\t\t\t\t\t\t\t<h3 class=\"c-card__title u-font-title-3\">\n\t\t\t\t\t\t\t\t\tPernilla M\u00f6lhede\n\t\t\t\t\t\t\t\t<\/h3>\n\t\t\t\t\t\t\t\n\t\t\t\t\t\t\t\t\t\t\t\t\t\t\t<p class=\"position u-font-body\">Skolsk\u00f6terska <\/p>\n\t\t\t\t\t\t\t\n\t\t\t\t\t\t\t\t\t\t\t\t\t\t\t<div class=\"contact-info u-font-body\">\n\t\t\t\t\t\t\t\t\t\t\t\t\t\t\t\t\t\t\t\t\t\t\t\t\t\t\t\t\t\t<p class=\"phone\"><a\n\t\t\t\t\t\t\t\t\t\t\t\t\thref=\"tel:0730318173\"\n\t\t\t\t\t\t\t\t\t\t\t\t\tclass=\"u-text-link\">073-031 81 73<\/a>\n\t\t\t\t\t\t\t\t\t\t\t<\/p>\n\t\t\t\t\t\t\t\t\t\t\t\t\t\t\t\t\t\t\t\t\t<p class=\"phone\"><a\n\t\t\t\t\t\t\t\t\t\t\t\t\thref=\"tel:0470520144\"\n\t\t\t\t\t\t\t\t\t\t\t\t\tclass=\"u-text-link\">047-052 01 44<\/a>\n\t\t\t\t\t\t\t\t\t\t\t<\/p>\n\t\t\t\t\t\t\t\t\t\t\t\t\t\t\t\t\t\t\t\n\t\t\t\t\t\t\t\t\t\t\t\t\t\t\t\t\t\t\t\t\t\t\t\t\t\t\t\t\t\t<p class=\"email\"><a\n\t\t\t\t\t\t\t\t\t\t\t\t\thref=\"&#109;&#097;i&#108;t&#111;&#058;perni&#108;&#108;a&#046;molh&#101;&#100;e&#064;&#112;r&#111;&#099;ivit&#097;&#115;&#046;&#115;&#101;\"\n\t\t\t\t\t\t\t\t\t\t\t\t\tclass=\"u-text-link\">p&#101;rni&#108;l&#097;.&#109;&#111;lhe&#100;&#101;&#064;pro&#099;i&#118;ita&#115;&#046;se<\/a>\n\t\t\t\t\t\t\t\t\t\t\t<\/p>\n\t\t\t\t\t\t\t\t\t\t\t\t\t\t\t\t\t\t\t\t\t\t\t\t\t\t\t<\/div>\n\t\t\t\t\t\t\t\n\t\t\t\t\t\t\t\t\t\t\t\t\t<\/div>\n\t\t\t\t\t\t<div class=\"c-card__media\">\n\t\t\t\t\t\t\t\t\t\t\t\t\t\t\t\t\t\t\t\t\t\t\t\t\t\t\t\t\t\t\t\t\t\t\t\t\t\t\t\t\t\t\t\t\t\t\t\t\t<img decoding=\"async\" width=\"240\" height=\"240\" src=\"https:\/\/procivitas.se\/wp-content\/uploads\/2023\/10\/proavatarbild240x240px.png\" class=\"u-radius-rounded u-ratio-square  \" alt=\"Procivitas privata gymnasium guld och vit logo\" sizes=\"(max-width: 300px) 100vw, 300px\" srcset=\"https:\/\/procivitas.se\/wp-content\/uploads\/2023\/10\/proavatarbild240x240px.png 240w, https:\/\/procivitas.se\/wp-content\/uploads\/2023\/10\/proavatarbild240x240px-150x150.png 150w\" \/>\n\t\t\t\t\t\t<\/div>\n\t\t\t\t\t<\/article>\n\t\t\t\t<\/li>\n\t\t\t\t\t<\/ul>\n\n\t\t\n\t\t    <div class=\"ams-contact__more u-inline-items js-load-more-btn\">\n        <button href=\"#\"\n                class=\"c-btn\"\n                data-style=\"rounded\"\n                data-size=\"md\"\n                data-width=\"full-mobile\"\n                data-variant=\"outline\">\n        \tVisa mer\n        <\/button>\n    <\/div>\n\n\t\t\t<\/div>\n\n\t\t\n\n<\/section>\n","protected":false},"excerpt":{"rendered":"","protected":false},"author":5,"featured_media":0,"parent":412,"menu_order":0,"comment_status":"closed","ping_status":"closed","template":"","meta":{"footnotes":""},"yoast_head":"<!-- This site is optimized with the Yoast SEO plugin v22.0 - https:\/\/yoast.com\/wordpress\/plugins\/seo\/ -->\n<title>Elevh\u00e4lsa - ProCivitas Privata Gymnasium V\u00e4xj\u00f6<\/title>\n<meta name=\"description\" content=\"Elevh\u00e4lsans fr\u00e4msta uppdrag \u00e4r att arbeta h\u00e4lsofr\u00e4mjande och f\u00f6rebyggande f\u00f6r att st\u00f6dja elevernas utveckling mot utbildningens m\u00e5l.\" \/>\n<meta name=\"robots\" content=\"index, follow, max-snippet:-1, max-image-preview:large, max-video-preview:-1\" \/>\n<link rel=\"canonical\" href=\"https:\/\/procivitas.se\/vaxjo\/var-skola\/elevhalsa\/\" \/>\n<meta property=\"og:locale\" content=\"sv_SE\" \/>\n<meta property=\"og:type\" content=\"article\" \/>\n<meta property=\"og:title\" content=\"Elevh\u00e4lsa - ProCivitas Privata Gymnasium V\u00e4xj\u00f6\" \/>\n<meta property=\"og:description\" content=\"Elevh\u00e4lsans fr\u00e4msta uppdrag \u00e4r att arbeta h\u00e4lsofr\u00e4mjande och f\u00f6rebyggande f\u00f6r att st\u00f6dja elevernas utveckling mot utbildningens m\u00e5l.\" \/>\n<meta property=\"og:url\" content=\"https:\/\/procivitas.se\/vaxjo\/var-skola\/elevhalsa\/\" \/>\n<meta property=\"og:site_name\" content=\"V\u00e4xj\u00f6\" \/>\n<meta property=\"article:modified_time\" content=\"2025-07-04T13:36:11+00:00\" \/>\n<meta name=\"twitter:card\" content=\"summary_large_image\" \/>\n<meta name=\"twitter:title\" content=\"Elevh\u00e4lsa - ProCivitas Privata Gymnasium V\u00e4xj\u00f6\" \/>\n<meta name=\"twitter:description\" content=\"Elevh\u00e4lsans fr\u00e4msta uppdrag \u00e4r att arbeta h\u00e4lsofr\u00e4mjande och f\u00f6rebyggande f\u00f6r att st\u00f6dja elevernas utveckling mot utbildningens m\u00e5l.\" \/>\n<meta name=\"twitter:label1\" content=\"Est. reading time\" \/>\n\t<meta name=\"twitter:data1\" content=\"1 minut\" \/>\n<script type=\"application\/ld+json\" class=\"yoast-schema-graph\">{\"@context\":\"https:\/\/schema.org\",\"@graph\":[{\"@type\":\"WebPage\",\"@id\":\"https:\/\/procivitas.se\/vaxjo\/var-skola\/elevhalsa\/\",\"url\":\"https:\/\/procivitas.se\/vaxjo\/var-skola\/elevhalsa\/\",\"name\":\"Elevh\u00e4lsa - ProCivitas Privata Gymnasium V\u00e4xj\u00f6\",\"isPartOf\":{\"@id\":\"https:\/\/procivitas.se\/vaxjo\/#website\"},\"datePublished\":\"2023-03-03T14:42:37+00:00\",\"dateModified\":\"2025-07-04T13:36:11+00:00\",\"description\":\"Elevh\u00e4lsans fr\u00e4msta uppdrag \u00e4r att arbeta h\u00e4lsofr\u00e4mjande och f\u00f6rebyggande f\u00f6r att st\u00f6dja elevernas utveckling mot utbildningens m\u00e5l.\",\"breadcrumb\":{\"@id\":\"https:\/\/procivitas.se\/vaxjo\/var-skola\/elevhalsa\/#breadcrumb\"},\"inLanguage\":\"sv-SE\",\"potentialAction\":[{\"@type\":\"ReadAction\",\"target\":[\"https:\/\/procivitas.se\/vaxjo\/var-skola\/elevhalsa\/\"]}]},{\"@type\":\"BreadcrumbList\",\"@id\":\"https:\/\/procivitas.se\/vaxjo\/var-skola\/elevhalsa\/#breadcrumb\",\"itemListElement\":[{\"@type\":\"ListItem\",\"position\":1,\"name\":\"Start\",\"item\":\"https:\/\/procivitas.se\/vaxjo\/\"},{\"@type\":\"ListItem\",\"position\":2,\"name\":\"V\u00e5r skola\",\"item\":\"https:\/\/procivitas.se\/vaxjo\/var-skola\/\"},{\"@type\":\"ListItem\",\"position\":3,\"name\":\"Elevh\u00e4lsa\"}]},{\"@type\":\"WebSite\",\"@id\":\"https:\/\/procivitas.se\/vaxjo\/#website\",\"url\":\"https:\/\/procivitas.se\/vaxjo\/\",\"name\":\"V\u00e4xj\u00f6\",\"description\":\"Just another WordPress site\",\"potentialAction\":[{\"@type\":\"SearchAction\",\"target\":{\"@type\":\"EntryPoint\",\"urlTemplate\":\"https:\/\/procivitas.se\/vaxjo\/?s={search_term_string}\"},\"query-input\":\"required name=search_term_string\"}],\"inLanguage\":\"sv-SE\"}]}<\/script>\n<!-- \/ Yoast SEO plugin. -->","yoast_head_json":{"title":"Elevh\u00e4lsa - ProCivitas Privata Gymnasium V\u00e4xj\u00f6","description":"Elevh\u00e4lsans fr\u00e4msta uppdrag \u00e4r att arbeta h\u00e4lsofr\u00e4mjande och f\u00f6rebyggande f\u00f6r att st\u00f6dja elevernas utveckling mot utbildningens m\u00e5l.","robots":{"index":"index","follow":"follow","max-snippet":"max-snippet:-1","max-image-preview":"max-image-preview:large","max-video-preview":"max-video-preview:-1"},"canonical":"https:\/\/procivitas.se\/vaxjo\/var-skola\/elevhalsa\/","og_locale":"sv_SE","og_type":"article","og_title":"Elevh\u00e4lsa - ProCivitas Privata Gymnasium V\u00e4xj\u00f6","og_description":"Elevh\u00e4lsans fr\u00e4msta uppdrag \u00e4r att arbeta h\u00e4lsofr\u00e4mjande och f\u00f6rebyggande f\u00f6r att st\u00f6dja elevernas utveckling mot utbildningens m\u00e5l.","og_url":"https:\/\/procivitas.se\/vaxjo\/var-skola\/elevhalsa\/","og_site_name":"V\u00e4xj\u00f6","article_modified_time":"2025-07-04T13:36:11+00:00","twitter_card":"summary_large_image","twitter_title":"Elevh\u00e4lsa - ProCivitas Privata Gymnasium V\u00e4xj\u00f6","twitter_description":"Elevh\u00e4lsans fr\u00e4msta uppdrag \u00e4r att arbeta h\u00e4lsofr\u00e4mjande och f\u00f6rebyggande f\u00f6r att st\u00f6dja elevernas utveckling mot utbildningens m\u00e5l.","twitter_misc":{"Est. reading time":"1 minut"},"schema":{"@context":"https:\/\/schema.org","@graph":[{"@type":"WebPage","@id":"https:\/\/procivitas.se\/vaxjo\/var-skola\/elevhalsa\/","url":"https:\/\/procivitas.se\/vaxjo\/var-skola\/elevhalsa\/","name":"Elevh\u00e4lsa - ProCivitas Privata Gymnasium V\u00e4xj\u00f6","isPartOf":{"@id":"https:\/\/procivitas.se\/vaxjo\/#website"},"datePublished":"2023-03-03T14:42:37+00:00","dateModified":"2025-07-04T13:36:11+00:00","description":"Elevh\u00e4lsans fr\u00e4msta uppdrag \u00e4r att arbeta h\u00e4lsofr\u00e4mjande och f\u00f6rebyggande f\u00f6r att st\u00f6dja elevernas utveckling mot utbildningens m\u00e5l.","breadcrumb":{"@id":"https:\/\/procivitas.se\/vaxjo\/var-skola\/elevhalsa\/#breadcrumb"},"inLanguage":"sv-SE","potentialAction":[{"@type":"ReadAction","target":["https:\/\/procivitas.se\/vaxjo\/var-skola\/elevhalsa\/"]}]},{"@type":"BreadcrumbList","@id":"https:\/\/procivitas.se\/vaxjo\/var-skola\/elevhalsa\/#breadcrumb","itemListElement":[{"@type":"ListItem","position":1,"name":"Start","item":"https:\/\/procivitas.se\/vaxjo\/"},{"@type":"ListItem","position":2,"name":"V\u00e5r skola","item":"https:\/\/procivitas.se\/vaxjo\/var-skola\/"},{"@type":"ListItem","position":3,"name":"Elevh\u00e4lsa"}]},{"@type":"WebSite","@id":"https:\/\/procivitas.se\/vaxjo\/#website","url":"https:\/\/procivitas.se\/vaxjo\/","name":"V\u00e4xj\u00f6","description":"Just another WordPress site","potentialAction":[{"@type":"SearchAction","target":{"@type":"EntryPoint","urlTemplate":"https:\/\/procivitas.se\/vaxjo\/?s={search_term_string}"},"query-input":"required name=search_term_string"}],"inLanguage":"sv-SE"}]}},"_links":{"self":[{"href":"https:\/\/procivitas.se\/vaxjo\/wp-json\/wp\/v2\/pages\/429"}],"collection":[{"href":"https:\/\/procivitas.se\/vaxjo\/wp-json\/wp\/v2\/pages"}],"about":[{"href":"https:\/\/procivitas.se\/vaxjo\/wp-json\/wp\/v2\/types\/page"}],"author":[{"embeddable":true,"href":"https:\/\/procivitas.se\/vaxjo\/wp-json\/wp\/v2\/users\/5"}],"replies":[{"embeddable":true,"href":"https:\/\/procivitas.se\/vaxjo\/wp-json\/wp\/v2\/comments?post=429"}],"version-history":[{"count":9,"href":"https:\/\/procivitas.se\/vaxjo\/wp-json\/wp\/v2\/pages\/429\/revisions"}],"predecessor-version":[{"id":3423,"href":"https:\/\/procivitas.se\/vaxjo\/wp-json\/wp\/v2\/pages\/429\/revisions\/3423"}],"up":[{"embeddable":true,"href":"https:\/\/procivitas.se\/vaxjo\/wp-json\/wp\/v2\/pages\/412"}],"wp:attachment":[{"href":"https:\/\/procivitas.se\/vaxjo\/wp-json\/wp\/v2\/media?parent=429"}],"curies":[{"name":"wp","href":"https:\/\/api.w.org\/{rel}","templated":true}]}}