{"id":491,"date":"2023-03-09T11:59:38","date_gmt":"2023-03-09T10:59:38","guid":{"rendered":"https:\/\/procivitas.se\/vaxjo\/?page_id=491"},"modified":"2023-10-31T13:15:18","modified_gmt":"2023-10-31T12:15:18","slug":"vart-kvalitetsarbete","status":"publish","type":"page","link":"https:\/\/procivitas.se\/vaxjo\/vart-kvalitetsarbete\/","title":{"rendered":"V\u00e5rt kvalitetsarbete"},"content":{"rendered":"\n\t<div class=\"module_wrapper ams_remote_pages_module \">\n\t\t\n\t\n\t\n\t\n\t\n\t\n\n<section \n\tclass=\"ams-hero ams-hero--classic ams-hero--75 c-block l-stacked heading-decor \"\n\tdata-color-scheme=\"blue\"\n\tstyle=\"\">\n\t<div class=\"ams-hero__container u-items-center u-justify-center\">\n\t\t<div\n\t\t\tclass=\"ams-hero__content l-stack l-stack-xl is-center is-center@md\" >\n\t\t\t<div class=\"l-stack l-stack-lg\">\n\t\t\t\t\t\n\t<h1\n\tclass=\"c-heading u-font-large \"\n\tstyle=\"\">\n\t\t<span>\n\t\t\t\t\tOm v\u00e5rt kvalitets\u00adarbete\n\t\t\t\t<\/span>\n\t<\/h1>\n\n\t\t\t\t\t\t\t\t\t<div class=\"text l-stack u-font-preamble\">\n\t\t\t\t\t\t<p><span data-sheets-value=\"{&quot;1&quot;:2,&quot;2&quot;:&quot;ProCivitas systematiska kvalitetsarbetet syftar till att s\u00e4kerst\u00e4lla att samtliga elever och deltagare erbjuds en utbildning av s\u00e5 god kvalitet att de n\u00e5r m\u00e5len f\u00f6r respektive utbildning. &quot;}\" data-sheets-userformat=\"{&quot;2&quot;:939,&quot;3&quot;:{&quot;1&quot;:0},&quot;4&quot;:{&quot;1&quot;:2,&quot;2&quot;:16750848},&quot;6&quot;:{&quot;1&quot;:[{&quot;1&quot;:2,&quot;2&quot;:0,&quot;5&quot;:{&quot;1&quot;:2,&quot;2&quot;:0}},{&quot;1&quot;:0,&quot;2&quot;:0,&quot;3&quot;:3},{&quot;1&quot;:1,&quot;2&quot;:0,&quot;4&quot;:1}]},&quot;8&quot;:{&quot;1&quot;:[{&quot;1&quot;:2,&quot;2&quot;:0,&quot;5&quot;:{&quot;1&quot;:2,&quot;2&quot;:0}},{&quot;1&quot;:0,&quot;2&quot;:0,&quot;3&quot;:3},{&quot;1&quot;:1,&quot;2&quot;:0,&quot;4&quot;:1}]},&quot;10&quot;:0,&quot;11&quot;:4,&quot;12&quot;:0}\">ProCivitas systematiska kvalitetsarbetet syftar till att s\u00e4kerst\u00e4lla att samtliga elever och deltagare erbjuds en utbildning av s\u00e5 god kvalitet att de n\u00e5r m\u00e5len f\u00f6r respektive utbildning. <\/span><\/p>\n\n\t\t\t\t\t<\/div>\n\t\t\t\t\t\t\t<\/div>\n\n\t\t\t\t\t<\/div>\n\t<\/div>\n\n\t\n\n<\/section>\n\n\t\n\t\n\t\n\n\t\n\t\n\t\t\n<section  class=\"c-block l-stacked  \" data-color-scheme=\"white\">\n\t<div class=\"ams-fifty ams-fifty--container ams-fifty--right ams-fifty--top l-container u-pt-fluid-3xl-6xl u-pb-fluid-3xl-6xl\">\n\t\t<div class=\"ams-fifty__content l-stack l-stack-xl is-left is-left@lg\">\n\t\t\t<div class=\"ams-fifty__text l-stack l-stack-lg\">\n\t\t\t\t\t\n\t<h2\n\tclass=\"c-heading u-font-title-1 \"\n\tstyle=\"\">\n\t\t\n\t\t\t\t\tTrygghet och kvalitet\n\t\t\t\t\n\t<\/h2>\n\n\t\t\t\t\t\t\t\t\t<div class=\"text l-stack u-font-body\">\n\t\t\t\t\t\t<p><span data-sheets-value=\"{&quot;1&quot;:2,&quot;2&quot;:&quot;ProCivitas kvalitetsarbete inom AcadeMedia s\u00e4kerst\u00e4ller att v\u00e5ra skolor och huvudm\u00e4n f\u00f6ljer de grundl\u00e4ggande kraven i g\u00e4llande styrdokument. Vi str\u00e4var efter att erbjuda h\u00f6gkvalitativ utbildning som hj\u00e4lper elever och deltagare att n\u00e5 sina m\u00e5l och fulla potential.\\n\\nVarje \u00e5r sammanfattar ProCivitas rektorer det g\u00e5ngna verksamhets\u00e5ret i skolans kvalitetsrapport, vilket ger en \u00f6versikt av v\u00e5rt arbete med kvalitet p\u00e5 b\u00e5de skol- och huvudmannaniv\u00e5. Genom dessa rapporter kan vi rikta v\u00e5ra insatser och resurser d\u00e4r det beh\u00f6vs mest f\u00f6r att maximera elevernas framg\u00e5ng.\\n\\nVi v\u00e4rdes\u00e4tter transparens och \u00e4r \u00f6ppna med v\u00e5ra resultat. Detta fr\u00e4mjar kunskapsutbyte inom v\u00e5r organisation och ger elever och v\u00e5rdnadshavare insyn i vad de kan f\u00f6rv\u00e4nta sig av ProCivitas skolor.&quot;}\" data-sheets-userformat=\"{&quot;2&quot;:929,&quot;3&quot;:{&quot;1&quot;:0},&quot;8&quot;:{&quot;1&quot;:[{&quot;1&quot;:2,&quot;2&quot;:0,&quot;5&quot;:{&quot;1&quot;:2,&quot;2&quot;:0}},{&quot;1&quot;:0,&quot;2&quot;:0,&quot;3&quot;:3},{&quot;1&quot;:1,&quot;2&quot;:0,&quot;4&quot;:1}]},&quot;10&quot;:0,&quot;11&quot;:4,&quot;12&quot;:0}\">ProCivitas kvalitetsarbete inom AcadeMedia s\u00e4kerst\u00e4ller att v\u00e5ra skolor och huvudm\u00e4n f\u00f6ljer de grundl\u00e4ggande kraven i g\u00e4llande styrdokument. Vi str\u00e4var efter att erbjuda h\u00f6gkvalitativ utbildning som hj\u00e4lper elever och deltagare att n\u00e5 sina m\u00e5l och fulla potential.<\/span><\/p>\n<p><span data-sheets-value=\"{&quot;1&quot;:2,&quot;2&quot;:&quot;ProCivitas kvalitetsarbete inom AcadeMedia s\u00e4kerst\u00e4ller att v\u00e5ra skolor och huvudm\u00e4n f\u00f6ljer de grundl\u00e4ggande kraven i g\u00e4llande styrdokument. Vi str\u00e4var efter att erbjuda h\u00f6gkvalitativ utbildning som hj\u00e4lper elever och deltagare att n\u00e5 sina m\u00e5l och fulla potential.\\n\\nVarje \u00e5r sammanfattar ProCivitas rektorer det g\u00e5ngna verksamhets\u00e5ret i skolans kvalitetsrapport, vilket ger en \u00f6versikt av v\u00e5rt arbete med kvalitet p\u00e5 b\u00e5de skol- och huvudmannaniv\u00e5. Genom dessa rapporter kan vi rikta v\u00e5ra insatser och resurser d\u00e4r det beh\u00f6vs mest f\u00f6r att maximera elevernas framg\u00e5ng.\\n\\nVi v\u00e4rdes\u00e4tter transparens och \u00e4r \u00f6ppna med v\u00e5ra resultat. Detta fr\u00e4mjar kunskapsutbyte inom v\u00e5r organisation och ger elever och v\u00e5rdnadshavare insyn i vad de kan f\u00f6rv\u00e4nta sig av ProCivitas skolor.&quot;}\" data-sheets-userformat=\"{&quot;2&quot;:929,&quot;3&quot;:{&quot;1&quot;:0},&quot;8&quot;:{&quot;1&quot;:[{&quot;1&quot;:2,&quot;2&quot;:0,&quot;5&quot;:{&quot;1&quot;:2,&quot;2&quot;:0}},{&quot;1&quot;:0,&quot;2&quot;:0,&quot;3&quot;:3},{&quot;1&quot;:1,&quot;2&quot;:0,&quot;4&quot;:1}]},&quot;10&quot;:0,&quot;11&quot;:4,&quot;12&quot;:0}\">Varje \u00e5r sammanfattar ProCivitas rektorer det g\u00e5ngna verksamhets\u00e5ret i skolans kvalitetsrapport, vilket ger en \u00f6versikt av v\u00e5rt arbete med kvalitet p\u00e5 b\u00e5de skol- och huvudmannaniv\u00e5. Genom dessa rapporter kan vi rikta v\u00e5ra insatser och resurser d\u00e4r det beh\u00f6vs mest f\u00f6r att maximera elevernas framg\u00e5ng.<\/span><\/p>\n<p><span data-sheets-value=\"{&quot;1&quot;:2,&quot;2&quot;:&quot;ProCivitas kvalitetsarbete inom AcadeMedia s\u00e4kerst\u00e4ller att v\u00e5ra skolor och huvudm\u00e4n f\u00f6ljer de grundl\u00e4ggande kraven i g\u00e4llande styrdokument. Vi str\u00e4var efter att erbjuda h\u00f6gkvalitativ utbildning som hj\u00e4lper elever och deltagare att n\u00e5 sina m\u00e5l och fulla potential.\\n\\nVarje \u00e5r sammanfattar ProCivitas rektorer det g\u00e5ngna verksamhets\u00e5ret i skolans kvalitetsrapport, vilket ger en \u00f6versikt av v\u00e5rt arbete med kvalitet p\u00e5 b\u00e5de skol- och huvudmannaniv\u00e5. Genom dessa rapporter kan vi rikta v\u00e5ra insatser och resurser d\u00e4r det beh\u00f6vs mest f\u00f6r att maximera elevernas framg\u00e5ng.\\n\\nVi v\u00e4rdes\u00e4tter transparens och \u00e4r \u00f6ppna med v\u00e5ra resultat. Detta fr\u00e4mjar kunskapsutbyte inom v\u00e5r organisation och ger elever och v\u00e5rdnadshavare insyn i vad de kan f\u00f6rv\u00e4nta sig av ProCivitas skolor.&quot;}\" data-sheets-userformat=\"{&quot;2&quot;:929,&quot;3&quot;:{&quot;1&quot;:0},&quot;8&quot;:{&quot;1&quot;:[{&quot;1&quot;:2,&quot;2&quot;:0,&quot;5&quot;:{&quot;1&quot;:2,&quot;2&quot;:0}},{&quot;1&quot;:0,&quot;2&quot;:0,&quot;3&quot;:3},{&quot;1&quot;:1,&quot;2&quot;:0,&quot;4&quot;:1}]},&quot;10&quot;:0,&quot;11&quot;:4,&quot;12&quot;:0}\">Vi v\u00e4rdes\u00e4tter transparens och \u00e4r \u00f6ppna med v\u00e5ra resultat. Detta fr\u00e4mjar kunskapsutbyte inom v\u00e5r organisation och ger elever och v\u00e5rdnadshavare insyn i vad de kan f\u00f6rv\u00e4nta sig av ProCivitas skolor.<\/span><\/p>\n\n\t\t\t\t\t<\/div>\n\t\t\t\t\t\t\t<\/div>\n\n\t\t\t\t\t<\/div>\n\n\t\t <div class=\"ams-fifty__media u-ratio-square\">\n\t\t \t\t\t\t\t<img decoding=\"async\" width=\"600\" height=\"400\" src=\"https:\/\/procivitas.se\/wp-content\/uploads\/2023\/03\/profotograferingmalmo202503-202903webb3638-600x400.jpg\" class=\"attachment-md size-md\" alt=\"L\u00e4rare hj\u00e4lper sina elever.\" sizes=\"(min-width: 64em) 600px, calc(100vw - 160px)\" srcset=\"https:\/\/procivitas.se\/wp-content\/uploads\/2023\/03\/profotograferingmalmo202503-202903webb3638-600x400.jpg 600w, https:\/\/procivitas.se\/wp-content\/uploads\/2023\/03\/profotograferingmalmo202503-202903webb3638-300x200.jpg 300w, https:\/\/procivitas.se\/wp-content\/uploads\/2023\/03\/profotograferingmalmo202503-202903webb3638-400x267.jpg 400w, https:\/\/procivitas.se\/wp-content\/uploads\/2023\/03\/profotograferingmalmo202503-202903webb3638-800x533.jpg 800w, https:\/\/procivitas.se\/wp-content\/uploads\/2023\/03\/profotograferingmalmo202503-202903webb3638-1024x683.jpg 1024w, https:\/\/procivitas.se\/wp-content\/uploads\/2023\/03\/profotograferingmalmo202503-202903webb3638.jpg 1200w\" \/>\n\t\t\t\n\t\t\t\n\t\t\t\t\t<\/div>\n\t<\/div>\n\n\t\t\n\n<\/section>\n\t<\/div>\n\n\t\n\n\n\n<section  class=\"ams-info-card c-block l-stacked heading-decor\" data-color-scheme=\"cards\">\n\t<div class=\"l-container l-stack l-stack-fluid-2xl u-pt-fluid-3xl-6xl u-pb-fluid-3xl-6xl is-center is-center@md\">\n\t\t\t\t\t<div class=\"ams-info-card__intro l-stack l-stack-lg\">\n\t\t\t\t\t\n\t<h2\n\tclass=\"c-heading u-font-title-1 \"\n\tstyle=\"\">\n\t\t\n\t\t\t\t\tVill du veta mer om v\u00e5rt kvalitetsarbete?\n\t\t\t\t\n\t<\/h2>\n\n\t\t\t\t\t\t\t<\/div>\n\t\t\n\t\t\t\t\t\n<ul class=\"ams-info-card__list l-grid u-gap-2xl\">\n\t\t\t<li class=\"l-col-6@md l-col-4@lg\">\n\t\t\t<article\n\t\t\t\tclass=\"\n\t\t\t\tc-card\n\t\t\t\t\n\t\t\t\thas-media-zoom\n\t\t\t\thas-media-overlay\n\t\t\t\t\"\n\t\t\t\tdata-variant=\"space\"\n\t\t\t\tdata-style=\"rounded\"\n\t\t\t\t data-click-area\n\t\t\t\t\n\t\t\t\t\n\t\t\t\t>\n\t\t\t\t<div class=\"c-card__content l-stack l-stack-sm is-left is-left@md\">\n\t\t\t\t\t\t\t\t\t\t\t<h3 class=\"c-card__title u-font-title-3\">\n\t\t\t\t\t\t\t\t\t\t\t\t\t\t\t<a class=\"c-card__link\" href=\"https:\/\/procivitas.se\/vaxjo\/kontakt\" target=\"_self\">\n\t\t\t\t\t\t\t\t\tKontakta oss\n\t\t\t\t\t\t\t\t<\/a>\n\t\t\t\t\t\t\t\t\t\t\t\t\t<\/h3>\n\t\t\t\t\t\n\t\t\t\t\t\t\t\t\t\t\t<div class=\"c-card__text l-stack-xs u-font-body\">\n\t\t\t\t\t\t\t<p>Har du n\u00e5gra fr\u00e5gor om v\u00e5ra verksamheter till v\u00e5r ledning? Klicka dig vidare f\u00f6r att kontakta oss.<\/p>\n\n\t\t\t\t\t\t<\/div>\n\t\t\t\t\t\n\t\t\t\t\t\t\t\t\t\t\t<div class=\"c-card__icon c-card__icon--nl\">\n\t\t\t\t\t\t\t\t\t\t\t\t\t\t<svg class=\"ams-icon ams-icon--arrow-right\" width=\"32\" height=\"32\" viewbox=\"0 0 32 32\" fill=\"currentColor\" aria-hidden=\"true\" xmlns=\"http:\/\/www.w3.org\/2000\/svg\">\n\t\t\t\t\t\t\t\t\t\t\t\t\t\t\t\t<path d=\"M15.4617 0.252159L14.9567 0.75931C14.6219 1.09545 14.6219 1.64048 14.9567 1.97669L27.7062 14.7806H0.857144C0.383786 14.7806 0 15.166 0 15.6414V16.3587C0 16.8341 0.383786 17.2195 0.857144 17.2195H27.7062L14.9567 30.0234C14.6219 30.3595 14.6219 30.9045 14.9567 31.2407L15.4617 31.7479C15.7964 32.084 16.3392 32.084 16.6739 31.7479L31.749 16.6087C32.0837 16.2725 32.0837 15.7275 31.749 15.3913L16.6739 0.252159C16.3392 -0.084053 15.7964 -0.084053 15.4617 0.252159Z\"\/>\n\t\t\t\t\t\t\t\n\t\t\t\t\t\t\t<\/svg>\n\t\t\t\t\t\t<\/div>\n\t\t\t\t\t\t\t\t\t<\/div>\n\n\t\t\t\t\t\t\t\t\t<div class=\"c-card__media \" style=\" --overlay-bg-hover: rgba(8,22,43,0.4);\">\n\t\t\t\t\t\t<img decoding=\"async\" width=\"400\" height=\"600\" src=\"https:\/\/procivitas.se\/wp-content\/uploads\/sites\/9\/2025\/07\/provaxjofotografering202503-20303webb153-400x600.jpg\" class=\"\" alt=\"Elev har juridiklektion.\" sizes=\"(min-width: 64em) 300px, (min-width: 48em) calc(.50 * (100vw - 304px)), calc(100vw - 208px)\" srcset=\"https:\/\/procivitas.se\/wp-content\/uploads\/sites\/9\/2025\/07\/provaxjofotografering202503-20303webb153-400x600.jpg 400w, https:\/\/procivitas.se\/wp-content\/uploads\/sites\/9\/2025\/07\/provaxjofotografering202503-20303webb153-300x450.jpg 300w, https:\/\/procivitas.se\/wp-content\/uploads\/sites\/9\/2025\/07\/provaxjofotografering202503-20303webb153-600x900.jpg 600w, https:\/\/procivitas.se\/wp-content\/uploads\/sites\/9\/2025\/07\/provaxjofotografering202503-20303webb153.jpg 800w\" \/>\n\t\t\t\t\t<\/div>\n\t\t\t\t\t\t\t<\/article>\n\t\t<\/li>\n\t\t\t<li class=\"l-col-6@md l-col-4@lg\">\n\t\t\t<article\n\t\t\t\tclass=\"\n\t\t\t\tc-card\n\t\t\t\t\n\t\t\t\thas-media-zoom\n\t\t\t\thas-media-overlay\n\t\t\t\t\"\n\t\t\t\tdata-variant=\"space\"\n\t\t\t\tdata-style=\"rounded\"\n\t\t\t\t data-click-area\n\t\t\t\t\n\t\t\t\t\n\t\t\t\t>\n\t\t\t\t<div class=\"c-card__content l-stack l-stack-sm is-left is-left@md\">\n\t\t\t\t\t\t\t\t\t\t\t<h3 class=\"c-card__title u-font-title-3\">\n\t\t\t\t\t\t\t\t\t\t\t\t\t\t\t<a class=\"c-card__link\" href=\"https:\/\/procivitas.se\/vaxjo\/vart-kvalitetsarbete\/vara-kvalitetsresultat\/\" target=\"_self\">\n\t\t\t\t\t\t\t\t\tV\u00e5ra kvalitetsresultat\n\t\t\t\t\t\t\t\t<\/a>\n\t\t\t\t\t\t\t\t\t\t\t\t\t<\/h3>\n\t\t\t\t\t\n\t\t\t\t\t\t\t\t\t\t\t<div class=\"c-card__text l-stack-xs u-font-body\">\n\t\t\t\t\t\t\t<p><span data-sheets-value=\"{&quot;1&quot;:2,&quot;2&quot;:&quot;L\u00e4s g\u00e4rna skolornas kvalitetsrapporter som bygger p\u00e5 analys av resultaten fr\u00e5n v\u00e5ra \u00e5rliga elev- och medarbetarunders\u00f6kningar.&quot;}\" data-sheets-userformat=\"{&quot;2&quot;:929,&quot;3&quot;:{&quot;1&quot;:0},&quot;8&quot;:{&quot;1&quot;:[{&quot;1&quot;:2,&quot;2&quot;:0,&quot;5&quot;:{&quot;1&quot;:2,&quot;2&quot;:0}},{&quot;1&quot;:0,&quot;2&quot;:0,&quot;3&quot;:3},{&quot;1&quot;:1,&quot;2&quot;:0,&quot;4&quot;:1}]},&quot;10&quot;:0,&quot;11&quot;:4,&quot;12&quot;:0}\">L\u00e4s g\u00e4rna skolornas kvalitetsrapporter som bygger p\u00e5 analys av resultaten fr\u00e5n v\u00e5ra \u00e5rliga elev- och medarbetarunders\u00f6kningar.<\/span><\/p>\n\n\t\t\t\t\t\t<\/div>\n\t\t\t\t\t\n\t\t\t\t\t\t\t\t\t\t\t<div class=\"c-card__icon c-card__icon--nl\">\n\t\t\t\t\t\t\t\t\t\t\t\t\t\t<svg class=\"ams-icon ams-icon--arrow-right\" width=\"32\" height=\"32\" viewbox=\"0 0 32 32\" fill=\"currentColor\" aria-hidden=\"true\" xmlns=\"http:\/\/www.w3.org\/2000\/svg\">\n\t\t\t\t\t\t\t\t\t\t\t\t\t\t\t\t<path d=\"M15.4617 0.252159L14.9567 0.75931C14.6219 1.09545 14.6219 1.64048 14.9567 1.97669L27.7062 14.7806H0.857144C0.383786 14.7806 0 15.166 0 15.6414V16.3587C0 16.8341 0.383786 17.2195 0.857144 17.2195H27.7062L14.9567 30.0234C14.6219 30.3595 14.6219 30.9045 14.9567 31.2407L15.4617 31.7479C15.7964 32.084 16.3392 32.084 16.6739 31.7479L31.749 16.6087C32.0837 16.2725 32.0837 15.7275 31.749 15.3913L16.6739 0.252159C16.3392 -0.084053 15.7964 -0.084053 15.4617 0.252159Z\"\/>\n\t\t\t\t\t\t\t\n\t\t\t\t\t\t\t<\/svg>\n\t\t\t\t\t\t<\/div>\n\t\t\t\t\t\t\t\t\t<\/div>\n\n\t\t\t\t\t\t\t\t\t<div class=\"c-card__media \" style=\" --overlay-bg-hover: rgba(8,22,43,0.4);\">\n\t\t\t\t\t\t<img decoding=\"async\" width=\"400\" height=\"267\" src=\"https:\/\/procivitas.se\/wp-content\/uploads\/sites\/9\/2025\/07\/provaxjofotografering202503-20303webb240-400x267.jpg\" class=\"\" alt=\"Elever pluggar tillsammans med sin l\u00e4rare.\" sizes=\"(min-width: 64em) 300px, (min-width: 48em) calc(.50 * (100vw - 304px)), calc(100vw - 208px)\" srcset=\"https:\/\/procivitas.se\/wp-content\/uploads\/sites\/9\/2025\/07\/provaxjofotografering202503-20303webb240-400x267.jpg 400w, https:\/\/procivitas.se\/wp-content\/uploads\/sites\/9\/2025\/07\/provaxjofotografering202503-20303webb240-300x200.jpg 300w, https:\/\/procivitas.se\/wp-content\/uploads\/sites\/9\/2025\/07\/provaxjofotografering202503-20303webb240-600x400.jpg 600w, https:\/\/procivitas.se\/wp-content\/uploads\/sites\/9\/2025\/07\/provaxjofotografering202503-20303webb240-800x533.jpg 800w, https:\/\/procivitas.se\/wp-content\/uploads\/sites\/9\/2025\/07\/provaxjofotografering202503-20303webb240-1024x683.jpg 1024w, https:\/\/procivitas.se\/wp-content\/uploads\/sites\/9\/2025\/07\/provaxjofotografering202503-20303webb240.jpg 1200w\" \/>\n\t\t\t\t\t<\/div>\n\t\t\t\t\t\t\t<\/article>\n\t\t<\/li>\n\t\t\t<li class=\"l-col-6@md l-col-4@lg\">\n\t\t\t<article\n\t\t\t\tclass=\"\n\t\t\t\tc-card\n\t\t\t\t\n\t\t\t\thas-media-zoom\n\t\t\t\thas-media-overlay\n\t\t\t\t\"\n\t\t\t\tdata-variant=\"space\"\n\t\t\t\tdata-style=\"rounded\"\n\t\t\t\t data-click-area\n\t\t\t\t\n\t\t\t\t\n\t\t\t\t>\n\t\t\t\t<div class=\"c-card__content l-stack l-stack-sm is-left is-left@md\">\n\t\t\t\t\t\t\t\t\t\t\t<h3 class=\"c-card__title u-font-title-3\">\n\t\t\t\t\t\t\t\t\t\t\t\t\t\t\t<a class=\"c-card__link\" href=\"https:\/\/procivitas.se\/vaxjo\/vart-kvalitetsarbete\/synpunkter-pa-verksamheten\/\" target=\"_self\">\n\t\t\t\t\t\t\t\t\tSynpunkter p\u00e5 verksamheten\n\t\t\t\t\t\t\t\t<\/a>\n\t\t\t\t\t\t\t\t\t\t\t\t\t<\/h3>\n\t\t\t\t\t\n\t\t\t\t\t\t\t\t\t\t\t<div class=\"c-card__text l-stack-xs u-font-body\">\n\t\t\t\t\t\t\t<p><span data-sheets-value=\"{&quot;1&quot;:2,&quot;2&quot;:&quot;Vi \u00e4r alltid intresserade av att f\u00e5 \u00e5terkoppling p\u00e5 det som fungerar bra, och mindre bra. Klicka dig vidare f\u00f6r att l\u00e4sa mer.&quot;}\" data-sheets-userformat=\"{&quot;2&quot;:2883,&quot;3&quot;:{&quot;1&quot;:0},&quot;4&quot;:{&quot;1&quot;:2,&quot;2&quot;:15263976},&quot;9&quot;:0,&quot;11&quot;:4,&quot;12&quot;:0,&quot;14&quot;:{&quot;1&quot;:2,&quot;2&quot;:0}}\">Vi \u00e4r alltid intresserade av att f\u00e5 \u00e5terkoppling p\u00e5 det som fungerar bra, och mindre bra. Klicka dig vidare f\u00f6r att l\u00e4sa mer.<\/span><\/p>\n\n\t\t\t\t\t\t<\/div>\n\t\t\t\t\t\n\t\t\t\t\t\t\t\t\t\t\t<div class=\"c-card__icon c-card__icon--nl\">\n\t\t\t\t\t\t\t\t\t\t\t\t\t\t<svg class=\"ams-icon ams-icon--arrow-right\" width=\"32\" height=\"32\" viewbox=\"0 0 32 32\" fill=\"currentColor\" aria-hidden=\"true\" xmlns=\"http:\/\/www.w3.org\/2000\/svg\">\n\t\t\t\t\t\t\t\t\t\t\t\t\t\t\t\t<path d=\"M15.4617 0.252159L14.9567 0.75931C14.6219 1.09545 14.6219 1.64048 14.9567 1.97669L27.7062 14.7806H0.857144C0.383786 14.7806 0 15.166 0 15.6414V16.3587C0 16.8341 0.383786 17.2195 0.857144 17.2195H27.7062L14.9567 30.0234C14.6219 30.3595 14.6219 30.9045 14.9567 31.2407L15.4617 31.7479C15.7964 32.084 16.3392 32.084 16.6739 31.7479L31.749 16.6087C32.0837 16.2725 32.0837 15.7275 31.749 15.3913L16.6739 0.252159C16.3392 -0.084053 15.7964 -0.084053 15.4617 0.252159Z\"\/>\n\t\t\t\t\t\t\t\n\t\t\t\t\t\t\t<\/svg>\n\t\t\t\t\t\t<\/div>\n\t\t\t\t\t\t\t\t\t<\/div>\n\n\t\t\t\t\t\t\t\t\t<div class=\"c-card__media \" style=\" --overlay-bg-hover: rgba(8,22,43,0.4);\">\n\t\t\t\t\t\t<img decoding=\"async\" width=\"400\" height=\"267\" src=\"https:\/\/procivitas.se\/wp-content\/uploads\/sites\/9\/2025\/07\/provaxjofotografering202503-20303webb47-400x267.jpg\" class=\"\" alt=\"Elev har naturkunskap.\" sizes=\"(min-width: 64em) 300px, (min-width: 48em) calc(.50 * (100vw - 304px)), calc(100vw - 208px)\" srcset=\"https:\/\/procivitas.se\/wp-content\/uploads\/sites\/9\/2025\/07\/provaxjofotografering202503-20303webb47-400x267.jpg 400w, https:\/\/procivitas.se\/wp-content\/uploads\/sites\/9\/2025\/07\/provaxjofotografering202503-20303webb47-300x200.jpg 300w, https:\/\/procivitas.se\/wp-content\/uploads\/sites\/9\/2025\/07\/provaxjofotografering202503-20303webb47-600x400.jpg 600w, https:\/\/procivitas.se\/wp-content\/uploads\/sites\/9\/2025\/07\/provaxjofotografering202503-20303webb47-800x533.jpg 800w, https:\/\/procivitas.se\/wp-content\/uploads\/sites\/9\/2025\/07\/provaxjofotografering202503-20303webb47-1024x683.jpg 1024w, https:\/\/procivitas.se\/wp-content\/uploads\/sites\/9\/2025\/07\/provaxjofotografering202503-20303webb47.jpg 1200w\" \/>\n\t\t\t\t\t<\/div>\n\t\t\t\t\t\t\t<\/article>\n\t\t<\/li>\n\t<\/ul>\n\t\n\t\t\t<\/div>\n\n\t\t\n\n<\/section>\n","protected":false},"excerpt":{"rendered":"","protected":false},"author":1,"featured_media":0,"parent":0,"menu_order":0,"comment_status":"closed","ping_status":"closed","template":"","meta":{"footnotes":""},"yoast_head":"<!-- This site is optimized with the Yoast SEO plugin v22.0 - https:\/\/yoast.com\/wordpress\/plugins\/seo\/ -->\n<title>V\u00e5rt kvalitetsarbete - ProCivitas Privata Gymnasium V\u00e4xj\u00f6<\/title>\n<meta name=\"description\" content=\"ProCivitas Privata Gymnasium str\u00e4var st\u00e4ndigt efter h\u00f6g kvalitet i all verksamhet. Har du synpunkter \u00e4r du v\u00e4lkommen att h\u00f6ra av dig\" \/>\n<meta name=\"robots\" content=\"index, follow, max-snippet:-1, max-image-preview:large, max-video-preview:-1\" \/>\n<link rel=\"canonical\" href=\"https:\/\/procivitas.se\/vaxjo\/vart-kvalitetsarbete\/\" \/>\n<meta property=\"og:locale\" content=\"sv_SE\" \/>\n<meta property=\"og:type\" content=\"article\" \/>\n<meta property=\"og:title\" content=\"V\u00e5rt kvalitetsarbete - ProCivitas Privata Gymnasium V\u00e4xj\u00f6\" \/>\n<meta property=\"og:description\" content=\"ProCivitas Privata Gymnasium str\u00e4var st\u00e4ndigt efter h\u00f6g kvalitet i all verksamhet. Har du synpunkter \u00e4r du v\u00e4lkommen att h\u00f6ra av dig\" \/>\n<meta property=\"og:url\" content=\"https:\/\/procivitas.se\/vaxjo\/vart-kvalitetsarbete\/\" \/>\n<meta property=\"og:site_name\" content=\"V\u00e4xj\u00f6\" \/>\n<meta property=\"article:modified_time\" content=\"2023-10-31T12:15:18+00:00\" \/>\n<meta name=\"twitter:card\" content=\"summary_large_image\" \/>\n<meta name=\"twitter:title\" content=\"V\u00e5rt kvalitetsarbete - ProCivitas Privata Gymnasium V\u00e4xj\u00f6\" \/>\n<meta name=\"twitter:description\" content=\"ProCivitas Privata Gymnasium str\u00e4var st\u00e4ndigt efter h\u00f6g kvalitet i all verksamhet. Har du synpunkter \u00e4r du v\u00e4lkommen att h\u00f6ra av dig\" \/>\n<script type=\"application\/ld+json\" class=\"yoast-schema-graph\">{\"@context\":\"https:\/\/schema.org\",\"@graph\":[{\"@type\":\"WebPage\",\"@id\":\"https:\/\/procivitas.se\/vaxjo\/vart-kvalitetsarbete\/\",\"url\":\"https:\/\/procivitas.se\/vaxjo\/vart-kvalitetsarbete\/\",\"name\":\"V\u00e5rt kvalitetsarbete - ProCivitas Privata Gymnasium V\u00e4xj\u00f6\",\"isPartOf\":{\"@id\":\"https:\/\/procivitas.se\/vaxjo\/#website\"},\"datePublished\":\"2023-03-09T10:59:38+00:00\",\"dateModified\":\"2023-10-31T12:15:18+00:00\",\"description\":\"ProCivitas Privata Gymnasium str\u00e4var st\u00e4ndigt efter h\u00f6g kvalitet i all verksamhet. Har du synpunkter \u00e4r du v\u00e4lkommen att h\u00f6ra av dig\",\"breadcrumb\":{\"@id\":\"https:\/\/procivitas.se\/vaxjo\/vart-kvalitetsarbete\/#breadcrumb\"},\"inLanguage\":\"sv-SE\",\"potentialAction\":[{\"@type\":\"ReadAction\",\"target\":[\"https:\/\/procivitas.se\/vaxjo\/vart-kvalitetsarbete\/\"]}]},{\"@type\":\"BreadcrumbList\",\"@id\":\"https:\/\/procivitas.se\/vaxjo\/vart-kvalitetsarbete\/#breadcrumb\",\"itemListElement\":[{\"@type\":\"ListItem\",\"position\":1,\"name\":\"Start\",\"item\":\"https:\/\/procivitas.se\/vaxjo\/\"},{\"@type\":\"ListItem\",\"position\":2,\"name\":\"V\u00e5rt kvalitetsarbete\"}]},{\"@type\":\"WebSite\",\"@id\":\"https:\/\/procivitas.se\/vaxjo\/#website\",\"url\":\"https:\/\/procivitas.se\/vaxjo\/\",\"name\":\"V\u00e4xj\u00f6\",\"description\":\"Just another WordPress site\",\"potentialAction\":[{\"@type\":\"SearchAction\",\"target\":{\"@type\":\"EntryPoint\",\"urlTemplate\":\"https:\/\/procivitas.se\/vaxjo\/?s={search_term_string}\"},\"query-input\":\"required name=search_term_string\"}],\"inLanguage\":\"sv-SE\"}]}<\/script>\n<!-- \/ Yoast SEO plugin. -->","yoast_head_json":{"title":"V\u00e5rt kvalitetsarbete - ProCivitas Privata Gymnasium V\u00e4xj\u00f6","description":"ProCivitas Privata Gymnasium str\u00e4var st\u00e4ndigt efter h\u00f6g kvalitet i all verksamhet. Har du synpunkter \u00e4r du v\u00e4lkommen att h\u00f6ra av dig","robots":{"index":"index","follow":"follow","max-snippet":"max-snippet:-1","max-image-preview":"max-image-preview:large","max-video-preview":"max-video-preview:-1"},"canonical":"https:\/\/procivitas.se\/vaxjo\/vart-kvalitetsarbete\/","og_locale":"sv_SE","og_type":"article","og_title":"V\u00e5rt kvalitetsarbete - ProCivitas Privata Gymnasium V\u00e4xj\u00f6","og_description":"ProCivitas Privata Gymnasium str\u00e4var st\u00e4ndigt efter h\u00f6g kvalitet i all verksamhet. Har du synpunkter \u00e4r du v\u00e4lkommen att h\u00f6ra av dig","og_url":"https:\/\/procivitas.se\/vaxjo\/vart-kvalitetsarbete\/","og_site_name":"V\u00e4xj\u00f6","article_modified_time":"2023-10-31T12:15:18+00:00","twitter_card":"summary_large_image","twitter_title":"V\u00e5rt kvalitetsarbete - ProCivitas Privata Gymnasium V\u00e4xj\u00f6","twitter_description":"ProCivitas Privata Gymnasium str\u00e4var st\u00e4ndigt efter h\u00f6g kvalitet i all verksamhet. Har du synpunkter \u00e4r du v\u00e4lkommen att h\u00f6ra av dig","schema":{"@context":"https:\/\/schema.org","@graph":[{"@type":"WebPage","@id":"https:\/\/procivitas.se\/vaxjo\/vart-kvalitetsarbete\/","url":"https:\/\/procivitas.se\/vaxjo\/vart-kvalitetsarbete\/","name":"V\u00e5rt kvalitetsarbete - ProCivitas Privata Gymnasium V\u00e4xj\u00f6","isPartOf":{"@id":"https:\/\/procivitas.se\/vaxjo\/#website"},"datePublished":"2023-03-09T10:59:38+00:00","dateModified":"2023-10-31T12:15:18+00:00","description":"ProCivitas Privata Gymnasium str\u00e4var st\u00e4ndigt efter h\u00f6g kvalitet i all verksamhet. Har du synpunkter \u00e4r du v\u00e4lkommen att h\u00f6ra av dig","breadcrumb":{"@id":"https:\/\/procivitas.se\/vaxjo\/vart-kvalitetsarbete\/#breadcrumb"},"inLanguage":"sv-SE","potentialAction":[{"@type":"ReadAction","target":["https:\/\/procivitas.se\/vaxjo\/vart-kvalitetsarbete\/"]}]},{"@type":"BreadcrumbList","@id":"https:\/\/procivitas.se\/vaxjo\/vart-kvalitetsarbete\/#breadcrumb","itemListElement":[{"@type":"ListItem","position":1,"name":"Start","item":"https:\/\/procivitas.se\/vaxjo\/"},{"@type":"ListItem","position":2,"name":"V\u00e5rt kvalitetsarbete"}]},{"@type":"WebSite","@id":"https:\/\/procivitas.se\/vaxjo\/#website","url":"https:\/\/procivitas.se\/vaxjo\/","name":"V\u00e4xj\u00f6","description":"Just another WordPress site","potentialAction":[{"@type":"SearchAction","target":{"@type":"EntryPoint","urlTemplate":"https:\/\/procivitas.se\/vaxjo\/?s={search_term_string}"},"query-input":"required name=search_term_string"}],"inLanguage":"sv-SE"}]}},"_links":{"self":[{"href":"https:\/\/procivitas.se\/vaxjo\/wp-json\/wp\/v2\/pages\/491"}],"collection":[{"href":"https:\/\/procivitas.se\/vaxjo\/wp-json\/wp\/v2\/pages"}],"about":[{"href":"https:\/\/procivitas.se\/vaxjo\/wp-json\/wp\/v2\/types\/page"}],"author":[{"embeddable":true,"href":"https:\/\/procivitas.se\/vaxjo\/wp-json\/wp\/v2\/users\/1"}],"replies":[{"embeddable":true,"href":"https:\/\/procivitas.se\/vaxjo\/wp-json\/wp\/v2\/comments?post=491"}],"version-history":[{"count":10,"href":"https:\/\/procivitas.se\/vaxjo\/wp-json\/wp\/v2\/pages\/491\/revisions"}],"predecessor-version":[{"id":2509,"href":"https:\/\/procivitas.se\/vaxjo\/wp-json\/wp\/v2\/pages\/491\/revisions\/2509"}],"wp:attachment":[{"href":"https:\/\/procivitas.se\/vaxjo\/wp-json\/wp\/v2\/media?parent=491"}],"curies":[{"name":"wp","href":"https:\/\/api.w.org\/{rel}","templated":true}]}}